{"id":42681,"date":"2025-01-09T15:51:04","date_gmt":"2025-01-09T15:51:04","guid":{"rendered":"https:\/\/www.labeljoy.com\/?page_id=42681"},"modified":"2025-02-07T13:39:07","modified_gmt":"2025-02-07T13:39:07","slug":"creacion-automatica-de-distribucion","status":"publish","type":"page","link":"https:\/\/www.labeljoy.com\/es\/ayuda-lj6\/creacion-automatica-de-distribucion\/","title":{"rendered":"Creaci\u00f3n autom\u00e1tica de distribuci\u00f3n"},"content":{"rendered":"<div id=\"help-guide\"><!-- lj6_1780.htm -->\r\n<!--<link href=\"styles.css\" rel=\"stylesheet\" type=\"text\/css\" \/>-->\r\n<p class=\"title\">asistente de distribuci&oacute;n<\/p>\r\n<p class=\"body\">El <strong>asistente de distribuci&oacute;n<\/strong> le permite crear una nueva distribuci&oacute;n introduciendo el tama&ntilde;o del papel, el tama&ntilde;o de la etiqueta, los m&aacute;rgenes, el espaciado y otras medidas, gui&aacute;ndole a lo largo de todo el proceso.<\/p>\r\n<p class=\"body\">El asistente se divide en 6 sencillos pasos:<\/p>\r\n<table width=\"100%\">\r\n<tr valign=\"top\">\r\n<td>\r\n<p class=\"body\"><img decoding=\"async\" src=\"https:\/\/www.labeljoy.com\/user-guide-lj6-files\/es\/2425_001.png\" align=\"left\" style=\"margin: 0px 24px 4px 0px\" \/>El primer paso le permite decidir si desea definir su dise&ntilde;o mediante la introducci&oacute;n de medidas o buscar en la biblioteca de dise&ntilde;os de Labeljoy, que consta de m&aacute;s de 11.000 dise&ntilde;os predefinidos por las marcas m&aacute;s comunes de fabricaci&oacute;n de etiquetas.<\/p>\r\n<p><br \/>\r\n  Haga clic en la primera opci&oacute;n para continuar con los siguientes pasos del asistente de distribuci&oacute;n, o en la segunda opci&oacute;n para abrir el <a href=\"https:\/\/www.labeljoy.com\/es\/ayuda-lj6\/definicion-de-layout\/\">formulario de b&uacute;squeda<\/a> de distribuci&oacute;n de Labeljoy.<\/p>\r\n<p>Para poder crear correctamente una distribuci&oacute;n a trav&eacute;s de este asistente necesitar&aacute; conocer:<\/p>\r\n<ul>\r\n  <li>El tama&ntilde;o del papel.<\/li>\r\n  <li>El tama&ntilde;o de la etiqueta.<\/li>\r\n  <li>El n&uacute;mero de filas y columnas de etiquetas en la hoja.<\/li>\r\n  <li>Los m&aacute;rgenes entre cada borde de la hoja y las etiquetas (si existen).<\/li>\r\n  <li>El espacio (huecos) entre cada fila y columna (si existe).<\/li>\r\n  <\/ul>\r\n<p class=\"note\"><strong>Nota<\/strong>:<br>\r\nTenga en cuenta que durante todo el proceso, cada valor introducido se resaltar&aacute; en la vista previa, para que pueda ver f&aacute;cilmente lo que se est&aacute; cambiando.<\/p><\/td>\r\n<\/tr>\r\n<tr valign=\"top\">\r\n<td>\r\n<p class=\"body\"><img decoding=\"async\" src=\"https:\/\/www.labeljoy.com\/user-guide-lj6-files\/es\/2425_002.png\" align=\"left\" style=\"margin: 0px 24px 4px 0px\">El segundo paso le permite introducir el tama&ntilde;o y la orientaci&oacute;n del papel, seleccionar un tama&ntilde;o de papel predefinido de la lista para introducir autom&aacute;ticamente el ancho y el alto de la hoja o bien seleccionar el primer elemento <em>Definido por el usuario<\/em> para introducir manualmente un tama&ntilde;o personalizado.<\/p>\r\n<p class=\"body\">Introduzca la orientaci&oacute;n del papel en base a sus requisitos.<\/p>\r\n<p class=\"note\"><strong>Nota<\/strong>:<br>\r\nA partir de este paso, se muestra un campo <em>Unidad de medida<\/em> para permitirle cambiar entre el sistema m&eacute;trico y el imperial, en caso de ser necesario.<\/p><\/td><\/tr>\r\n<tr valign=\"top\">\r\n<td>\r\n<p class=\"body\"><img decoding=\"async\" src=\"https:\/\/www.labeljoy.com\/user-guide-lj6-files\/es\/2425_003.png\" style=\"margin: 0px 24px 4px 0px\" align=\"left\">En el tercer paso se introduce el n&uacute;mero de columnas y filas que componen la cuadr&iacute;cula de etiquetas del papel. <em>Filas<\/em> se refiere al n&uacute;mero de posiciones verticales, mientras que <em>Columnas<\/em> al n&uacute;mero de posiciones horizontales.<\/p><\/td><\/tr>\r\n<tr valign=\"top\">\r\n<td>\r\n<p class=\"body\"><img decoding=\"async\" src=\"https:\/\/www.labeljoy.com\/user-guide-lj6-files\/es\/2425_004.png\" style=\"margin: 0px 24px 4px 0px\" align=\"left\">El cuarto paso permite introducir el tama&ntilde;o de la etiqueta. La cantidad m&aacute;xima que puede introducirse aqu&iacute; est&aacute; limitada por el n&uacute;mero de filas y columnas y el tama&ntilde;o del papel, definidos en los pasos anteriores. Si el tama&ntilde;o excede el espacio disponible, se mostrar&aacute; un mensaje de error y no ser&aacute; posible pasar al paso siguiente, hasta que se corrija el error.<\/p><\/td><\/tr>\r\n<tr valign=\"top\">\r\n<td>\r\n<p class=\"body\"><img decoding=\"async\" src=\"https:\/\/www.labeljoy.com\/user-guide-lj6-files\/es\/2425_005.png\" align=\"left\" style=\"margin: 0px 24px 4px 0px\">El quinto paso sirve para definir los m&aacute;rgenes del papel y el espacio entre cada fila y cada columna de etiquetas. Cada valor de separaci&oacute;n se desactiva cuando s&oacute;lo tiene 1 fila o 1 columna de etiquetas, ya que no es aplicable. \r\n<p class=\"body\">Los m&aacute;rgenes y los espacios se influyen mutuamente para garantizar que se respeta el tama&ntilde;o de etiqueta definido previamente. Por ejemplo, cuando se modifica el espacio horizontal, los m&aacute;rgenes izquierdo y derecho se ajustan en consecuencia para garantizar que se conserva la anchura de etiqueta introducida, y viceversa. Si se introduce un valor que excede el espacio disponible, se muestra un mensaje de error y no ser&aacute; posible pasar al paso siguiente, hasta que se corrija el error.<\/td><\/tr>\r\n<tr valign=\"top\">\r\n<td>\r\n<p class=\"body\"><img decoding=\"async\" src=\"https:\/\/www.labeljoy.com\/user-guide-lj6-files\/es\/2425_006.png\" align=\"left\" style=\"margin: 0px 24px 4px 0px\">El sexto y &uacute;ltimo paso le permite definir informaci&oacute;n adicional sobre sus etiquetas, como por ejemplo la forma y tres campos de texto que el asistente rellenar&aacute; previamente para identificar mejor el tipo de disposici&oacute;n que se est&aacute; creando. Esta informaci&oacute;n es opcional y puede modificarse libremente.<\/p>\r\n<p class=\"body\">Una vez que est&eacute; listo para crear la nueva disposici&oacute;n, haga clic en el bot&oacute;n <em>Ok<\/em> para aplicar la disposici&oacute;n reci&eacute;n creada al trabajo actual. Aseg&uacute;rese de guardar el archivo para conservar toda la informaci&oacute;n.<\/p>\r\n<p class=\"note\"><strong>Nota<\/strong>:<br>\r\nSi necesita modificar la distribuci&oacute;n que acaba de crear, simplemente vaya a la pesta&ntilde;a <em>Personalizado<\/em> del <a href=\"https:\/\/www.labeljoy.com\/es\/ayuda-lj6\/definicion-de-layout\/\">formulario principal de Layout<\/a>. <\/p><\/td><\/tr>\r\n<\/table><\/div>\n","protected":false},"excerpt":{"rendered":"","protected":false},"author":8,"featured_media":0,"parent":28778,"menu_order":0,"comment_status":"closed","ping_status":"closed","template":"","meta":{"inline_featured_image":false,"_monsterinsights_skip_tracking":false,"_monsterinsights_sitenote_active":false,"_monsterinsights_sitenote_note":"","_monsterinsights_sitenote_category":0,"footnotes":""},"class_list":{"0":"post-42681","1":"page","2":"type-page","3":"status-publish","5":"infinite-scroll-item"},"aioseo_notices":[],"_links":{"self":[{"href":"https:\/\/www.labeljoy.com\/es\/wp-json\/wp\/v2\/pages\/42681","targetHints":{"allow":["GET"]}}],"collection":[{"href":"https:\/\/www.labeljoy.com\/es\/wp-json\/wp\/v2\/pages"}],"about":[{"href":"https:\/\/www.labeljoy.com\/es\/wp-json\/wp\/v2\/types\/page"}],"author":[{"embeddable":true,"href":"https:\/\/www.labeljoy.com\/es\/wp-json\/wp\/v2\/users\/8"}],"replies":[{"embeddable":true,"href":"https:\/\/www.labeljoy.com\/es\/wp-json\/wp\/v2\/comments?post=42681"}],"version-history":[{"count":2,"href":"https:\/\/www.labeljoy.com\/es\/wp-json\/wp\/v2\/pages\/42681\/revisions"}],"predecessor-version":[{"id":42917,"href":"https:\/\/www.labeljoy.com\/es\/wp-json\/wp\/v2\/pages\/42681\/revisions\/42917"}],"up":[{"embeddable":true,"href":"https:\/\/www.labeljoy.com\/es\/wp-json\/wp\/v2\/pages\/28778"}],"wp:attachment":[{"href":"https:\/\/www.labeljoy.com\/es\/wp-json\/wp\/v2\/media?parent=42681"}],"curies":[{"name":"wp","href":"https:\/\/api.w.org\/{rel}","templated":true}]}}