{"id":5288,"date":"2012-08-22T09:57:38","date_gmt":"2012-08-22T09:57:38","guid":{"rendered":"http:\/\/www.labeljoy.com\/soporte\/about-us-edisplay\/"},"modified":"2026-03-25T15:54:56","modified_gmt":"2026-03-25T15:54:56","slug":"sobre-edisplay","status":"publish","type":"page","link":"https:\/\/www.labeljoy.com\/es\/soporte\/sobre-edisplay\/","title":{"rendered":"eDisplay \u2013 \u00bfQui\u00e9nes somos?"},"content":{"rendered":"<h1>eDisplay Software House<\/h1>\n<p><img decoding=\"async\" width=\"177\" height=\"63\" class=\"alignleft wp-image-2003\" title=\"Labeljoy edisplay\" src=\"http:\/\/www.labeljoy.com\/images\/edisplay.jpg\" alt=\"eDisplay\" \/><\/p>\n<p><a title=\"edisplay software house label\" href=\"https:\/\/edisplay.it\/en\/\" target=\"_blank\" rel=\"noopener\">eDisplay srl<\/a> <span style=\"font-weight: 400;\">es una sociedad de software dedicada al sector de los c\u00f3digos de barras y el etiquetado. Nuestra filosof\u00eda empresarial siempre ha sido ofrecer el mejor producto al <\/span><b>mejor precio <\/b><span style=\"font-weight: 400;\">posible.<\/span><\/p>\n<p><span style=\"font-weight: 400;\">Invertimos cada vez m\u00e1s en investigaci\u00f3n y desarrollo. La innovaci\u00f3n continua, el \u00e9nfasis en las buenas relaciones entre compa\u00f1eros y empleados y el respeto por el medio ambiente son nuestros principios rectores. En 2006 fue lanzado Labeljoy, un producto innovador que combina una <strong>gran funcionalidad<\/strong> con <\/span><b>facilidad de uso<\/b><span style=\"font-weight: 400;\">. Hasta la fecha, hemos vendido 35 000 copias de nuestro software en 18 idiomas diferentes, garantizando una asistencia t\u00e9cnica de primera calidad a nuestros clientes, tanto grandes como peque\u00f1os.<\/span><\/p>\n<p><span style=\"font-weight: 400;\">Nuestra empresa participa activamente en causas sociales y ben\u00e9ficas a trav\u00e9s de numerosas iniciativas de apoyo a la <strong>Cruz Roja, ONG y organizaciones de voluntariado<\/strong> de todo el mundo. Nuestro trabajo no tendr\u00eda sentido sin su confianza: gracias por elegirnos.<\/span><\/p>\n<p>&nbsp;<\/p>\n<h3>Nuestras Oficinas<\/h3>\n<div class=\"hr hr-solid\">&nbsp;<\/div>\n<div class=\"one_third\">\n<p><strong>SEDE JUR\u00cdDICA<br \/>\n<\/strong>Fonni<br \/>\nViale del Lavoro, 53<br \/>\n08023 Fonni (NU)<br \/>\nItaly<\/div>\n<div class=\"one_third\">\n<p><strong>SEDE CENTRAL<br \/>\n<\/strong>Milano<br \/>\nVia Palmanova, 24<br \/>\n20132 Milano (Mi)<br \/>\nItaly <\/div>\n<div class=\"one_third\">\n<p><strong>SOCIO COMERCIAL<br \/>\n<\/strong>San Diego<br \/>\nDelivery Tech Corp 4411\u00a0Morena Blvd #230<br \/>\nSan Diego, CA\u00a092117<br \/>\nU.S.A. <\/div>\n","protected":false},"excerpt":{"rendered":"<p>eDisplay Software House eDisplay srl es una sociedad de software dedicada al sector de los c\u00f3digos de barras y el etiquetado. Nuestra filosof\u00eda empresarial siempre ha sido ofrecer el mejor producto al mejor precio posible. Invertimos cada vez m\u00e1s en investigaci\u00f3n y desarrollo. La innovaci\u00f3n continua, el \u00e9nfasis en las buenas relaciones entre compa\u00f1eros y &#8230; <a title=\"eDisplay \u2013 \u00bfQui\u00e9nes somos?\" class=\"read-more\" href=\"https:\/\/www.labeljoy.com\/es\/soporte\/sobre-edisplay\/\" aria-label=\"Leer m\u00e1s sobre eDisplay \u2013 \u00bfQui\u00e9nes somos?\">Read more<\/a><\/p>\n","protected":false},"author":1,"featured_media":0,"parent":2064,"menu_order":0,"comment_status":"closed","ping_status":"closed","template":"","meta":{"inline_featured_image":false,"_monsterinsights_skip_tracking":false,"_monsterinsights_sitenote_active":false,"_monsterinsights_sitenote_note":"","_monsterinsights_sitenote_category":0,"footnotes":""},"class_list":{"0":"post-5288","1":"page","2":"type-page","3":"status-publish","5":"infinite-scroll-item"},"aioseo_notices":[],"_links":{"self":[{"href":"https:\/\/www.labeljoy.com\/es\/wp-json\/wp\/v2\/pages\/5288","targetHints":{"allow":["GET"]}}],"collection":[{"href":"https:\/\/www.labeljoy.com\/es\/wp-json\/wp\/v2\/pages"}],"about":[{"href":"https:\/\/www.labeljoy.com\/es\/wp-json\/wp\/v2\/types\/page"}],"author":[{"embeddable":true,"href":"https:\/\/www.labeljoy.com\/es\/wp-json\/wp\/v2\/users\/1"}],"replies":[{"embeddable":true,"href":"https:\/\/www.labeljoy.com\/es\/wp-json\/wp\/v2\/comments?post=5288"}],"version-history":[{"count":20,"href":"https:\/\/www.labeljoy.com\/es\/wp-json\/wp\/v2\/pages\/5288\/revisions"}],"predecessor-version":[{"id":45313,"href":"https:\/\/www.labeljoy.com\/es\/wp-json\/wp\/v2\/pages\/5288\/revisions\/45313"}],"up":[{"embeddable":true,"href":"https:\/\/www.labeljoy.com\/es\/wp-json\/wp\/v2\/pages\/2064"}],"wp:attachment":[{"href":"https:\/\/www.labeljoy.com\/es\/wp-json\/wp\/v2\/media?parent=5288"}],"curies":[{"name":"wp","href":"https:\/\/api.w.org\/{rel}","templated":true}]}}