{"id":15575,"date":"2012-10-11T15:42:48","date_gmt":"2012-10-11T15:42:48","guid":{"rendered":"http:\/\/www.labeljoy.com\/?page_id=15575"},"modified":"2020-06-07T13:01:53","modified_gmt":"2020-06-07T13:01:53","slug":"failure-fr","status":"publish","type":"page","link":"https:\/\/www.labeljoy.com\/fr\/shop-fr\/failure-fr\/","title":{"rendered":"Failure FR"},"content":{"rendered":"\t\t\t<h2 class=\"entry-title\">Paiement refus\u00e9<\/h2>\n<p>Nous sommes d\u00e9sol\u00e9s, PayPal a refus\u00e9 votre demande de paiement.<\/p>\n<p><strong>Aucun paiment n'a eu lieu avec votre carte de credit<\/strong> et votre\ncommande a \u00e9t\u00e9 annull\u00e9e.<\/p>\n<p>Vous pouvez essayer de nouveau ou, d\u00e8s que\nvous r\u00e9solvez ce qui peut \u00eatre la cause du probl\u00e8me, vous pouvez effectuer\nune nouvelle commande.<\/p>","protected":false},"excerpt":{"rendered":"","protected":false},"author":2,"featured_media":0,"parent":15444,"menu_order":18,"comment_status":"open","ping_status":"closed","template":"","meta":{"inline_featured_image":false,"_monsterinsights_skip_tracking":false,"_monsterinsights_sitenote_active":false,"_monsterinsights_sitenote_note":"","_monsterinsights_sitenote_category":0,"footnotes":""},"class_list":{"0":"post-15575","1":"page","2":"type-page","3":"status-publish","5":"infinite-scroll-item"},"aioseo_notices":[],"_links":{"self":[{"href":"https:\/\/www.labeljoy.com\/fr\/wp-json\/wp\/v2\/pages\/15575","targetHints":{"allow":["GET"]}}],"collection":[{"href":"https:\/\/www.labeljoy.com\/fr\/wp-json\/wp\/v2\/pages"}],"about":[{"href":"https:\/\/www.labeljoy.com\/fr\/wp-json\/wp\/v2\/types\/page"}],"author":[{"embeddable":true,"href":"https:\/\/www.labeljoy.com\/fr\/wp-json\/wp\/v2\/users\/2"}],"replies":[{"embeddable":true,"href":"https:\/\/www.labeljoy.com\/fr\/wp-json\/wp\/v2\/comments?post=15575"}],"version-history":[{"count":2,"href":"https:\/\/www.labeljoy.com\/fr\/wp-json\/wp\/v2\/pages\/15575\/revisions"}],"predecessor-version":[{"id":33060,"href":"https:\/\/www.labeljoy.com\/fr\/wp-json\/wp\/v2\/pages\/15575\/revisions\/33060"}],"up":[{"embeddable":true,"href":"https:\/\/www.labeljoy.com\/fr\/wp-json\/wp\/v2\/pages\/15444"}],"wp:attachment":[{"href":"https:\/\/www.labeljoy.com\/fr\/wp-json\/wp\/v2\/media?parent=15575"}],"curies":[{"name":"wp","href":"https:\/\/api.w.org\/{rel}","templated":true}]}}