{"id":15595,"date":"2012-10-11T15:25:29","date_gmt":"2012-10-11T15:25:29","guid":{"rendered":"http:\/\/www.labeljoy.com\/?page_id=15595"},"modified":"2020-06-05T22:41:49","modified_gmt":"2020-06-05T22:41:49","slug":"wiretransfer-fr","status":"publish","type":"page","link":"https:\/\/www.labeljoy.com\/fr\/shop-fr\/wiretransfer-fr\/","title":{"rendered":"Wire Transfer FR"},"content":{"rendered":"\t<h2 class=\"entry-title\">Merci pour votre achat!<\/h2>\n    <p>Votre commande  a \u00e9t\u00e9 enregistr\u00e9e avec succ\u00e8s, vous avez choisi de payer avec un virement bancaire, et donc la commande sera trait\u00e9e manuellement d\u00e8s que nous recevons votre paiement.<\/p>\n<p>Nom de la soci\u00e9t\u00e9: Delivery Tech Corp.<br \/>\nAdresse de la soci\u00e9t\u00e9: 4411 Morena Blvd #230 San Diego, CA 92117<br \/>\nCompte bancaire: 610777168<br \/>\nRoutage: 322271627<br \/>\nSwift: CHASUS33<br \/>\nBanque: Chase, <\/p>\n\n<p>S'il vous pla\u00eet envoyez une copie de votre document de virement bancaire \u00e0:<br \/>\ne-mail: bank@labeljoy.com<\/p>\n\n<p>\t<br \/>Si vous ne recevez pas de courriel de confirmation de notre part, s'il vous pla\u00eet v\u00e9rifiez votre bo\u00eete de spam ou de junk mail.<br \/>\n<strong>S'il vous pla\u00eet n'oubliez pas d'ins\u00e9rer votre num\u00e9ro de commande<\/strong> quand vous payez avec votre compte bancaire, afin de nous permettre de reconna\u00eetre votre paiement.<\/p>\n<p>S'il vous pla\u00eet rappelez-vous que les paiements bancaires internationaux ont g\u00e9n\u00e9ralement besoin de 4 \u00e0 6 jours pour cr\u00e9diter l'argent; d\u00e8s que votre paiement est transf\u00e9r\u00e9 sur notre compte bancaire, nous vous enverrons la facture de votre paiement.<\/p>","protected":false},"excerpt":{"rendered":"Merci pour votre achat! Votre commande a \u00e9t\u00e9 enregistr\u00e9e avec succ\u00e8s, vous avez choisi de payer avec un virement bancaire, et donc la commande sera trait\u00e9e manuellement d\u00e8s que nous recevons votre paiement. Nom de la soci\u00e9t\u00e9: Adresse de la soci\u00e9t\u00e9: Delivery Tech Corp. Compte bancaire: 4411 Morena Blvd #230 San Diego, CA 92117 Routage: ... <a title=\"Wire Transfer FR\" class=\"read-more\" href=\"https:\/\/www.labeljoy.com\/fr\/shop-fr\/wiretransfer-fr\/\" aria-label=\"En savoir plus sur Wire Transfer FR\">Read more<\/a>","protected":false},"author":2,"featured_media":0,"parent":15444,"menu_order":19,"comment_status":"open","ping_status":"closed","template":"","meta":{"inline_featured_image":false,"_monsterinsights_skip_tracking":false,"_monsterinsights_sitenote_active":false,"_monsterinsights_sitenote_note":"","_monsterinsights_sitenote_category":0,"footnotes":""},"class_list":{"0":"post-15595","1":"page","2":"type-page","3":"status-publish","5":"infinite-scroll-item"},"aioseo_notices":[],"_links":{"self":[{"href":"https:\/\/www.labeljoy.com\/fr\/wp-json\/wp\/v2\/pages\/15595","targetHints":{"allow":["GET"]}}],"collection":[{"href":"https:\/\/www.labeljoy.com\/fr\/wp-json\/wp\/v2\/pages"}],"about":[{"href":"https:\/\/www.labeljoy.com\/fr\/wp-json\/wp\/v2\/types\/page"}],"author":[{"embeddable":true,"href":"https:\/\/www.labeljoy.com\/fr\/wp-json\/wp\/v2\/users\/2"}],"replies":[{"embeddable":true,"href":"https:\/\/www.labeljoy.com\/fr\/wp-json\/wp\/v2\/comments?post=15595"}],"version-history":[{"count":3,"href":"https:\/\/www.labeljoy.com\/fr\/wp-json\/wp\/v2\/pages\/15595\/revisions"}],"predecessor-version":[{"id":33069,"href":"https:\/\/www.labeljoy.com\/fr\/wp-json\/wp\/v2\/pages\/15595\/revisions\/33069"}],"up":[{"embeddable":true,"href":"https:\/\/www.labeljoy.com\/fr\/wp-json\/wp\/v2\/pages\/15444"}],"wp:attachment":[{"href":"https:\/\/www.labeljoy.com\/fr\/wp-json\/wp\/v2\/media?parent=15595"}],"curies":[{"name":"wp","href":"https:\/\/api.w.org\/{rel}","templated":true}]}}