{"id":15641,"date":"2012-10-15T13:07:53","date_gmt":"2012-10-15T13:07:53","guid":{"rendered":"http:\/\/www.labeljoy.com\/?page_id=15641"},"modified":"2020-06-07T13:02:05","modified_gmt":"2020-06-07T13:02:05","slug":"payok-fr","status":"publish","type":"page","link":"https:\/\/www.labeljoy.com\/fr\/shop-fr\/payok-fr\/","title":{"rendered":"payok FR"},"content":{"rendered":"\t<h2 class=\"entry-title\">Merci!<\/h2>\n    <!--script>\n        _paq.push(['trackEvent', 'Buy', 'Thankyou EUR', 'Buy Thankyou EUR Credit Card fr']);\n    <\/script-->\n<p>Votre paiement a \u00e9t\u00e9 approuv\u00e9 par notre passerelle de carte de cr\u00e9dit.<\/p>\r\n<p><strong>Vous avez re\u00e7u\r\n(ou recevrez sous peu) un e-mail contenant la cl\u00e9 de votre inscription\r\nou les instructions d\u00e9taill\u00e9es pour activer les produits ou services que vous avez achet\u00e9s<\/strong>.<\/p>\r\n<p>Si vous n'avez pas re\u00e7u notre e-mail, <strong>s'il vous pla\u00eet assurez-vous que notre e-mails ne soient pas filtr\u00e9s comme du spam!<\/strong><\/p>","protected":false},"excerpt":{"rendered":"","protected":false},"author":2,"featured_media":0,"parent":15444,"menu_order":22,"comment_status":"open","ping_status":"closed","template":"","meta":{"inline_featured_image":false,"_monsterinsights_skip_tracking":false,"_monsterinsights_sitenote_active":false,"_monsterinsights_sitenote_note":"","_monsterinsights_sitenote_category":0,"footnotes":""},"class_list":{"0":"post-15641","1":"page","2":"type-page","3":"status-publish","5":"infinite-scroll-item"},"aioseo_notices":[],"_links":{"self":[{"href":"https:\/\/www.labeljoy.com\/fr\/wp-json\/wp\/v2\/pages\/15641","targetHints":{"allow":["GET"]}}],"collection":[{"href":"https:\/\/www.labeljoy.com\/fr\/wp-json\/wp\/v2\/pages"}],"about":[{"href":"https:\/\/www.labeljoy.com\/fr\/wp-json\/wp\/v2\/types\/page"}],"author":[{"embeddable":true,"href":"https:\/\/www.labeljoy.com\/fr\/wp-json\/wp\/v2\/users\/2"}],"replies":[{"embeddable":true,"href":"https:\/\/www.labeljoy.com\/fr\/wp-json\/wp\/v2\/comments?post=15641"}],"version-history":[{"count":2,"href":"https:\/\/www.labeljoy.com\/fr\/wp-json\/wp\/v2\/pages\/15641\/revisions"}],"predecessor-version":[{"id":33094,"href":"https:\/\/www.labeljoy.com\/fr\/wp-json\/wp\/v2\/pages\/15641\/revisions\/33094"}],"up":[{"embeddable":true,"href":"https:\/\/www.labeljoy.com\/fr\/wp-json\/wp\/v2\/pages\/15444"}],"wp:attachment":[{"href":"https:\/\/www.labeljoy.com\/fr\/wp-json\/wp\/v2\/media?parent=15641"}],"curies":[{"name":"wp","href":"https:\/\/api.w.org\/{rel}","templated":true}]}}