{"id":16388,"date":"2013-05-22T14:28:44","date_gmt":"2013-05-22T14:28:44","guid":{"rendered":"http:\/\/www.labeljoy.com\/?page_id=16388"},"modified":"2020-12-28T14:46:12","modified_gmt":"2020-12-28T14:46:12","slug":"planet-code-fr","status":"publish","type":"page","link":"https:\/\/www.labeljoy.com\/fr\/assistance\/guide-codes-barres\/planet-code-fr\/","title":{"rendered":"Planet code"},"content":{"rendered":"<h1>Planet code<\/h1>\n<p>Le code barre est utilis\u00e9 par le service postal des \u00c9tats-Unis pour identifier et suivre le courrier lors de la distribution &#8211; la technique d&rsquo;encodage postal alpha num\u00e9rique.<br \/>\nLes <strong>symboles Planet codent<\/strong> 12 ou 14 chiffres seulement et le dernier chiffre est un chiffre de contr\u00f4le, calcul\u00e9 automatiquement par Labeljoy. Par cons\u00e9quent, seuls 11 ou 13 chiffres peuvent \u00eatre entr\u00e9s.<\/p>\n<div class=\"tt-notification warning\"><p style=\"font-size:12px;\"><strong>Remarque<\/strong>: aucun texte lisible n&rsquo;est affich\u00e9 par ce type de symbologie.<\/p><\/div>\n<figure style=\"width: 355px\" class=\"wp-caption aligncenter\"><img decoding=\"async\" alt=\"Encodage Planet de 11 chiffres\" src=\"http:\/\/www.labeljoy.com\/images\/barcodes\/planet_code.png\" width=\"365\" height=\"19\" \/><figcaption class=\"wp-caption-text\">Encodage Planet de 11 chiffres + chiffre de contr\u00f4le<\/figcaption><\/figure>\n<figure style=\"width: 414px\" class=\"wp-caption aligncenter\"><img decoding=\"async\" alt=\"Encodage Planet de 13 chiffres\" src=\"http:\/\/www.labeljoy.com\/images\/barcodes\/planet_barcode.png\" width=\"424\" height=\"19\" \/><figcaption class=\"wp-caption-text\">Encodage Planet de 13 chiffres + chiffre de contr\u00f4le<\/figcaption><\/figure>\n<div class=\"tt-notification tip\"><p style=\"font-size:12px;\">Concat\u00e9nation du texte:<br \/>\nLorsqu&rsquo;un <strong>\u00e9l\u00e9ment de code barre Planet<\/strong> est g\u00e9n\u00e9r\u00e9 par concat\u00e9nation des champs ou des compteurs, les r\u00e8gles suivantes s&rsquo;appliquent:<\/p>\n<ul class=\"barcode-ul\">\n<li>Seuls les chiffres sont autoris\u00e9s.<\/li>\n<li>Seuls les textes de 11 ou 13 chiffres seront consid\u00e9r\u00e9s.<\/li>\n<\/ul>\n<p>Quand une valeur ne respectant pas les r\u00e8gles ci-dessus est trouv\u00e9e, le code barre ne s&rsquo;affiche pas.<br \/>\n<\/p><\/div>\n<div class=\"hr hr-dotted\">&nbsp;<\/div>\n<div class=\"one_half\">\n<p style=\"text-align: center\"><a href=\"\/fr\/achat\/\" class=\"large blue tt-button\" target=\"_self\">Acheter le logiciel g\u00e9n\u00e9rateur du code Planet<\/a>\n<\/div>\n<div class=\"one_half\">\n<p style=\"text-align: center\"><a href=\"\/fr\/download-fr\/\" class=\"large green tt-button\" target=\"_self\">T\u00e9l\u00e9charger la version gratuite<\/a>\n<\/div>\n","protected":false},"excerpt":{"rendered":"<p>Planet code Le code barre est utilis\u00e9 par le service postal des \u00c9tats-Unis pour identifier et suivre le courrier lors de la distribution &#8211; la technique d&rsquo;encodage postal alpha num\u00e9rique. Les symboles Planet codent 12 ou 14 chiffres seulement et le dernier chiffre est un chiffre de contr\u00f4le, calcul\u00e9 automatiquement par Labeljoy. Par cons\u00e9quent, seuls &#8230; <a title=\"Planet code\" class=\"read-more\" href=\"https:\/\/www.labeljoy.com\/fr\/assistance\/guide-codes-barres\/planet-code-fr\/\" aria-label=\"En savoir plus sur Planet code\">Read more<\/a><\/p>\n","protected":false},"author":1,"featured_media":0,"parent":2784,"menu_order":0,"comment_status":"open","ping_status":"closed","template":"page-template-left-sidebar.php","meta":{"inline_featured_image":false,"_monsterinsights_skip_tracking":false,"_monsterinsights_sitenote_active":false,"_monsterinsights_sitenote_note":"","_monsterinsights_sitenote_category":0,"footnotes":""},"class_list":{"0":"post-16388","1":"page","2":"type-page","3":"status-publish","5":"infinite-scroll-item"},"aioseo_notices":[],"_links":{"self":[{"href":"https:\/\/www.labeljoy.com\/fr\/wp-json\/wp\/v2\/pages\/16388","targetHints":{"allow":["GET"]}}],"collection":[{"href":"https:\/\/www.labeljoy.com\/fr\/wp-json\/wp\/v2\/pages"}],"about":[{"href":"https:\/\/www.labeljoy.com\/fr\/wp-json\/wp\/v2\/types\/page"}],"author":[{"embeddable":true,"href":"https:\/\/www.labeljoy.com\/fr\/wp-json\/wp\/v2\/users\/1"}],"replies":[{"embeddable":true,"href":"https:\/\/www.labeljoy.com\/fr\/wp-json\/wp\/v2\/comments?post=16388"}],"version-history":[{"count":3,"href":"https:\/\/www.labeljoy.com\/fr\/wp-json\/wp\/v2\/pages\/16388\/revisions"}],"predecessor-version":[{"id":16495,"href":"https:\/\/www.labeljoy.com\/fr\/wp-json\/wp\/v2\/pages\/16388\/revisions\/16495"}],"up":[{"embeddable":true,"href":"https:\/\/www.labeljoy.com\/fr\/wp-json\/wp\/v2\/pages\/2784"}],"wp:attachment":[{"href":"https:\/\/www.labeljoy.com\/fr\/wp-json\/wp\/v2\/media?parent=16388"}],"curies":[{"name":"wp","href":"https:\/\/api.w.org\/{rel}","templated":true}]}}