{"id":16390,"date":"2013-05-22T14:27:33","date_gmt":"2013-05-22T14:27:33","guid":{"rendered":"http:\/\/www.labeljoy.com\/?page_id=16390"},"modified":"2020-12-28T15:12:54","modified_gmt":"2020-12-28T15:12:54","slug":"datamatrix-fr","status":"publish","type":"page","link":"https:\/\/www.labeljoy.com\/fr\/assistance\/guide-codes-barres\/datamatrix-fr\/","title":{"rendered":"Datamatrix"},"content":{"rendered":"<h1>G\u00e9n\u00e9rateur Data Matrix<\/h1>\n<p>Le Data Matrix est un code \u00e0 deux dimensions (2D) constitu\u00e9 de cellules organis\u00e9es en cellules noires et blanches (motif carr\u00e9 ou rectangulaire). L&rsquo;information encod\u00e9e peut \u00eatre du texte ou des donn\u00e9es brutes. La taille des donn\u00e9es va de quelques octets \u00e0 2 kilo-octets. Cela d\u00e9pend de la longueur de l&rsquo;information \u00e0 coder.<\/p>\n<p>Il est possible d&rsquo;ajouter un code correcteur d&rsquo;erreur de codes pour augmenter la force du symbole: m\u00eame s&rsquo;il est partiellement endommag\u00e9, il peut toujours \u00eatre lu.<\/p>\n<div class=\"tt-notification warning\"><p style=\"font-size:12px;\"><strong>Remarque<\/strong>: aucun texte lisible n&rsquo;est affich\u00e9 par ce type de symbologie.<\/p><\/div>\n<figure style=\"width: 170px\" class=\"wp-caption alignleft\"><img decoding=\"async\" alt=\"Code Barre Data Matrix\" src=\"http:\/\/www.labeljoy.com\/images\/about-qr-code\/datamatrix.jpg\" width=\"180\" height=\"55\" \/><figcaption class=\"wp-caption-text\">Code Barre Data Matrix<\/figcaption><\/figure>\n<h2>Comment g\u00e9n\u00e9rer Data Matrix<\/h2>\n<p><strong>Les symboles Data Matrix peuvent encoder du texte de diff\u00e9rentes fa\u00e7ons<\/strong>. Utilisez la zone de liste d\u00e9roulante du logiciel de code \u00e0 barres Labeljoy pour d\u00e9finir l&rsquo;algorithme de codage le plus appropri\u00e9 pour le texte que vous souhaitez encoder:<\/p>\n<ul>\n<li>(Mixed): param\u00e8tre par d\u00e9faut. Permet de coder des donn\u00e9es en utilisant une combinaison de l&rsquo;ensemble des modes de codage suivants, bas\u00e9s sur le type de donn\u00e9es trouv\u00e9es. Normalement, ce r\u00e9glage produit les meilleurs r\u00e9sultats.<\/li>\n<li>Ascii: permet l&rsquo;encodage de tous les 256 caract\u00e8res de la table ASCII standard. Produit les meilleurs r\u00e9sultats sur des caract\u00e8res num\u00e9riques et les valeurs ASCII entre 0 et 127.<\/li>\n<li>C40: permet l&rsquo;encodage des chiffres, des lettres et de certains caract\u00e8res sp\u00e9ciaux. Le mieux adapt\u00e9 pour les codes alphanum\u00e9riques compos\u00e9s principalement de texte en majuscules. <\/li>\n<li>Text: permet l&rsquo;encodage des chiffres, des lettres et de certains caract\u00e8res sp\u00e9ciaux. Le mieux adapt\u00e9 pour les codes alphanum\u00e9riques compos\u00e9s principalement de texte en minuscules.<\/li>\n<li>X12: permet l&rsquo;encodage des caract\u00e8res inclus dans ANSI X12.<\/li>\n<li>Edifact: permet de coder des caract\u00e8res ASCII compris entre 32 et 94. Inclus pour assurer la compatibilit\u00e9, mais est consid\u00e9r\u00e9 comme obsol\u00e8te.<\/li>\n<li>Base 256: codage sp\u00e9cifique pour les donn\u00e9es d&rsquo;octets variant entre 0 et 255. En utilisant cet algorithme de codage, il est possible de coder n&rsquo;importe quelle valeur comprise entre 0\u00d700 et 0xFF (d\u00e9cimal 0 ~ 255). Pour utiliser ce codage, vous devez entrer une cha\u00eene contenant des valeurs hexad\u00e9cimales \u00e0 2 chiffres s\u00e9par\u00e9s par un espace: par exemple, 32 FA 56 E8 12 &#8230; etc<\/li>\n<\/ul>\n<h3>Codes Datamatrix<\/h3>\n<p style=\"text-align: center\">Encodage Data Matrix: http:\/\/www.labeljoy.com\/free-label-software\/<\/p>\n<div class=\"one_half\">\n<figure style=\"width: 102px\" class=\"wp-caption aligncenter\"><img decoding=\"async\" alt=\"Avec codage ASCII\" src=\"http:\/\/www.labeljoy.com\/images\/barcodes\/datamatrix_ASCII.png\" width=\"112\" height=\"112\" \/><figcaption class=\"wp-caption-text\">Avec codage ASCII<\/figcaption><\/figure>\n<\/div>\n<div class=\"one_half\">\n<figure style=\"width: 89px\" class=\"wp-caption aligncenter\"><img decoding=\"async\" alt=\"Avec codage textuel\" src=\"http:\/\/www.labeljoy.com\/images\/barcodes\/datamatrix_text.png\" width=\"99\" height=\"98\" \/><figcaption class=\"wp-caption-text\">Avec codage textuel<\/figcaption><\/figure>\n<\/div>\n<div class=\"column-clear\"><\/div>\n<p>La zone de liste d\u00e9roulante \u00ab\u00a0taille du symbole\u00a0\u00bb vous permet de saisir la dimension minimale du symbole. <strong>L&rsquo;architecture Data Matrix organise<\/strong> les donn\u00e9es en une s\u00e9rie de matrices carr\u00e9es ou rectangulaires, associ\u00e9es pour repr\u00e9senter les donn\u00e9es cod\u00e9es. Le nombre de matrices n\u00e9cessaires d\u00e9pend de la quantit\u00e9 de donn\u00e9es cod\u00e9es.<br \/>\nNormalement, le <strong>symbole de matrice de donn\u00e9es est g\u00e9n\u00e9r\u00e9<\/strong> avec le plus petit nombre possible de matrices n\u00e9cessaires pour repr\u00e9senter les donn\u00e9es encod\u00e9es, mais dans certains cas, il peut \u00eatre souhaitable d&rsquo;augmenter le nombre minimum de matrices dessin\u00e9es, pour s&rsquo;assurer que tous les symboles imprim\u00e9s ont la m\u00eame taille, ind\u00e9pendamment de la quantit\u00e9 de donn\u00e9es cod\u00e9es . Par exemple, si vous connectez un code \u00e0 barres Data Matrix dans le champ d&rsquo;adresse d&rsquo;une source de donn\u00e9es, il peut \u00eatre n\u00e9cessaire que tous les symboles aient la m\u00eame taille, quelle que soit la longueur de l&rsquo;adresse unique. Dans ce cas, vous serez en mesure de d\u00e9finir une taille de symbole minimale pour tous les codes barres g\u00e9n\u00e9r\u00e9s.<\/p>\n<p style=\"text-align: center\">Codage Data Matrix: 12345<\/p>\n<div class=\"one_half\">\n<figure style=\"width: 21px\" class=\"wp-caption aligncenter\"><img decoding=\"async\" alt=\"Avec taille de symbole (Auto)\" src=\"http:\/\/www.labeljoy.com\/images\/barcodes\/datamatrix_auto_size.png\" width=\"31\" height=\"30\" \/><figcaption class=\"wp-caption-text\">Avec taille de symbole (Auto)<\/figcaption><\/figure>\n<\/div>\n<div class=\"one_half\">\n<figure style=\"width: 136px\" class=\"wp-caption aligncenter\"><img decoding=\"async\" alt=\"Avec symbole de taille minimale 16\u00d748\" src=\"http:\/\/www.labeljoy.com\/images\/barcodes\/datamatrix_symbol_size.png\" width=\"146\" height=\"50\" \/><figcaption class=\"wp-caption-text\">Avec symbole de taille minimale 16\u00d748<\/figcaption><\/figure>\n<\/div>\n<div class=\"column-clear\"><\/div>\n<div class=\"tt-notification tip\"><p style=\"font-size:12px;\">Concat\u00e9nation du texte:<br \/>\nLorsqu&rsquo;un <strong>\u00e9l\u00e9ment de code barre Data Matrix<\/strong> est g\u00e9n\u00e9r\u00e9 par concat\u00e9nation des champs ou des compteurs, les r\u00e8gles suivantes s&rsquo;appliquent:<\/p>\n<ul class=\"barcode-ul\">\n<li>Le contenu textuel doit se conformer \u00e0 l&rsquo;algorithme de codage s\u00e9lectionn\u00e9.<\/li>\n<li>La longueur du texte ne doit pas d\u00e9passer la capacit\u00e9 maximale.<\/li>\n<\/ul>\n<p>Quand une valeur ne respectant pas les r\u00e8gles ci-dessus est trouv\u00e9e, le code barre ne s&rsquo;affiche pas.<br \/>\n<\/p><\/div>\n<div class=\"tt-notification neutral\"><p style=\"font-size:12px;\"> Limitations:<br \/>\nLes symboles Data Matrix g\u00e9n\u00e9r\u00e9s avec Labeljoy ne supportent pas: Extended Channel Interpretation (ECI), le mode FNC1 et le mode Jonction de structure.<br \/>\n<\/p><\/div>\n<div class=\"hr hr-dotted\">&nbsp;<\/div>\n<div class=\"one_half\">\n<p style=\"text-align: center\"><a href=\"\/fr\/achat\/\" class=\"large blue tt-button\" target=\"_self\">Acheter le logiciel g\u00e9n\u00e9rateur du Datamatrix<\/a>\n<\/div>\n<div class=\"one_half\">\n<p style=\"text-align: center\"><a href=\"\/fr\/download-fr\/\" class=\"large green tt-button\" target=\"_self\">T\u00e9l\u00e9charger la version gratuite<\/a>\n<\/div>\n","protected":false},"excerpt":{"rendered":"<p>G\u00e9n\u00e9rateur Data Matrix Le Data Matrix est un code \u00e0 deux dimensions (2D) constitu\u00e9 de cellules organis\u00e9es en cellules noires et blanches (motif carr\u00e9 ou rectangulaire). L&rsquo;information encod\u00e9e peut \u00eatre du texte ou des donn\u00e9es brutes. La taille des donn\u00e9es va de quelques octets \u00e0 2 kilo-octets. Cela d\u00e9pend de la longueur de l&rsquo;information \u00e0 &#8230; <a title=\"Datamatrix\" class=\"read-more\" href=\"https:\/\/www.labeljoy.com\/fr\/assistance\/guide-codes-barres\/datamatrix-fr\/\" aria-label=\"En savoir plus sur Datamatrix\">Read more<\/a><\/p>\n","protected":false},"author":1,"featured_media":0,"parent":2784,"menu_order":0,"comment_status":"open","ping_status":"closed","template":"page-template-left-sidebar.php","meta":{"inline_featured_image":false,"_monsterinsights_skip_tracking":false,"_monsterinsights_sitenote_active":false,"_monsterinsights_sitenote_note":"","_monsterinsights_sitenote_category":0,"footnotes":""},"class_list":{"0":"post-16390","1":"page","2":"type-page","3":"status-publish","5":"infinite-scroll-item"},"aioseo_notices":[],"_links":{"self":[{"href":"https:\/\/www.labeljoy.com\/fr\/wp-json\/wp\/v2\/pages\/16390","targetHints":{"allow":["GET"]}}],"collection":[{"href":"https:\/\/www.labeljoy.com\/fr\/wp-json\/wp\/v2\/pages"}],"about":[{"href":"https:\/\/www.labeljoy.com\/fr\/wp-json\/wp\/v2\/types\/page"}],"author":[{"embeddable":true,"href":"https:\/\/www.labeljoy.com\/fr\/wp-json\/wp\/v2\/users\/1"}],"replies":[{"embeddable":true,"href":"https:\/\/www.labeljoy.com\/fr\/wp-json\/wp\/v2\/comments?post=16390"}],"version-history":[{"count":4,"href":"https:\/\/www.labeljoy.com\/fr\/wp-json\/wp\/v2\/pages\/16390\/revisions"}],"predecessor-version":[{"id":17963,"href":"https:\/\/www.labeljoy.com\/fr\/wp-json\/wp\/v2\/pages\/16390\/revisions\/17963"}],"up":[{"embeddable":true,"href":"https:\/\/www.labeljoy.com\/fr\/wp-json\/wp\/v2\/pages\/2784"}],"wp:attachment":[{"href":"https:\/\/www.labeljoy.com\/fr\/wp-json\/wp\/v2\/media?parent=16390"}],"curies":[{"name":"wp","href":"https:\/\/api.w.org\/{rel}","templated":true}]}}