{"id":16391,"date":"2013-05-22T13:53:18","date_gmt":"2013-05-22T13:53:18","guid":{"rendered":"http:\/\/www.labeljoy.com\/?page_id=16391"},"modified":"2020-12-28T15:09:52","modified_gmt":"2020-12-28T15:09:52","slug":"codabar-fr","status":"publish","type":"page","link":"https:\/\/www.labeljoy.com\/fr\/assistance\/guide-codes-barres\/codabar-fr\/","title":{"rendered":"Codabar"},"content":{"rendered":"<h1>G\u00e9n\u00e9rateur Codabar<\/h1>\n<p>D\u00e9couvrez comment il est facile de <strong>g\u00e9n\u00e9rer Codabar avec le logiciel d&rsquo;\u00e9tiquettes Labeljoy<\/strong>. Codabar est un code num\u00e9rique qui comprend \u00e9galement des caract\u00e8res sp\u00e9ciaux (- $: \/. +). <\/p>\n<p>Le texte encod\u00e9 doit \u00eatre d\u00e9limit\u00e9 par un d\u00e9but et par une fin, \u00eatre encadr\u00e9 par les lettres majuscules A, B, C ou D. Ces lettres ne peuvent \u00eatre utilis\u00e9es qu&rsquo;au d\u00e9but et \u00e0 la fin de l&rsquo;encodage. <em>Utilisez le g\u00e9n\u00e9rateur de Codabar pour imprimer des \u00e9tiquettes pour vos envois<\/em>.<\/p>\n<div class=\"tt-notification warning\"><p style=\"font-size:12px;\"><strong>Remarque<\/strong>: Les caract\u00e8res de d\u00e9but et de fin ne sont pas affich\u00e9s dans le texte lisible par l&rsquo;homme.<\/p><\/div>\n<figure style=\"width: 111px\" class=\"wp-caption alignleft\"><img decoding=\"async\" alt=\"Symbole Codabar\" src=\"http:\/\/www.labeljoy.com\/images\/barcodes\/codabar_symbol.png\" width=\"121\" height=\"121\" \/><figcaption class=\"wp-caption-text\">Symbole Codabar<\/figcaption><\/figure>\n<p>Labeljoy vous demande de saisir un texte de 255 caract\u00e8res <strong>pour g\u00e9n\u00e9rer le code barre codabar<\/strong>.<br \/>\nEntrez les chiffres dans la zone de texte.<\/p>\n<div class=\"column-clear\"><\/div>\n<figure style=\"width: 394px\" class=\"wp-caption aligncenter\"><img decoding=\"async\" alt=\"Codabar barcode\" src=\"http:\/\/www.labeljoy.com\/images\/barcodes\/codabar_barcode.png\" width=\"404\" height=\"122\" \/><figcaption class=\"wp-caption-text\">Encodage codabar des chiffres et des caract\u00e8res sp\u00e9ciaux<\/figcaption><\/figure>\n<h2>Code barre codabar<\/h2>\n<div class=\"tt-notification tip\"><p style=\"font-size:12px;\"> Concat\u00e9nation du texte:<br \/>\nLorsqu&rsquo;un \u00e9l\u00e9ment de code barre Codabar est g\u00e9n\u00e9r\u00e9 par concat\u00e9nation des champs ou des compteurs, les r\u00e8gles suivantes s&rsquo;appliquent:<\/p>\n<ul class=\"barcode-ul\">\n<li>Seuls les textes contenant des chiffres et des caract\u00e8res sp\u00e9ciaux autoris\u00e9s seront consid\u00e9r\u00e9s.<\/li>\n<li>Les textes doivent \u00eatre d\u00e9limit\u00e9s par un des quatre caract\u00e8res majuscules autoris\u00e9s. Par exemple, pour encoder 1234+5678, le champ doit contenir le texte suivant\u00a0: A1234+5678 B, o\u00f9 A et B sont respectivement les d\u00e9limiteurs du d\u00e9but et de la fin et ne seront pas affich\u00e9s.<\/li>\n<\/ul>\n<p>Quand une valeur ne respectant pas les r\u00e8gles ci-dessus est trouv\u00e9e, le code barre ne s&rsquo;affiche pas.<br \/>\n<\/p><\/div>\nLe texte lisible par l&rsquo;homme peut \u00e9galement \u00eatre affich\u00e9 au-dessus du symbole ou cach\u00e9 selon les param\u00e8tres sp\u00e9cifi\u00e9s dans la boite<\/p>\n<div class=\"one_half\">\n<figure style=\"width: 111px\" class=\"wp-caption aligncenter\"><img decoding=\"async\" alt=\"Codabar avec texte au-dessus du symbole\" src=\"http:\/\/www.labeljoy.com\/images\/barcodes\/codabar_text_above.png\" width=\"121\" height=\"121\" \/><figcaption class=\"wp-caption-text\">Codabar avec texte au-dessus du symbole<\/figcaption><\/figure>\n<\/div>\n<div class=\"one_half\">\n<figure style=\"width: 111px\" class=\"wp-caption aligncenter\"><img decoding=\"async\" alt=\"Codabar avec texte cach\u00e9\" src=\"http:\/\/www.labeljoy.com\/images\/barcodes\/codabar_hidden_text.png\" width=\"121\" height=\"124\" \/><figcaption class=\"wp-caption-text\">Codabar avec texte cach\u00e9<\/figcaption><\/figure>\n<\/div>\n<div class=\"hr hr-dotted\">&nbsp;<\/div>\n<div class=\"one_half\">\n<p style=\"text-align: center\"><a href=\"\/fr\/achat\/\" class=\"large blue tt-button\" target=\"_self\">Acheter le logiciel g\u00e9n\u00e9rateur du Codabar<\/a>\n<\/div>\n<div class=\"one_half\">\n<p style=\"text-align: center\"><a href=\"\/fr\/download-fr\/\" class=\"large green tt-button\" target=\"_self\">T\u00e9l\u00e9charger la version gratuite<\/a>\n<\/div>\n","protected":false},"excerpt":{"rendered":"<p>G\u00e9n\u00e9rateur Codabar D\u00e9couvrez comment il est facile de g\u00e9n\u00e9rer Codabar avec le logiciel d&rsquo;\u00e9tiquettes Labeljoy. Codabar est un code num\u00e9rique qui comprend \u00e9galement des caract\u00e8res sp\u00e9ciaux (- $: \/. +). Le texte encod\u00e9 doit \u00eatre d\u00e9limit\u00e9 par un d\u00e9but et par une fin, \u00eatre encadr\u00e9 par les lettres majuscules A, B, C ou D. Ces &#8230; <a title=\"Codabar\" class=\"read-more\" href=\"https:\/\/www.labeljoy.com\/fr\/assistance\/guide-codes-barres\/codabar-fr\/\" aria-label=\"En savoir plus sur Codabar\">Read more<\/a><\/p>\n","protected":false},"author":1,"featured_media":0,"parent":2784,"menu_order":0,"comment_status":"open","ping_status":"closed","template":"page-template-left-sidebar.php","meta":{"inline_featured_image":false,"_monsterinsights_skip_tracking":false,"_monsterinsights_sitenote_active":false,"_monsterinsights_sitenote_note":"","_monsterinsights_sitenote_category":0,"footnotes":""},"class_list":{"0":"post-16391","1":"page","2":"type-page","3":"status-publish","5":"infinite-scroll-item"},"aioseo_notices":[],"_links":{"self":[{"href":"https:\/\/www.labeljoy.com\/fr\/wp-json\/wp\/v2\/pages\/16391","targetHints":{"allow":["GET"]}}],"collection":[{"href":"https:\/\/www.labeljoy.com\/fr\/wp-json\/wp\/v2\/pages"}],"about":[{"href":"https:\/\/www.labeljoy.com\/fr\/wp-json\/wp\/v2\/types\/page"}],"author":[{"embeddable":true,"href":"https:\/\/www.labeljoy.com\/fr\/wp-json\/wp\/v2\/users\/1"}],"replies":[{"embeddable":true,"href":"https:\/\/www.labeljoy.com\/fr\/wp-json\/wp\/v2\/comments?post=16391"}],"version-history":[{"count":3,"href":"https:\/\/www.labeljoy.com\/fr\/wp-json\/wp\/v2\/pages\/16391\/revisions"}],"predecessor-version":[{"id":16457,"href":"https:\/\/www.labeljoy.com\/fr\/wp-json\/wp\/v2\/pages\/16391\/revisions\/16457"}],"up":[{"embeddable":true,"href":"https:\/\/www.labeljoy.com\/fr\/wp-json\/wp\/v2\/pages\/2784"}],"wp:attachment":[{"href":"https:\/\/www.labeljoy.com\/fr\/wp-json\/wp\/v2\/media?parent=16391"}],"curies":[{"name":"wp","href":"https:\/\/api.w.org\/{rel}","templated":true}]}}