{"id":16392,"date":"2013-05-22T13:52:48","date_gmt":"2013-05-22T13:52:48","guid":{"rendered":"http:\/\/www.labeljoy.com\/?page_id=16392"},"modified":"2020-12-28T15:15:56","modified_gmt":"2020-12-28T15:15:56","slug":"industrial-2-of-5-fr","status":"publish","type":"page","link":"https:\/\/www.labeljoy.com\/fr\/assistance\/guide-codes-barres\/industrial-2-of-5-fr\/","title":{"rendered":"Industrial 2 of 5"},"content":{"rendered":"<h1>Industrial 2 of 5<\/h1>\n<p>L&rsquo;Industrial 2 of 5 est tr\u00e8s similaire au code barre <a href=\"http:\/\/www.labeljoy.com\/fr\/assistance\/guide-codes-barres\/interleaved-2-of-5-fr\/\">interleaved 2 of 5<\/a>. Le rapport nominal d&rsquo;impression (rapport entre l&rsquo;\u00e9paisseur de la barre large et celle de la barre \u00e9troite) est de 3:1, mais peut aller de 2:1 \u00e0 3:1.<\/p>\n<figure style=\"width: 150px\" class=\"wp-caption alignleft\"><img decoding=\"async\" alt=\"Symbole Industrial 2 of 5\" src=\"http:\/\/www.labeljoy.com\/images\/barcodes\/industrial_2_of_5_barcode.png\" width=\"160\" height=\"121\" \/><figcaption class=\"wp-caption-text\">Symbole Industrial 2 of 5<\/figcaption><\/figure>\n<p>Labeljoy vous demande d&rsquo;entrer jusqu&rsquo;\u00e0 255 chiffres <strong>pour g\u00e9n\u00e9rer le code barre Industrial 2 of 5<\/strong>.<br \/>\nEntrez les chiffres dans la zone de texte.<br \/>\nT\u00e9l\u00e9chargez <a href=\"http:\/\/www.labeljoy.com\/fr\/modeles\/etiquettes-industrie-automobile\/\" title=\"Automobile\">des mod\u00e8les d&rsquo;\u00e9tiquettes industrielles<\/a> et commencez \u00e0 cr\u00e9er et \u00e0 imprimer vos propres \u00e9tiquettes de codes barres.<\/p>\n<div class=\"column-clear\"><\/div>\n<h2>Code barre 2 of 5<\/h2>\n<p>La liste d\u00e9roulante vous permet de sp\u00e9cifier comment les barres porteuses doivent \u00eatre imprim\u00e9es.<\/p>\n<div class=\"one_half\">\n<figure style=\"width: 182px\" class=\"wp-caption aligncenter\"><img decoding=\"async\" alt=\"Industrial 2 of 5 barre porteuse horizontale\" src=\"http:\/\/www.labeljoy.com\/images\/barcodes\/industrial_2_of_5_code_bars.png\" width=\"192\" height=\"121\" \/><figcaption class=\"wp-caption-text\">Industrial 2 of 5 avec barre porteuse horizontale uniquement<\/figcaption><\/figure>\n<\/div>\n<div class=\"one_half\">\n<figure style=\"width: 182px\" class=\"wp-caption aligncenter\"><img decoding=\"async\" alt=\"Industrial 2 of 5 barre porteuse compl\u00e8te\" src=\"http:\/\/www.labeljoy.com\/images\/barcodes\/industrial_2_of_5_bars.png\" width=\"192\" height=\"121\" \/><figcaption class=\"wp-caption-text\">Industrial 2 of 5 avec barre porteuse compl\u00e8te<\/figcaption><\/figure>\n<\/div>\n<div class=\"column-clear\"><\/div>\n<p><strong>Les codes barres Industrial 2 of 5 peuvent inclure un chiffre de contr\u00f4le optionnel<\/strong>. Le chiffre de contr\u00f4le peut \u00eatre encod\u00e9 dans le symbole et optionnellement \u00eatre aussi affich\u00e9 dans la zone de texte lisible par l&rsquo;homme.<br \/>\nD\u00e9finir les param\u00e8tres du chiffre de contr\u00f4le \u00e0 l&rsquo;aide de la liste d\u00e9roulante \u00ab\u00a0Somme de contr\u00f4le\u00a0\u00bb.<\/p>\n<div class=\"one_half\">\n<figure style=\"width: 193px\" class=\"wp-caption aligncenter\"><img decoding=\"async\" alt=\"Industrial 2 of 5 un chiffre de contr\u00f4le\" src=\"http:\/\/www.labeljoy.com\/images\/barcodes\/industrial_2_of_5_check.png\" width=\"203\" height=\"121\" \/><figcaption class=\"wp-caption-text\">Industrial 2 of 5 avec un chiffre de contr\u00f4le affich\u00e9 dans la zone de texte<\/figcaption><\/figure>\n<\/div>\n<div class=\"one_half\">\n<figure style=\"width: 193px\" class=\"wp-caption aligncenter\"><img decoding=\"async\" alt=\"Industrial 2 of 5 chiffre de contr\u00f4le non affich\u00e9\" src=\"http:\/\/www.labeljoy.com\/images\/barcodes\/industrial_2_of_5_no_check.png\" width=\"203\" height=\"121\" \/><figcaption class=\"wp-caption-text\">Industrial 2 of 5 avec un chiffre de contr\u00f4le non affich\u00e9 dans la zone de texte<\/figcaption><\/figure>\n<\/div>\n<div class=\"tt-notification tip\"><p style=\"font-size:12px;\">Concat\u00e9nation du texte:<br \/>\nLorsqu&rsquo;un \u00e9l\u00e9ment du code barre Industrial 2 of 5 est g\u00e9n\u00e9r\u00e9 par concat\u00e9nation des champs ou des compteurs, la r\u00e8gle suivante s&rsquo;applique<\/p>\n<ul class=\"barcode-ul\">\n<li>Seuls les textes contenant des chiffres seront consid\u00e9r\u00e9s.<\/li>\n<\/ul>\n<p>Quand une valeur ne respectant pas la r\u00e8gle ci-dessus est trouv\u00e9e, le code barre ne s&rsquo;affiche pas.<br \/>\n<\/p><\/div>\n<p>Le texte lisible par l&rsquo;homme peut \u00e9galement \u00eatre affich\u00e9 au-dessus du symbole ou cach\u00e9 selon les param\u00e8tres sp\u00e9cifi\u00e9s dans la boite.<\/p>\n<div class=\"one_half\">\n<figure style=\"width: 150px\" class=\"wp-caption aligncenter\"><img decoding=\"async\" alt=\"Industrial 2 of 5 texte au-dessus\" src=\"http:\/\/www.labeljoy.com\/images\/barcodes\/industrial_2_of_5_text_above.png\" width=\"160\" height=\"121\" \/><figcaption class=\"wp-caption-text\">Industrial 2 of 5 avec texte au-dessus du symbole<\/figcaption><\/figure>\n<\/div>\n<div class=\"one_half\">\n<figure style=\"width: 150px\" class=\"wp-caption aligncenter\"><img decoding=\"async\" alt=\"Industrial 2 of 5 texte cach\u00e9\" src=\"http:\/\/www.labeljoy.com\/images\/barcodes\/industrial_2_of_5_hidden_text.png\" width=\"160\" height=\"124\" \/><figcaption class=\"wp-caption-text\">Industrial 2 of 5 avec texte cach\u00e9<\/figcaption><\/figure>\n<\/div>\n<div class=\"hr hr-dotted\">&nbsp;<\/div>\n<div class=\"one_half\">\n<p style=\"text-align: center\"><a href=\"\/fr\/achat\/\" class=\"large blue tt-button\" target=\"_self\">Acheter le logiciel g\u00e9n\u00e9rateur du Industrial 2 of 5<\/a>\n<\/div>\n<div class=\"one_half\">\n<p style=\"text-align: center\"><a href=\"\/fr\/download-fr\/\" class=\"large green tt-button\" target=\"_self\">T\u00e9l\u00e9charger la version gratuite<\/a>\n<\/div>\n","protected":false},"excerpt":{"rendered":"<p>Industrial 2 of 5 L&rsquo;Industrial 2 of 5 est tr\u00e8s similaire au code barre interleaved 2 of 5. Le rapport nominal d&rsquo;impression (rapport entre l&rsquo;\u00e9paisseur de la barre large et celle de la barre \u00e9troite) est de 3:1, mais peut aller de 2:1 \u00e0 3:1. Labeljoy vous demande d&rsquo;entrer jusqu&rsquo;\u00e0 255 chiffres pour g\u00e9n\u00e9rer le &#8230; <a title=\"Industrial 2 of 5\" class=\"read-more\" href=\"https:\/\/www.labeljoy.com\/fr\/assistance\/guide-codes-barres\/industrial-2-of-5-fr\/\" aria-label=\"En savoir plus sur Industrial 2 of 5\">Read more<\/a><\/p>\n","protected":false},"author":1,"featured_media":0,"parent":2784,"menu_order":0,"comment_status":"open","ping_status":"closed","template":"page-template-left-sidebar.php","meta":{"inline_featured_image":false,"_monsterinsights_skip_tracking":false,"_monsterinsights_sitenote_active":false,"_monsterinsights_sitenote_note":"","_monsterinsights_sitenote_category":0,"footnotes":""},"class_list":{"0":"post-16392","1":"page","2":"type-page","3":"status-publish","5":"infinite-scroll-item"},"aioseo_notices":[],"_links":{"self":[{"href":"https:\/\/www.labeljoy.com\/fr\/wp-json\/wp\/v2\/pages\/16392","targetHints":{"allow":["GET"]}}],"collection":[{"href":"https:\/\/www.labeljoy.com\/fr\/wp-json\/wp\/v2\/pages"}],"about":[{"href":"https:\/\/www.labeljoy.com\/fr\/wp-json\/wp\/v2\/types\/page"}],"author":[{"embeddable":true,"href":"https:\/\/www.labeljoy.com\/fr\/wp-json\/wp\/v2\/users\/1"}],"replies":[{"embeddable":true,"href":"https:\/\/www.labeljoy.com\/fr\/wp-json\/wp\/v2\/comments?post=16392"}],"version-history":[{"count":3,"href":"https:\/\/www.labeljoy.com\/fr\/wp-json\/wp\/v2\/pages\/16392\/revisions"}],"predecessor-version":[{"id":16455,"href":"https:\/\/www.labeljoy.com\/fr\/wp-json\/wp\/v2\/pages\/16392\/revisions\/16455"}],"up":[{"embeddable":true,"href":"https:\/\/www.labeljoy.com\/fr\/wp-json\/wp\/v2\/pages\/2784"}],"wp:attachment":[{"href":"https:\/\/www.labeljoy.com\/fr\/wp-json\/wp\/v2\/media?parent=16392"}],"curies":[{"name":"wp","href":"https:\/\/api.w.org\/{rel}","templated":true}]}}