{"id":16393,"date":"2013-05-22T13:52:07","date_gmt":"2013-05-22T13:52:07","guid":{"rendered":"http:\/\/www.labeljoy.com\/?page_id=16393"},"modified":"2020-12-28T15:11:26","modified_gmt":"2020-12-28T15:11:26","slug":"interleaved-2-of-5-fr","status":"publish","type":"page","link":"https:\/\/www.labeljoy.com\/fr\/assistance\/guide-codes-barres\/interleaved-2-of-5-fr\/","title":{"rendered":"Interleaved 2 of 5"},"content":{"rendered":"<h1>G\u00e9n\u00e9rateur Interleaved 2 of 5<\/h1>\n<p>Le logiciel g\u00e9n\u00e9rateur de codes barres Labeljoy <strong>permet de g\u00e9n\u00e9rer le code \u00e0 barres Interleaved 2 of 5<\/strong> en important des donn\u00e9es \u00e0 partir de bases de donn\u00e9es externes. L&rsquo;Interleaved 2 of 5 est un code num\u00e9rique tr\u00e8s simple. Il ne comprend pas de chiffre de contr\u00f4le, gr\u00e2ce \u00e0 son auto-test. C&rsquo;est un code cr\u00e9\u00e9 il y a de nombreuses ann\u00e9es et actuellement peu r\u00e9pandu. Il s&rsquo;av\u00e8re \u00eatre tr\u00e8s compact et, par cons\u00e9quent, utile pour \u00eatre appliqu\u00e9 sur de petites surfaces.<br \/>\n<figure style=\"width: 95px\" class=\"wp-caption alignleft\"><img decoding=\"async\" alt=\"Interleaved 2 of 5 Symbole\" src=\"http:\/\/www.labeljoy.com\/images\/barcodes\/interleaved_2_of_5_barcode.png\" width=\"105\" height=\"121\" \/><figcaption class=\"wp-caption-text\">Symbole Interleaved 2 of 5<\/figcaption><\/figure>\n<h2>G\u00e9n\u00e8re un code barre Interleaved 2 of 5<\/h2>\n<p>Pour <strong>g\u00e9n\u00e9rer le code barre Interleaved 2 of 5<\/strong>, Labeljoy vous demande d&rsquo;entrer jusqu&rsquo;\u00e0 255 chiffres.<br \/>\nEntrez les chiffres dans la zone de texte et cliquez sur OK pour cr\u00e9er le code entrelac\u00e9.<br \/>\nPour plus de d\u00e9tails, voir la vid\u00e9o qui explique <a href=\"http:\/\/www.labeljoy.com\/fr\/video-assistance\/generer-codes-barres-qrcodes\/\" title=\"G\u00e9n\u00e9rez des codes-barres et Codes QR\">comment g\u00e9n\u00e9rer les codes barres<\/a>. <\/p>\n<div class=\"column-clear\"><\/div>\n<h3>Barre porteuse sur l&rsquo;Interleaved 2 of 5<\/h2>\n<p>La liste d\u00e9roulante vous permet de sp\u00e9cifier comment les barres porteuses doivent \u00eatre imprim\u00e9es.<\/p>\n<div class=\"one_half\">\n<figure style=\"width: 128px\" class=\"wp-caption aligncenter\"><img decoding=\"async\" alt=\"Interleaved 2 of 5 barre porteuse horizontale\" src=\"http:\/\/www.labeljoy.com\/images\/barcodes\/interleaved_2_of_5_o_bars.png\" width=\"138\" height=\"121\" \/><figcaption class=\"wp-caption-text\">Interleaved 2 of 5 avec barre porteuse horizontale uniquement<\/figcaption><\/figure>\n<\/div>\n<div class=\"one_half\">\n<figure style=\"width: 128px\" class=\"wp-caption aligncenter\"><img decoding=\"async\" alt=\"Interleaved 2 of 5 barre porteuse compl\u00e8te\" src=\"http:\/\/www.labeljoy.com\/images\/barcodes\/interleaved_2_of_5_bars.png\" width=\"138\" height=\"121\" \/><figcaption class=\"wp-caption-text\">Interleaved 2 of 5 avec barre porteuse compl\u00e8te<\/figcaption><\/figure>\n<\/div>\n<div class=\"column-clear\"><\/div>\n<p><strong>Les codes barres 2 of 5 peuvent inclure un chiffre de contr\u00f4le optionnel<\/strong>. Le chiffre de contr\u00f4le peut \u00eatre encod\u00e9 dans le symbole et optionnellement \u00eatre aussi affich\u00e9 dans la zone de texte lisible par l&rsquo;homme.<br \/>\nD\u00e9finir les param\u00e8tres du chiffre de contr\u00f4le \u00e0 l&rsquo;aide de la liste d\u00e9roulante \u00ab\u00a0Somme de contr\u00f4le\u00a0\u00bb.<\/p>\n<div class=\"one_half\">\n<figure style=\"width: 126px\" class=\"wp-caption aligncenter\"><img decoding=\"async\" alt=\"Interleaved 2 of 5 chiffre de contr\u00f4le affich\u00e9\" src=\"http:\/\/www.labeljoy.com\/images\/barcodes\/interleaved_2_of_5_check.png\" width=\"136\" height=\"121\" \/><figcaption class=\"wp-caption-text\">Interleaved 2 of 5 avec un chiffre de contr\u00f4le affich\u00e9 dans la zone de texte<\/figcaption><\/figure>\n<\/div>\n<div class=\"one_half\">\n<figure style=\"width: 126px\" class=\"wp-caption aligncenter\"><img decoding=\"async\" alt=\"Interleaved 2 of 5 chiffre de contr\u00f4le non affich\u00e9\" src=\"http:\/\/www.labeljoy.com\/images\/barcodes\/interleaved_2_of_5_nocheck.png\" width=\"136\" height=\"121\" \/><figcaption class=\"wp-caption-text\">Interleaved 2 of 5 avec un chiffre de contr\u00f4le non affich\u00e9 dans la zone de texte<\/figcaption><\/figure>\n<\/div>\n<div class=\"tt-notification tip\"><p style=\"font-size:12px;\">Concat\u00e9nation du texte:<br \/>\nLorsqu&rsquo;un \u00e9l\u00e9ment du code barre Interleaved 2 of 5 est g\u00e9n\u00e9r\u00e9 par concat\u00e9nation des champs ou des compteurs, la r\u00e8gle suivante s&rsquo;applique:<\/p>\n<ul class=\"barcode-ul\">\n<li>Seuls les textes contenant des chiffres seront consid\u00e9r\u00e9s.<\/li>\n<\/ul>\n<p>Quand une valeur ne respectant pas la r\u00e8gle ci-dessus est trouv\u00e9e, le code barre ne s&rsquo;affiche pas.<br \/>\n<\/p><\/div>\n<p>Le texte lisible par l&rsquo;homme peut \u00e9galement \u00eatre affich\u00e9 au-dessus du symbole ou cach\u00e9 selon les param\u00e8tres sp\u00e9cifi\u00e9s dans la boite textuelle.<\/p>\n<div class=\"one_half\">\n<figure style=\"width: 95px\" class=\"wp-caption aligncenter\"><img decoding=\"async\" alt=\"Interleaved 2 of 5 texte au-dessus\" src=\"http:\/\/www.labeljoy.com\/images\/barcodes\/interleaved_2of5_text_above.png\" width=\"105\" height=\"121\" \/><figcaption class=\"wp-caption-text\">Interleaved 2 of 5 avec texte au-dessus du symbole<\/figcaption><\/figure>\n<\/div>\n<div class=\"one_half\">\n<figure style=\"width: 95px\" class=\"wp-caption aligncenter\"><img decoding=\"async\" alt=\"Interleaved 2 of 5 texte cach\u00e9\" src=\"http:\/\/www.labeljoy.com\/images\/barcodes\/interleaved_2of5_hidden_text.png\" width=\"105\" height=\"124\" \/><figcaption class=\"wp-caption-text\">Interleaved 2 of 5 avec texte cach\u00e9<\/figcaption><\/figure>\n<\/div>\n<div class=\"hr hr-dotted\">&nbsp;<\/div>\n<div class=\"one_half\">\n<p style=\"text-align: center\"><a href=\"\/fr\/achat\/\" class=\"large blue tt-button\" target=\"_self\">Acheter le logiciel g\u00e9n\u00e9rateur du Interleaved 2 of 5<\/a>\n<\/div>\n<div class=\"one_half\">\n<p style=\"text-align: center\"><a href=\"\/fr\/download-fr\/\" class=\"large green tt-button\" target=\"_self\">T\u00e9l\u00e9charger la version gratuite<\/a>\n<\/div>\n","protected":false},"excerpt":{"rendered":"<p>G\u00e9n\u00e9rateur Interleaved 2 of 5 Le logiciel g\u00e9n\u00e9rateur de codes barres Labeljoy permet de g\u00e9n\u00e9rer le code \u00e0 barres Interleaved 2 of 5 en important des donn\u00e9es \u00e0 partir de bases de donn\u00e9es externes. L&rsquo;Interleaved 2 of 5 est un code num\u00e9rique tr\u00e8s simple. Il ne comprend pas de chiffre de contr\u00f4le, gr\u00e2ce \u00e0 son &#8230; <a title=\"Interleaved 2 of 5\" class=\"read-more\" href=\"https:\/\/www.labeljoy.com\/fr\/assistance\/guide-codes-barres\/interleaved-2-of-5-fr\/\" aria-label=\"En savoir plus sur Interleaved 2 of 5\">Read more<\/a><\/p>\n","protected":false},"author":1,"featured_media":0,"parent":2784,"menu_order":0,"comment_status":"open","ping_status":"closed","template":"page-template-left-sidebar.php","meta":{"inline_featured_image":false,"_monsterinsights_skip_tracking":false,"_monsterinsights_sitenote_active":false,"_monsterinsights_sitenote_note":"","_monsterinsights_sitenote_category":0,"footnotes":""},"class_list":{"0":"post-16393","1":"page","2":"type-page","3":"status-publish","5":"infinite-scroll-item"},"aioseo_notices":[],"_links":{"self":[{"href":"https:\/\/www.labeljoy.com\/fr\/wp-json\/wp\/v2\/pages\/16393","targetHints":{"allow":["GET"]}}],"collection":[{"href":"https:\/\/www.labeljoy.com\/fr\/wp-json\/wp\/v2\/pages"}],"about":[{"href":"https:\/\/www.labeljoy.com\/fr\/wp-json\/wp\/v2\/types\/page"}],"author":[{"embeddable":true,"href":"https:\/\/www.labeljoy.com\/fr\/wp-json\/wp\/v2\/users\/1"}],"replies":[{"embeddable":true,"href":"https:\/\/www.labeljoy.com\/fr\/wp-json\/wp\/v2\/comments?post=16393"}],"version-history":[{"count":4,"href":"https:\/\/www.labeljoy.com\/fr\/wp-json\/wp\/v2\/pages\/16393\/revisions"}],"predecessor-version":[{"id":16453,"href":"https:\/\/www.labeljoy.com\/fr\/wp-json\/wp\/v2\/pages\/16393\/revisions\/16453"}],"up":[{"embeddable":true,"href":"https:\/\/www.labeljoy.com\/fr\/wp-json\/wp\/v2\/pages\/2784"}],"wp:attachment":[{"href":"https:\/\/www.labeljoy.com\/fr\/wp-json\/wp\/v2\/media?parent=16393"}],"curies":[{"name":"wp","href":"https:\/\/api.w.org\/{rel}","templated":true}]}}