{"id":16394,"date":"2013-05-22T13:51:22","date_gmt":"2013-05-22T13:51:22","guid":{"rendered":"http:\/\/www.labeljoy.com\/?page_id=16394"},"modified":"2020-12-28T14:45:34","modified_gmt":"2020-12-28T14:45:34","slug":"code-11-fr","status":"publish","type":"page","link":"https:\/\/www.labeljoy.com\/fr\/assistance\/guide-codes-barres\/code-11-fr\/","title":{"rendered":"Code 11"},"content":{"rendered":"<h1>G\u00e9n\u00e9rateur de Code 11<\/h1>\n<p>Code 11 est une symbologie de codes barres utilis\u00e9e principalement dans les t\u00e9l\u00e9communications. Il a \u00e9t\u00e9 d\u00e9velopp\u00e9 par Intermec en 1977. Le symbole peut coder une cha\u00eene de n&rsquo;importe quelle longueur (mais Labeljoy la limite \u00e0 255 caract\u00e8res) constitu\u00e9e par les chiffres 0-9 et le tiret (-). Un ou deux chiffres de contr\u00f4le peuvent \u00eatre inclus.<\/p>\n<h2>Comment g\u00e9n\u00e9rer un code barre Code 11<\/h2>\n<figure style=\"width: 140px\" class=\"wp-caption alignleft\"><img decoding=\"async\" alt=\"Code 11 Barcode\" src=\"http:\/\/www.labeljoy.com\/images\/barcodes\/code11_barcode.png\" width=\"150\" height=\"121\" \/><figcaption class=\"wp-caption-text\">Symbole code 11<\/figcaption><\/figure>\n<p>Labeljoy vous demande d&rsquo;entrer un texte dan la zone de texte comportant jusqu&rsquo;\u00e0 255 caract\u00e8res<\/p>\n<p><strong>Code 11 n\u00e9cessite 1 ou 2 chiffres de contr\u00f4le<\/strong>. La zone de liste d\u00e9roulante \u00ab\u00a0Somme de contr\u00f4le\u00a0\u00bb vous permet de d\u00e9finir le nombre de chiffres de contr\u00f4le qui devront \u00eatre ajout\u00e9s \u00e0 la fin. La s\u00e9lection (Auto) va ajouter 1 chiffre de contr\u00f4le \u00e0 des textes comportant jusqu&rsquo;\u00e0 10 chiffres et 2 pour des textes plus longs, tandis que les s\u00e9lections 1 et 2 vont forcer 1 et 2 chiffres de contr\u00f4le respectivement, ind\u00e9pendamment de la longueur du texte.<\/p>\n<div class=\"column-clear\"><\/div>\n<div class=\"tt-notification warning\"><p style=\"font-size:12px;\"> Remarque: les chiffres de contr\u00f4le ne sont ajout\u00e9s qu&rsquo;au symbole du code barre. Ils ne sont pas ajout\u00e9s au texte lisible par l&rsquo;homme.<\/p><\/div>\n<div class=\"one_half\">\n<figure style=\"width: 154px\" class=\"wp-caption aligncenter\"><img decoding=\"async\" alt=\"Code 11 - 2 chiffres de contr\u00f4le\" src=\"http:\/\/www.labeljoy.com\/images\/barcodes\/code11_check_1.png\" width=\"164\" height=\"121\" \/><figcaption class=\"wp-caption-text\">Code 11 \u00e0 9 caract\u00e8res avec 2 chiffres de contr\u00f4le<\/figcaption><\/figure>\n<\/div>\n<div class=\"one_half\">\n<figure style=\"width: 264px\" class=\"wp-caption aligncenter\"><img decoding=\"async\" alt=\"Code 11 - 1 chiffres de contr\u00f4le\" src=\"http:\/\/www.labeljoy.com\/images\/barcodes\/code11_check_2.png\" width=\"274\" height=\"121\" \/><figcaption class=\"wp-caption-text\">Code 11 \u00e0 9 caract\u00e8res avec 1 chiffres de contr\u00f4le<\/figcaption><\/figure>\n<\/div>\n<div class=\"tt-notification tip\"><p style=\"font-size:12px;\">Concat\u00e9nation du texte:<br \/>\nLorsqu&rsquo;un <strong>\u00e9l\u00e9ment de code barre Code 11 est g\u00e9n\u00e9r\u00e9<\/strong> par concat\u00e9nation des champs ou des compteurs, les r\u00e8gles suivantes s&rsquo;appliquent:<\/p>\n<ul class=\"barcode-ul\">\n<li>Le texte ne peut contenir que des chiffres et le tiret (-).<\/li>\n<li>La longueur du code ne doit pas d\u00e9passer 255 caract\u00e8res, y compris le tiret.<\/li>\n<\/ul>\n<p>Quand une valeur ne respectant pas la r\u00e8gle ci-dessus est trouv\u00e9e, le code barre ne s&rsquo;affiche pas.<br \/>\n<\/p><\/div>\n<p>Le texte lisible par l&rsquo;homme peut \u00e9galement \u00eatre affich\u00e9 au-dessus du symbole ou cach\u00e9 selon les param\u00e8tres sp\u00e9cifi\u00e9s dans la boite.<\/p>\n<div class=\"one_half\">\n<figure style=\"width: 140px\" class=\"wp-caption aligncenter\"><img decoding=\"async\" alt=\"Code 11 avec texte au-dessus du symbole\" src=\"http:\/\/www.labeljoy.com\/images\/barcodes\/code11_text_above.png\" width=\"150\" height=\"121\" \/><figcaption class=\"wp-caption-text\">Code 11 avec texte au-dessus du symbole<\/figcaption><\/figure>\n<\/div>\n<div class=\"one_half\">\n<figure style=\"width: 140px\" class=\"wp-caption aligncenter\"><img decoding=\"async\" alt=\"Code 11 avec texte cach\u00e9\" src=\"http:\/\/www.labeljoy.com\/images\/barcodes\/code11_hidden_text.png\" width=\"150\" height=\"124\" \/><figcaption class=\"wp-caption-text\">Code 11 avec texte cach\u00e9<\/figcaption><\/figure>\n<\/div>\n<div class=\"hr hr-dotted\">&nbsp;<\/div>\n<div class=\"one_half\">\n<p style=\"text-align: center\"><a href=\"\/fr\/achat\/\" class=\"large blue tt-button\" target=\"_self\">Acheter le logiciel g\u00e9n\u00e9rateur du code 11<\/a>\n<\/div>\n<div class=\"one_half\">\n<p style=\"text-align: center\"><a href=\"\/fr\/download-fr\/\" class=\"large green tt-button\" target=\"_self\">T\u00e9l\u00e9charger la version gratuite<\/a>\n<\/div>\n","protected":false},"excerpt":{"rendered":"<p>G\u00e9n\u00e9rateur de Code 11 Code 11 est une symbologie de codes barres utilis\u00e9e principalement dans les t\u00e9l\u00e9communications. Il a \u00e9t\u00e9 d\u00e9velopp\u00e9 par Intermec en 1977. Le symbole peut coder une cha\u00eene de n&rsquo;importe quelle longueur (mais Labeljoy la limite \u00e0 255 caract\u00e8res) constitu\u00e9e par les chiffres 0-9 et le tiret (-). Un ou deux chiffres &#8230; <a title=\"Code 11\" class=\"read-more\" href=\"https:\/\/www.labeljoy.com\/fr\/assistance\/guide-codes-barres\/code-11-fr\/\" aria-label=\"En savoir plus sur Code 11\">Read more<\/a><\/p>\n","protected":false},"author":1,"featured_media":0,"parent":2784,"menu_order":0,"comment_status":"open","ping_status":"closed","template":"page-template-left-sidebar.php","meta":{"inline_featured_image":false,"_monsterinsights_skip_tracking":false,"_monsterinsights_sitenote_active":false,"_monsterinsights_sitenote_note":"","_monsterinsights_sitenote_category":0,"footnotes":""},"class_list":{"0":"post-16394","1":"page","2":"type-page","3":"status-publish","5":"infinite-scroll-item"},"aioseo_notices":[],"_links":{"self":[{"href":"https:\/\/www.labeljoy.com\/fr\/wp-json\/wp\/v2\/pages\/16394","targetHints":{"allow":["GET"]}}],"collection":[{"href":"https:\/\/www.labeljoy.com\/fr\/wp-json\/wp\/v2\/pages"}],"about":[{"href":"https:\/\/www.labeljoy.com\/fr\/wp-json\/wp\/v2\/types\/page"}],"author":[{"embeddable":true,"href":"https:\/\/www.labeljoy.com\/fr\/wp-json\/wp\/v2\/users\/1"}],"replies":[{"embeddable":true,"href":"https:\/\/www.labeljoy.com\/fr\/wp-json\/wp\/v2\/comments?post=16394"}],"version-history":[{"count":2,"href":"https:\/\/www.labeljoy.com\/fr\/wp-json\/wp\/v2\/pages\/16394\/revisions"}],"predecessor-version":[{"id":16450,"href":"https:\/\/www.labeljoy.com\/fr\/wp-json\/wp\/v2\/pages\/16394\/revisions\/16450"}],"up":[{"embeddable":true,"href":"https:\/\/www.labeljoy.com\/fr\/wp-json\/wp\/v2\/pages\/2784"}],"wp:attachment":[{"href":"https:\/\/www.labeljoy.com\/fr\/wp-json\/wp\/v2\/media?parent=16394"}],"curies":[{"name":"wp","href":"https:\/\/api.w.org\/{rel}","templated":true}]}}