{"id":16395,"date":"2013-05-22T13:50:48","date_gmt":"2013-05-22T13:50:48","guid":{"rendered":"http:\/\/www.labeljoy.com\/?page_id=16395"},"modified":"2020-12-28T14:47:13","modified_gmt":"2020-12-28T14:47:13","slug":"upc-code-fr","status":"publish","type":"page","link":"https:\/\/www.labeljoy.com\/fr\/assistance\/guide-codes-barres\/upc-code-fr\/","title":{"rendered":"UPC code"},"content":{"rendered":"<h1>G\u00e9n\u00e9rateur de code UPC<\/h1>\n<h2>Qu&rsquo;est-ce qu&rsquo;un code upc?<\/h2>\n<p>L&rsquo;UPC (\u00ab\u00a0Universal Product Code\u00a0\u00bb) est une symbologie de codes barres largement utilis\u00e9 en Am\u00e9rique du Nord, au Royaume-Uni, en Australie et en Nouvelle-Z\u00e9lande. Le code barre est compos\u00e9 de 12 chiffres et est similaire \u00e0 l&rsquo;EAN 13. Sa fonction principale est de permettre le suivi des articles de commerce dans les magasins.<br \/>\nLa structure du code est la suivante:<\/p>\n<ul>\n<li>Le premier chiffre est un code variable d\u00e9pendant de l&rsquo;utilisation et du type de produit, en fonction d&rsquo;une table de valeurs.<\/li>\n<li>Les 5 chiffres suivants sont destin\u00e9s \u00e0 identifier le fabricant des produits.<\/li>\n<li>Les 5 autres chiffres identifient les produits ou les marchandises du m\u00eame fabricant.<\/li>\n<li>Le dernier chiffre est le chiffre de contr\u00f4le calcul\u00e9 automatiquement par le logiciel g\u00e9n\u00e9rateur de code UPC.<\/li>\n<\/ul>\n<h2>Comment g\u00e9n\u00e9rer un code UPC<\/h2>\n<figure style=\"width: 161px\" class=\"wp-caption alignleft\"><img decoding=\"async\" alt=\"Symbole UPC-A barcode\" src=\"http:\/\/www.labeljoy.com\/images\/barcodes\/upc_a_code.png\" width=\"171\" height=\"123\" \/><figcaption class=\"wp-caption-text\">Symbole UPC-A<\/figcaption><\/figure>\n<p>Pour <strong>g\u00e9n\u00e9rer le code barre UPC<\/strong>, Labeljoy vous demande de saisir 11 chiffres.<br \/>\nEntrez les 11 chiffres dans la zone de texte.<br \/>\nLe 12e chiffre (ou chiffre de contr\u00f4le) est calcul\u00e9 automatiquement.<\/p>\n<div class=\"column-clear\"><\/div>\n<p>&nbsp;<br \/>\nAvec Labeljoy, vous pouvez cr\u00e9er et imprimer des <a href=\"http:\/\/www.labeljoy.com\/fr\/modeles\/etiquettes-prix-code-barres\/\" title=\"Code-barres Prix\">\u00e9tiquettes de codes barres<\/a> personnalis\u00e9es et <a href=\"http:\/\/www.labeljoy.com\/fr\/modeles\/etiquettes-produits\/\" title=\"Produits\">produire des \u00e9tiquettes avec un code UPC<\/a>.<\/p>\n<figure style=\"width: 90px\" class=\"wp-caption alignleft\"><img decoding=\"async\" alt=\"UPC-E barcode\" src=\"http:\/\/www.labeljoy.com\/images\/barcodes\/upc_e_code.png\" width=\"100\" height=\"123\" \/><figcaption class=\"wp-caption-text\">Symbole UPC-E<\/figcaption><\/figure>\n<p>Pur <strong>permettre l&rsquo;utilisation des codes barres UPC<\/strong> sur des emballages plus petits o\u00f9 un code barre complet \u00e0 12 chiffres peut ne pas rentrer, une version \u00ab\u00a0z\u00e9ro-compression\u00a0\u00bb de l&rsquo;UPC a \u00e9t\u00e9 d\u00e9velopp\u00e9e et appel\u00e9e UPC-E.<\/p>\n<p>Cochez la case \u00ab\u00a0<strong>Utiliser UPC-E si possible<\/strong>\u00a0\u00bb pour indiquer \u00e0 Labeljoy d&rsquo;essayer d&rsquo;appliquer l&rsquo;algorithme de compression.<br \/>\nLe symbole sera ensuite automatiquement converti \u00e0 la version plus petite UPC-E si la combinaison de chiffres le permet.<\/p>\n<div class=\"tt-notification tip\"><p style=\"font-size:12px;\">Concat\u00e9nation du texte:<br \/>\nLorsqu&rsquo;un <strong>\u00e9l\u00e9ment de code barre UPC-A<\/strong> est g\u00e9n\u00e9r\u00e9 par concat\u00e9nation des champs ou des compteurs, les r\u00e8gles suivantes s&rsquo;appliquent:<\/p>\n<ul class=\"barcode-ul\">\n<li>Pour le code barre principal, seuls les 11 premiers chiffres trouv\u00e9s seront consid\u00e9r\u00e9s.<\/li>\n<li>Pour le compl\u00e9ment, un tiret (-) s\u00e9parateur est n\u00e9cessaire, suivi de 2 ou 5 chiffres.<\/li>\n<\/ul>\n<p>Quand une valeur ne respectant pas la r\u00e8gle ci-dessus est trouv\u00e9e, le code barre ne s&rsquo;affiche pas.<br \/>\n<\/p><\/div>\n<h3>Codes barres UPC pour vos produits<\/h3>\n<p><strong>Les symboles UPC-A<\/strong> peuvent n\u00e9cessiter de voir les chiffres lisibles par l&rsquo;homme. Utilisez la liste d\u00e9roulante du style de texte pour sp\u00e9cifier d&rsquo;autres fa\u00e7ons d&rsquo;afficher le texte:<br \/>\n<div class=\"one_half\">\n<figure style=\"width: 161px\" class=\"wp-caption aligncenter\"><img decoding=\"async\" alt=\"UPC-A avec application du style de texte 5-5-2\" src=\"http:\/\/www.labeljoy.com\/images\/barcodes\/upc_a_symbol1.png\" width=\"171\" height=\"131\" \/><figcaption class=\"wp-caption-text\">UPC-A avec application du style de texte 5-5-2<\/figcaption><\/figure>\n<\/div>\n<div class=\"one_half\">\n<figure style=\"width: 161px\" class=\"wp-caption aligncenter\"><img decoding=\"async\" alt=\"UPC-A avec application du style de texte 5-4-3\" src=\"http:\/\/www.labeljoy.com\/images\/barcodes\/upc_barcode.png\" width=\"171\" height=\"131\" \/><figcaption class=\"wp-caption-text\">UPC-A avec application du style de texte 5-4-3<\/figcaption><\/figure>\n<\/div>\n<p><strong>Les codes \u00e0 barres UPC-A et UPC-E peuvent \u00e9galement coder 2 ou 5 chiffres suppl\u00e9mentaires<\/strong>. Entrez les chiffres suppl\u00e9mentaires dans la zone de texte de droite:<\/p>\n<div class=\"one_half\">\n<figure style=\"width: 204px\" class=\"wp-caption aligncenter\"><img decoding=\"async\" alt=\"UPC-A 2 chiffres suppl\u00e9mentaires\" src=\"http:\/\/www.labeljoy.com\/images\/barcodes\/upc_code.png\" width=\"214\" height=\"123\" \/><figcaption class=\"wp-caption-text\">UPC-A avec 2 chiffres suppl\u00e9mentaires<\/figcaption><\/figure>\n<\/div>\n<div class=\"one_half\">\n<figure style=\"width: 174px\" class=\"wp-caption aligncenter\"><img decoding=\"async\" alt=\"UPC-A 5 chiffres suppl\u00e9mentaires\" src=\"http:\/\/www.labeljoy.com\/images\/barcodes\/upc_digit.png\" width=\"184\" height=\"123\" \/><figcaption class=\"wp-caption-text\">UPC-A avec 5 chiffres suppl\u00e9mentaires<\/figcaption><\/figure>\n<\/div>\n<p>Le texte lisible par l&rsquo;homme peut \u00e9galement \u00eatre affich\u00e9 au-dessus du symbole ou cach\u00e9 selon les param\u00e8tres sp\u00e9cifi\u00e9s dans la boite :<\/p>\n<div class=\"one_half\">\n<figure style=\"width: 161px\" class=\"wp-caption aligncenter\"><img decoding=\"async\" alt=\"UPC-A avec texte au-dessus du symbole\" src=\"http:\/\/www.labeljoy.com\/images\/barcodes\/upc_text_above.png\" width=\"171\" height=\"124\" \/><figcaption class=\"wp-caption-text\">UPC-A avec texte au-dessus du symbole<\/figcaption><\/figure>\n<\/div>\n<div class=\"one_half\">\n<figure style=\"width: 143px\" class=\"wp-caption aligncenter\"><img decoding=\"async\" alt=\"UPC-A avec texte cach\u00e9\" src=\"http:\/\/www.labeljoy.com\/images\/barcodes\/upc_hidden_text.png\" width=\"153\" height=\"126\" \/><figcaption class=\"wp-caption-text\">UPC-A avec texte cach\u00e9<\/figcaption><\/figure>\n<\/div>\n<div class=\"hr hr-dotted\">&nbsp;<\/div>\n<div class=\"one_half\">\n<p style=\"text-align: center\"><a href=\"\/fr\/achat\/\" class=\"large blue tt-button\" target=\"_self\">Acheter le logiciel g\u00e9n\u00e9rateur du UPC code<\/a>\n<\/div>\n<div class=\"one_half\">\n<p style=\"text-align: center\"><a href=\"\/fr\/download-fr\/\" class=\"large green tt-button\" target=\"_self\">T\u00e9l\u00e9charger la version gratuite<\/a>\n<\/div>\n","protected":false},"excerpt":{"rendered":"<p>G\u00e9n\u00e9rateur de code UPC Qu&rsquo;est-ce qu&rsquo;un code upc? L&rsquo;UPC (\u00ab\u00a0Universal Product Code\u00a0\u00bb) est une symbologie de codes barres largement utilis\u00e9 en Am\u00e9rique du Nord, au Royaume-Uni, en Australie et en Nouvelle-Z\u00e9lande. Le code barre est compos\u00e9 de 12 chiffres et est similaire \u00e0 l&rsquo;EAN 13. Sa fonction principale est de permettre le suivi des articles &#8230; <a title=\"UPC code\" class=\"read-more\" href=\"https:\/\/www.labeljoy.com\/fr\/assistance\/guide-codes-barres\/upc-code-fr\/\" aria-label=\"En savoir plus sur UPC code\">Read more<\/a><\/p>\n","protected":false},"author":1,"featured_media":0,"parent":2784,"menu_order":0,"comment_status":"open","ping_status":"closed","template":"page-template-left-sidebar.php","meta":{"inline_featured_image":false,"_monsterinsights_skip_tracking":false,"_monsterinsights_sitenote_active":false,"_monsterinsights_sitenote_note":"","_monsterinsights_sitenote_category":0,"footnotes":""},"class_list":{"0":"post-16395","1":"page","2":"type-page","3":"status-publish","5":"infinite-scroll-item"},"aioseo_notices":[],"_links":{"self":[{"href":"https:\/\/www.labeljoy.com\/fr\/wp-json\/wp\/v2\/pages\/16395","targetHints":{"allow":["GET"]}}],"collection":[{"href":"https:\/\/www.labeljoy.com\/fr\/wp-json\/wp\/v2\/pages"}],"about":[{"href":"https:\/\/www.labeljoy.com\/fr\/wp-json\/wp\/v2\/types\/page"}],"author":[{"embeddable":true,"href":"https:\/\/www.labeljoy.com\/fr\/wp-json\/wp\/v2\/users\/1"}],"replies":[{"embeddable":true,"href":"https:\/\/www.labeljoy.com\/fr\/wp-json\/wp\/v2\/comments?post=16395"}],"version-history":[{"count":3,"href":"https:\/\/www.labeljoy.com\/fr\/wp-json\/wp\/v2\/pages\/16395\/revisions"}],"predecessor-version":[{"id":16448,"href":"https:\/\/www.labeljoy.com\/fr\/wp-json\/wp\/v2\/pages\/16395\/revisions\/16448"}],"up":[{"embeddable":true,"href":"https:\/\/www.labeljoy.com\/fr\/wp-json\/wp\/v2\/pages\/2784"}],"wp:attachment":[{"href":"https:\/\/www.labeljoy.com\/fr\/wp-json\/wp\/v2\/media?parent=16395"}],"curies":[{"name":"wp","href":"https:\/\/api.w.org\/{rel}","templated":true}]}}