{"id":16404,"date":"2013-05-22T13:50:09","date_gmt":"2013-05-22T13:50:09","guid":{"rendered":"http:\/\/www.labeljoy.com\/?page_id=16404"},"modified":"2022-06-21T12:18:18","modified_gmt":"2022-06-21T12:18:18","slug":"itf-14-fr","status":"publish","type":"page","link":"https:\/\/www.labeljoy.com\/fr\/assistance\/guide-codes-barres\/itf-14-fr\/","title":{"rendered":"ITF 14"},"content":{"rendered":"<h1>G\u00e9n\u00e9rateur de code barres ITF 14<\/h1>\n<p>Utilisez <strong>le logiciel Labeljoy pour <a href=\"https:\/\/www.labeljoy.com\/generateur-code-barre-gratuit\/\" title=\"G\u00e9n\u00e9rateur de codes-barres en ligne gratuit\">g\u00e9n\u00e9rer des codes barres ITF 14<\/a><\/strong>. ITF 14 est principalement utilis\u00e9 pour les exp\u00e9ditions de fret et les contenus de colis cod\u00e9s avec le syst\u00e8me <a href=\"http:\/\/www.labeljoy.com\/fr\/assistance\/guide-codes-barres\/ean-13-fr\/\" title=\"ean 13\">EAN 13<\/a>. Un chiffre est plac\u00e9 devant le code EAN 13 pour afficher la version du paquet.<\/p>\n<p>Il code toujours 14 chiffres:<\/p>\n<ul>\n<li>Le premier chiffre est la logistique variante, aussi appel\u00e9e \u00ab\u00a0indicateur d&#8217;emballage\u00a0\u00bb.<\/li>\n<li>Les 12 autres chiffres sont le num\u00e9ro de produit. G\u00e9n\u00e9ralement, EAN 13 sans le chiffre de contr\u00f4le.<\/li>\n<li>Le dernier chiffre est le chiffre de contr\u00f4le.<\/li>\n<\/ul>\n<p>L&rsquo; \u00e9paisse barre noire autour du symbole est appel\u00e9 la barre porteuse. Le g\u00e9n\u00e9rateur Labeljoy ITF 14 cr\u00e9e automatiquement une barre porteuse. La fonction d&rsquo;une barre porteuse est d&rsquo;\u00e9galiser la pression exerc\u00e9e par la plaque d&rsquo;impression sur toute la surface du symbole.<\/p>\n<figure style=\"width: 301px\" class=\"wp-caption alignleft\"><img decoding=\"async\" alt=\"Symbole ITF-14\" src=\"http:\/\/www.labeljoy.com\/images\/barcodes\/itf14_symbol.png\" width=\"311\" height=\"100\"><figcaption class=\"wp-caption-text\">Symbole ITF-14<\/figcaption><\/figure>\n<h2>Comment g\u00e9n\u00e9rer un symbole ITF 14<\/h2>\n<p>Le g\u00e9n\u00e9rateur Labeljoy ITF-14 vous demande de saisir 13 ou 14 chiffres pour g\u00e9n\u00e9rer le code barre ITF 14, en fonction des param\u00e8tres de la bo\u00eete de contr\u00f4le.<br \/>\nEntrez les 13 chiffres dans la zone de texte si les options de contr\u00f4le sont indiquent \u00ab\u00a0Oui\u00a0\u00bb (le 14e chiffre sera ajout\u00e9 automatiquement), sinon entrez 14 chiffres.<br \/>\nLa n\u00e9cessit\u00e9 d&rsquo;un chiffre de contr\u00f4le en position 14 peut varier en fonction des applications utilis\u00e9es et des param\u00e8tres du scanner de code barre.<\/p>\n<h3>Barres porteuses de l&rsquo;ITF 14<\/h3>\n<p>La liste d\u00e9roulante vous permet de sp\u00e9cifier comment les barres porteuses doivent \u00eatre imprim\u00e9es.<br \/>\n<div class=\"one_half\">\n<figure style=\"width: 281px\" class=\"wp-caption aligncenter\"><img decoding=\"async\" alt=\"ITF-14 avec barres porteuses horizontales\" src=\"http:\/\/www.labeljoy.com\/images\/barcodes\/itf14_bars.png\" width=\"291\" height=\"100\"><figcaption class=\"wp-caption-text\">ITF-14 avec barres porteuses horizontales<\/figcaption><\/figure>\n<\/div>\n<div class=\"one_half\">\n<figure style=\"width: 244px\" class=\"wp-caption aligncenter\"><img decoding=\"async\" alt=\"ITF-14 avec barres porteuses cach\u00e9es\" src=\"http:\/\/www.labeljoy.com\/images\/barcodes\/itf14_barcode.png\" width=\"254\" height=\"81\"><figcaption class=\"wp-caption-text\">ITF-14 avec barres porteuses cach\u00e9es<\/figcaption><\/figure>\n<\/div>\n<div class=\"tt-notification tip\"><p style=\"font-size:12px;\">Concat\u00e9nation du texte:<br \/>\nLorsqu&rsquo;un <strong>\u00e9l\u00e9ment de code barre ITF-14<\/strong> est g\u00e9n\u00e9r\u00e9 par concat\u00e9nation des champs ou des compteurs, les r\u00e8gles suivantes s&rsquo;appliquent:<\/p>\n<ul class=\"barcode-ul\">\n<li>Si l&rsquo;option de somme de contr\u00f4le est r\u00e9gl\u00e9e sur Oui, seuls les 13 premiers chiffres trouv\u00e9s seront consid\u00e9r\u00e9s. Sinon, seuls les 14 premiers chiffres seront consid\u00e9r\u00e9s.<\/li>\n<\/ul>\n<p>Quand une valeur ne respectant pas la r\u00e8gle ci-dessus est trouv\u00e9e, le code barre ne s&rsquo;affiche pas.<br \/>\n<\/p><\/div>\n<p>Le texte lisible par l&rsquo;homme peut \u00e9galement \u00eatre affich\u00e9 au-dessus du symbole ou cach\u00e9 selon les param\u00e8tres sp\u00e9cifi\u00e9s dans la boite textuelle.<br \/>\n<div class=\"one_half\">\n<figure style=\"width: 301px\" class=\"wp-caption aligncenter\"><img decoding=\"async\" alt=\"ITF-14 avec texte au-dessus du symbole\" src=\"http:\/\/www.labeljoy.com\/images\/barcodes\/itf14_text-above.png\" width=\"311\" height=\"100\"><figcaption class=\"wp-caption-text\">ITF-14 avec texte au-dessus du symbole<\/figcaption><\/figure>\n<\/div>\n<div class=\"one_half\">\n<figure style=\"width: 301px\" class=\"wp-caption aligncenter\"><img decoding=\"async\" alt=\"ITF-14 avec texte cach\u00e9\" src=\"http:\/\/www.labeljoy.com\/images\/barcodes\/itf14_hidden-text.png\" width=\"311\" height=\"104\"><figcaption class=\"wp-caption-text\">ITF-14 avec texte cach\u00e9<\/figcaption><\/figure>\n<\/div>\n<div class=\"hr hr-dotted\">&nbsp;<\/div>\n<div class=\"one_half\">\n<p style=\"text-align: center\"><a href=\"\/fr\/achat\/\" class=\"large blue tt-button\" target=\"_self\">Acheter le logiciel g\u00e9n\u00e9rateur du ITF 14<\/a>\n<\/div>\n<div class=\"one_half\">\n<p style=\"text-align: center\"><a href=\"\/fr\/download-fr\/\" class=\"large green tt-button\" target=\"_self\">T\u00e9l\u00e9charger la version gratuite<\/a>\n<\/div>\n","protected":false},"excerpt":{"rendered":"<p>G\u00e9n\u00e9rateur de code barres ITF 14 Utilisez le logiciel Labeljoy pour g\u00e9n\u00e9rer des codes barres ITF 14. ITF 14 est principalement utilis\u00e9 pour les exp\u00e9ditions de fret et les contenus de colis cod\u00e9s avec le syst\u00e8me EAN 13. Un chiffre est plac\u00e9 devant le code EAN 13 pour afficher la version du paquet. Il code &#8230; <a title=\"ITF 14\" class=\"read-more\" href=\"https:\/\/www.labeljoy.com\/fr\/assistance\/guide-codes-barres\/itf-14-fr\/\" aria-label=\"En savoir plus sur ITF 14\">Read more<\/a><\/p>\n","protected":false},"author":1,"featured_media":0,"parent":2784,"menu_order":0,"comment_status":"open","ping_status":"closed","template":"","meta":{"inline_featured_image":false,"_monsterinsights_skip_tracking":false,"_monsterinsights_sitenote_active":false,"_monsterinsights_sitenote_note":"","_monsterinsights_sitenote_category":0,"footnotes":""},"class_list":{"0":"post-16404","1":"page","2":"type-page","3":"status-publish","5":"infinite-scroll-item"},"aioseo_notices":[],"_links":{"self":[{"href":"https:\/\/www.labeljoy.com\/fr\/wp-json\/wp\/v2\/pages\/16404","targetHints":{"allow":["GET"]}}],"collection":[{"href":"https:\/\/www.labeljoy.com\/fr\/wp-json\/wp\/v2\/pages"}],"about":[{"href":"https:\/\/www.labeljoy.com\/fr\/wp-json\/wp\/v2\/types\/page"}],"author":[{"embeddable":true,"href":"https:\/\/www.labeljoy.com\/fr\/wp-json\/wp\/v2\/users\/1"}],"replies":[{"embeddable":true,"href":"https:\/\/www.labeljoy.com\/fr\/wp-json\/wp\/v2\/comments?post=16404"}],"version-history":[{"count":3,"href":"https:\/\/www.labeljoy.com\/fr\/wp-json\/wp\/v2\/pages\/16404\/revisions"}],"predecessor-version":[{"id":37619,"href":"https:\/\/www.labeljoy.com\/fr\/wp-json\/wp\/v2\/pages\/16404\/revisions\/37619"}],"up":[{"embeddable":true,"href":"https:\/\/www.labeljoy.com\/fr\/wp-json\/wp\/v2\/pages\/2784"}],"wp:attachment":[{"href":"https:\/\/www.labeljoy.com\/fr\/wp-json\/wp\/v2\/media?parent=16404"}],"curies":[{"name":"wp","href":"https:\/\/api.w.org\/{rel}","templated":true}]}}