{"id":16405,"date":"2013-05-22T13:49:41","date_gmt":"2013-05-22T13:49:41","guid":{"rendered":"http:\/\/www.labeljoy.com\/?page_id=16405"},"modified":"2022-06-21T12:22:53","modified_gmt":"2022-06-21T12:22:53","slug":"gs1-128-fr","status":"publish","type":"page","link":"https:\/\/www.labeljoy.com\/fr\/assistance\/guide-codes-barres\/gs1-128-fr\/","title":{"rendered":"GS1 128"},"content":{"rendered":"<h1>G\u00e9n\u00e9rateur de code \u00e0 barres GS1-128<\/h1>\n<p>Labeljoy est un <strong>logiciel d&rsquo;\u00e9tiquettes de codes barres qui permet de <a href=\"https:\/\/www.labeljoy.com\/generateur-code-barre-gratuit\/\" title=\"G\u00e9n\u00e9rateur de codes-barres en ligne gratuit\">g\u00e9n\u00e9rer des codes barres GS1-128<\/a><\/strong>, norme de l&rsquo;impl\u00e9mentation GS1 qui utilise la sp\u00e9cification du <a href=\"http:\/\/www.labeljoy.com\/fr\/assistance\/guide-codes-barres\/code-128-fr\/\" title=\"code 128\">code barre Code 128<\/a>.<\/p>\n<p>GS1-128 utilise des identifiants d&rsquo;application pour inclure des donn\u00e9es suppl\u00e9mentaires telles que les dates de p\u00e9remption, les num\u00e9ros de lot, la quantit\u00e9, le poids et de nombreuses autres informations.<\/p>\n<h3>Codes \u00e0 barres GS1-128<\/h3>\n<p>Le code-barres GS1-128 a \u00e9t\u00e9 d\u00e9velopp\u00e9 pour \u00e9tablir une norme mondiale pour l&rsquo;\u00e9change de donn\u00e9es entre diff\u00e9rentes entreprises. Le GS1-128 non seulement code les donn\u00e9es, mais fournit \u00e9galement un moyen de sp\u00e9cifier la signification des donn\u00e9es gr\u00e2ce \u00e0 l&rsquo;\u00e9tablissement d&rsquo;une liste de \u00ab identifiants d\u2019application \u00bb (AI).<\/p>\n<p>Ce standard GS1 d\u00e9finit le type de donn\u00e9es ainsi que le format des donn\u00e9es. Le GS1-128 (pr\u00e9c\u00e9demment connu sous le nom d&rsquo;UCC\/EAN-128) est essentiellement un langage d\u00e9riv\u00e9 du Code 128 qui utilise un caract\u00e8re sp\u00e9cifique (Function Code 1 (FNC1)) et des identifiants d&rsquo;application.<\/p>\n<h3>Exemple d&rsquo;un code \u00e0 barres GS1-128<\/h3>\n<p>Les identifiants d&rsquo;application lisibles par l&rsquo;homme sont indiqu\u00e9s entre parenth\u00e8ses (01) et (10), comme illustr\u00e9 ci-dessous. Il est \u00e9galement possible de concat\u00e9ner plusieurs identifiants d&rsquo;application dans les donn\u00e9es du code \u00e0 barres, ce qui permet d&rsquo;encoder le num\u00e9ro de lot ou la date d&rsquo;expiration associ\u00e9s en plus du num\u00e9ro d&rsquo;article GTIN unique.<br \/>\n<img decoding=\"async\" width=\"310\" height=\"153\" src=\"https:\/\/www.labeljoy.com\/wp-content\/uploads\/2022\/05\/gs1-128-barcode-example.jpg\" alt=\"Exemple d'un code \u00e0 barres GS1-128\"><\/p>\n<h3>Structure du symbole GS1-128<\/h3>\n<ul>\n<li>Caract\u00e8re de start (START-A, START-B ou START-C)<\/li>\n<li>Caract\u00e8re FNC1<\/li>\n<li>Identificateur d&rsquo;application (AI)<\/li>\n<li>Donn\u00e9es cod\u00e9es<\/li>\n<li>Caract\u00e8re de v\u00e9rification du symbole<\/li>\n<li>Caract\u00e8re de stop<\/li>\n<\/ul>\n<p><a href=\"https:\/\/www.labeljoy.com\/wp-content\/uploads\/2022\/05\/gs1-128-barcode-structure.jpg\" title=\"Structure du symbole GS1-128\"><img decoding=\"async\" width=\"588\" height=\"263\" src=\"https:\/\/www.labeljoy.com\/wp-content\/uploads\/2022\/05\/gs1-128-barcode-structure.jpg\" alt=\"Structure du symbole GS1-128\"><\/a><\/p>\n<h3>Etiquette d&rsquo;exp\u00e9dition \u00e0 code-barres GS1-128<\/h3>\n<p>Les \u00e9tiquettes d&rsquo;exp\u00e9dition \u00e0 code-barres GS1-128 servent \u00e0 identifier les cartons tout au long de la cha\u00eene d&rsquo;exp\u00e9dition et sont utilis\u00e9es par la plupart des grands d\u00e9taillants.<\/p>\n<p>G\u00e9n\u00e9ralement, plusieurs codes \u00e0 barres GS1-128 sont utilis\u00e9s sur une seule \u00e9tiquette. Pour plus d&rsquo;informations sur l&rsquo;\u00e9tiquette d&rsquo;exp\u00e9dition GS1-128, consultez <a href=\"https:\/\/www.labeljoy.com\/fr\/assistance\/comment-faire\/generer-codes-barres-gs1-128\/\" title=\"G\u00e9n\u00e9ration de codes barres GS1-128\">G\u00e9n\u00e9ration de codes barres GS1-128<\/a>.<\/p>\n<p>Les \u00e9tiquettes d&rsquo;exp\u00e9dition avec les codes \u00e0 barres GS1-128 sont un \u00e9l\u00e9ment essentiel de la logistique de la cha\u00eene d&rsquo;approvisionnement au d\u00e9tail. Le code \u00e0 barres principal de l&rsquo;\u00e9tiquette d&rsquo;exp\u00e9dition est connu sous le nom de Serialized Shipping Container Code (SSCC-18) et est int\u00e9gr\u00e9 aux transactions de donn\u00e9es EDI. En utilisant ces \u00e9tiquettes, les d\u00e9taillants peuvent identifier avec pr\u00e9cision le contenu de chaque carton.<br \/>\n<div class=\"tt-notification warning\"><p style=\"font-size:12px;\"> <strong>Remarque<\/strong>: l&rsquo;exploration de tous les d\u00e9tails de la sp\u00e9cification de la symbologie GS1-128 d\u00e9passe le cadre de ce fichier d&rsquo;aide. Pour plus d&rsquo;informations, veuillez consulter le site Web officiel de l&rsquo;autorit\u00e9 GS1: <a title=\"gs1 page\" href=\"http:\/\/www.gs1.org\" target=\"_blank\" rel=\"noopener\">www.gs1.org<\/a> <\/p><\/div>\n<p><img decoding=\"async\" class=\"alignleft\" alt=\"GS1 Barcode\" src=\"http:\/\/www.labeljoy.com\/images\/about-barcode\/gs1-128.jpg\" width=\"120\" height=\"68\"><\/p>\n<h3>Comment g\u00e9n\u00e9rer des codes barres GS1-128<\/h3>\n<p>Pour <strong>g\u00e9n\u00e9rer un code barre GS1-128 conforme<\/strong> avec Labeljoy, vous devez entrer le texte dans un format lisible par l&rsquo;homme. Labeljoy validera le texte \u00e0 l&rsquo;aide de son <strong>moteur interne de validation<\/strong> GS1-128 et va g\u00e9n\u00e9rer le symbole correspondant, ou affichera un message d&rsquo;erreur indiquant quel est le probl\u00e8me.<\/p>\n<p>Par exemple, en saisissant le texte <strong>(00)123456789012345678<\/strong>, Labeljoy va cr\u00e9er un symbole de code barre GS1-128 qui sera conforme \u00e0 <strong>l&rsquo;identifiant d&rsquo;application (00) Serial Shipping Container Code (SSCC-18)<\/strong>.<\/p>\n<p>L&rsquo;UCC\/EAN-128 a \u00e9t\u00e9 d\u00e9velopp\u00e9 pour fournir un format standard pour l&rsquo;\u00e9change de donn\u00e9es entre diff\u00e9rentes entreprises. Alors que d&rsquo;autres normes se contentent de coder les donn\u00e9es sans indiquer ce qu&rsquo;elles signifient, l&rsquo;UCC\/EAN-128 code les donn\u00e9es et ce qu&rsquo;elles repr\u00e9sentent. Toutefois, l&rsquo;UCC\/EAN-128 n&rsquo;est pas un type de code ou de symbologie, mais plut\u00f4t un syst\u00e8me de formatage de code qui utilise le Code 128 pour l&rsquo;impression. Tout lecteur capable de lire le Code 128 est \u00e9galement capable de lire l&rsquo;UCC\/EAN-128 ; c&rsquo;est l&rsquo;application conforme \u00e0 l&rsquo;UCC\/EAN-128 qui devra interpr\u00e9ter le formatage du code.<\/p>\n<p>Par exemple, il est possible d&rsquo;encoder le poids de <strong>10,97<\/strong> Kg avec n&rsquo;importe quel standard comme un code \u00e0 barres 2 sur 5 en encodant simplement <strong>1097<\/strong>, mais pendant la phase de lecture, il n&rsquo;est pas possible de d\u00e9terminer s&rsquo;il s&rsquo;agit d&rsquo;un poids, d&rsquo;une heure, d&rsquo;un prix ou d&rsquo;autre chose, en d&rsquo;autres termes, l&rsquo;application n&rsquo;est pas capable d&rsquo;identifier ce qu&rsquo;elle lit.<\/p>\n<p>Avec le syst\u00e8me de formatage UCC\/EAN-128, des identificateurs AI (Application Identifier) sont ins\u00e9r\u00e9s afin d&rsquo;indiquer \u00e0 l&rsquo;application ce qu&rsquo;elle est en train de lire, car les probl\u00e8mes sont plus nombreux lors de la lecture du code \u00e0 barres que lors de l&rsquo;impression. Reprenons notre exemple, en utilisant l&rsquo;AI 310y, il est possible d&rsquo;indiquer que la valeur suivante est un poids net en Kg ; le chiffre qui suit indique le nombre de d\u00e9cimales, tandis que le poids doit \u00eatre de 6 chiffres, dans notre exemple le poids net de <strong>10,97<\/strong> kg sera encod\u00e9 comme 3102<strong>001097<\/strong>.<\/p>\n<div class=\"tt-contentbox\"><div class=\"tt-contentbox-title tt-cb-title-grey\"><span>Chiffres de contr\u00f4le Modulo 10:<\/span><\/div><div class=\"tt-contentbox-content tt-content-style-grey\">\n<ul>\n<li>Certains identifiants d&rsquo;application (AI) ont besoin d&rsquo;un chiffre de contr\u00f4le modulo 10. Si n\u00e9cessaire, Labeljoy calcule le chiffre de contr\u00f4le ind\u00e9pendamment de ce qui a \u00e9t\u00e9 entr\u00e9.<\/li>\n<li>Par exemple, le code SSCC-18 ci-dessus a besoin d&rsquo;un chiffre de contr\u00f4le en derni\u00e8re position qui est en fait 5 et non 8. Dans ce cas, aucun message d&rsquo;erreur ne s&rsquo;affiche. Labeljoy remplace simplement replacer le chiffre de contr\u00f4le par le bon.<\/li>\n<li>Donc, si vous ne savez pas comment calculer le chiffre de contr\u00f4le, il suffit d&rsquo;entrer n&rsquo;importe quel chiffre \u00e0 la place.<\/li>\n<\/ul>\n<\/div><\/div>\n<div class=\"tt-contentbox\"><div class=\"tt-contentbox-title tt-cb-title-grey\"><span>S\u00e9parateurs FNC1:<\/span><\/div><div class=\"tt-contentbox-content tt-content-style-grey\">\n<ul>\n<li>Lorsque deux ou plusieurs identifiants d&rsquo;application doivent \u00eatre cod\u00e9s dans un seul symbole, la sp\u00e9cification GS1-128 peut exiger un ou plusieurs caract\u00e8res de s\u00e9paration FNC1. Le g\u00e9n\u00e9rateur de code barre Labeljoy GS1-128 d\u00e9tecte automatiquement quand les caract\u00e8res de s\u00e9paration FNC1 sont n\u00e9cessaires et les ajoutera en cons\u00e9quence.<\/li>\n<li>Labeljoy n&rsquo;a besoin d&rsquo;aucune entr\u00e9e suppl\u00e9mentaire pour g\u00e9rer correctement les s\u00e9parateurs FNC1.<\/li>\n<li>IMPORTANT&nbsp;: les caract\u00e8res de s\u00e9paration FNC1 ne correspondent \u00e0 aucun texte lisible par un humain, ils sont cod\u00e9s uniquement dans le symbole du code barre. L&rsquo;interpr\u00e9tation du caract\u00e8re FNC1 peut varier en fonction des r\u00e9glages du lecteur de codes barres, m\u00eame s&rsquo;il est souvent interpr\u00e9t\u00e9 comme un caract\u00e8re ASCII 29.<\/li>\n<li>Si vous avez besoin de cr\u00e9er un symbole personnalis\u00e9 \u00e0 l&rsquo;aide du caract\u00e8re de s\u00e9paration FNC1, veuillez vous r\u00e9f\u00e9rer \u00e0 la symbologie EAN-128.<\/li>\n<\/ul>\n<\/div><\/div>\n<h3>Symboles de codes barres GS1<\/h3>\n<div class=\"tt-notification tip\"><p style=\"font-size:12px;\">Concat\u00e9nation du texte:<br \/>\nLorsqu&rsquo;un \u00e9l\u00e9ment de code barre EAN-128 est g\u00e9n\u00e9r\u00e9 par concat\u00e9nation des champs ou des compteurs, les r\u00e8gles suivantes s&rsquo;appliquent:<\/p>\n<ul class=\"barcode-ul\">\n<li>La longueur du texte ne doit pas d\u00e9passer 255 caract\u00e8res.<\/li>\n<li>Le texte doit respecter les sp\u00e9cifications GS1-128.<\/li>\n<\/ul>\n<p>Quand une valeur ne respectant pas la r\u00e8gle ci-dessus est trouv\u00e9e, le code barre ne s&rsquo;affiche pas.<br \/>\n<\/p><\/div>\n<figure style=\"width: 216px\" class=\"wp-caption aligncenter\"><img decoding=\"async\" alt=\"GS1-128 Barcode\" src=\"http:\/\/www.labeljoy.com\/images\/barcodes\/gs1-128_barcode.png\" width=\"226\" height=\"103\"><figcaption class=\"wp-caption-text\">Symbole GS1-128 codant le texte (00)123456789012345678, qui correspond \u00e0 AI 00 (SSCC-18). Notez que le dernier chiffre est 5 dans le symbole, puisque c&rsquo;est le chiffre exact modulo 10.<\/figcaption><\/figure>\n<figure style=\"width: 216px\" class=\"wp-caption aligncenter\"><img decoding=\"async\" alt=\"Symbole GS1-128 - deux identifiants\" src=\"http:\/\/www.labeljoy.com\/images\/barcodes\/gs1-128_symbol.png\" width=\"226\" height=\"103\"><figcaption class=\"wp-caption-text\">Symbole GS1-128 codant une concat\u00e9nation de deux identifiants d&rsquo;application&nbsp;: AI 30 (Quantit\u00e9 de chaque) et AI 21 (Num\u00e9ro de s\u00e9rie). Notez que, dans ce cas, un caract\u00e8re de s\u00e9paration de FNC1 est ajout\u00e9 juste avant le d\u00e9but de l&rsquo;IA 21 (non visible dans le texte lisible par l&rsquo;homme).<\/figcaption><\/figure>\n<figure style=\"width: 343px\" class=\"wp-caption aligncenter\"><img decoding=\"async\" alt=\"Symbole GS1-128 - 3 identifiants\" src=\"http:\/\/www.labeljoy.com\/images\/barcodes\/gs1-128_symbol2.png\" width=\"353\" height=\"103\"><figcaption class=\"wp-caption-text\">Symbole GS1-128 codant une concat\u00e9nation de trois identifiants d&rsquo;application&nbsp;: AI 01 (code pour le conteneur de transport) et 2 de plus, comme sur l&rsquo;image pr\u00e9c\u00e9dente. Notez que, dans ce cas, aucun s\u00e9parateur FNC1 n&rsquo;est n\u00e9cessaire avant le d\u00e9but de l&rsquo;IA 30.<\/figcaption><\/figure>\n<ul>\n<li>Labeljoy vous demande de saisir un texte alphanum\u00e9rique contenant jusqu&rsquo;\u00e0 255 caract\u00e8res pour g\u00e9n\u00e9rer le code \u00e0 barres. Entrez le texte dans la zone de texte.<\/li>\n<li>Le texte lisible par l&rsquo;homme peut \u00eatre affich\u00e9 au-dessus du symbole, en dessous ou cach\u00e9 selon les param\u00e8tres sp\u00e9cifi\u00e9s dans la boite textuelle.<\/li>\n<li>La case \u00e0 cocher \u00ab\u00a0V\u00e9rifier AI\u00a0\u00bb applique une r\u00e8gle GS1-128 suppl\u00e9mentaire qui r\u00e9gule la concat\u00e9nation de certains AI.<\/li>\n<li>Par exemple, lorsque vous utilisez AI 02 (Nombre de conteneurs), le symbole doit \u00e9galement coder AI 00 (code du conteneur de transport) et AI 37 (nombre d&rsquo;unit\u00e9s contenues).<\/li>\n<li>En outre, AI 02 ne doit jamais \u00eatre cod\u00e9 dans le m\u00eame symbole que AI 01 (code du conteneur de transport) et 8006 (composants d&rsquo;un article), car ils se r\u00e9f\u00e8rent \u00e0 des donn\u00e9es qui ne signifient rien quand elles sont m\u00e9lang\u00e9es.<\/li>\n<li>Gardez cette case coch\u00e9e pour cr\u00e9er des symboles GS1-128 qui soient pleinement conformes \u00e0 la norme d&rsquo;origine.<\/li>\n<\/ul>\n<div class=\"hr hr-dotted\">&nbsp;<\/div>\n<div class=\"one_half\">\n<p style=\"text-align: center\"><a href=\"\/fr\/achat\/\" class=\"large blue tt-button\" target=\"_self\">Acheter le logiciel g\u00e9n\u00e9rateur du GS1-128<\/a>\n<\/div>\n<div class=\"one_half\">\n<p style=\"text-align: center\"><a href=\"\/fr\/download-fr\/\" class=\"large green tt-button\" target=\"_self\">T\u00e9l\u00e9charger la version gratuite<\/a>\n<\/div>\n","protected":false},"excerpt":{"rendered":"<p>G\u00e9n\u00e9rateur de code \u00e0 barres GS1-128 Labeljoy est un logiciel d&rsquo;\u00e9tiquettes de codes barres qui permet de g\u00e9n\u00e9rer des codes barres GS1-128, norme de l&rsquo;impl\u00e9mentation GS1 qui utilise la sp\u00e9cification du code barre Code 128. GS1-128 utilise des identifiants d&rsquo;application pour inclure des donn\u00e9es suppl\u00e9mentaires telles que les dates de p\u00e9remption, les num\u00e9ros de lot, &#8230; <a title=\"GS1 128\" class=\"read-more\" href=\"https:\/\/www.labeljoy.com\/fr\/assistance\/guide-codes-barres\/gs1-128-fr\/\" aria-label=\"En savoir plus sur GS1 128\">Read more<\/a><\/p>\n","protected":false},"author":1,"featured_media":0,"parent":2784,"menu_order":0,"comment_status":"open","ping_status":"closed","template":"","meta":{"inline_featured_image":false,"_monsterinsights_skip_tracking":false,"_monsterinsights_sitenote_active":false,"_monsterinsights_sitenote_note":"","_monsterinsights_sitenote_category":0,"footnotes":""},"class_list":{"0":"post-16405","1":"page","2":"type-page","3":"status-publish","5":"infinite-scroll-item"},"aioseo_notices":[],"_links":{"self":[{"href":"https:\/\/www.labeljoy.com\/fr\/wp-json\/wp\/v2\/pages\/16405","targetHints":{"allow":["GET"]}}],"collection":[{"href":"https:\/\/www.labeljoy.com\/fr\/wp-json\/wp\/v2\/pages"}],"about":[{"href":"https:\/\/www.labeljoy.com\/fr\/wp-json\/wp\/v2\/types\/page"}],"author":[{"embeddable":true,"href":"https:\/\/www.labeljoy.com\/fr\/wp-json\/wp\/v2\/users\/1"}],"replies":[{"embeddable":true,"href":"https:\/\/www.labeljoy.com\/fr\/wp-json\/wp\/v2\/comments?post=16405"}],"version-history":[{"count":7,"href":"https:\/\/www.labeljoy.com\/fr\/wp-json\/wp\/v2\/pages\/16405\/revisions"}],"predecessor-version":[{"id":37625,"href":"https:\/\/www.labeljoy.com\/fr\/wp-json\/wp\/v2\/pages\/16405\/revisions\/37625"}],"up":[{"embeddable":true,"href":"https:\/\/www.labeljoy.com\/fr\/wp-json\/wp\/v2\/pages\/2784"}],"wp:attachment":[{"href":"https:\/\/www.labeljoy.com\/fr\/wp-json\/wp\/v2\/media?parent=16405"}],"curies":[{"name":"wp","href":"https:\/\/api.w.org\/{rel}","templated":true}]}}