{"id":16406,"date":"2013-05-22T13:45:51","date_gmt":"2013-05-22T13:45:51","guid":{"rendered":"http:\/\/www.labeljoy.com\/?page_id=16406"},"modified":"2020-12-28T14:42:04","modified_gmt":"2020-12-28T14:42:04","slug":"ean-8-fr","status":"publish","type":"page","link":"https:\/\/www.labeljoy.com\/fr\/assistance\/guide-codes-barres\/ean-8-fr\/","title":{"rendered":"EAN 8"},"content":{"rendered":"<h1>G\u00e9n\u00e9rateur de codes barres EAN 8<\/h1>\n<p>Un code EAN-8 est un code \u00e0 barres compos\u00e9 de 8 chiffres, d\u00e9riv\u00e9 du code European Article Number (<a href=\"http:\/\/www.labeljoy.com\/fr\/assistance\/guide-codes-barres\/ean-13-fr\/\" title=\"ean 13\">EAN-13<\/a>) qui est plus long.<\/p>\n<p><strong>Labeljoy est utile pour g\u00e9n\u00e9rer des codes barres EAN 8<\/strong>, qui prennent peu de place, ce qui vous permet d&rsquo;imprimer de petites \u00e9tiquettes pouvant se coller sur des produits qui pr\u00e9sentent une surface r\u00e9duite, telles que: les cigarettes, les crayons et les paquets de chewing-gum. <\/p>\n<p>Il est compos\u00e9 de: <\/p>\n<ul>\n<li>un pr\u00e9fixe GS1 \u00e0 2 ou 3 chiffres (qui est attribu\u00e9 \u00e0 chaque autorit\u00e9 nationale GS1).<\/li>\n<li>un \u00e9l\u00e9ment de r\u00e9f\u00e9rence \u00e0 5 ou chiffres d\u00e9pendant de la longueur du pr\u00e9fixe GS1.<\/li>\n<li>chiffre de contr\u00f4le<\/li>\n<\/ul>\n<p>Ils sont format\u00e9es de la fa\u00e7on suivante : xxxx xxxx 0xxx ou 2xxx.<br \/>\n<figure style=\"width: 119px\" class=\"wp-caption alignleft\"><img decoding=\"async\" alt=\"EAN-8 symbol\" src=\"http:\/\/www.labeljoy.com\/images\/barcodes\/ean8_symbol.png\" width=\"129\" height=\"148\" \/><figcaption class=\"wp-caption-text\">Symbole EAN-8<\/figcaption><\/figure>\n<h2>Comment g\u00e9n\u00e9rer un symbole EAN 8<\/h2>\n<p>Le g\u00e9n\u00e9rateur de codes barres EAN 8 Labeljoy vous demande de saisir 7 chiffres <em>pour g\u00e9n\u00e9rer le code \u00e0 barres EAN-8<\/em>.<br \/>\nEntrez les 7 chiffres dans la zone de texte et cliquez sur Aper\u00e7u: Labeljoy va vous indiquer si l&rsquo;encodage Ean-8 code est bon.<br \/>\nLe 8e chiffre (ou chiffre de contr\u00f4le) est calcul\u00e9 automatiquement.<\/p>\n<div class=\"column-clear\"><\/div>\n<h3>Symbologie CODE 8 dans Labeljoy<\/h3>\n<p><strong>Les codes \u00e0 barres EAN-8 peuvent \u00e9galement coder 2 ou 5 chiffres suppl\u00e9mentaires<\/strong>. Entrez les chiffres suppl\u00e9mentaires dans la zone de texte de droite.<br \/>\n<div class=\"one_half\">\n<figure style=\"width: 177px\" class=\"wp-caption aligncenter\"><img decoding=\"async\" alt=\"EAN-8 avec 2 chiffres\" src=\"http:\/\/www.labeljoy.com\/images\/barcodes\/ean8_2_digit.png\" width=\"187\" height=\"148\" \/><figcaption class=\"wp-caption-text\">EAN-8 avec 2 chiffres suppl\u00e9mentaires<\/figcaption><\/figure>\n<\/div>\n<div class=\"one_half\">\n<figure style=\"width: 177px\" class=\"wp-caption aligncenter\"><img decoding=\"async\" width=\"240\" height=\"148\" alt=\"EAN-8 avec 5 chiffres\" src=\"http:\/\/www.labeljoy.com\/images\/barcodes\/ean8_5_digit.png\" \/><figcaption class=\"wp-caption-text\">EAN-8 avec 5 chiffres suppl\u00e9mentaires<\/figcaption><\/figure>\n<\/div>\n<div class=\"tt-notification tip\"><p style=\"font-size:12px;\">Concat\u00e9nation du texte:<br \/>\nLorsqu&rsquo;un \u00e9l\u00e9ment de code barre EAN-8 est g\u00e9n\u00e9r\u00e9 par concat\u00e9nation des champs ou des compteurs, les r\u00e8gles suivantes s&rsquo;appliquent:<\/p>\n<ul class=\"barcode-ul\">\n<li>Pour le code barre principal, seuls les 7 premiers chiffres trouv\u00e9s seront consid\u00e9r\u00e9s.<\/li>\n<li>Pour le suppl\u00e9ment, un tiret (-) s\u00e9parateur est n\u00e9cessaire, suivi de 2 ou 5 chiffres.<\/li>\n<\/ul>\n<p>Quand une valeur ne respectant pas les r\u00e8gles ci-dessus est trouv\u00e9e, le code barre ne s&rsquo;affiche pas.<br \/>\n<\/p><\/div>\nLe texte lisible par l&rsquo;homme peut \u00e9galement \u00eatre affich\u00e9 au-dessus du symbole ou cach\u00e9 selon les param\u00e8tres sp\u00e9cifi\u00e9s dans la boite.<br \/>\n<div class=\"one_half\">\n<figure style=\"width: 119px\" class=\"wp-caption aligncenter\"><img decoding=\"async\" alt=\"EAN-8 avec texte au-dessus du symbole\" src=\"http:\/\/www.labeljoy.com\/images\/barcodes\/ean8_text_above.png\" width=\"129\" height=\"148\" \/><figcaption class=\"wp-caption-text\">EAN-8 avec texte au-dessus du symbole<\/figcaption><\/figure>\n<\/div>\n<div class=\"one_half\">\n<figure style=\"width: 119px\" class=\"wp-caption aligncenter\"><img decoding=\"async\" alt=\"EAN-8 avec texte cach\u00e9\" src=\"http:\/\/www.labeljoy.com\/images\/barcodes\/ean8_hidden-text.png\" width=\"129\" height=\"151\" \/><figcaption class=\"wp-caption-text\">EAN-8 avec texte cach\u00e9<\/figcaption><\/figure>\n<\/div>\n<div class=\"column-clear\"> <\/div>\n<p>Entrez 7 chiffres dans Labeljoy pour g\u00e9n\u00e9rer le code \u00e0 barres. Le 8e chiffre (ou chiffre de contr\u00f4le) est calcul\u00e9 automatiquement.<\/p>\n<div class=\"hr hr-dotted\">&nbsp;<\/div>\n<div class=\"one_half\">\n<p style=\"text-align: center\"><a href=\"\/fr\/achat\/\" class=\"large blue tt-button\" target=\"_self\">Acheter le logiciel g\u00e9n\u00e9rateur du Ean 8<\/a>\n<\/div>\n<div class=\"one_half\">\n<p style=\"text-align: center\"><a href=\"\/fr\/download-fr\/\" class=\"large green tt-button\" target=\"_self\">T\u00e9l\u00e9charger la version gratuite<\/a>\n<\/div>\n","protected":false},"excerpt":{"rendered":"<p>G\u00e9n\u00e9rateur de codes barres EAN 8 Un code EAN-8 est un code \u00e0 barres compos\u00e9 de 8 chiffres, d\u00e9riv\u00e9 du code European Article Number (EAN-13) qui est plus long. Labeljoy est utile pour g\u00e9n\u00e9rer des codes barres EAN 8, qui prennent peu de place, ce qui vous permet d&rsquo;imprimer de petites \u00e9tiquettes pouvant se coller &#8230; <a title=\"EAN 8\" class=\"read-more\" href=\"https:\/\/www.labeljoy.com\/fr\/assistance\/guide-codes-barres\/ean-8-fr\/\" aria-label=\"En savoir plus sur EAN 8\">Read more<\/a><\/p>\n","protected":false},"author":1,"featured_media":0,"parent":2784,"menu_order":0,"comment_status":"open","ping_status":"closed","template":"page-template-left-sidebar.php","meta":{"inline_featured_image":false,"_monsterinsights_skip_tracking":false,"_monsterinsights_sitenote_active":false,"_monsterinsights_sitenote_note":"","_monsterinsights_sitenote_category":0,"footnotes":""},"class_list":{"0":"post-16406","1":"page","2":"type-page","3":"status-publish","5":"infinite-scroll-item"},"aioseo_notices":[],"_links":{"self":[{"href":"https:\/\/www.labeljoy.com\/fr\/wp-json\/wp\/v2\/pages\/16406","targetHints":{"allow":["GET"]}}],"collection":[{"href":"https:\/\/www.labeljoy.com\/fr\/wp-json\/wp\/v2\/pages"}],"about":[{"href":"https:\/\/www.labeljoy.com\/fr\/wp-json\/wp\/v2\/types\/page"}],"author":[{"embeddable":true,"href":"https:\/\/www.labeljoy.com\/fr\/wp-json\/wp\/v2\/users\/1"}],"replies":[{"embeddable":true,"href":"https:\/\/www.labeljoy.com\/fr\/wp-json\/wp\/v2\/comments?post=16406"}],"version-history":[{"count":3,"href":"https:\/\/www.labeljoy.com\/fr\/wp-json\/wp\/v2\/pages\/16406\/revisions"}],"predecessor-version":[{"id":16441,"href":"https:\/\/www.labeljoy.com\/fr\/wp-json\/wp\/v2\/pages\/16406\/revisions\/16441"}],"up":[{"embeddable":true,"href":"https:\/\/www.labeljoy.com\/fr\/wp-json\/wp\/v2\/pages\/2784"}],"wp:attachment":[{"href":"https:\/\/www.labeljoy.com\/fr\/wp-json\/wp\/v2\/media?parent=16406"}],"curies":[{"name":"wp","href":"https:\/\/api.w.org\/{rel}","templated":true}]}}