{"id":16407,"date":"2013-05-22T13:45:23","date_gmt":"2013-05-22T13:45:23","guid":{"rendered":"http:\/\/www.labeljoy.com\/?page_id=16407"},"modified":"2023-03-28T08:08:36","modified_gmt":"2023-03-28T08:08:36","slug":"ean-128-fr","status":"publish","type":"page","link":"https:\/\/www.labeljoy.com\/fr\/assistance\/guide-codes-barres\/ean-128-fr\/","title":{"rendered":"EAN 128"},"content":{"rendered":"<h1>G\u00e9n\u00e9rateur EAN 128<\/h1>\n<blockquote><p><strong>EAN-128<\/strong>, \u00e9galement connu sous le nom de <strong>GS1-128<\/strong>, est une norme de codage \u00e0 barres utilis\u00e9e pour <strong>identifier et tracer des produits et des marchandises<\/strong>. C&rsquo;est un type de code \u00e0 barres lin\u00e9aire qui utilise une combinaison de chiffres et de caract\u00e8res ASCII pour repr\u00e9senter des informations sur la marchandise, telles que le num\u00e9ro de lot, la date d&rsquo;expiration, le poids et d&rsquo;autres informations pertinentes.<\/p><\/blockquote>\n<p>Le code EAN-128 est bas\u00e9 sur le <strong><a href=\"https:\/\/www.labeljoy.com\/fr\/assistance\/guide-codes-barres\/ean-13-fr\/\" title=\"Code-barres EAN-13\">code-barres EAN-13<\/a><\/strong> mais peut contenir beaucoup plus d&rsquo;informations. Ce <strong>code-barres<\/strong> est principalement utilis\u00e9 dans le secteur du transport et de la logistique pour g\u00e9rer les exp\u00e9ditions, mais il est \u00e9galement utilis\u00e9 dans d&rsquo;autres secteurs tels que la production, la vente au d\u00e9tail et le secteur sanitaire.<\/p>\n<p><strong>L&rsquo;EAN-128 est un code-barres flexible<\/strong> qui peut \u00eatre personnalis\u00e9 pour r\u00e9pondre aux besoins sp\u00e9cifiques d&rsquo;une entreprise ou d&rsquo;une application. Il a \u00e9t\u00e9 d\u00e9velopp\u00e9 par GS1, une organisation internationale qui g\u00e8re les normes pour les codes-barres et autres syst\u00e8mes d&rsquo;identification automatique.<\/p>\n<p><img decoding=\"async\" class=\"alignleft\" alt=\"EAN 128 Barcode\" src=\"http:\/\/www.labeljoy.com\/images\/about-barcode\/ean-128.jpg\" width=\"120\" height=\"68\"><strong>Les symboles EAN-128<\/strong> diff\u00e9rent <strong>des symboles Code 128<\/strong> en raison de la mise en \u0153uvre du caract\u00e8re FNC1 utilis\u00e9 comme donn\u00e9e de d\u00e9part et d&rsquo;un s\u00e9parateur.<\/p>\n<div class=\"column-clear\"><\/div>\n<ul>\n<li><strong>Le caract\u00e8re FNC1 est implicitement ajout\u00e9<\/strong> au d\u00e9but du symbole, tel que cela est requis par la sp\u00e9cification EAN-128 et, \u00e0 partir de la version 4.5, les symboles de code barre EAN-128 g\u00e9n\u00e9r\u00e9s par Labeljoy supportent le s\u00e9parateur FNC1.<\/li>\n<li>Utilisez le caract\u00e8re | (pipe) pour d\u00e9finir les endroits o\u00f9 vous avez besoin de placer le s\u00e9parateur FNC1.<\/li>\n<\/ul>\n<p>Par exemple, le texte 123456|ABCDE sera interpr\u00e9t\u00e9 par Labeljoy comme 123456[FNC1]ABCDE <em>et le symbole de code barre sera g\u00e9n\u00e9r\u00e9 en cons\u00e9quence.<\/em><\/p>\n<h2>Comment g\u00e9n\u00e9rer un code EAN 128 dans Labeljoy<\/h2>\n<p>Avec Labeljoy, vous pouvez utiliser <strong>la symbologie EAN-128 pour g\u00e9n\u00e9rer des codes barres<\/strong> semblables \u00e0 ceux qui sont cr\u00e9\u00e9s par le GS1-128, mais enti\u00e8rement personnalisables et sans les restrictions impos\u00e9es par les sp\u00e9cifications <a href=\"http:\/\/www.labeljoy.com\/fr\/assistance\/guide-codes-barres\/gs1-128-fr\/\" title=\"gs1-128\">GS1-128<\/a>.<\/p>\n<ul>\n<li>Labeljoy vous demande de saisir un texte alphanum\u00e9rique contenant jusqu&rsquo;\u00e0 48 caract\u00e8res pour g\u00e9n\u00e9rer le code \u00e0 barres. Entrez le texte dans la zone de texte.<\/li>\n<li>Le texte lisible par l&rsquo;homme peut \u00eatre affich\u00e9 au-dessus du symbole, en dessous ou cach\u00e9 selon les param\u00e8tres sp\u00e9cifi\u00e9s dans la boite.<\/li>\n<\/ul>\n<div class=\"column-clear\"><\/div>\n<div class=\"tt-notification tip\"><p style=\"font-size:12px;\">Concat\u00e9nation du texte:<br \/>\nLorsqu&rsquo;un <strong>\u00e9l\u00e9ment du code \u00e0 barres 128 est g\u00e9n\u00e9r\u00e9<\/strong> par concat\u00e9nation des champs ou des compteurs, la r\u00e8gle suivante s&rsquo;applique:<\/p>\n<ul class=\"barcode-ul\">\n<li>La longueur du texte ne doit pas d\u00e9passer 48 caract\u00e8res.<\/li>\n<\/ul>\n<p>Quand une valeur ne respectant pas la r\u00e8gle ci-dessus est trouv\u00e9e, le code barre ne s&rsquo;affiche pas.<br \/>\nEn outre, tous les caract\u00e8res ASCII au del\u00e0 du 127e seront supprim\u00e9s \u00e0 l&rsquo;exception de caract\u00e8re | (pipe) qui sera interpr\u00e9t\u00e9 comme emplacement du caract\u00e8re FNC1.<br \/>\n<\/p><\/div>\n<figure style=\"width: 279px\" class=\"wp-caption aligncenter\"><img decoding=\"async\" alt=\"EAN-128 code\" src=\"http:\/\/www.labeljoy.com\/images\/barcodes\/ean128_code.png\" width=\"289\" height=\"101\"><figcaption class=\"wp-caption-text\">Encodage du texte 20abcd40ABCD60 avec EAN-128 (pas de s\u00e9parateur FNC1)<\/figcaption><\/figure>\n<figure style=\"width: 295px\" class=\"wp-caption aligncenter\"><img decoding=\"async\" alt=\"EAN-128 one FNC1 separator\" src=\"http:\/\/www.labeljoy.com\/images\/barcodes\/ean128_fnc1.png\" width=\"305\" height=\"101\"><figcaption class=\"wp-caption-text\">Encodage du texte 20abcd40|ABCD60 avec le code EAN-128 qui est repr\u00e9sent\u00e9 par 20abcd40[FNC1]ABCD60 (un s\u00e9parateur FNC1)<\/figcaption><\/figure>\n<figure style=\"width: 359px\" class=\"wp-caption aligncenter\"><img decoding=\"async\" alt=\"EAN-128 (four FNC1 separators)\" src=\"http:\/\/www.labeljoy.com\/images\/barcodes\/ean128_fnc1_barcode.png\" width=\"369\" height=\"101\"><figcaption class=\"wp-caption-text\">Encodage du texte 20|abcd|40|ABCD|60 avec EAN-128 qui est repr\u00e9sent\u00e9 par 20[FNC1]abcd[FNC1]40[FNC1]ABCD[FNC1]60 (quatre s\u00e9parateurs FNC1)<\/figcaption><\/figure>\n<div class=\"hr hr-dotted\">&nbsp;<\/div>\n<div class=\"one_half\">\n<p style=\"text-align: center\"><a href=\"\/fr\/achat\/\" class=\"large blue tt-button\" target=\"_self\">Acheter le logiciel g\u00e9n\u00e9rateur du Ean 128<\/a>\n<\/div>\n<div class=\"one_half\">\n<p style=\"text-align: center\"><a href=\"\/fr\/download-fr\/\" class=\"large green tt-button\" target=\"_self\">T\u00e9l\u00e9charger la version gratuite<\/a>\n<\/div>\n","protected":false},"excerpt":{"rendered":"<p>G\u00e9n\u00e9rateur EAN 128 EAN-128, \u00e9galement connu sous le nom de GS1-128, est une norme de codage \u00e0 barres utilis\u00e9e pour identifier et tracer des produits et des marchandises. C&rsquo;est un type de code \u00e0 barres lin\u00e9aire qui utilise une combinaison de chiffres et de caract\u00e8res ASCII pour repr\u00e9senter des informations sur la marchandise, telles que &#8230; <a title=\"EAN 128\" class=\"read-more\" href=\"https:\/\/www.labeljoy.com\/fr\/assistance\/guide-codes-barres\/ean-128-fr\/\" aria-label=\"En savoir plus sur EAN 128\">Read more<\/a><\/p>\n","protected":false},"author":1,"featured_media":0,"parent":2784,"menu_order":0,"comment_status":"open","ping_status":"closed","template":"","meta":{"inline_featured_image":false,"_monsterinsights_skip_tracking":false,"_monsterinsights_sitenote_active":false,"_monsterinsights_sitenote_note":"","_monsterinsights_sitenote_category":0,"footnotes":""},"class_list":{"0":"post-16407","1":"page","2":"type-page","3":"status-publish","5":"infinite-scroll-item"},"aioseo_notices":[],"_links":{"self":[{"href":"https:\/\/www.labeljoy.com\/fr\/wp-json\/wp\/v2\/pages\/16407","targetHints":{"allow":["GET"]}}],"collection":[{"href":"https:\/\/www.labeljoy.com\/fr\/wp-json\/wp\/v2\/pages"}],"about":[{"href":"https:\/\/www.labeljoy.com\/fr\/wp-json\/wp\/v2\/types\/page"}],"author":[{"embeddable":true,"href":"https:\/\/www.labeljoy.com\/fr\/wp-json\/wp\/v2\/users\/1"}],"replies":[{"embeddable":true,"href":"https:\/\/www.labeljoy.com\/fr\/wp-json\/wp\/v2\/comments?post=16407"}],"version-history":[{"count":4,"href":"https:\/\/www.labeljoy.com\/fr\/wp-json\/wp\/v2\/pages\/16407\/revisions"}],"predecessor-version":[{"id":39705,"href":"https:\/\/www.labeljoy.com\/fr\/wp-json\/wp\/v2\/pages\/16407\/revisions\/39705"}],"up":[{"embeddable":true,"href":"https:\/\/www.labeljoy.com\/fr\/wp-json\/wp\/v2\/pages\/2784"}],"wp:attachment":[{"href":"https:\/\/www.labeljoy.com\/fr\/wp-json\/wp\/v2\/media?parent=16407"}],"curies":[{"name":"wp","href":"https:\/\/api.w.org\/{rel}","templated":true}]}}