{"id":16409,"date":"2013-05-22T13:43:43","date_gmt":"2013-05-22T13:43:43","guid":{"rendered":"http:\/\/www.labeljoy.com\/?page_id=16409"},"modified":"2023-03-13T08:32:03","modified_gmt":"2023-03-13T08:32:03","slug":"code-128-fr","status":"publish","type":"page","link":"https:\/\/www.labeljoy.com\/fr\/assistance\/guide-codes-barres\/code-128-fr\/","title":{"rendered":"Code 128"},"content":{"rendered":"<h1>G\u00e9n\u00e9rateur de Code 128<\/h1>\n<blockquote><p>Le <strong>Code 128<\/strong> est un code \u00e0 barres lin\u00e9aire utilis\u00e9 pour coder des informations alphanum\u00e9riques. C&rsquo;est l&rsquo;<strong>un des codes \u00e0 barres les plus populaires<\/strong> et il est utilis\u00e9 dans un large \u00e9ventail d&rsquo;applications, telles que la gestion des stocks, l&rsquo;exp\u00e9dition, le suivi des produits, la fabrication et la gestion des documents.<\/p><\/blockquote>\n<p>Code 128 est ainsi nomm\u00e9 car il utilise 128 caract\u00e8res ASCII (American Standard Code for Information Interchange) pour encoder des donn\u00e9es. Ces caract\u00e8res sont repr\u00e9sent\u00e9s par sept bits, ce qui signifie qu&rsquo;il y a 128 combinaisons possibles de bits, de 0000000 \u00e0 1111111. Le code utilise un syst\u00e8me de codage \u00e0 barres pour repr\u00e9senter visuellement ces donn\u00e9es.<\/p>\n<p>Le syst\u00e8me de codage \u00e0 barres de <strong>Code 128<\/strong> utilise trois symboles de barres diff\u00e9rents (un large, un \u00e9troit et un interm\u00e9diaire) pour repr\u00e9senter chaque caract\u00e8re ASCII. Il y a \u00e9galement des symboles de d\u00e9but et de fin qui indiquent le d\u00e9but et la fin du <strong>code \u00e0 barres<\/strong>. Dans l&rsquo;ensemble, le syst\u00e8me de codage \u00e0 barres de Code 128 peut repr\u00e9senter tous les 128 caract\u00e8res ASCII, ainsi que les caract\u00e8res sp\u00e9ciaux et de contr\u00f4le.<\/p>\n<p>L&rsquo;une des caract\u00e9ristiques du <strong>Code 128<\/strong> est qu&rsquo;il peut \u00eatre utilis\u00e9 pour coder des donn\u00e9es num\u00e9riques et alphanum\u00e9riques, y compris des caract\u00e8res de contr\u00f4le tels que les checksums. En outre, le Code 128 permet la compression des donn\u00e9es, ce qui signifie que le code \u00e0 barres peut \u00eatre plus court que d&rsquo;autres codes \u00e0 barres similaires.<\/p>\n<p>Le <strong>Code 128<\/strong> a \u00e9t\u00e9 introduit dans les ann\u00e9es 1980 et est rapidement devenu une norme pour de nombreuses industries en raison de sa flexibilit\u00e9 et de sa capacit\u00e9 \u00e0 encoder un large \u00e9ventail d&rsquo;informations. Aujourd&rsquo;hui, il est largement utilis\u00e9 dans le monde entier et est compatible avec la plupart des lecteurs de codes-barres et des logiciels de gestion des stocks.<\/p>\n<p><strong>Le Code 128 est utilis\u00e9 comme symbologie de base<\/strong> pour g\u00e9n\u00e9rer les symboles de codes \u00e0 barres <a href=\"http:\/\/www.labeljoy.com\/fr\/assistance\/guide-codes-barres\/ean-128-fr\/\" title=\"Ean 128\">EAN-128<\/a> et <a href=\"http:\/\/www.labeljoy.com\/fr\/assistance\/guide-codes-barres\/gs1-128-fr\/\" title=\"gs1-128\">GS1-128<\/a>.<br \/>\n<img decoding=\"async\" class=\"aligncenter\" alt=\"Code128 example\" src=\"http:\/\/www.labeljoy.com\/images\/barcodes\/code128_example.gif\" width=\"416\" height=\"330\"><\/p>\n<h2>Symbole Code 128<\/h2>\n<p>Labeljoy vous demande de saisir un texte alphanum\u00e9rique contenant jusqu&rsquo;\u00e0 48 caract\u00e8res pour g\u00e9n\u00e9rer le code \u00e0 barres. Entrez le texte dans la zone de texte.<br \/>\nLe texte lisible par l&rsquo;homme peut \u00eatre affich\u00e9 au-dessus du symbole, en dessous ou cach\u00e9 selon les param\u00e8tres sp\u00e9cifi\u00e9s dans la boite<\/p>\n<div class=\"tt-notification tip\"><p style=\"font-size:12px;\">Concat\u00e9nation du texte:<br \/>\nLorsqu&rsquo;un <strong>\u00e9l\u00e9ment du code \u00e0 barres Code 128<\/strong> est g\u00e9n\u00e9r\u00e9 par concat\u00e9nation des champs ou des compteurs, la r\u00e8gle suivante s&rsquo;applique:<\/p>\n<ul class=\"barcode-ul\">\n<li>La longueur du texte ne doit pas d\u00e9passer 48 caract\u00e8res.<\/li>\n<\/ul>\n<p>Quand une valeur ne respectant pas la r\u00e8gle ci-dessus est trouv\u00e9e, le code barre ne s&rsquo;affiche pas.<br \/>\n<\/p><\/div>\n<figure style=\"width: 343px\" class=\"wp-caption aligncenter\"><img decoding=\"async\" alt=\"Code 128 texte en dessous du symbole\" src=\"http:\/\/www.labeljoy.com\/images\/barcodes\/code128_text_below.png\" width=\"353\" height=\"101\"><figcaption class=\"wp-caption-text\">Code 128 texte en dessous du symbole<\/figcaption><\/figure>\n<figure style=\"width: 343px\" class=\"wp-caption aligncenter\"><img decoding=\"async\" alt=\"Code 128 avec texte au-dessus du symbole\" src=\"http:\/\/www.labeljoy.com\/images\/barcodes\/code128_text_above.png\" width=\"353\" height=\"101\"><figcaption class=\"wp-caption-text\">Code 128 avec texte au-dessus du symbole<\/figcaption><\/figure>\n<figure style=\"width: 343px\" class=\"wp-caption aligncenter\"><img decoding=\"async\" alt=\"Code 128 avec texte cach\u00e9\" src=\"http:\/\/www.labeljoy.com\/images\/barcodes\/code128_hidden_text.png\" width=\"353\" height=\"105\"><figcaption class=\"wp-caption-text\">Code 128 avec texte cach\u00e9<\/figcaption><\/figure>\n<div class=\"hr hr-dotted\">&nbsp;<\/div>\n<div class=\"one_half\">\n<p style=\"text-align: center\"><a href=\"\/fr\/achat\/\" class=\"large blue tt-button\" target=\"_self\">Acheter le logiciel g\u00e9n\u00e9rateur du code 128<\/a>\n<\/div>\n<div class=\"one_half\">\n<p style=\"text-align: center\"><a href=\"\/fr\/download-fr\/\" class=\"large green tt-button\" target=\"_self\">T\u00e9l\u00e9charger la version gratuite<\/a>\n<\/div>\n","protected":false},"excerpt":{"rendered":"<p>G\u00e9n\u00e9rateur de Code 128 Le Code 128 est un code \u00e0 barres lin\u00e9aire utilis\u00e9 pour coder des informations alphanum\u00e9riques. C&rsquo;est l&rsquo;un des codes \u00e0 barres les plus populaires et il est utilis\u00e9 dans un large \u00e9ventail d&rsquo;applications, telles que la gestion des stocks, l&rsquo;exp\u00e9dition, le suivi des produits, la fabrication et la gestion des documents. &#8230; <a title=\"Code 128\" class=\"read-more\" href=\"https:\/\/www.labeljoy.com\/fr\/assistance\/guide-codes-barres\/code-128-fr\/\" aria-label=\"En savoir plus sur Code 128\">Read more<\/a><\/p>\n","protected":false},"author":1,"featured_media":0,"parent":2784,"menu_order":0,"comment_status":"open","ping_status":"closed","template":"","meta":{"inline_featured_image":false,"_monsterinsights_skip_tracking":false,"_monsterinsights_sitenote_active":false,"_monsterinsights_sitenote_note":"","_monsterinsights_sitenote_category":0,"footnotes":""},"class_list":{"0":"post-16409","1":"page","2":"type-page","3":"status-publish","5":"infinite-scroll-item"},"aioseo_notices":[],"_links":{"self":[{"href":"https:\/\/www.labeljoy.com\/fr\/wp-json\/wp\/v2\/pages\/16409","targetHints":{"allow":["GET"]}}],"collection":[{"href":"https:\/\/www.labeljoy.com\/fr\/wp-json\/wp\/v2\/pages"}],"about":[{"href":"https:\/\/www.labeljoy.com\/fr\/wp-json\/wp\/v2\/types\/page"}],"author":[{"embeddable":true,"href":"https:\/\/www.labeljoy.com\/fr\/wp-json\/wp\/v2\/users\/1"}],"replies":[{"embeddable":true,"href":"https:\/\/www.labeljoy.com\/fr\/wp-json\/wp\/v2\/comments?post=16409"}],"version-history":[{"count":5,"href":"https:\/\/www.labeljoy.com\/fr\/wp-json\/wp\/v2\/pages\/16409\/revisions"}],"predecessor-version":[{"id":39682,"href":"https:\/\/www.labeljoy.com\/fr\/wp-json\/wp\/v2\/pages\/16409\/revisions\/39682"}],"up":[{"embeddable":true,"href":"https:\/\/www.labeljoy.com\/fr\/wp-json\/wp\/v2\/pages\/2784"}],"wp:attachment":[{"href":"https:\/\/www.labeljoy.com\/fr\/wp-json\/wp\/v2\/media?parent=16409"}],"curies":[{"name":"wp","href":"https:\/\/api.w.org\/{rel}","templated":true}]}}