{"id":16410,"date":"2013-05-22T13:43:13","date_gmt":"2013-05-22T13:43:13","guid":{"rendered":"http:\/\/www.labeljoy.com\/?page_id=16410"},"modified":"2020-12-28T14:48:51","modified_gmt":"2020-12-28T14:48:51","slug":"code-93-fr","status":"publish","type":"page","link":"https:\/\/www.labeljoy.com\/fr\/assistance\/guide-codes-barres\/code-93-fr\/","title":{"rendered":"Code 93"},"content":{"rendered":"<h1>G\u00e9n\u00e9rateur de code \u00e0 barres Code 93<\/h1>\n<p><strong>Labeljoy peut g\u00e9n\u00e9rer un Code 93 en quelques clics<\/strong>. Le code 93, cr\u00e9\u00e9 en 1982 par Intermec, donne une plus grande densit\u00e9 et une meilleure s\u00e9curit\u00e9 des donn\u00e9es que <a href=\"http:\/\/www.labeljoy.com\/fr\/assistance\/guide-codes-barres\/code-39-fr\/\" title=\"Code 39\">le Code 39<\/a> et il est form\u00e9 par deux caract\u00e8res de contr\u00f4le g\u00e9n\u00e9r\u00e9s automatiquement par Labeljoy. Labeljoy, le logiciel g\u00e9n\u00e9rateur de code \u00e0 barres, peut \u00eatre utilis\u00e9 par Canada Post pour coder les informations de livraison.<br \/>\n<div class=\"tt-notification warning\"><p style=\"font-size:12px;\"><strong>Remarque\u00a0<\/strong>: les chiffres de contr\u00f4le ne sont qu&rsquo;ajout\u00e9s au symbole du code barre 93. Ils ne sont pas ajout\u00e9s au texte lisible par l&rsquo;homme. <\/p><\/div>\n<figure style=\"width: 166px\" class=\"wp-caption alignleft\"><img decoding=\"async\" alt=\"Symbole Code 93\" src=\"http:\/\/www.labeljoy.com\/images\/barcodes\/code93_symbol.png\" width=\"176\" height=\"121\" \/><figcaption class=\"wp-caption-text\">Symbole Code 93<\/figcaption><\/figure>\n<p>Labeljoy vous demande d&rsquo;entrer jusqu&rsquo;\u00e0 255 caract\u00e8res <strong>pour g\u00e9n\u00e9rer le code barre Code 93.<\/strong><br \/>\nPour plus d&rsquo;explications, vous pouvez <a href=\"http:\/\/www.labeljoy.com\/fr\/video-assistance\/generer-codes-barres-qrcodes\/\" title=\"G\u00e9n\u00e9rez des codes-barres et Codes QR\">visualiser le tutoriel vid\u00e9o<\/a> qui explique comment g\u00e9n\u00e9rer le code \u00e0 barres et le code QR.<\/p>\n<div class=\"column-clear\"><\/div>\n<h2>Symbole Code 93<\/h2>\n<p>Un code 93 peut \u00eatre \u00e9tendu pour coder <strong>tous les caract\u00e8res ASCII en dessous de 128<\/strong>, y compris des minuscules. Activez la case \u00e0 cocher <strong>Codage complet<\/strong> pour activer le mode ASCII complet.<\/p>\n<figure style=\"width: 383px\" class=\"wp-caption aligncenter\"><img decoding=\"async\" alt=\"Code 93 en mode ASCII complet\" src=\"http:\/\/www.labeljoy.com\/images\/barcodes\/code93_ASCII.png\" width=\"393\" height=\"123\" \/><figcaption class=\"wp-caption-text\">Code 93 en mode ASCII complet<\/figcaption><\/figure>\n<div class=\"column-clear\"><\/div>\n<div class=\"tt-notification tip\"><p style=\"font-size:12px;\">Concat\u00e9nation du texte:<br \/>\nLorsqu&rsquo;un code barre \u00e0 93 \u00e9l\u00e9ments est g\u00e9n\u00e9r\u00e9e par concat\u00e9nation des champs ou des compteurs, les r\u00e8gles suivantes s&rsquo;appliquent:<\/p>\n<ul class=\"barcode-ul\">\n<li>Quand le mode est standard, le texte \u00e0 coder ne peut contenir que des lettres majuscules (A \u00e0 Z), des chiffres (0 \u00e0 9) et un ou plusieurs caract\u00e8res sp\u00e9ciaux accept\u00e9s (-, ., $, \/, +, %, et l&rsquo;espace).<\/li>\n<li>En mode ASCII complet, le texte \u00e0 coder peut contenir n&rsquo;importe quel caract\u00e8re jusqu&rsquo;\u00e0 ASCII 127.<\/li>\n<\/ul>\n<p>Quand une valeur ne respectant pas les r\u00e8gles ci-dessus est trouv\u00e9e, le code barre ne s&rsquo;affiche pas.<br \/>\n<\/p><\/div>\n<p>Le texte lisible par l&rsquo;homme peut \u00e9galement \u00eatre affich\u00e9 au-dessus du symbole ou cach\u00e9 selon les param\u00e8tres sp\u00e9cifi\u00e9s dans la boite.<\/p>\n<div class=\"one_half\">\n<figure style=\"width: 166px\" class=\"wp-caption aligncenter\"><img decoding=\"async\" alt=\"Code 93 texte au-dessus\" src=\"http:\/\/www.labeljoy.com\/images\/barcodes\/code93_text_above.png\" width=\"176\" height=\"121\" \/><figcaption class=\"wp-caption-text\">Code 93 texte au-dessus<\/figcaption><\/figure>\n<\/div>\n<div class=\"one_half\">\n<figure style=\"width: 166px\" class=\"wp-caption aligncenter\"><img decoding=\"async\" alt=\"Code 93 texte cach\u00e9\" src=\"http:\/\/www.labeljoy.com\/images\/barcodes\/code93_hidden_text.png\" width=\"176\" height=\"124\" \/><figcaption class=\"wp-caption-text\">Code 93 texte cach\u00e9<\/figcaption><\/figure>\n<\/div>\n<div class=\"hr hr-dotted\">&nbsp;<\/div>\n<div class=\"one_half\">\n<p style=\"text-align: center\"><a href=\"\/fr\/achat\/\" class=\"large blue tt-button\" target=\"_self\">Acheter le logiciel g\u00e9n\u00e9rateur du code 93<\/a>\n<\/div>\n<div class=\"one_half\">\n<p style=\"text-align: center\"><a href=\"\/fr\/download-fr\/\" class=\"large green tt-button\" target=\"_self\">T\u00e9l\u00e9charger la version gratuite<\/a>\n<\/div>\n","protected":false},"excerpt":{"rendered":"<p>G\u00e9n\u00e9rateur de code \u00e0 barres Code 93 Labeljoy peut g\u00e9n\u00e9rer un Code 93 en quelques clics. Le code 93, cr\u00e9\u00e9 en 1982 par Intermec, donne une plus grande densit\u00e9 et une meilleure s\u00e9curit\u00e9 des donn\u00e9es que le Code 39 et il est form\u00e9 par deux caract\u00e8res de contr\u00f4le g\u00e9n\u00e9r\u00e9s automatiquement par Labeljoy. Labeljoy, le logiciel &#8230; <a title=\"Code 93\" class=\"read-more\" href=\"https:\/\/www.labeljoy.com\/fr\/assistance\/guide-codes-barres\/code-93-fr\/\" aria-label=\"En savoir plus sur Code 93\">Read more<\/a><\/p>\n","protected":false},"author":1,"featured_media":0,"parent":2784,"menu_order":0,"comment_status":"open","ping_status":"closed","template":"page-template-left-sidebar.php","meta":{"inline_featured_image":false,"_monsterinsights_skip_tracking":false,"_monsterinsights_sitenote_active":false,"_monsterinsights_sitenote_note":"","_monsterinsights_sitenote_category":0,"footnotes":""},"class_list":{"0":"post-16410","1":"page","2":"type-page","3":"status-publish","5":"infinite-scroll-item"},"aioseo_notices":[],"_links":{"self":[{"href":"https:\/\/www.labeljoy.com\/fr\/wp-json\/wp\/v2\/pages\/16410","targetHints":{"allow":["GET"]}}],"collection":[{"href":"https:\/\/www.labeljoy.com\/fr\/wp-json\/wp\/v2\/pages"}],"about":[{"href":"https:\/\/www.labeljoy.com\/fr\/wp-json\/wp\/v2\/types\/page"}],"author":[{"embeddable":true,"href":"https:\/\/www.labeljoy.com\/fr\/wp-json\/wp\/v2\/users\/1"}],"replies":[{"embeddable":true,"href":"https:\/\/www.labeljoy.com\/fr\/wp-json\/wp\/v2\/comments?post=16410"}],"version-history":[{"count":3,"href":"https:\/\/www.labeljoy.com\/fr\/wp-json\/wp\/v2\/pages\/16410\/revisions"}],"predecessor-version":[{"id":16432,"href":"https:\/\/www.labeljoy.com\/fr\/wp-json\/wp\/v2\/pages\/16410\/revisions\/16432"}],"up":[{"embeddable":true,"href":"https:\/\/www.labeljoy.com\/fr\/wp-json\/wp\/v2\/pages\/2784"}],"wp:attachment":[{"href":"https:\/\/www.labeljoy.com\/fr\/wp-json\/wp\/v2\/media?parent=16410"}],"curies":[{"name":"wp","href":"https:\/\/api.w.org\/{rel}","templated":true}]}}