{"id":16904,"date":"2013-06-10T15:42:19","date_gmt":"2013-06-10T15:42:19","guid":{"rendered":"http:\/\/www.labeljoy.com\/?page_id=16904"},"modified":"2026-03-06T08:28:00","modified_gmt":"2026-03-06T08:28:00","slug":"logiciel-generateur-codes-barres","status":"publish","type":"page","link":"https:\/\/www.labeljoy.com\/fr\/logiciel-generateur-codes-barres\/","title":{"rendered":"Logiciel g\u00e9n\u00e9rateur de codes barres"},"content":{"rendered":"<h1>Logiciel g\u00e9n\u00e9rateur de codes barres<\/h1>\n<p>Labeljoy est un <strong>logiciel de codes barres professionnels<\/strong> qui permet aux utilisateurs de <a title=\"G\u00e9n\u00e9rateur de codes-barres en ligne gratuit\" href=\"https:\/\/www.labeljoy.com\/generateur-code-barre-gratuit\/\">g\u00e9n\u00e9rer des codes barres<\/a> et des codes QR d&rsquo;une mani\u00e8re simple et rapide.<\/p>\n<ul>\n<li>Cr\u00e9er 21 types de codes barres (codes 1D et 2D)<\/li>\n<li>Importez des codes barres \u00e0 partir des bases de donn\u00e9es (Excel, MySQL, Access, &#8230;)<\/li>\n<li>Calcul automatique de la somme de contr\u00f4le<\/li>\n<\/ul>\n<p><strong>G\u00e9n\u00e9rez les codes barres dont vous avez besoin et imprimez des \u00e9tiquettes de codes barres<\/strong>. Il suffit de s\u00e9lectionner le type de code barre, d&rsquo;entrer le num\u00e9ro de code et de cliquer sur OK. Vous pouvez ensuite imprimer les \u00e9tiquettes ou les exporter.<\/p>\n<p style=\"text-align: center;\"><a class=\"jumbo green tt-button\" title=\"T\u00c9L\u00c9CHARGER Barcode software\" href=\"http:\/\/www.labeljoy.com\/fr\/download-fr\/\" target=\"_self\" rel=\"noopener\">\u00a0 \u00a0 \u00a0 T\u00c9L\u00c9CHARGER GRATUITEMENT \u00a0 \u00a0 \u00a0<\/a><\/p>\n<div class=\"hr hr-solid\" style=\"margin-top: 1em; margin-bottom: 3em;\"><\/div>\n<h2>Comment g\u00e9n\u00e9rer des codes barres avec Labeljoy<\/h2>\n<p><em>Labeljoy, logiciel g\u00e9n\u00e9rateur de codes barres<\/em>, est fourni avec les dispositifs qui<strong> vous permettent de cr\u00e9er des codes barres personnalis\u00e9s<\/strong> et des \u00e9tiquettes pour chaque type d&rsquo;entreprise. Le logiciel d&rsquo;\u00e9tiquettes de codes barres permet de g\u00e9n\u00e9rer les codes 1D et 2D (ou plus pr\u00e9cis\u00e9ment 13 codes \u00e0 barres lin\u00e9aires et quatre codes barres 2D comprenant \u00e9galement les <a title=\"QR Code\" href=\"http:\/\/www.labeljoy.com\/fr\/qr-code-fr\/\">codes QR<\/a>).<\/p>\n<p><a title=\"Labeljoy g\u00e9n\u00e9rateur de codes barres\" href=\"http:\/\/www.labeljoy.com\/images\/barcode-software\/fr\/barcode-generator-b.jpg\"><img decoding=\"async\" width=\"1092\" height=\"609\" style=\"max-width: 80%; margin-left: 10%; margin-right: 10%;\" src=\"http:\/\/www.labeljoy.com\/images\/barcode-software\/fr\/barcode-generator-b.jpg\" alt=\"Labeljoy g\u00e9n\u00e9rateur de codes barres\" \/><\/a><\/p>\n<p>Voici comment utiliser le g\u00e9n\u00e9rateur de code barres de Labeljoy:<\/p>\n<ol>\n<li>Ouvrez Labeljoy et double-cliquez sur le code barre.<\/li>\n<li>S\u00e9lectionnez le type de code barre que vous souhaitez cr\u00e9er.<\/li>\n<li>\u00c9crivez le code alphanum\u00e9rique qui doit \u00eatre g\u00e9n\u00e9r\u00e9.<\/li>\n<li>Cliquez sur Ok et le logiciel g\u00e9n\u00e8re le code barre.<\/li>\n<\/ol>\n<p>Pour plus d&rsquo;informations, voyez le tutoriel vid\u00e9o \u00ab\u00a0<a title=\"G\u00e9n\u00e9rez des codes-barres et Codes QR\" href=\"https:\/\/www.labeljoy.com\/fr\/videos\/generer-un-code-a-barres-et-code-qr\/\">Comment g\u00e9n\u00e9rer des codes barres et des codes QR<\/a>\u00ab\u00a0.<\/p>\n<div class=\"hr hr-solid\" style=\"margin-top: 1em; margin-bottom: 3em;\"><\/div>\n<div class=\"one_third\">\n<div class=\"img-frame full-fourth\">\n<div class=\"lightbox-zoom\"><a class=\"hover-item\" title=\"Logiciel d'\u00e9tiquettes de codes \u00e0 barres\" href=\"http:\/\/www.labeljoy.com\/images\/barcode-software\/fr\/barcode-label-software.jpg\"><img decoding=\"async\" src=\"http:\/\/www.labeljoy.com\/images\/barcode-software\/fr\/barcode-label-software.jpg\" alt=\"Logiciel d'\u00e9tiquettes de codes \u00e0 barres\" width=\"197\" height=\"133\" \/><\/a><\/div>\n<\/div>\n<\/div>\n<div class=\"one_third\">\n<div class=\"img-frame full-fourth\">\n<div class=\"lightbox-zoom\"><a class=\"hover-item\" title=\"Codes \u00e0 barres types qui Labeljoy peut g\u00e9n\u00e9rer\" href=\"http:\/\/www.labeljoy.com\/images\/barcode-software\/fr\/barcode-generator-software.jpg\"><img decoding=\"async\" src=\"http:\/\/www.labeljoy.com\/images\/barcode-software\/fr\/barcode-generator-software.jpg\" alt=\"Codes \u00e0 barres types qui Labeljoy peut g\u00e9n\u00e9rer\" width=\"197\" height=\"133\" \/><\/a><\/div>\n<\/div>\n<\/div>\n<div class=\"one_third\">\n<div class=\"img-frame full-fourth\">\n<div class=\"lightbox-zoom\"><a class=\"hover-item\" title=\"Exemple d'\u00e9tiquettes de prix avec code \u00e0 barres\" href=\"http:\/\/www.labeljoy.com\/images\/barcode-software\/fr\/price-tag-barcode.jpg\"><img decoding=\"async\" src=\"http:\/\/www.labeljoy.com\/images\/barcode-software\/fr\/price-tag-barcode.jpg\" alt=\"\u00e9tiquettes de prix avec code \u00e0 barrese\" width=\"197\" height=\"133\" \/><\/a><\/div>\n<\/div>\n<\/div>\n<p style=\"text-align: right;\"><a title=\"Captures d\u2019\u00e9cran\" href=\"http:\/\/www.labeljoy.com\/fr\/captures-ecran\/\">Plus de captures d&rsquo;\u00e9cran du logiciel de codes \u00e0 barres &gt;&gt;&gt;<\/a><\/p>\n<p style=\"text-align: center;\"><a class=\"jumbo green tt-button\" href=\"http:\/\/www.labeljoy.com\/fr\/download-fr\/\" target=\"_self\" rel=\"noopener\">\u00a0 \u00a0 \u00a0T\u00c9L\u00c9CHARGER LE LOGICIEL MAINTENANT \u00a0 \u00a0 \u00a0<\/a><\/p>\n<div class=\"hr hr-solid\" style=\"margin-top: 1em; margin-bottom: 3em;\"><\/div>\n<h3>Caract\u00e9ristiques du g\u00e9n\u00e9rateur de codes barres<\/h3>\n<p>Labeljoy vous permet de <strong>g\u00e9n\u00e9rer des codes barres pour chaque champ et pour tout type d&rsquo;\u00e9tiquette<\/strong>, telles que des <a title=\"etiquettes de Vin\" href=\"http:\/\/www.labeljoy.com\/fr\/modeles\/etiquettes-vin\/\">\u00e9tiquettes de vin<\/a>, des <a title=\"\u00e9tiquettes des bouteilles\" href=\"http:\/\/www.labeljoy.com\/fr\/modeles\/etiquettes-bouteille\/\">\u00e9tiquettes des bouteilles<\/a>, des <a title=\"\u00e9tiquette de Code-barres Prix\" href=\"http:\/\/www.labeljoy.com\/fr\/modeles\/etiquettes-prix-code-barres\/\">\u00e9tiquette de prix<\/a> et toutes les \u00e9tiquettes qui ont besoin d&rsquo;un code barre. Voyez notre <a title=\"Mod\u00e8les \u00e9tiquette\" href=\"http:\/\/www.labeljoy.com\/fr\/modeles\/\">collection de mod\u00e8les d&rsquo;\u00e9tiquettes<\/a>.<\/p>\n<div class=\"one_half\">\n<p class=\"tt-icon icon-barcode\"><strong>G\u00c9N\u00c9RER DES CODES BARRES<\/strong><br \/>\nLabeljoy g\u00e9n\u00e8re 21 types de codes barres diff\u00e9rents: <a title=\"Code 39\" href=\"http:\/\/www.labeljoy.com\/fr\/assistance\/guide-codes-barres\/code-39-fr\/\">Code 39<\/a>, <a title=\"Code 128\" href=\"http:\/\/www.labeljoy.com\/fr\/assistance\/guide-codes-barres\/code-128-fr\/\">Code 128<\/a>, <a title=\"EAN 128\" href=\"http:\/\/www.labeljoy.com\/fr\/assistance\/guide-codes-barres\/ean-128-fr\/\">EAN 128<\/a>, <a title=\"UPC code\" href=\"http:\/\/www.labeljoy.com\/fr\/assistance\/guide-codes-barres\/upc-code-fr\/\">Code UPC<\/a>, <a title=\"Datamatrix\" href=\"http:\/\/www.labeljoy.com\/fr\/assistance\/guide-codes-barres\/datamatrix-fr\/\">Datamatrix<\/a>, et de nombreux autres codes barres.<\/p>\n<\/div>\n<div class=\"one_half\">\n<p class=\"tt-icon icon-export\"><strong>EXPORT DE CODES BARRES<\/strong><br \/>\nVous pouvez exporter les codes barres cr\u00e9\u00e9s dans les formats les plus courants tels que pdf, jpg, gif, png, tiff et ico.<\/p>\n<\/div>\n<div class=\"hr hr-dotted\">&nbsp;<\/div>\n<div class=\"one_half\">\n<p class=\"tt-icon icon-db2\"><strong>CR\u00c9ATION DEPUIS LES BASES DE DONN\u00c9ES<\/strong><br \/>\nIl est possible d&rsquo;<a title=\"Connexion sources de donn\u00e9es externes\" href=\"http:\/\/www.labeljoy.com\/fr\/video-assistance\/connecter-sources-externes\/\">importer des codes barres depuis les bases de donn\u00e9es externes<\/a> telles que Excel, Access, Outlook, SQLite, csv, txt, wk1-2-3, SQL Server, MySQL, Oracle.<\/p>\n<\/div>\n<div class=\"one_half\">\n<p class=\"tt-icon icon-printer\"><strong>IMPRESSION DE CODES<\/strong><br \/>\nLe logiciel vous permet d&rsquo;imprimer des codes barres avec <a title=\"Imprimez avec une imprimante \u00e0 rouleau\" href=\"http:\/\/www.labeljoy.com\/fr\/video-assistance\/imprimer-imprimante-rouleau\/\">les imprimantes \u00e0 rouleau<\/a> ou les imprimantes standard, en choisissant entre les mod\u00e8les de mise en page pr\u00e9charg\u00e9s ou en personnalisant selon vos go\u00fbts.<\/p>\n<\/div>\n","protected":false},"excerpt":{"rendered":"<p>Logiciel g\u00e9n\u00e9rateur de codes barres Labeljoy est un logiciel de codes barres professionnels qui permet aux utilisateurs de g\u00e9n\u00e9rer des codes barres et des codes QR d&rsquo;une mani\u00e8re simple et rapide. Cr\u00e9er 21 types de codes barres (codes 1D et 2D) Importez des codes barres \u00e0 partir des bases de donn\u00e9es (Excel, MySQL, Access, &#8230;) &#8230; <a title=\"Logiciel g\u00e9n\u00e9rateur de codes barres\" class=\"read-more\" href=\"https:\/\/www.labeljoy.com\/fr\/logiciel-generateur-codes-barres\/\" aria-label=\"En savoir plus sur Logiciel g\u00e9n\u00e9rateur de codes barres\">Read more<\/a><\/p>\n","protected":false},"author":1,"featured_media":0,"parent":0,"menu_order":2,"comment_status":"closed","ping_status":"closed","template":"","meta":{"inline_featured_image":false,"_monsterinsights_skip_tracking":false,"_monsterinsights_sitenote_active":false,"_monsterinsights_sitenote_note":"","_monsterinsights_sitenote_category":0,"footnotes":""},"class_list":{"0":"post-16904","1":"page","2":"type-page","3":"status-publish","5":"infinite-scroll-item"},"aioseo_notices":[],"_links":{"self":[{"href":"https:\/\/www.labeljoy.com\/fr\/wp-json\/wp\/v2\/pages\/16904","targetHints":{"allow":["GET"]}}],"collection":[{"href":"https:\/\/www.labeljoy.com\/fr\/wp-json\/wp\/v2\/pages"}],"about":[{"href":"https:\/\/www.labeljoy.com\/fr\/wp-json\/wp\/v2\/types\/page"}],"author":[{"embeddable":true,"href":"https:\/\/www.labeljoy.com\/fr\/wp-json\/wp\/v2\/users\/1"}],"replies":[{"embeddable":true,"href":"https:\/\/www.labeljoy.com\/fr\/wp-json\/wp\/v2\/comments?post=16904"}],"version-history":[{"count":13,"href":"https:\/\/www.labeljoy.com\/fr\/wp-json\/wp\/v2\/pages\/16904\/revisions"}],"predecessor-version":[{"id":45161,"href":"https:\/\/www.labeljoy.com\/fr\/wp-json\/wp\/v2\/pages\/16904\/revisions\/45161"}],"wp:attachment":[{"href":"https:\/\/www.labeljoy.com\/fr\/wp-json\/wp\/v2\/media?parent=16904"}],"curies":[{"name":"wp","href":"https:\/\/api.w.org\/{rel}","templated":true}]}}