{"id":16951,"date":"2012-11-21T11:30:53","date_gmt":"2012-11-21T11:30:53","guid":{"rendered":"http:\/\/www.labeljoy.com\/?page_id=16951"},"modified":"2020-12-22T18:14:09","modified_gmt":"2020-12-22T18:14:09","slug":"etiquette-code-barre","status":"publish","type":"page","link":"https:\/\/www.labeljoy.com\/fr\/modeles\/etiquette-code-barre\/","title":{"rendered":"\u00c9tiquette de code barre"},"content":{"rendered":"<h1>\u00c9tiquettes de codes barres<\/h1>\n<p>Avec labeljoy, <strong>cr\u00e9er des \u00e9tiquettes avec code barre et code QR<\/strong> est tr\u00e8s simple.<\/p>\n<h2>Imprimez vos \u00e9tiquettes de code barre professionnels en quelques \u00e9tapes<\/h2>\n<p>Le <a href=\"http:\/\/www.labeljoy.com\/fr\/slider\/logiciel-professionnel-de-code-barre\/\" title=\"Logiciel professionnel de code barre\">logiciel d&rsquo;\u00e9tiquettes de codes barres<\/a> Labejoy vous permet de g\u00e9n\u00e9rer automatiquement <a href=\"http:\/\/www.labeljoy.com\/fr\/assistance\/guide-codes-barres\/\" title=\"Guide du Code \u00e0 Barres\">21 types de codes barres<\/a> en seulement quelques clics, lisez le <a href=\"http:\/\/www.labeljoy.com\/fr\/assistance\/comment-faire\/creez-etiquettes-prix\/\" title=\"Cr\u00e9ez ses \u00e9tiquettes prix\">guide \u00ab\u00a0Cr\u00e9ez ses \u00e9tiquettes prix\u00a0\u00bb<\/a> qui va vous montrer \u00e9tape par \u00e9tape l&rsquo;ensemble du processus pour \u00eatre en mesure de <em>cr\u00e9er vos propres \u00e9tiquettes de code barre professionnelles<\/em> ou votre <a href=\"http:\/\/www.labeljoy.com\/fr\/modeles\/etiquettes-prix-code-barres\/\" title=\"Code-barres Prix\">\u00e9tiquette de prix personnalis\u00e9e<\/a>.<\/p>\n<p>L&rsquo;une des fonctions de Labeljoy est la possibilit\u00e9 d&rsquo;<a href=\"http:\/\/www.labeljoy.com\/fr\/video-assistance\/connecter-sources-externes\/\" title=\"Connexion sources de donn\u00e9es externes\">importer des bases de donn\u00e9es externes de codes barres<\/a> \u00e0 partir de diff\u00e9rents formats, tels que Outlook, <a href=\"http:\/\/www.labeljoy.com\/fr\/video-assistance\/charger-des-excel\/\" title=\"Chargez des donn\u00e9es \u00e0 partir d\u2019Excel\">Databse Excel<\/a>, des fichiers texte, et bien plus!<br \/>\nCela vous permet de g\u00e9n\u00e9rer des codes barres puisant des donn\u00e9es depuis des codes de toute autre source de donn\u00e9es.<\/p>\n<h3>\u00c9tiquettes de code barre pr\u00eates \u00e0 imprimer<\/h3>\n<p>Labeljoy vous permet d&rsquo;imprimer des \u00e9tiquettes de codes barres en ajoutant simplement tout ce que vous voulez:<\/p>\n<div class=\"one_third\">\n<ul>\n<li>Textes<\/li>\n<li>Images<\/li>\n<li><a href=\"http:\/\/www.labeljoy.com\/fr\/assistance\/guide-codes-barres\/\" title=\"Code \u00e0 Barres\">Codes barres<\/a><\/li>\n<\/ul>\n<\/div>\n<div class=\"one_third\">\n<ul>\n<li><a href=\"http:\/\/www.labeljoy.com\/fr\/qr-code-fr\/\" title=\"QR Code\">Codes QR<\/a><\/li>\n<li>Donn\u00e9es venant de bases de donn\u00e9es externes <\/li>\n<li>Effets graphiques<\/li>\n<\/ul>\n<\/div>\n<div class=\"one_third\">\n<\/div>\n<div class=\"column-clear\"><\/div>\n<div class=\"one_third\"> <div class=\"img-frame full-fourth\"><div class=\"lightbox-zoom\"><a title=\"Pince \u00e9tiquette de code \u00e0 barres\" href=\"http:\/\/www.labeljoy.com\/label-templates\/barcode\/barcode1b.jpg\" data-gal=\"prettyPhoto[code-barre]\" class=\"hover-item\"><img decoding=\"async\" width=\"197\" height=\"133\" alt=\"Pince \u00e9tiquette de code \u00e0 barres\" src=\"https:\/\/www.labeljoy.com\/wp-content\/plugins\/sterling-shortcodes\/\/timthumb\/timthumb.php?src=http:\/\/www.labeljoy.com\/label-templates\/barcode\/barcode1s.jpg&#038;h=133&#038;w=197\"><\/a><\/div><\/div>\n<p style=\"text-align: center\"><a href=\"http:\/\/www.labeljoy.com\/label-templates\/barcode\/barcode1.lpa\" class=\"small white tt-button\" target=\"_self\"> T\u00e9l\u00e9chargez <\/a>\n<\/div>\n<div class=\"one_third\"> <div class=\"img-frame full-fourth\"><div class=\"lightbox-zoom\"><a title=\"Prix  avec code \u00e0 barres\" href=\"http:\/\/www.labeljoy.com\/label-templates\/barcode\/barcode2b.jpg\" data-gal=\"prettyPhoto[code-barre]\" class=\"hover-item\"><img decoding=\"async\" width=\"197\" height=\"133\" alt=\"Prix  avec code \u00e0 barres\" src=\"https:\/\/www.labeljoy.com\/wp-content\/plugins\/sterling-shortcodes\/\/timthumb\/timthumb.php?src=http:\/\/www.labeljoy.com\/label-templates\/barcode\/barcode2s.jpg&#038;h=133&#038;w=197\"><\/a><\/div><\/div>\n<p style=\"text-align: center\"><a href=\"http:\/\/www.labeljoy.com\/label-templates\/barcode\/barcode2.lpa\" class=\"small white tt-button\" target=\"_self\"> T\u00e9l\u00e9chargez <\/a>\n<\/div>\n<div class=\"one_third\"> <div class=\"img-frame full-fourth\"><div class=\"lightbox-zoom\"><a title=\"\u00c9tiquettes avec code \u00e0 barres\" href=\"http:\/\/www.labeljoy.com\/label-templates\/barcode\/barcode3b.jpg\" data-gal=\"prettyPhoto[code-barre]\" class=\"hover-item\"><img decoding=\"async\" width=\"197\" height=\"133\" alt=\"\u00c9tiquettes avec code \u00e0 barres\" src=\"https:\/\/www.labeljoy.com\/wp-content\/plugins\/sterling-shortcodes\/\/timthumb\/timthumb.php?src=http:\/\/www.labeljoy.com\/label-templates\/barcode\/barcode3s.jpg&#038;h=133&#038;w=197\"><\/a><\/div><\/div>\n<p style=\"text-align: center\"><a href=\"http:\/\/www.labeljoy.com\/label-templates\/barcode\/barcode3.lpa\" class=\"small white tt-button\" target=\"_self\"> T\u00e9l\u00e9chargez <\/a>\n<\/div>\n<div class=\"hr hr-dotted\">&nbsp;<\/div>\n<div class=\"one_third\"> <div class=\"img-frame full-fourth\"><div class=\"lightbox-zoom\"><a title=\"\u00e9tiquettes des produits avec code \u00e0 barres\" href=\"http:\/\/www.labeljoy.com\/label-templates\/barcode\/barcode4b.jpg\" data-gal=\"prettyPhoto[code-barre]\" class=\"hover-item\"><img decoding=\"async\" width=\"197\" height=\"133\" alt=\"\u00e9tiquettes des produits avec code \u00e0 barres\" src=\"https:\/\/www.labeljoy.com\/wp-content\/plugins\/sterling-shortcodes\/\/timthumb\/timthumb.php?src=http:\/\/www.labeljoy.com\/label-templates\/barcode\/barcode4s.jpg&#038;h=133&#038;w=197\"><\/a><\/div><\/div>\n<p style=\"text-align: center\"><a href=\"http:\/\/www.labeljoy.com\/label-templates\/barcode\/barcode4.lpa\" class=\"small white tt-button\" target=\"_self\"> T\u00e9l\u00e9chargez <\/a>\n<\/div>\n<div class=\"one_third\"> <div class=\"img-frame full-fourth\"><div class=\"lightbox-zoom\"><a title=\"Barcode mod\u00e8le d&#039;\u00e9tiquette\" href=\"http:\/\/www.labeljoy.com\/label-templates\/barcode\/barcode5b.jpg\" data-gal=\"prettyPhoto[code-barre]\" class=\"hover-item\"><img decoding=\"async\" width=\"197\" height=\"133\" alt=\"Barcode mod\u00e8le d&#039;\u00e9tiquette\" src=\"https:\/\/www.labeljoy.com\/wp-content\/plugins\/sterling-shortcodes\/\/timthumb\/timthumb.php?src=http:\/\/www.labeljoy.com\/label-templates\/barcode\/barcode5s.jpg&#038;h=133&#038;w=197\"><\/a><\/div><\/div>\n<p style=\"text-align: center\"><a href=\"http:\/\/www.labeljoy.com\/label-templates\/barcode\/barcode5.lpa\" class=\"small white tt-button\" target=\"_self\"> T\u00e9l\u00e9chargez <\/a>\n<\/div>\n<div class=\"one_third\"> <div class=\"img-frame full-fourth\"><div class=\"lightbox-zoom\"><a title=\"Double \u00e9tiquette de code \u00e0 barres\" href=\"http:\/\/www.labeljoy.com\/label-templates\/barcode\/barcode6b.jpg\" data-gal=\"prettyPhoto[code-barre]\" class=\"hover-item\"><img decoding=\"async\" width=\"197\" height=\"133\" alt=\"Double \u00e9tiquette de code \u00e0 barres\" src=\"https:\/\/www.labeljoy.com\/wp-content\/plugins\/sterling-shortcodes\/\/timthumb\/timthumb.php?src=http:\/\/www.labeljoy.com\/label-templates\/barcode\/barcode6s.jpg&#038;h=133&#038;w=197\"><\/a><\/div><\/div>\n<p style=\"text-align: center\"><a href=\"http:\/\/www.labeljoy.com\/label-templates\/barcode\/barcode6.lpa\" class=\"small white tt-button\" target=\"_self\"> T\u00e9l\u00e9chargez <\/a>\n<\/div>\n<div class=\"hr hr-dotted\">&nbsp;<\/div>\n<div class=\"one_third\"> <div class=\"img-frame full-fourth\"><div class=\"lightbox-zoom\"><a title=\"Code \u00e0 barres EAN mod\u00e8le d&#039;\u00e9tiquette\" href=\"http:\/\/www.labeljoy.com\/label-templates\/barcode\/barcode7b.jpg\" data-gal=\"prettyPhoto[code-barre]\" class=\"hover-item\"><img decoding=\"async\" width=\"197\" height=\"133\" alt=\"Code \u00e0 barres EAN mod\u00e8le d&#039;\u00e9tiquette\" src=\"https:\/\/www.labeljoy.com\/wp-content\/plugins\/sterling-shortcodes\/\/timthumb\/timthumb.php?src=http:\/\/www.labeljoy.com\/label-templates\/barcode\/barcode7s.jpg&#038;h=133&#038;w=197\"><\/a><\/div><\/div>\n<p style=\"text-align: center\"><a href=\"http:\/\/www.labeljoy.com\/label-templates\/barcode\/barcode7.lpa\" class=\"small white tt-button\" target=\"_self\"> T\u00e9l\u00e9chargez <\/a>\n<\/div>\n<div class=\"one_third\"> <div class=\"img-frame full-fourth\"><div class=\"lightbox-zoom\"><a title=\"Code barres mod\u00e8le d&#039;\u00e9tiquette\" href=\"http:\/\/www.labeljoy.com\/label-templates\/barcode\/barcode8b.jpg\" data-gal=\"prettyPhoto[code-barre]\" class=\"hover-item\"><img decoding=\"async\" width=\"197\" height=\"133\" alt=\"Code barres mod\u00e8le d&#039;\u00e9tiquette\" src=\"https:\/\/www.labeljoy.com\/wp-content\/plugins\/sterling-shortcodes\/\/timthumb\/timthumb.php?src=http:\/\/www.labeljoy.com\/label-templates\/barcode\/barcode8s.jpg&#038;h=133&#038;w=197\"><\/a><\/div><\/div>\n<p style=\"text-align: center\"><a href=\"http:\/\/www.labeljoy.com\/label-templates\/barcode\/barcode8.lpa\" class=\"small white tt-button\" target=\"_self\"> T\u00e9l\u00e9chargez <\/a>\n<\/div>\n<div class=\"one_third\"> <div class=\"img-frame full-fourth\"><div class=\"lightbox-zoom\"><a title=\"Code 128 \u00e9tiquette de code \u00e0 barres\" href=\"http:\/\/www.labeljoy.com\/label-templates\/barcode\/barcode9b.jpg\" data-gal=\"prettyPhoto[code-barre]\" class=\"hover-item\"><img decoding=\"async\" width=\"197\" height=\"133\" alt=\"Code 128 \u00e9tiquette de code \u00e0 barres\" src=\"https:\/\/www.labeljoy.com\/wp-content\/plugins\/sterling-shortcodes\/\/timthumb\/timthumb.php?src=http:\/\/www.labeljoy.com\/label-templates\/barcode\/barcode9s.jpg&#038;h=133&#038;w=197\"><\/a><\/div><\/div>\n<p style=\"text-align: center\"><a href=\"http:\/\/www.labeljoy.com\/label-templates\/barcode\/barcode9.lpa\" class=\"small white tt-button\" target=\"_self\"> T\u00e9l\u00e9chargez <\/a>\n<\/div>\n<div class=\"hr hr-dotted\">&nbsp;<\/div>\n<div class=\"one_half\">\n<p style=\"text-align: right\"><a href=\"\/fr\/achat\/\" class=\"large blue tt-button\" target=\"\"> Acheter le Logiciel <\/a>\n<\/div>\n<div class=\"one_half\">\n<p style=\"text-align: left\">ou &nbsp;&nbsp;&nbsp;&nbsp; <a href=\"\/fr\/download-fr\/\" class=\"large green tt-button\" target=\"\"> T\u00e9l\u00e9charger Maintenant <\/a>\n<\/div>\n","protected":false},"excerpt":{"rendered":"<p>\u00c9tiquettes de codes barres Avec labeljoy, cr\u00e9er des \u00e9tiquettes avec code barre et code QR est tr\u00e8s simple. Imprimez vos \u00e9tiquettes de code barre professionnels en quelques \u00e9tapes Le logiciel d&rsquo;\u00e9tiquettes de codes barres Labejoy vous permet de g\u00e9n\u00e9rer automatiquement 21 types de codes barres en seulement quelques clics, lisez le guide \u00ab\u00a0Cr\u00e9ez ses \u00e9tiquettes &#8230; <a title=\"\u00c9tiquette de code barre\" class=\"read-more\" href=\"https:\/\/www.labeljoy.com\/fr\/modeles\/etiquette-code-barre\/\" aria-label=\"En savoir plus sur \u00c9tiquette de code barre\">Read more<\/a><\/p>\n","protected":false},"author":1,"featured_media":0,"parent":2788,"menu_order":0,"comment_status":"open","ping_status":"closed","template":"page-template-left-sidebar.php","meta":{"inline_featured_image":false,"_monsterinsights_skip_tracking":false,"_monsterinsights_sitenote_active":false,"_monsterinsights_sitenote_note":"","_monsterinsights_sitenote_category":0,"footnotes":""},"class_list":{"0":"post-16951","1":"page","2":"type-page","3":"status-publish","5":"infinite-scroll-item"},"aioseo_notices":[],"_links":{"self":[{"href":"https:\/\/www.labeljoy.com\/fr\/wp-json\/wp\/v2\/pages\/16951","targetHints":{"allow":["GET"]}}],"collection":[{"href":"https:\/\/www.labeljoy.com\/fr\/wp-json\/wp\/v2\/pages"}],"about":[{"href":"https:\/\/www.labeljoy.com\/fr\/wp-json\/wp\/v2\/types\/page"}],"author":[{"embeddable":true,"href":"https:\/\/www.labeljoy.com\/fr\/wp-json\/wp\/v2\/users\/1"}],"replies":[{"embeddable":true,"href":"https:\/\/www.labeljoy.com\/fr\/wp-json\/wp\/v2\/comments?post=16951"}],"version-history":[{"count":5,"href":"https:\/\/www.labeljoy.com\/fr\/wp-json\/wp\/v2\/pages\/16951\/revisions"}],"predecessor-version":[{"id":35029,"href":"https:\/\/www.labeljoy.com\/fr\/wp-json\/wp\/v2\/pages\/16951\/revisions\/35029"}],"up":[{"embeddable":true,"href":"https:\/\/www.labeljoy.com\/fr\/wp-json\/wp\/v2\/pages\/2788"}],"wp:attachment":[{"href":"https:\/\/www.labeljoy.com\/fr\/wp-json\/wp\/v2\/media?parent=16951"}],"curies":[{"name":"wp","href":"https:\/\/api.w.org\/{rel}","templated":true}]}}