{"id":16953,"date":"2012-11-20T11:53:39","date_gmt":"2012-11-20T11:53:39","guid":{"rendered":"http:\/\/www.labeljoy.com\/?page_id=16953"},"modified":"2026-03-06T07:18:05","modified_gmt":"2026-03-06T07:18:05","slug":"etiquette-adresse","status":"publish","type":"page","link":"https:\/\/www.labeljoy.com\/fr\/modeles\/etiquette-adresse\/","title":{"rendered":"\u00c9tiquettes d&rsquo;adresse"},"content":{"rendered":"<h1>Mod\u00e8le d&rsquo;\u00e9tiquette d&rsquo;adresse<\/h1>\n<h2>Imprimez des \u00e9tiquettes d&rsquo;adresse et cr\u00e9ez des listes de diffusion personnalis\u00e9es<\/h2>\n<p>Avec Labeljoy, vous pouvez <strong>cr\u00e9er des \u00e9tiquettes d&rsquo;adresse personnalis\u00e9es<\/strong> pour chaque type d&rsquo;invitation et de r\u00e9currence.<\/p>\n<p>Vous pouvez <em>t\u00e9l\u00e9charger le mod\u00e8le d&rsquo;\u00e9tiquettes d&rsquo;adresse<\/em> et le modifier \u00e0 votre guise, vous pouvez modifier le texte, ajouter des images, des cliparts ou des codes barres.<\/p>\n<p>Avec Labeljoy, <strong>cr\u00e9er des \u00e9tiquettes avec de nombreuses adresses<\/strong> est tr\u00e8s simple. Labeljoy vous permet d&rsquo;<a title=\"Connexion sources de donn\u00e9es externes\" href=\"https:\/\/www.labeljoy.com\/fr\/videos\/comment-connecter-des-sources-de-donnees-externes\/\">importer des adresses<\/a> \u00e0 partir de diverses bases de donn\u00e9es, tels que des contacts Outlook ou des contacts SQLite, ou m\u00eame \u00e0 partir de fichiers externes tels que <a title=\"Chargez des donn\u00e9es \u00e0 partir d\u2019Excel\" href=\"https:\/\/www.labeljoy.com\/fr\/videos\/comment-charger-des-donnees-a-partir-dexcel\/\">Excel<\/a> et du texte. Voyez le tutoriel vid\u00e9o ou lisez nos guides <a title=\"Comment faire\" href=\"http:\/\/www.labeljoy.com\/fr\/assistance\/comment-faire\/\">Comment faire<\/a>.<\/p>\n<h3>En quelques minutes, vous serez en mesure de personnaliser votre mod\u00e8le d&rsquo;\u00e9tiquette d&rsquo;adresse!<\/h3>\n<p>&nbsp;<\/p>\n<h2>Regardez le tutoriel vid\u00e9o, comment importer des adresses \u00e0 partir de bases de donn\u00e9es externes<\/h2>\n<p>Ce tutoriel vid\u00e9o de Labeljoy explique comment lier vos champs d&rsquo;\u00e9tiquette \u00e0 un fichier texte externe .txt.<\/p>\n\n<div class=\"youtube-embed\" itemprop=\"video\" itemscope itemtype=\"https:\/\/schema.org\/VideoObject\">\n\t<meta itemprop=\"url\" content=\"https:\/\/www.youtube.com\/v\/UaTGPYSV_I4\" \/>\n\t<meta itemprop=\"name\" content=\"\u00c9tiquettes d&rsquo;adresse\" \/>\n\t<meta itemprop=\"description\" content=\"\u00c9tiquettes d&rsquo;adresse\" \/>\n\t<meta itemprop=\"uploadDate\" content=\"2012-11-20T11:53:39+00:00\" \/>\n\t<meta itemprop=\"thumbnailUrl\" content=\"https:\/\/i.ytimg.com\/vi\/UaTGPYSV_I4\/default.jpg\" \/>\n\t<meta itemprop=\"embedUrl\" content=\"https:\/\/www.youtube.com\/embed\/UaTGPYSV_I4\" \/>\n\t<meta itemprop=\"height\" content=\"385\" \/>\n\t<meta itemprop=\"width\" content=\"640\" \/>\n\t<iframe style=\"border: 0;\" class=\"youtube-player\" width=\"640\" height=\"385\" src=\"https:\/\/www.youtube.com\/embed\/UaTGPYSV_I4?modestbranding=1&fs=0&rel=0&loop=1&color=white&playlist=UaTGPYSV_I4\"><\/iframe>\n<\/div>\n\n<div class=\"one_third\"> <div class=\"img-frame full-fourth\"><div class=\"lightbox-zoom\"><a title=\"\u00c9tiquettes d&#039;adresse de fleur\" href=\"http:\/\/www.labeljoy.com\/label-templates\/address\/address1b.jpg\" data-gal=\"prettyPhoto[adresse]\" class=\"hover-item\"><img decoding=\"async\" width=\"197\" height=\"133\" alt=\"\u00c9tiquettes d&#039;adresse de fleur\" src=\"https:\/\/www.labeljoy.com\/wp-content\/plugins\/sterling-shortcodes\/\/timthumb\/timthumb.php?src=http:\/\/www.labeljoy.com\/label-templates\/address\/address1s.jpg&#038;h=133&#038;w=197\"><\/a><\/div><\/div>\n<p style=\"text-align: center;\"><a href=\"http:\/\/www.labeljoy.com\/label-templates\/address\/address1.lpa\" class=\"small white tt-button\" target=\"_self\"> T\u00e9l\u00e9chargez <\/a>\n<\/div>\n<div class=\"one_third\"> <div class=\"img-frame full-fourth\"><div class=\"lightbox-zoom\"><a title=\"\u00c9tiquettes d&#039;adresse de cercle\" href=\"http:\/\/www.labeljoy.com\/label-templates\/address\/address2b.jpg\" data-gal=\"prettyPhoto[adresse]\" class=\"hover-item\"><img decoding=\"async\" width=\"197\" height=\"133\" alt=\"\u00c9tiquettes d&#039;adresse de cercle\" src=\"https:\/\/www.labeljoy.com\/wp-content\/plugins\/sterling-shortcodes\/\/timthumb\/timthumb.php?src=http:\/\/www.labeljoy.com\/label-templates\/address\/address2s.jpg&#038;h=133&#038;w=197\"><\/a><\/div><\/div>\n<p style=\"text-align: center;\"><a href=\"http:\/\/www.labeljoy.com\/label-templates\/address\/address2.lpa\" class=\"small white tt-button\" target=\"_self\"> T\u00e9l\u00e9chargez <\/a>\n<\/div>\n<div class=\"one_third\"> <div class=\"img-frame full-fourth\"><div class=\"lightbox-zoom\"><a title=\"Adresse simple \u00e9tiquettes\" href=\"http:\/\/www.labeljoy.com\/label-templates\/address\/address3b.jpg\" data-gal=\"prettyPhoto[adresse]\" class=\"hover-item\"><img decoding=\"async\" width=\"197\" height=\"133\" alt=\"Adresse simple \u00e9tiquettes\" src=\"https:\/\/www.labeljoy.com\/wp-content\/plugins\/sterling-shortcodes\/\/timthumb\/timthumb.php?src=http:\/\/www.labeljoy.com\/label-templates\/address\/address3s.jpg&#038;h=133&#038;w=197\"><\/a><\/div><\/div>\n<p style=\"text-align: center;\"><a href=\"http:\/\/www.labeljoy.com\/label-templates\/address\/address3.lpa\" class=\"small white tt-button\" target=\"_self\"> T\u00e9l\u00e9chargez <\/a>\n<\/div>\n<div class=\"hr hr-dotted\">&nbsp;<\/div>\n<div class=\"one_third\"> <div class=\"img-frame full-fourth\"><div class=\"lightbox-zoom\"><a title=\"De - les \u00e9tiquettes pour \u00e9crire l&#039;adresse\" href=\"http:\/\/www.labeljoy.com\/label-templates\/address\/address4b.jpg\" data-gal=\"prettyPhoto[adresse]\" class=\"hover-item\"><img decoding=\"async\" width=\"197\" height=\"133\" alt=\"De - les \u00e9tiquettes pour \u00e9crire l&#039;adresse\" src=\"https:\/\/www.labeljoy.com\/wp-content\/plugins\/sterling-shortcodes\/\/timthumb\/timthumb.php?src=http:\/\/www.labeljoy.com\/label-templates\/address\/address4s.jpg&#038;h=133&#038;w=197\"><\/a><\/div><\/div>\n<p style=\"text-align: center;\"><a href=\"http:\/\/www.labeljoy.com\/label-templates\/address\/address4.lpa\" class=\"small white tt-button\" target=\"_self\"> T\u00e9l\u00e9chargez <\/a>\n<\/div>\n<div class=\"one_third\"> <div class=\"img-frame full-fourth\"><div class=\"lightbox-zoom\"><a title=\"\u00c9tiquettes d&#039;adresse de l&#039;enveloppe\" href=\"http:\/\/www.labeljoy.com\/label-templates\/address\/address5b.jpg\" data-gal=\"prettyPhoto[adresse]\" class=\"hover-item\"><img decoding=\"async\" width=\"197\" height=\"133\" alt=\"\u00c9tiquettes d&#039;adresse de l&#039;enveloppe\" src=\"https:\/\/www.labeljoy.com\/wp-content\/plugins\/sterling-shortcodes\/\/timthumb\/timthumb.php?src=http:\/\/www.labeljoy.com\/label-templates\/address\/address5s.jpg&#038;h=133&#038;w=197\"><\/a><\/div><\/div>\n<p style=\"text-align: center;\"><a href=\"http:\/\/www.labeljoy.com\/label-templates\/address\/address5.lpa\" class=\"small white tt-button\" target=\"_self\"> T\u00e9l\u00e9chargez <\/a>\n<\/div>\n<div class=\"one_third\">\n<\/div>\n<div class=\"hr hr-dotted\">&nbsp;<\/div>\n<div class=\"one_half\">\n<p style=\"text-align: right;\"><a href=\"\/fr\/achat\/\" class=\"large blue tt-button\" target=\"\"> Acheter le Logiciel <\/a>\n<\/div>\n<div class=\"one_half\">\n<p style=\"text-align: left;\">ou \u00a0\u00a0\u00a0\u00a0 <a href=\"\/fr\/download-fr\/\" class=\"large green tt-button\" target=\"\"> T\u00e9l\u00e9charger Maintenant <\/a>\n<\/div>\n","protected":false},"excerpt":{"rendered":"<p>Mod\u00e8le d&rsquo;\u00e9tiquette d&rsquo;adresse Imprimez des \u00e9tiquettes d&rsquo;adresse et cr\u00e9ez des listes de diffusion personnalis\u00e9es Avec Labeljoy, vous pouvez cr\u00e9er des \u00e9tiquettes d&rsquo;adresse personnalis\u00e9es pour chaque type d&rsquo;invitation et de r\u00e9currence. Vous pouvez t\u00e9l\u00e9charger le mod\u00e8le d&rsquo;\u00e9tiquettes d&rsquo;adresse et le modifier \u00e0 votre guise, vous pouvez modifier le texte, ajouter des images, des cliparts ou des &#8230; <a title=\"\u00c9tiquettes d&rsquo;adresse\" class=\"read-more\" href=\"https:\/\/www.labeljoy.com\/fr\/modeles\/etiquette-adresse\/\" aria-label=\"En savoir plus sur \u00c9tiquettes d&rsquo;adresse\">Read more<\/a><\/p>\n","protected":false},"author":1,"featured_media":0,"parent":2788,"menu_order":0,"comment_status":"closed","ping_status":"closed","template":"","meta":{"inline_featured_image":false,"_monsterinsights_skip_tracking":false,"_monsterinsights_sitenote_active":false,"_monsterinsights_sitenote_note":"","_monsterinsights_sitenote_category":0,"footnotes":""},"class_list":{"0":"post-16953","1":"page","2":"type-page","3":"status-publish","5":"infinite-scroll-item"},"aioseo_notices":[],"_links":{"self":[{"href":"https:\/\/www.labeljoy.com\/fr\/wp-json\/wp\/v2\/pages\/16953","targetHints":{"allow":["GET"]}}],"collection":[{"href":"https:\/\/www.labeljoy.com\/fr\/wp-json\/wp\/v2\/pages"}],"about":[{"href":"https:\/\/www.labeljoy.com\/fr\/wp-json\/wp\/v2\/types\/page"}],"author":[{"embeddable":true,"href":"https:\/\/www.labeljoy.com\/fr\/wp-json\/wp\/v2\/users\/1"}],"replies":[{"embeddable":true,"href":"https:\/\/www.labeljoy.com\/fr\/wp-json\/wp\/v2\/comments?post=16953"}],"version-history":[{"count":8,"href":"https:\/\/www.labeljoy.com\/fr\/wp-json\/wp\/v2\/pages\/16953\/revisions"}],"predecessor-version":[{"id":45130,"href":"https:\/\/www.labeljoy.com\/fr\/wp-json\/wp\/v2\/pages\/16953\/revisions\/45130"}],"up":[{"embeddable":true,"href":"https:\/\/www.labeljoy.com\/fr\/wp-json\/wp\/v2\/pages\/2788"}],"wp:attachment":[{"href":"https:\/\/www.labeljoy.com\/fr\/wp-json\/wp\/v2\/media?parent=16953"}],"curies":[{"name":"wp","href":"https:\/\/api.w.org\/{rel}","templated":true}]}}