{"id":16982,"date":"2013-11-07T14:59:41","date_gmt":"2013-11-07T14:59:41","guid":{"rendered":"http:\/\/www.labeljoy.com\/?page_id=16982"},"modified":"2024-08-22T15:52:51","modified_gmt":"2024-08-22T15:52:51","slug":"imprimer-etiquettes-excel","status":"publish","type":"page","link":"https:\/\/www.labeljoy.com\/fr\/assistance\/comment-faire\/imprimer-etiquettes-excel\/","title":{"rendered":"Imprimer des \u00e9tiquettes \u00e0 partir d\u2019Excel"},"content":{"rendered":"<h1>Comment imprimer des \u00e9tiquettes \u00e0 partir d&rsquo;Excel<\/h1>\n<p><img decoding=\"async\" width=\"235\" height=\"110\" src=\"http:\/\/www.labeljoy.com\/images\/how-to\/print-labels-from-excel\/excel-labeljoy.jpg\" alt=\"Impression d'\u00e9tiquettes \u00e0 partir d'Excel avec Labeljoy\" align=\"right\"><\/p>\n<p>Avec Labeljoy, vous pouvez <strong>imprimer des \u00e9tiquettes en important des donn\u00e9es \u00e0 partir d&rsquo;Excel<\/strong>, de fa\u00e7on simple et rapide.<br \/>\nLabeljoy int\u00e8gre la fonction d&rsquo;importation de donn\u00e9es \u00e0 partir de bases de donn\u00e9es externes, tels que des fichiers texte, des fichiers Excel, une base de donn\u00e9es MySQL, des contacts Outlook, qui permettent d&rsquo;imprimer facilement un grand nombre d&rsquo;\u00e9tiquettes.<\/p>\n<p><strong>Apprenez comment il peut \u00eatre simple d&rsquo;imprimer des \u00e9tiquettes d&rsquo;adresse \u00e0 partir d&rsquo;Excel!<\/strong><\/p>\n<p style=\"text-align: center\"><a class=\"large green tt-button\" href=\"http:\/\/www.labeljoy.com\/fr\/download-fr\/\">T\u00c9L\u00c9CHARGEMENT GRATUIT DE LABELJOY<\/a><\/p>\n<p>Ce tutoriel explique \u00e9tape par \u00e9tape comment imprimer des \u00e9tiquettes \u00e0 partir de feuilles de calcul Excel.<br \/>\nUne fois <a href=\"http:\/\/www.labeljoy.com\/fr\/video-assistance\/gerer-formats\/\" title=\"G\u00e9rez les Formats\">d\u00e9finie la pr\u00e9sentation de l&rsquo;\u00e9tiquette<\/a>, vous pouvez commencer \u00e0 importer la base de donn\u00e9es \u00e0 partir d&rsquo;un fichier Excel.<\/p>\n<p>Voici le fichier Excel pris en consid\u00e9ration:<\/p>\n<p><a target=\"_blank\" href=\"http:\/\/www.labeljoy.com\/images\/how-to\/print-labels-from-excel\/excel-data-example.jpg\" data-gal=\"prettyPhoto[excel]\" class=\"hover-item\" rel=\"noopener\"><img decoding=\"async\" width=\"670\" height=\"100\" alt=\"Donn\u00e9es Excel \u00e0 imprimer les \u00e9tiquettes associ\u00e9es \u00e0\" src=\"http:\/\/www.labeljoy.com\/images\/how-to\/print-labels-from-excel\/excel-data-example.jpg\"><\/a><\/p>\n<h2>1 &#8211; Importer des donn\u00e9es Excel pour imprimer des \u00e9tiquettes<\/h2>\n<p>Utilisez la fonction \u00ab\u00a0<em>Lier les sources de donn\u00e9es<\/em>\u00a0\u00bb en cliquant sur l&rsquo;ic\u00f4ne dans la barre d&rsquo;outils \u00e0 gauche et suivez les instructions. S\u00e9lectionnez l&rsquo;option \u00ab\u00a0<em>Les donn\u00e9es sont dans un fichier ou dans le presse-papiers<\/em>\u00ab\u00a0.<\/p>\n<p><a class=\"hover-item\" data-gal=\"prettyPhoto[excel]\" href=\"http:\/\/www.labeljoy.com\/images\/how-to\/print-labels-from-excel\/1-data-source-type.jpg\" target=\"_blank\" rel=\"noopener\"><img decoding=\"async\" src=\"http:\/\/www.labeljoy.com\/images\/how-to\/print-labels-from-excel\/1-data-source-type.jpg\" width=\"500\" height=\"399\" alt=\"S\u00e9lectionnez le type de source de donn\u00e9es\"><\/a><\/p>\n<p>S\u00e9lectionnez le type de fichier, dans ce cas un <strong>fichier Excel a \u00e9t\u00e9 utilis\u00e9 pour imprimer nos \u00e9tiquettes<\/strong>, donc s\u00e9lectionner \u00ab\u00a0Excel 97-2003\u00a0\u00bb.<\/p>\n<p><a class=\"hover-item\" data-gal=\"prettyPhoto[excel]\" href=\"http:\/\/www.labeljoy.com\/images\/how-to\/print-labels-from-excel\/2-choose-excel-file.jpg\" target=\"_blank\" rel=\"noopener\"><img decoding=\"async\" src=\"http:\/\/www.labeljoy.com\/images\/how-to\/print-labels-from-excel\/2-choose-excel-file.jpg\" width=\"300\" height=\"228\" alt=\"Choisissez le fichier Excel \u00e0 imprimer\"><\/a><\/p>\n<p><strong>S\u00e9lectionnez le fichier Excel<\/strong> contenant les donn\u00e9es que vous souhaitez utiliser.<\/p>\n<p><a class=\"hover-item\" data-gal=\"prettyPhoto[excel]\" href=\"http:\/\/www.labeljoy.com\/images\/how-to\/print-labels-from-excel\/3-file-selection.jpg\" target=\"_blank\" rel=\"noopener\"><img decoding=\"async\" src=\"http:\/\/www.labeljoy.com\/images\/how-to\/print-labels-from-excel\/3-file-selection.jpg\" width=\"300\" height=\"228\" alt=\"S\u00e9lectionnez le fichier Excel \u00e0 partir de votre PC\"><\/a><\/p>\n<h2>2 &#8211; Importer les param\u00e8tres du fichier<\/h2>\n<div class=\"tt-notification warning\">\n<p style=\"font-size:12px\"><strong>NOTE:<\/strong> il est important de d\u00e9finir correctement le sens de la ligne d&rsquo;en-t\u00eate. Comme cela est repr\u00e9sent\u00e9 sur l&rsquo;image ci-dessous, le fichier Excel \u00e0 connecter \u00e0 l&rsquo;\u00e9tiquette contient les en-t\u00eates sur la premi\u00e8re ligne.<\/p>\n<\/div>\n<p><a class=\"hover-item\" data-gal=\"prettyPhoto[excel]\" href=\"http:\/\/www.labeljoy.com\/images\/how-to\/print-labels-from-excel\/4-header-row-setting.jpg\" target=\"_blank\" rel=\"noopener\"><img decoding=\"async\" src=\"http:\/\/www.labeljoy.com\/images\/how-to\/print-labels-from-excel\/4-header-row-setting.jpg\" width=\"528\" height=\"228\" alt=\"R\u00e9glage de la ligne d'en-t\u00eate\"><\/a><\/p>\n<h3>Choisissez le nombre d&rsquo;\u00e9tiquettes \u00e0 imprimer \u00e0 partir d&rsquo;Excel<\/h3>\n<p>On peut d\u00e9finir le nombre d&rsquo;\u00e9tiquettes \u00e0 imprimer pour chaque ligne du fichier Excel. Dans ce cas, une \u00e9tiquette sera imprim\u00e9e pour chaque ligne du fichier Excel.<\/p>\n<p><a class=\"hover-item\" data-gal=\"prettyPhoto[excel]\" href=\"http:\/\/www.labeljoy.com\/images\/how-to\/print-labels-from-excel\/5a-label-quantity.jpg\" target=\"_blank\" rel=\"noopener\"><img decoding=\"async\" src=\"http:\/\/www.labeljoy.com\/images\/how-to\/print-labels-from-excel\/5a-label-quantity.jpg\" width=\"300\" height=\"228\" alt=\"R\u00e9gler la quantit\u00e9 d'\u00e9tiquettes \u00e0 imprimer\"><\/a><\/p>\n<p>Il est \u00e9galement possible de <strong>d\u00e9finir des filtres et de trier les \u00e9tiquettes<\/strong> \u00e0 imprimer sans agir directement sur la feuille Excel, mais en ajustant les param\u00e8tres directement \u00e0 partir Labeljoy.<\/p>\n<p><a class=\"hover-item\" data-gal=\"prettyPhoto[excel]\" href=\"http:\/\/www.labeljoy.com\/images\/how-to\/print-labels-from-excel\/5b-sorting.jpg\" target=\"_blank\" rel=\"noopener\"><img decoding=\"async\" src=\"http:\/\/www.labeljoy.com\/images\/how-to\/print-labels-from-excel\/5b-sorting.jpg\" width=\"300\" height=\"228\" alt=\"\u00e9tiquettes de tri\"><\/a><\/p>\n<p><a class=\"hover-item\" data-gal=\"prettyPhoto[excel]\" href=\"http:\/\/www.labeljoy.com\/images\/how-to\/print-labels-from-excel\/5c-filter-settings.jpg\" target=\"_blank\" style=\"margin-top:15px\" rel=\"noopener\"><img decoding=\"async\" src=\"http:\/\/www.labeljoy.com\/images\/how-to\/print-labels-from-excel\/5c-filter-settings.jpg\" width=\"300\" height=\"228\" alt=\"Filtrer les champs Excel\"><\/a><\/p>\n<p><strong>Revue des donn\u00e9es de Excel<\/strong> qui seront incluses dans les \u00e9tiquettes \u00e0 imprimer.<\/p>\n<p><a class=\"hover-item\" data-gal=\"prettyPhoto[excel]\" href=\"http:\/\/www.labeljoy.com\/images\/how-to\/print-labels-from-excel\/6-data-review.jpg\" target=\"_blank\" rel=\"noopener\"><img decoding=\"async\" src=\"http:\/\/www.labeljoy.com\/images\/how-to\/print-labels-from-excel\/6-data-review.jpg\" width=\"300\" height=\"228\" alt=\"Examen des donn\u00e9es d'\u00e9tiquettes \u00e0 partir d'Excell\"><\/a><\/p>\n<h2>3 &#8211; Cr\u00e9er des \u00e9tiquettes \u00e0 partir de fichiers Excel<\/h2>\n<p><strong>Double-cliquez sur le texte pour ins\u00e9rer des donn\u00e9es Excel<\/strong> dans le champ de texte.<\/p>\n<p><a class=\"hover-item\" data-gal=\"prettyPhoto[excel]\" href=\"http:\/\/www.labeljoy.com\/images\/how-to\/print-labels-from-excel\/7-connect-fileds.jpg\" target=\"_blank\" rel=\"noopener\"><img decoding=\"async\" src=\"http:\/\/www.labeljoy.com\/images\/how-to\/print-labels-from-excel\/7-connect-fileds.jpg\" width=\"500\" height=\"399\" alt=\"Connectez donn\u00e9es Excel \u00e0 champ Labeljoy\"><\/a><\/p>\n<p>En cliquant sur l&rsquo;ic\u00f4ne \u00ab\u00a0<em>Champ<\/em>\u00ab\u00a0, les noms qui sont dans la ligne d&rsquo;en-t\u00eate du fichier Excel apparaissent. En cliquant dessus, vous pouvez <strong>ajouter des champs \u00e0 imprimer<\/strong> connect\u00e9s \u00e0 la base de donn\u00e9es Excel.<\/p>\n<p><a class=\"hover-item\" href=\"http:\/\/www.labeljoy.com\/images\/how-to\/print-labels-from-excel\/8-add-excel-fields.jpg\" target=\"_blank\" rel=\"noopener\"><img decoding=\"async\" src=\"http:\/\/www.labeljoy.com\/images\/how-to\/print-labels-from-excel\/8-add-excel-fields.jpg\" width=\"300\" height=\"228\" alt=\"Ajouter un champ Excel\"><\/a><\/p>\n<p>Ci-dessous, un exemple de combinaison possible des donn\u00e9es Excel dans un champ de texte Labeljoy.<\/p>\n<p><a class=\"hover-item\" href=\"http:\/\/www.labeljoy.com\/images\/how-to\/print-labels-from-excel\/9-field-from-excel.jpg\" target=\"_blank\" rel=\"noopener\"><img decoding=\"async\" src=\"http:\/\/www.labeljoy.com\/images\/how-to\/print-labels-from-excel\/9-field-from-excel.jpg\" width=\"300\" height=\"228\" alt=\"Champ de base de donn\u00e9es Excel\"><\/a><\/p>\n<div class=\"tt-notification tip\">\n<p style=\"font-size:12px\"><strong>ASTUCE!<\/strong> Il est aussi possible d&rsquo;associer des donn\u00e9es Excel aux champs de codes barres.<\/p>\n<\/div>\n<h2>4 &#8211; Imprimer des \u00e9tiquettes \u00e0 partir d&rsquo;Excel<\/h2>\n<p>C&rsquo;est le r\u00e9sultat obtenu en associant le fichier Excel au texte du champ d&rsquo;une \u00e9tiquette en utilisant Labeljoy.<\/p>\n<p><a class=\"hover-item\" href=\"http:\/\/www.labeljoy.com\/images\/how-to\/print-labels-from-excel\/10-results.jpg\" target=\"_blank\" rel=\"noopener\"><img decoding=\"async\" width=\"1468\" height=\"965\" src=\"http:\/\/www.labeljoy.com\/images\/how-to\/print-labels-from-excel\/10-results.jpg\" alt=\"\u00c9tiquettes imprimables \u00e0 partir du fichier Excel\"><\/a><\/p>\n<div class=\"tt-notification tip\">\n<p style=\"font-size:12px\"><strong>ASTUCE!<\/strong> D\u00e9couvrez comment mettre \u00e0 <a href=\"http:\/\/www.labeljoy.com\/fr\/video-assistance\/mise-a-jour-dynamique\/\" title=\"Mise \u00e0 jour Dynamique\">niveau dynamiquement les \u00e9tiquettes li\u00e9es aux donn\u00e9es<\/a>.<\/p>\n<\/div>\n<p>En quelques \u00e9tapes, vous pouvez imprimer des <a href=\"http:\/\/www.labeljoy.com\/fr\/modeles\/etiquette-adresse\/\" title=\"\u00c9tiquette d\u2019adresse\">\u00e9tiquettes d&rsquo;adresse<\/a> \u00e0 partir d&rsquo;Excel, et personnaliser les \u00e9tiquettes avec des codes barres, des images, des effets graphiques, des cliparts, des logos.<\/p>\n<p style=\"text-align: center\"><a class=\"large green tt-button\" href=\"http:\/\/www.labeljoy.com\/fr\/download-fr\/\">T\u00c9L\u00c9CHARGEMENT GRATUIT DE LABELJOY<\/a><\/p>\n<div class=\"also-like\">\n<strong>INFO: Les fonctions d&rsquo;importation de donn\u00e9es \u00e0 partir d&rsquo;Excel sont tr\u00e8s utiles pour cr\u00e9er des \u00e9tiquettes personnalis\u00e9es comme:<\/strong><\/p>\n<ul>\n<li><a href=\"http:\/\/www.labeljoy.com\/fr\/assistance\/comment-faire\/creez-cartes-de-visite\/\" title=\"Cr\u00e9ez ses cartes de visite\">Une \u00e9tiquette \u00e0 votre nom<\/a><\/li>\n<li><a href=\"http:\/\/www.labeljoy.com\/fr\/modeles\/etiquettes-lettres\/\" title=\"etiquettes Mailing\">Des \u00e9tiquettes d&rsquo;adresse<\/a><\/li>\n<li><a href=\"http:\/\/www.labeljoy.com\/fr\/modeles\/etiquette-code-barre\/\" title=\"\u00c9tiquette de code barre\">Des \u00e9tiquettes de codes barres<\/a><\/li>\n<\/ul>\n<\/div>\n<p>\r\n<script>\r\njQuery(document).ready(function () {\r\n    jQuery(window).scroll(function () {\r\n        if (jQuery(this).scrollTop() > 100) {\r\njQuery('.scrollup').fadeIn();\r\n        } else {\r\n            jQuery('.scrollup').fadeOut();\r\n        }\r\n    });\r\n    jQuery('.scrollup').click(function () {\r\n        jQuery(\"html, body\").animate({\r\n            scrollTop: 0\r\n        }, 600);\r\n        return false;\r\n    });\r\n});\r\n<\/script>\r\n<br \/>\n<!--a href=\"#\" class=\"scrollup\">Scroll<\/a--><\/p>\n","protected":false},"excerpt":{"rendered":"<p>Comment imprimer des \u00e9tiquettes \u00e0 partir d&rsquo;Excel Avec Labeljoy, vous pouvez imprimer des \u00e9tiquettes en important des donn\u00e9es \u00e0 partir d&rsquo;Excel, de fa\u00e7on simple et rapide. Labeljoy int\u00e8gre la fonction d&rsquo;importation de donn\u00e9es \u00e0 partir de bases de donn\u00e9es externes, tels que des fichiers texte, des fichiers Excel, une base de donn\u00e9es MySQL, des contacts &#8230; <a title=\"Imprimer des \u00e9tiquettes \u00e0 partir d\u2019Excel\" class=\"read-more\" href=\"https:\/\/www.labeljoy.com\/fr\/assistance\/comment-faire\/imprimer-etiquettes-excel\/\" aria-label=\"En savoir plus sur Imprimer des \u00e9tiquettes \u00e0 partir d\u2019Excel\">Read more<\/a><\/p>\n","protected":false},"author":1,"featured_media":0,"parent":2767,"menu_order":0,"comment_status":"closed","ping_status":"closed","template":"","meta":{"inline_featured_image":false,"_monsterinsights_skip_tracking":false,"_monsterinsights_sitenote_active":false,"_monsterinsights_sitenote_note":"","_monsterinsights_sitenote_category":0,"footnotes":""},"class_list":{"0":"post-16982","1":"page","2":"type-page","3":"status-publish","5":"infinite-scroll-item"},"aioseo_notices":[],"_links":{"self":[{"href":"https:\/\/www.labeljoy.com\/fr\/wp-json\/wp\/v2\/pages\/16982","targetHints":{"allow":["GET"]}}],"collection":[{"href":"https:\/\/www.labeljoy.com\/fr\/wp-json\/wp\/v2\/pages"}],"about":[{"href":"https:\/\/www.labeljoy.com\/fr\/wp-json\/wp\/v2\/types\/page"}],"author":[{"embeddable":true,"href":"https:\/\/www.labeljoy.com\/fr\/wp-json\/wp\/v2\/users\/1"}],"replies":[{"embeddable":true,"href":"https:\/\/www.labeljoy.com\/fr\/wp-json\/wp\/v2\/comments?post=16982"}],"version-history":[{"count":8,"href":"https:\/\/www.labeljoy.com\/fr\/wp-json\/wp\/v2\/pages\/16982\/revisions"}],"predecessor-version":[{"id":41399,"href":"https:\/\/www.labeljoy.com\/fr\/wp-json\/wp\/v2\/pages\/16982\/revisions\/41399"}],"up":[{"embeddable":true,"href":"https:\/\/www.labeljoy.com\/fr\/wp-json\/wp\/v2\/pages\/2767"}],"wp:attachment":[{"href":"https:\/\/www.labeljoy.com\/fr\/wp-json\/wp\/v2\/media?parent=16982"}],"curies":[{"name":"wp","href":"https:\/\/api.w.org\/{rel}","templated":true}]}}