{"id":16990,"date":"2012-11-05T10:07:47","date_gmt":"2012-11-05T10:07:47","guid":{"rendered":"http:\/\/www.labeljoy.com\/?page_id=16990"},"modified":"2023-04-26T10:20:40","modified_gmt":"2023-04-26T10:20:40","slug":"impression-codes-barres","status":"publish","type":"page","link":"https:\/\/www.labeljoy.com\/fr\/assistance\/comment-faire\/impression-codes-barres\/","title":{"rendered":"Pratiques d&#8217;impression des codes barres"},"content":{"rendered":"<h1>Pratiques d&rsquo;impression des codes barres<\/h1>\n<p>Avant de commencer \u00e0 imprimer les symboles de codes barres, il y a quelques choses auxquelles vous devez accorder une attention particuli\u00e8re. Un code \u00e0 barres n&rsquo;est bon que s&rsquo;il peut \u00eatre lu par un lecteur de codes barres. Voyons quels sont les facteurs cl\u00e9s sont quand il s&rsquo;agit d&rsquo;imprimer des codes barres comment Labeljoy peut vous aider.<\/p>\n<h2>1 \u2013 Choisir la bonne taille<\/h2>\n<p>Tout d&rsquo;abord, vous devez examiner soigneusement qui va lire vos codes barres: est-ce destin\u00e9 \u00e0 un usage interne&nbsp;? Est-ce pour le march\u00e9 europ\u00e9en ou le march\u00e9 nord-am\u00e9ricain? Est-il pour une livraison? La premi\u00e8re \u00e9tape consiste \u00e0 choisir la bonne symbologie, de sorte que lorsque les \u00e9tiquettes sont lues, elles peuvent \u00eatre interpr\u00e9t\u00e9es correctement par vos clients.<\/p>\n<p>Voici un tableau pour vous aider \u00e0 prendre une d\u00e9cision. Il montre des codes barres g\u00e9n\u00e9r\u00e9s par Labeljoy et le champ d&rsquo;utilisation principale correspondant.<\/p>\n<table class=\"tabellabordi\">\n<tbody>\n<tr>\n<td valign=\"top\">\n<p align=\"right\"><strong>EAN 13, EAN 8<\/strong><\/p>\n<\/td>\n<td valign=\"top\">March\u00e9 europ\u00e9en<\/td>\n<\/tr>\n<tr>\n<td valign=\"top\">\n<p align=\"right\"><strong>UPC A, UPC E<\/strong><\/p>\n<\/td>\n<td valign=\"top\">March\u00e9 nord-am\u00e9ricain (USA, Canada)<\/td>\n<\/tr>\n<tr>\n<td valign=\"top\">\n<p align=\"right\"><strong>ITF 14<\/strong><\/p>\n<\/td>\n<td valign=\"top\">Cartons d&rsquo;exp\u00e9ditions<\/td>\n<\/tr>\n<tr>\n<td valign=\"top\">\n<p align=\"right\"><strong>Code 39, Code 39 Ex.<\/strong><\/p>\n<\/td>\n<td valign=\"top\">D\u00e9partement am\u00e9ricain de la d\u00e9fense<\/td>\n<\/tr>\n<tr>\n<td valign=\"top\">\n<p align=\"right\"><strong>Code 93, Code 93 Ex.<\/strong><\/p>\n<\/td>\n<td valign=\"top\">Service postal canadien<\/td>\n<\/tr>\n<tr>\n<td valign=\"top\">\n<p align=\"right\"><strong>Interleaved 2 of 5<\/strong><\/p>\n<\/td>\n<td valign=\"top\">Distribution, Entrep\u00f4t, Film 135 mm<\/td>\n<\/tr>\n<tr>\n<td valign=\"top\">\n<p align=\"right\"><strong>Industrial 2 of 5<\/strong><\/p>\n<\/td>\n<td valign=\"top\">Transmission seulement: billets d&rsquo;avion, finition, entreposage<\/td>\n<\/tr>\n<tr>\n<td valign=\"top\">\n<p align=\"right\"><strong>Codabar<\/strong><\/p>\n<\/td>\n<td valign=\"top\">Transmission seulement: biblioth\u00e8ques, livraison et industrie m\u00e9dicale<\/td>\n<\/tr>\n<tr>\n<td valign=\"top\">\n<p align=\"right\"><strong>Code 11<\/strong><\/p>\n<\/td>\n<td valign=\"top\">T\u00e9l\u00e9communication<\/td>\n<\/tr>\n<tr>\n<td valign=\"top\">\n<p align=\"right\"><strong>Code 128<\/strong><\/p>\n<\/td>\n<td valign=\"top\">Utilisation g\u00e9n\u00e9rale, accept\u00e9e \u00e0 l&rsquo;\u00e9chelle mondiale<\/td>\n<\/tr>\n<tr>\n<td valign=\"top\">\n<p align=\"right\"><strong>GS1 128, EAN 128<\/strong><\/p>\n<\/td>\n<td valign=\"top\">GS1 norme internationale pour l&rsquo;industrie du transport<\/td>\n<\/tr>\n<tr>\n<td valign=\"top\">\n<p align=\"right\"><strong>Postnet, Planet<\/strong><\/p>\n<\/td>\n<td valign=\"top\">Service postal des \u00c9tats-Unis<\/td>\n<\/tr>\n<tr>\n<td valign=\"top\">\n<p align=\"right\"><strong>Data Matrix<\/strong><\/p>\n<\/td>\n<td valign=\"top\">\u00c9lectronique, d\u00e9partement am\u00e9ricain de la d\u00e9fense, industrie a\u00e9rospatiale<\/td>\n<\/tr>\n<tr>\n<td valign=\"top\">\n<p align=\"right\"><strong>QR Code<\/strong><\/p>\n<\/td>\n<td valign=\"top\">Publicit\u00e9, industrie<\/td>\n<\/tr>\n<\/tbody>\n<\/table>\n<p>Fondamentalement, si vous imprimez des \u00e9tiquettes pour des articles qui se retrouvent sur une \u00e9tag\u00e8re de supermarch\u00e9, vous devez choisir entre EAN 13 et UPC A (selon votre march\u00e9). Si vous imprimez des \u00e9tiquettes pour utiliser en interne uniquement, choisissez le code 128. Si vous avez besoin d&rsquo;imprimer une grande quantit\u00e9 d&rsquo;informations, choisissez Data Matrix. Si vous imprimez une \u00e9tiquette publicitaire, choisissez un Code QR afin que vos symboles puissent \u00eatre lus par n&rsquo;importe quel smartphone.<\/p>\n<h2>2 \u2013 Dimensions<\/h2>\n<p>Chaque symbologie a \u00e9t\u00e9 con\u00e7ue avec un ensemble de r\u00e8gles particuli\u00e8res qui r\u00e9gulent non seulement le codage (texte qui se transforme en barres), mais aussi d\u00e9finissent la taille des barres, la distance entre les barres, la taille du texte lisible par l&rsquo;homme, le rapport d&rsquo;aspect et la taille globale du symbole.<\/p>\n<p>Les symboles de codes barres lin\u00e9aires, tels que le code 128, sont constitu\u00e9s des \u00e9l\u00e9ments suivants.<\/p>\n<div><a class=\"hover-item\" data-gal=\"prettyPhoto [barcode]\" href=\"http:\/\/www.labeljoy.com\/images\/how-to\/best-practices\/fr\/image001.png\"><img decoding=\"async\" src=\"http:\/\/www.labeljoy.com\/images\/how-to\/best-practices\/fr\/image001.png\" alt=\"Dimensions de code \u00e0 barres\" width=\"447\" height=\"248\"><\/a><\/div>\n<p>Tous les symboles g\u00e9n\u00e9r\u00e9s par Labeljoy contiennent d\u00e9j\u00e0 tous les \u00e9l\u00e9ments n\u00e9cessaires pour assurer une num\u00e9risation ad\u00e9quate. Gardez \u00e0 l&rsquo;esprit que, puisque tous les \u00e9l\u00e9ments de l&rsquo;\u00e9tiquette sont librement mobiles et redimensionnables, vous pouvez cr\u00e9er, par inadvertance, un symbole de code barre qui n&rsquo;est pas facilement lisible ou qui est illisible. Par exemple, si le symbole est trop large ou trop court, alors les sp\u00e9cifications de conception d&rsquo;origine deviendront compromises et la lisibilit\u00e9 ne sera plus assur\u00e9e.<\/p>\n<p>Voici un exemple de symbole de code barre compromis par de mauvaises dimensions:<\/p>\n<p><a class=\"hover-item\" data-gal=\"prettyPhoto [barcode]\" href=\"http:\/\/www.labeljoy.com\/images\/how-to\/best-practices\/image002.png\"><img decoding=\"async\" width=\"180\" height=\"203\" src=\"http:\/\/www.labeljoy.com\/images\/how-to\/best-practices\/image002.png\" alt=\"Taille de code \u00e0 barres\"><\/a><\/p>\n<p>Labeljoy dispose d&rsquo;une fonctionnalit\u00e9 de dimensionnement automatique pour les \u00e9l\u00e9ments de codes barres qui peut vous aider \u00e0 <a href=\"https:\/\/www.labeljoy.com\/generateur-code-barre-gratuit\/\" title=\"G\u00e9n\u00e9rateur de codes-barres en ligne gratuit\">cr\u00e9er des symboles de codes barres<\/a> de la taille appropri\u00e9e. Double-cliquez sur votre \u00e9l\u00e9ment de code barre et allez \u00e0 dans l&rsquo;onglet \u00ab\u00a0Avanc\u00e9\u00a0\u00bb. V\u00e9rifiez les param\u00e8tres dans la liste d\u00e9roulante mode de Taille: lorsqu&rsquo;il est r\u00e9gl\u00e9 sur Manuel, le code barre est librement modifiable et vous \u00eates en charge de d\u00e9finir une taille qui puisse assurer une lisibilit\u00e9 correcte.<\/p>\n<p><a class=\"hover-item\" data-gal=\"prettyPhoto [barcode]\" href=\"http:\/\/www.labeljoy.com\/images\/how-to\/best-practices\/fr\/image003.png\"><img decoding=\"async\" width=\"872\" height=\"568\" src=\"http:\/\/www.labeljoy.com\/images\/how-to\/best-practices\/fr\/image003.png\" alt=\"Param\u00e8tres de code \u00e0 barres avanc\u00e9e\" style=\"max-width: 600px;\"><\/a><\/p>\n<p>Par ailleurs, vous pouvez s\u00e9lectionner l&rsquo;un des trois modes de taille <em>Auto<\/em>.<\/p>\n<p><a class=\"hover-item\" data-gal=\"prettyPhoto [barcode]\" href=\"http:\/\/www.labeljoy.com\/images\/how-to\/best-practices\/fr\/image004.png\"><img decoding=\"async\" width=\"872\" height=\"568\" src=\"http:\/\/www.labeljoy.com\/images\/how-to\/best-practices\/fr\/image004.png\" alt=\"Mode Taille de code \u00e0 barres\" style=\"max-width: 600px;\"><\/a><\/p>\n<p>Quand mode de <em>Taille <\/em>est d\u00e9fini par l&rsquo;une des trois valeurs d&rsquo;<em>Ancre possibles<\/em> (Ancrage \u00e0 gauche, Ancrage au Centre et Ancrage \u00e0 droite), la taille de l&rsquo;\u00e9l\u00e9ment de code barre est automatiquement calcul\u00e9e \u00e0 partir de la sp\u00e9cification de code barre de la symbologie s\u00e9lectionn\u00e9e. De cette fa\u00e7on, vous pouvez \u00eatre s\u00fbr que le symbole g\u00e9n\u00e9r\u00e9 pr\u00e9serve sa lisibilit\u00e9.<\/p>\n<p>Dans ce cas, tout le redimensionnement manuel est d\u00e9sactiv\u00e9: les zones de texte <em>largeur et hauteur<\/em> sont d\u00e9sactiv\u00e9es et vous serez seulement en mesure d&rsquo;utiliser la souris pour repositionner l&rsquo;\u00e9l\u00e9ment, mais pas pour la redimensionner. Cette fonctionnalit\u00e9 est destin\u00e9e \u00e0 deux fins:<\/p>\n<ol>\n<li>3. Le symbole encode des donn\u00e9es statiques et vous voulez vous assurer que sa taille est correctement configur\u00e9e pour garantir une bonne lisibilit\u00e9.<\/li>\n<li>4. Le symbole est reli\u00e9 \u00e0 une source de donn\u00e9es qui contient des donn\u00e9es de longueur variable et vous souhaitez r\u00e9tr\u00e9cir ou \u00e9largir la taille du symbole en fonction des donn\u00e9es cod\u00e9es, de sorte que la lisibilit\u00e9 soit pr\u00e9serv\u00e9e.<\/li>\n<\/ol>\n<p>Dans ce dernier cas, la taille du code barre change \u00e0 chaque emplacement, le point s\u00e9lection de l&rsquo;ancre d\u00e9terminera quel c\u00f4t\u00e9 de l&rsquo;\u00e9l\u00e9ment restera ancr\u00e9 et lequel variera:<\/p>\n<ul>\n<li><em>Ancrage \u00e0 gauche<\/em>: e c\u00f4t\u00e9 gauche de l&rsquo;\u00e9l\u00e9ment est fixe et la partie droite est modifi\u00e9e en fonction de son contenu.<\/li>\n<li><em>Ancrage central<\/em>:la gauche et la droite sont toutes deux chang\u00e9es pour pr\u00e9server le point central horizontal de l&rsquo;\u00e9l\u00e9ment.<\/li>\n<li><em>Ancrage \u00e0 droite<\/em>: le c\u00f4t\u00e9 droit de l&rsquo;\u00e9l\u00e9ment est fixe et la partie gauche est modifi\u00e9e en fonction de son contenu.<\/li>\n<\/ul>\n<p>En r\u00e8gle g\u00e9n\u00e9rale, vous ne devriez jamais faire un symbole de code barre plus petit que la taille par d\u00e9faut. La conception de votre \u00e9tiquette peut vous obliger \u00e0 le faire un peu plus grand, ce qui est bien si l&rsquo;\u00e9largissement ne d\u00e9passe pas environ 20% de la taille originale par d\u00e9faut. Pr\u00eatez \u00e9galement une attention particuli\u00e8re au ratio: en changeant la taille d&rsquo;un symbole de code barre, assurez-vous de faire varier la largeur et la hauteur de fa\u00e7on proportionnelle. Un facteur important \u00e0 consid\u00e9rer est le type de lecteur de code barre qui sera utilis\u00e9: si vous travaillez dans un environnement ferm\u00e9, alors vous pouvez tester si les symboles que vous produisez sont correctement lus par vos lecteurs. Mais si vos \u00e9tiquettes d&rsquo;impression sont destin\u00e9es au monde ext\u00e9rieur, assurez-vous de garder les choses aussi simples que possible.<\/p>\n<h2>3 \u2013 Contraste<\/h2>\n<p>Par d\u00e9faut, tous les symboles de code barre, ind\u00e9pendamment de la symbologie, sont cr\u00e9\u00e9s avec des barres noires (ou modules pour symbologies 2D) sur fond blanc. Ce choix de couleurs rend le symbole tr\u00e8s facile \u00e0 analyser. Lorsque les codes barres ont \u00e9t\u00e9 invent\u00e9s, les scanners de codes barres n&rsquo;\u00e9taient pas aussi \u00e9volu\u00e9s que ceux que nous avons aujourd&rsquo;hui. Par cons\u00e9quent, un jeu de couleurs \u00e0 contraste \u00e9lev\u00e9 \u00e9tait un must pour assurer une num\u00e9risation appropri\u00e9e.<\/p>\n<table class=\"tabellabordi\">\n<tbody>\n<tr>\n<td valign=\"top\">\n<p align=\"center\">Symbole Industriel 2 sur 5 symbole avec des barres noires sur un fond blanc<\/p>\n<p align=\"center\"><a class=\"hover-item\" data-gal=\"prettyPhoto [barcode]\" href=\"http:\/\/www.labeljoy.com\/images\/how-to\/best-practices\/image005.png\"><img decoding=\"async\" width=\"275\" height=\"145\" src=\"http:\/\/www.labeljoy.com\/images\/how-to\/best-practices\/image005.png\" alt=\"Barcode fond blanc\"><\/a><\/p>\n<p align=\"center\">\n<\/td>\n<\/tr>\n<\/tbody>\n<\/table>\n<p>Aujourd&rsquo;hui, les choses sont diff\u00e9rentes: un scanner de codes barres manuel moderne a plus de puissance de traitement que des dizaines d&rsquo;ordinateurs combin\u00e9s qui \u00e9taient en usage dans les ann\u00e9es 60 et les derniers scanners CCD sont capables de reconna\u00eetre des \u00e9l\u00e9ments beaucoup plus complexes que de simples codes barres.<br \/>\nIl n&rsquo;est pas rare de trouver des codes barres con\u00e7us pour mieux s&rsquo;adapter \u00e0 l&rsquo;environnement graphique auquel ils appartiennent. Labeljoy vous permet de cr\u00e9er des symboles de codes barres avec un fond de couleur, m\u00eame une couleur estomp\u00e9e, et \/ ou des barres de couleur:<\/p>\n<table class=\"tabellabordi\">\n<tbody>\n<tr>\n<td valign=\"top\">\n<p align=\"center\">Symbole de code 128 avec des barres bleues sur fond blanc<\/p>\n<p align=\"center\"><a class=\"hover-item\" data-gal=\"prettyPhoto [barcode]\" href=\"http:\/\/www.labeljoy.com\/images\/how-to\/best-practices\/image006.png\"><img decoding=\"async\" src=\"http:\/\/www.labeljoy.com\/images\/how-to\/best-practices\/image006.png\" alt=\"code \u00e0 barres avec des barres bleues\" width=\"214\" height=\"94\"><\/a><\/p>\n<\/td>\n<\/tr>\n<tr>\n<td valign=\"top\">\n<p align=\"center\">Symbole EAN 13 sur fond rose<\/p>\n<p align=\"center\"><a class=\"hover-item\" data-gal=\"prettyPhoto [barcode]\" href=\"http:\/\/www.labeljoy.com\/images\/how-to\/best-practices\/image007.png\"><img decoding=\"async\" width=\"211\" height=\"147\" src=\"http:\/\/www.labeljoy.com\/images\/how-to\/best-practices\/image007.png\" alt=\"Code-barres avec le fond rose\"><\/a><\/p>\n<\/td>\n<\/tr>\n<tr>\n<td valign=\"top\">\n<p align=\"center\">Symbole de code QR avec modules vert fonc\u00e9 sur fond estomp\u00e9<\/p>\n<p align=\"center\"><a class=\"hover-item\" data-gal=\"prettyPhoto [barcode]\" href=\"http:\/\/www.labeljoy.com\/images\/how-to\/best-practices\/image008.png\"><img decoding=\"async\" width=\"111\" height=\"111\" src=\"http:\/\/www.labeljoy.com\/images\/how-to\/best-practices\/image008.png\" alt=\"QR code avec fond d\u00e9coloration\"><\/a><\/p>\n<\/td>\n<\/tr>\n<\/tbody>\n<\/table>\n<p>&nbsp;<\/p>\n<h2>4 \u2013 Rotation<\/h2>\n<p>Labeljoy vous permet de faire tourner librement tous les \u00e9l\u00e9ments de la page. Cela s&rsquo;applique aussi aux symboles de codes barres. Par exemple, le mod\u00e8le de votre \u00e9tiquette peut vous obliger \u00e0 faire tourner un \u00e9l\u00e9ment de code barres de 45 degr\u00e9s:<\/p>\n<p><a class=\"hover-item\" data-gal=\"prettyPhoto [barcode]\" href=\"http:\/\/www.labeljoy.com\/images\/how-to\/best-practices\/image009.png\"><img decoding=\"async\" src=\"http:\/\/www.labeljoy.com\/images\/how-to\/best-practices\/image009.png\" alt=\"QR code tourn\u00e9\" width=\"357\" height=\"139\"><\/a><\/p>\n<p>C&rsquo;est tout \u00e0 fait correct: les scanners de codes barres et smartphones ne vous demandent pas de scanner les symboles en \u00e9tant parfaitement align\u00e9 sur leur angle de base. Gardez \u00e0 l&rsquo;esprit que, encore une fois, plus vous restez simple et plus vous aurez de chances que vos symboles soient lus facilement dans un grand nombre d&rsquo;environnements diff\u00e9rents.<\/p>\n<p>Une chose \u00e0 garder \u00e0 l&rsquo;esprit est que les \u00e9crans d&rsquo;ordinateur ont une r\u00e9solution bien plus faible que n&rsquo;importe quelle imprimante \u00e0 jet d&rsquo;encre standard. C&rsquo;est pourquoi votre \u00e9l\u00e9ment de code barre pivot\u00e9 pourrait avoir un aspect un peu d\u00e9fait \u00e0 l&rsquo;\u00e9cran, mais il para\u00eetra mieux une fois qu&rsquo;il aura \u00e9t\u00e9 imprim\u00e9:<\/p>\n<table class=\"tabellabordi\">\n<tbody>\n<tr>\n<td valign=\"top\">\n<p align=\"center\">Symbole pivot\u00e9 sur l&rsquo;\u00e9cran (96 dpi)<\/p>\n<p align=\"center\"><a class=\"hover-item\" data-gal=\"prettyPhoto [barcode]\" href=\"http:\/\/www.labeljoy.com\/images\/how-to\/best-practices\/image010.png\"><img decoding=\"async\" width=\"356\" height=\"170\" src=\"http:\/\/www.labeljoy.com\/images\/how-to\/best-practices\/image010.png\" alt=\"symbole tourn\u00e9 96dpi\"><\/a><\/p>\n<\/td>\n<\/tr>\n<tr>\n<td valign=\"top\">\n<p align=\"center\">Symbole pivot\u00e9 sur papier (600 dpi)<\/p>\n<p align=\"center\"><a class=\"hover-item\" data-gal=\"prettyPhoto [barcode]\" href=\"http:\/\/www.labeljoy.com\/images\/how-to\/best-practices\/image011.png\"><img decoding=\"async\" src=\"http:\/\/www.labeljoy.com\/images\/how-to\/best-practices\/image011.png\" alt=\"symbole tourn\u00e9l 600dpi\" width=\"356\" height=\"170\"><\/a><\/p>\n<\/td>\n<\/tr>\n<\/tbody>\n<\/table>\n<p>&nbsp;<\/p>\n<h2>5 \u2013 Impression<\/h2>\n<p>L&rsquo;impression est l&rsquo;\u00e9l\u00e9ment le plus critique dans le processus de cr\u00e9ation d&rsquo;\u00e9tiquettes de codes barres. La plupart du temps, il est le seul coupable de tous les probl\u00e8mes de lecture des codes barres.<\/p>\n<p>Les symboles de codes barres lin\u00e9aires deviennent illisibles si une seule des barres est endommag\u00e9e ou n&rsquo;a pas \u00e9t\u00e9 imprim\u00e9e correctement. Ceci est d\u00fb au fait que les symbologies lin\u00e9aires ne comprennent pas d&rsquo;algorithme de correction d&rsquo;erreur: toutes les barres sont n\u00e9cessaires pour donner un sens \u00e0 ce symbole.<\/p>\n<p>Par ailleurs, les symbologies 2D mettent en \u0153uvre des algorithmes de correction d&rsquo;erreur qui font qu&rsquo;il est possible pour un scanner de lire correctement un symbole partiellement endommag\u00e9. N\u00e9anmoins, si vous imprimez un code barre 2D, vous ne devriez pas compter sur ses capacit\u00e9s de correction d&rsquo;erreur pour assurer une lecture correcte: cherchez toujours \u00e0 avoir le meilleur r\u00e9sultat possible quand il s&rsquo;agit d&rsquo;imprimer des codes barres.<br \/>\nPour cette raison, voici une liste rapide des choses que vous devriez toujours v\u00e9rifier avant d&rsquo;imprimer des codes barres:<\/p>\n<ul>\n<li>Sur une imprimante \u00e0 jet d&rsquo;encre, assurez-vous que les niveaux d&rsquo;encre soient bons et que les t\u00eates d&rsquo;impression sont propres.<\/li>\n<li>Sur une imprimante laser, assurez-vous que le niveau du toner soit bon et que que les rouleaux de l&rsquo;imprimante sont propres.<\/li>\n<li>Sur une imprimante \u00e0 rouleau, assurez-vous que les rubans d&rsquo;encre fonctionnent correctement.<\/li>\n<li>Testez \u00e9ventuellement vos codes barres avec un scanner obsol\u00e8te: si cela fonctionne avec un scanner plus ancien, il y a des chances pour que vos symboles puissent \u00eatre lus partout.<\/li>\n<\/ul>\n<p>Voici un exemple d&rsquo;un symbole de code barre illisible en raison d&rsquo;une mauvaise impression et de lourds d\u00e9g\u00e2ts occasionn\u00e9s:<\/p>\n<p><a class=\"hover-item\" data-gal=\"prettyPhoto [barcode]\" href=\"http:\/\/www.labeljoy.com\/images\/how-to\/best-practices\/image012.png\"><img decoding=\"async\" width=\"247\" height=\"121\" src=\"http:\/\/www.labeljoy.com\/images\/how-to\/best-practices\/image012.png\" alt=\"code \u00e0 barres endommag\u00e9s\"><\/a><\/p>\n<p>Et voici une liste rapide qui r\u00e9sume toutes les astuces de conception \u00e9voqu\u00e9s jusqu&rsquo;ici dans ce tutoriel:<\/p>\n<ul>\n<li>Choisissez la bonne symbologie: d\u00e9cidez en fonction des besoins du client. Si c&rsquo;est pour un usage interne seulement, alors vous \u00eates votre propre client et d\u00e9cidez en fonction de vos capacit\u00e9s d&rsquo;infrastructure (type de scanner, type de donn\u00e9es \u00e0 coder, etc.).<\/li>\n<li>Utilisez les dimensions par d\u00e9faut pour chaque symbologie.<\/li>\n<li>Faites au plus simple, sauf si vous avez une exigence sp\u00e9cifique, utilisez des barres noires sur fond blanc, \u00e9vitez les fonds transparents.<\/li>\n<li>Toujours laisser une zone libre: ne mettez pas de texte ni de graphiques trop pr\u00e8s du symbole ou il pourrait finir par devenir illisible.<\/li>\n<li>Ne mettez pas de texte ni de graphiques au-dessus d&rsquo;un symbole de code barre.<\/li>\n<li>Si vous avez besoin d&rsquo;inclure plus d&rsquo;un symbole, assurez-vous qu&rsquo;il y ait assez d&rsquo;espace entre eux, ou sinon le fait de scanner un symbole sp\u00e9cifique deviendra compliqu\u00e9.<\/li>\n<\/ul>\n<h2>6 \u2013 Appliquer les \u00e9tiquettes<\/h2>\n<p>Un dernier aspect important dont il faut discuter, c&rsquo;est le processus physique d&rsquo;\u00e9tiquetage qui est effectu\u00e9 apr\u00e8s qu&rsquo;une \u00e9tiquette a \u00e9t\u00e9 imprim\u00e9e. Parfois, m\u00eame si vous suivez toutes les r\u00e8gles, vous vous retrouvez avec une \u00e9tiquette illisible, parce que vous n&rsquo;avez pas pr\u00eat\u00e9 assez d&rsquo;attention au moment d&rsquo;appliquer l&rsquo;\u00e9tiquette sur vos articles.<\/p>\n<p>Voici quelques lignes directrices qui pourraient vous aider \u00e0 \u00e9viter les erreurs les plus courantes:<\/p>\n<ul>\n<li>Choisir le bon papier: assurez-vous qu&rsquo;une fois l&rsquo;\u00e9tiquette sortie de l&rsquo;imprimante, l&rsquo;encre s\u00e8che, de sorte que lors de la manipulation, vous n&rsquo;abimerez pas les codes barres par inadvertance.<\/li>\n<li>Faites attention \u00e0 la colle: il y a des tonnes de diff\u00e9rents types d&rsquo;\u00e9tiquettes. Certaines ont de la colle permanente, tandis que d&rsquo;autres sont \u00e0 attacher \/ d\u00e9tacher. Lors du choix du papier, assurez-vous qu&rsquo;il pr\u00e9sente la colle qui correspond \u00e0 vos besoins.<\/li>\n<li>\u00c9viter la d\u00e9formation lorsque cela est possible: si vous appliquez une \u00e9tiquette de code barre sur un petit pot, un symbole de code barre horizontale peut finir par ne plus \u00eatre lisible. Pivotez le code barre de 90 ou 270 degr\u00e9s.<\/li>\n<li>Surveillez les liquides: si vos \u00e9tiquettes doivent se trouver dans des environnements humides ou expos\u00e9s aux intemp\u00e9ries, il existe des \u00e9tiquettes sp\u00e9cifiques, cherchez des \u00e9tiquettes r\u00e9sistant aux intemp\u00e9ries.<\/li>\n<li>Regardez des films transparents: si vos articles doivent finir envelopp\u00e9s dans un film plastique, testez la lisibilit\u00e9 des codes barres.<\/li>\n<\/ul>\n<p>\n<script><br \/>\njQuery(document).ready(function () {<br \/>\n    jQuery(window).scroll(function () {<br \/>\n        if (jQuery(this).scrollTop() > 100) {<br \/>\njQuery('.scrollup').fadeIn();<br \/>\n        } else {<br \/>\n            jQuery('.scrollup').fadeOut();<br \/>\n        }<br \/>\n    });<br \/>\n    jQuery('.scrollup').click(function () {<br \/>\n        jQuery(\"html, body\").animate({<br \/>\n            scrollTop: 0<br \/>\n        }, 600);<br \/>\n        return false;<br \/>\n    });<br \/>\n});<br \/>\n<\/script>\n<br \/>\n<a href=\"#\" class=\"scrollup\">Scroll<\/a><\/p>\n","protected":false},"excerpt":{"rendered":"<p>Pratiques d&rsquo;impression des codes barres Avant de commencer \u00e0 imprimer les symboles de codes barres, il y a quelques choses auxquelles vous devez accorder une attention particuli\u00e8re. Un code \u00e0 barres n&rsquo;est bon que s&rsquo;il peut \u00eatre lu par un lecteur de codes barres. Voyons quels sont les facteurs cl\u00e9s sont quand il s&rsquo;agit d&rsquo;imprimer &#8230; <a title=\"Pratiques d&#8217;impression des codes barres\" class=\"read-more\" href=\"https:\/\/www.labeljoy.com\/fr\/assistance\/comment-faire\/impression-codes-barres\/\" aria-label=\"En savoir plus sur Pratiques d&#8217;impression des codes barres\">Read more<\/a><\/p>\n","protected":false},"author":1,"featured_media":0,"parent":2767,"menu_order":0,"comment_status":"open","ping_status":"closed","template":"","meta":{"inline_featured_image":false,"_monsterinsights_skip_tracking":false,"_monsterinsights_sitenote_active":false,"_monsterinsights_sitenote_note":"","_monsterinsights_sitenote_category":0,"footnotes":""},"class_list":{"0":"post-16990","1":"page","2":"type-page","3":"status-publish","5":"infinite-scroll-item"},"aioseo_notices":[],"_links":{"self":[{"href":"https:\/\/www.labeljoy.com\/fr\/wp-json\/wp\/v2\/pages\/16990","targetHints":{"allow":["GET"]}}],"collection":[{"href":"https:\/\/www.labeljoy.com\/fr\/wp-json\/wp\/v2\/pages"}],"about":[{"href":"https:\/\/www.labeljoy.com\/fr\/wp-json\/wp\/v2\/types\/page"}],"author":[{"embeddable":true,"href":"https:\/\/www.labeljoy.com\/fr\/wp-json\/wp\/v2\/users\/1"}],"replies":[{"embeddable":true,"href":"https:\/\/www.labeljoy.com\/fr\/wp-json\/wp\/v2\/comments?post=16990"}],"version-history":[{"count":5,"href":"https:\/\/www.labeljoy.com\/fr\/wp-json\/wp\/v2\/pages\/16990\/revisions"}],"predecessor-version":[{"id":39738,"href":"https:\/\/www.labeljoy.com\/fr\/wp-json\/wp\/v2\/pages\/16990\/revisions\/39738"}],"up":[{"embeddable":true,"href":"https:\/\/www.labeljoy.com\/fr\/wp-json\/wp\/v2\/pages\/2767"}],"wp:attachment":[{"href":"https:\/\/www.labeljoy.com\/fr\/wp-json\/wp\/v2\/media?parent=16990"}],"curies":[{"name":"wp","href":"https:\/\/api.w.org\/{rel}","templated":true}]}}