{"id":17017,"date":"2012-10-02T08:58:49","date_gmt":"2012-10-02T08:58:49","guid":{"rendered":"http:\/\/www.labeljoy.com\/?page_id=17017"},"modified":"2026-03-20T11:33:33","modified_gmt":"2026-03-20T11:33:33","slug":"generer-codes-barres-gs1-128","status":"publish","type":"page","link":"https:\/\/www.labeljoy.com\/fr\/assistance\/comment-faire\/generer-codes-barres-gs1-128\/","title":{"rendered":"G\u00e9n\u00e9rer des codes barres GS1-128"},"content":{"rendered":"<h1>G\u00e9n\u00e9ration de codes barres GS1-128<\/h1>\n<p>GS1-128 a \u00e9t\u00e9 d\u00e9fini pour fournir une norme mondiale pour l&rsquo;\u00e9change d&rsquo;information tout au long de la cha\u00eene d&rsquo;approvisionnement. Il est repr\u00e9sent\u00e9 sous la forme d&rsquo;un ou plusieurs symboles de codes barres codant des donn\u00e9es et contenant des informations sur les marchandises exp\u00e9di\u00e9es, telles que les identifiants globaux uniques, la quantit\u00e9, le poids, les dates d&rsquo;expiration et beaucoup plus.<br \/>\n<a title=\"GS1 128\" href=\"https:\/\/www.labeljoy.com\/fr\/assistance\/guide-codes-barres\/gs1-128-fr\/\">GS1-128<\/a> n&rsquo;est pas une symbologie de codes barres, il s&rsquo;agit plut\u00f4t d&rsquo;un ensemble d&rsquo;<em>identifiants d&rsquo;application (AI)<\/em> qui d\u00e9finissent des bits d&rsquo;information sp\u00e9cifiques et des contextes.<\/p>\n<p><a title=\"GS1-128 wikipedia\" href=\"http:\/\/en.wikipedia.org\/wiki\/GS1-128\" target=\"_blank\" rel=\"noopener noreferrer\">La liste compl\u00e8te des AI selon Wikipedia.<\/a><\/p>\n<p>Une fois que l&rsquo;information a \u00e9t\u00e9 d\u00e9finie, elle est cod\u00e9e en utilisant la symbologie de code barre Code 128. Un caract\u00e8re sp\u00e9cial (FNC1) est utilis\u00e9 dans la partie sup\u00e9rieure de chaque symbole de code barre GS1-128 et en tant que caract\u00e8re de terminaison pour des AI de longueur variable.<\/p>\n<p style=\"text-align: center;\"><a class=\"large orange tt-button\" title=\"Logiciel de g\u00e9n\u00e9ration de codes barres\" href=\"https:\/\/www.labeljoy.com\/fr\/logiciel-generateur-codes-barres\/\">Plus d&rsquo;infos sur le logiciel de g\u00e9n\u00e9ration de codes barres<\/a><\/p>\n<h2>1 \u2013 GS1-128 et Labeljoy<\/h2>\n<p>Labeljoy (en mode complet ou en mode d&rsquo;essai) peut <strong>g\u00e9n\u00e9rer des codes barres GS1-128<\/strong> et prend en charge la plupart des tracas li\u00e9s \u00e0 la g\u00e9n\u00e9ration d&rsquo;un symbole GS1-128 de code barre qui soit enti\u00e8rement conforme.<br \/>\nCela inclut:<\/p>\n<ul>\n<li><strong>Entr\u00e9e de donn\u00e9es simplifi\u00e9es<\/strong><br \/>\nIl suffit d&rsquo;entrer la s\u00e9quence AI dans le format lisible et Labeljoy la validera gr\u00e2ce \u00e0 son moteur GS1-128 interne, g\u00e9n\u00e9rera le symbole correspondant, ou affichera un message d&rsquo;erreur indiquant quel est le probl\u00e8me.<\/li>\n<li><strong>G\u00e9n\u00e9ration du chiffre de contr\u00f4le Modulo 10<\/strong><br \/>\nQuand une AI n\u00e9cessite un chiffre de contr\u00f4le, il suffit d&rsquo;entrer un nombre: Labeljoy le remplacera par le chiffre de contr\u00f4le modulo 10 appropri\u00e9.<\/li>\n<li><strong>Valideur de s\u00e9quence AI<\/strong><br \/>\nLa concat\u00e9nation AI est soumise au respect de certaines r\u00e8gles. Par exemple, lorsque vous utilisez AI 02 (Nombre de conteneurs), le symbole doit \u00e9galement coder AI 00 (code du conteneur de transport) ou AI 37 (nombre d&rsquo;unit\u00e9s contenues). Labeljoy v\u00e9rifiera \u00e9ventuellement si la s\u00e9quence AI entr\u00e9 est enti\u00e8rement conforme.<\/li>\n<li><strong>Gestion FNC1<\/strong><br \/>\nLe caract\u00e8re sp\u00e9cial FNC1 est automatiquement ajout\u00e9 l\u00e0 o\u00f9 cela est n\u00e9cessaire.<\/li>\n<\/ul>\n<p>Fondamentalement, tout ce que vous devez faire est de saisir vos donn\u00e9es et la s\u00e9quence AI. Par exemple, en saisissant le texte (00)123456789012345678, Labeljoy va cr\u00e9er un symbole de code barre GS1-128 qui sera conforme \u00e0 l&rsquo;identifiant d&rsquo;application (00) Serial Shipping Container Code (SSCC-18).<\/p>\n<p><a class=\"hover-item\" href=\"http:\/\/www.labeljoy.com\/images\/how-to\/gs1-128\/image001.png\" target=\"_blank\" rel=\"noopener noreferrer\" data-gal=\"prettyPhoto[generer-codes]\"><img decoding=\"async\" width=\"522\" height=\"177\" style=\"max-width: 600px;\" src=\"http:\/\/www.labeljoy.com\/images\/how-to\/gs1-128\/image001.png\" alt=\"Exemple GS1-128\" \/><\/a><\/p>\n<p><span style=\"font-size: small;\">Le symbole GS1-128 g\u00e9n\u00e9r\u00e9e par Labeljoy code pour le texte (00)123456789012345678, qui correspond \u00e0 l&rsquo;AI 00(SSCC-18).<br \/>\nNotez que le dernier chiffre est 5 dans le symbole, puisque c&rsquo;est le chiffre exact modulo 10.<\/span><\/p>\n<h2>2 \u2013\u00a0Cr\u00e9ez un code barre SSCC-18<\/h2>\n<p>Veuillez vous rendre sur la <a href=\"https:\/\/www.labeljoy.com\/fr\/assistance\/comment-faire\/generer-des-codes-barres-sscc-18\/\">page d\u00e9di\u00e9e du <strong>SSCC-18<\/strong><\/a>.<\/p>\n<h2>3 \u2013\u00a0Le Num\u00e9ro d&rsquo;Article de Commerce Mondial (Global Trade Item Number: GTIN)<\/h2>\n<p>Le GTIN est un num\u00e9ro qui identifie de mani\u00e8re unique un produit \u00e0 travers le monde. Dans le syst\u00e8me GS1, il correspond \u00e0 l&rsquo;AI 01.<br \/>\nIl est compos\u00e9 de 14\u00a0chiffres o\u00f9 le dernier est le chiffre de contr\u00f4le.<\/p>\n<p>Fondamentalement, il s&rsquo;agit de la version GS1 de votre identifiant produit global, que ce soit dans le format EAN-13, UPC-A, UPC-E, lEAN-8 ou ITF-14. Encore une fois, il est d\u00e9livr\u00e9 par les autorit\u00e9s commerciales locales, qui varient d&rsquo;un pays \u00e0 l&rsquo;autre.<\/p>\n<p>Par exemple, si vous \u00eates en Am\u00e9rique du Nord, votre produit est probablement identifi\u00e9 \u00e0 l&rsquo;\u00e9chelle mondiale par un num\u00e9ro UPC-A qui est de 12 chiffres. Pour convertir cette information dans la version GS1, pr\u00e9fixez simplement ce num\u00e9ro avec deux z\u00e9ros. Si vous \u00eates en Europe, votre produit est identifi\u00e9 par un num\u00e9ro EAN-13 unique. Dans ce cas, vous aurez besoin d&rsquo;ajouter un z\u00e9ro au d\u00e9but pour le transformer en un num\u00e9ro GTIN conforme.<br \/>\nNotez qu&rsquo;ajouter un pr\u00e9fixe 0 \u00e0 votre identifiant existant n&rsquo;affectera pas le chiffre de contr\u00f4le modulo 10. Labeljoy le v\u00e9rifiera pour vous de toute fa\u00e7on, mais il est probable qu&rsquo;il ne le changera pas.<\/p>\n<p>Dans cet exemple, nous pr\u00e9tendrons \u00eatre une entreprise europ\u00e9enne et que notre produit s&rsquo;est vu attribuer l&rsquo;identifiant global EAN-13 suivant: 2003659821451.<br \/>\nNous allons en faire un num\u00e9ro GTIN en ajoutant le bon AI et en ajoutant un z\u00e9ro en pr\u00e9fixe pour obtenir le nombre correct de chiffres: (01)02003659821451.<\/p>\n<p>Maintenant, si vous entrez ce num\u00e9ro dans Labeljoy alors que l&rsquo;option V\u00e9rifiez la s\u00e9quence AI est activ\u00e9e, voici ce que vous obtiendrez:<\/p>\n<p><a class=\"hover-item\" href=\"http:\/\/www.labeljoy.com\/images\/how-to\/gs1-128\/fr\/image004.png\" data-gal=\"prettyPhoto[generer-codes]\"><img decoding=\"async\" width=\"551\" height=\"436\" style=\"max-width: 600px;\" src=\"http:\/\/www.labeljoy.com\/images\/how-to\/gs1-128\/fr\/image004.png\" alt=\"Erreur Labeljoy pour GTIN code \u00e0 barres\" \/><\/a><\/p>\n<p>Labeljoy a d\u00e9tect\u00e9 que cette AI particulier ne peut pas exister en tant que tel, car cela n&rsquo;aurait pas de sens dans le monde GS1. AI 01 a \u00e9t\u00e9 con\u00e7u pour \u00eatre coupl\u00e9 avec au moins un autre AI qui contient des informations suppl\u00e9mentaires sur cet article particulier.<\/p>\n<p>Par exemple, nous pourrions ajouter des informations sur le poids, les dimensions, ou tout simplement la quantit\u00e9 d&rsquo;articles que nous embarquons.<\/p>\n<p>Allons donc de l&rsquo;avant et ajoutons AI 30 (Nombre d&rsquo;unit\u00e9s), qui indique le nombre d&rsquo;articles joints inclus dans l&rsquo;envoi.<\/p>\n<p>Nous pr\u00e9tendrons que nous embarquons 1200 exemplaires de notre produit.<\/p>\n<p>Comme AI 30 est de longueur variable, nous n&rsquo;avons pas besoin de remplir avec des 0. Le texte que nous allons entrer deviendra:<br \/>\n(01)02003659821451(30)1200.<\/p>\n<p>Ce que nous disons dans la langue GS1, c&rsquo;est: Cette unit\u00e9 d&rsquo;exp\u00e9dition contient 1200exemplaires du produit EAN-13 2003659821451.<\/p>\n<p><a class=\"hover-item\" href=\"http:\/\/www.labeljoy.com\/images\/how-to\/gs1-128\/fr\/image005.png\" data-gal=\"prettyPhoto[generer-codes]\"><img decoding=\"async\" width=\"869\" height=\"569\" style=\"max-width: 600px;\" src=\"http:\/\/www.labeljoy.com\/images\/how-to\/gs1-128\/fr\/image005.png\" alt=\"GS1 128 configuration de code \u00e0 barres\" \/><\/a><\/p>\n<p>Labeljoy valide notre texte, ne voit pas de probl\u00e8mes le concernant et g\u00e9n\u00e8re le symbole de code barre suivant:<\/p>\n<p><a class=\"hover-item\" href=\"http:\/\/www.labeljoy.com\/images\/how-to\/gs1-128\/image006.png\" data-gal=\"prettyPhoto[generer-codes]\"><img decoding=\"async\" width=\"475\" height=\"161\" class=\"aligncenter\" style=\"max-width: 600px;\" src=\"http:\/\/www.labeljoy.com\/images\/how-to\/gs1-128\/image006.png\" alt=\"GTIN GS1 code \u00e0 barres\" \/><\/a><\/p>\n<p style=\"text-align: center;\"><a href=\"http:\/\/www.labeljoy.com\/images\/how-to\/gs1-128\/GS1-128b.lpa\" class=\"large green tt-button\" target=\"_self\">\u00a0T\u00e9l\u00e9chargez ce fichier Labeljoy <\/a>\n<h2>4 \u2013\u00a0Un exemple concret<\/h2>\n<p>Maintenant, nous cr\u00e9ons un v\u00e9ritable label logistique en suivant les lignes directrices du GS1.<\/p>\n<p>Nous allons commencer par la configuration de Labeljoy pour cr\u00e9er une \u00e9tiquette de 105 par 148 mm (comme indiqu\u00e9 sur le document GS1, \u00e0 la page 24):<\/p>\n<p><a class=\"hover-item\" href=\"http:\/\/www.labeljoy.com\/images\/how-to\/gs1-128\/fr\/image007.png\" data-gal=\"prettyPhoto[generer-codes]\"><img decoding=\"async\" width=\"871\" height=\"562\" style=\"max-width: 600px;\" src=\"http:\/\/www.labeljoy.com\/images\/how-to\/gs1-128\/fr\/image007.png\" alt=\"Configuration de l'\u00e9tiquette personnalis\u00e9e\" \/><\/a><\/p>\n<p>Notez que la taille de la page est un peu plus grande pour laisser de la place aux marges. La mise en page doit \u00eatre cr\u00e9\u00e9e en tenant compte de vos besoins d&rsquo;impression et du papier.<\/p>\n<p>Nous allons maintenant ajouter tous les \u00e9l\u00e9ments pour imiter l&rsquo;\u00e9tiquette logistique trouv\u00e9e \u00e0 la page 14 du document GS1:<\/p>\n<p><a class=\"hover-item\" href=\"http:\/\/www.labeljoy.com\/images\/how-to\/gs1-128\/fr\/image008.png\" data-gal=\"prettyPhoto[generer-codes]\"><img decoding=\"async\" width=\"1192\" height=\"1013\" style=\"max-width: 600px;\" src=\"http:\/\/www.labeljoy.com\/images\/how-to\/gs1-128\/fr\/image008.png\" alt=\"Un exemple r\u00e9el GS1-128\" \/><\/a><\/p>\n<p>&nbsp;<\/p>\n<p style=\"text-align: center;\"><a href=\"http:\/\/www.labeljoy.com\/images\/how-to\/gs1-128\/GS1-128c.lpa\" class=\"large green tt-button\" target=\"_self\">\u00a0T\u00e9l\u00e9chargez ce fichier Labeljoy <\/a>\n<p>Il s&rsquo;agit d&rsquo;une \u00e9tiquette logistique GS1-128 typique contenant trois groupes d&rsquo;informations: fournisseur, client et support.<br \/>\nLa partie sup\u00e9rieure contient des informations d&rsquo;exp\u00e9dition, la section du milieu les donn\u00e9es lisibles par l&rsquo;homme et la partie inf\u00e9rieure des symboles de code \u00e0 barre.<\/p>\n<h2>5 \u2013\u00a0Connexion des donn\u00e9es<\/h2>\n<p>Si les donn\u00e9es \u00e0 repr\u00e9senter sur l&rsquo;\u00e9tiquette GS1 r\u00e9sident dans une source quelconque (un fichier Excel ou Access, SQL Server, MySQL, etc.), vous devez connecter votre fichier Labeljoy \u00e0 la source de donn\u00e9es et connecter chaque \u00e9l\u00e9ment \u00e0 l&rsquo;ensemble de donn\u00e9es correspondant. Veuillez vous r\u00e9f\u00e9rer \u00e0 <a title=\"Chargez des donn\u00e9es \u00e0 partir d\u2019Excel\" href=\"https:\/\/www.labeljoy.com\/fr\/video-assistance\/charger-des-excel\/\">ce tutoriel vid\u00e9o<\/a> pour trouver tous les d\u00e9tails.<br \/>\nPour notre exemple, nous allons utiliser un fichier Excel:<\/p>\n<p><a class=\"hover-item\" href=\"http:\/\/www.labeljoy.com\/images\/how-to\/gs1-128\/fr\/image009.png\" data-gal=\"prettyPhoto[generer-codes]\"><img decoding=\"async\" width=\"1518\" height=\"223\" style=\"max-width: 600px;\" src=\"http:\/\/www.labeljoy.com\/images\/how-to\/gs1-128\/fr\/image009.png\" alt=\"Fichier Excel pour se connecter\" \/><\/a><\/p>\n<p>En outre, tous les renseignements dont nous avons besoin sur notre \u00e9tiquette ne sont pas pr\u00eats \u00e0 \u00eatre ajout\u00e9s aux \u00e9l\u00e9ments, certains d&rsquo;entre eux doivent \u00eatre calcul\u00e9s par la concat\u00e9nation des \u00e9l\u00e9ments existants. Nous allons voir comment nous pouvons le faire dans Labeljoy.<\/p>\n<p>Mais d&rsquo;abord, nous allons lier notre \u00e9tiquette \u00e0 la source de donn\u00e9es. Nous pourrions aussi utiliser l&rsquo;Assistant de donn\u00e9es, mais pour le moment nous allons configurer la connexion manuellement en mettant en place les <em>Param\u00e8tres de groupe<\/em>:<\/p>\n<p><a class=\"hover-item\" href=\"http:\/\/www.labeljoy.com\/images\/how-to\/gs1-128\/fr\/image010.png\" data-gal=\"prettyPhoto[generer-codes]\"><img decoding=\"async\" width=\"774\" height=\"588\" style=\"max-width: 600px;\" src=\"http:\/\/www.labeljoy.com\/images\/how-to\/gs1-128\/fr\/image010.png\" alt=\"Configuration de l'importation de fichiers Excel\" \/><\/a><\/p>\n<p>Une fois que les donn\u00e9es ont \u00e9t\u00e9 charg\u00e9es, l&rsquo;onglet <em>Filtre et tri<\/em> devrait afficher une grille avec les champs et les donn\u00e9es lues \u00e0 partir du fichier Excel:<\/p>\n<p><a class=\"hover-item\" href=\"http:\/\/www.labeljoy.com\/images\/how-to\/gs1-128\/fr\/image011.png\" data-gal=\"prettyPhoto[generer-codes]\"><img decoding=\"async\" width=\"775\" height=\"589\" style=\"max-width: 600px;\" src=\"http:\/\/www.labeljoy.com\/images\/how-to\/gs1-128\/fr\/image011.png\" alt=\"Filtre et tri des fichiers Excel\" \/><\/a><\/p>\n<p>Lorsque nous confirmons le changement de connexion des donn\u00e9es que nous venons de faire, les boutons de la page dans la barre d&rsquo;outils sup\u00e9rieure deviennent actifs. Nous avons une seule \u00e9tiquette par page et comme notre source de donn\u00e9es contient 7 lignes, Labeljoy permet de faire d\u00e9filer les 7 pages, 1 ligne par page.<\/p>\n<p>Maintenant, nous avons besoin de relier chaque \u00e9l\u00e9ment variable de l&rsquo;\u00e9tiquette au champ appropri\u00e9 dans la source de donn\u00e9es.<br \/>\nCommen\u00e7ons par le champ postal dans la zone en haut \u00e0 droite:<\/p>\n<p><a class=\"hover-item\" href=\"http:\/\/www.labeljoy.com\/images\/how-to\/gs1-128\/fr\/image012.png\" data-gal=\"prettyPhoto[generer-codes]\"><img decoding=\"async\" width=\"1916\" height=\"1019\" style=\"max-width: 600px;\" src=\"http:\/\/www.labeljoy.com\/images\/how-to\/gs1-128\/fr\/image012.png\" alt=\"Gs1 128 barres de fichier Excel\" \/><\/a><\/p>\n<p>Comme vous pouvez le voir, en cliquant sur le bouton <em>Domaine<\/em>, un menu appara\u00eet avec la liste des champs disponibles. Dans ce cas, nous avons besoin de concat\u00e9ner le Pr\u00e9fixe et le Code postal, en les s\u00e9lectionnant tous les deux, l&rsquo;un apr\u00e8s l&rsquo;autre:<\/p>\n<p><a class=\"hover-item\" href=\"http:\/\/www.labeljoy.com\/images\/how-to\/gs1-128\/fr\/image013.png\" data-gal=\"prettyPhoto[generer-codes]\"><img decoding=\"async\" width=\"871\" height=\"564\" style=\"max-width: 600px;\" src=\"http:\/\/www.labeljoy.com\/images\/how-to\/gs1-128\/fr\/image013.png\" alt=\"Class\u00e9 dans \u00e9tiquette code \u00e0 barres\" \/><\/a><\/p>\n<p>Maintenant, nous allons travailler sur l&rsquo;adresse de destination. L&rsquo;adresse de l&rsquo;exp\u00e9diteur restera intacte, puisque c&rsquo;est toujours la m\u00eame compagnie maritime, nous pouvons laisser le champ <em>De<\/em> dans sa forme statique.<br \/>\nLe champ <em>\u00c0<\/em> doit \u00eatre concat\u00e9n\u00e9 comme suit:<\/p>\n<p><a class=\"hover-item\" href=\"http:\/\/www.labeljoy.com\/images\/how-to\/gs1-128\/fr\/image014.png\" data-gal=\"prettyPhoto[generer-codes]\"><img decoding=\"async\" width=\"872\" height=\"566\" style=\"max-width: 600px;\" src=\"http:\/\/www.labeljoy.com\/images\/how-to\/gs1-128\/fr\/image014.png\" alt=\"donn\u00e9es de connexion\" \/><\/a><\/p>\n<p>Notez le tiret entre les champs <em>Pr\u00e9fixe<\/em> et Code postal et aussi l&rsquo;espace entre <em>Code postal et Ville<\/em>.<\/p>\n<p>Les champs <em>Transporteur<\/em>, <em>num\u00e9ro de commande<\/em> et Poids brut peuvent \u00eatre directement li\u00e9s aux champs correspondants dans la source de donn\u00e9es, aucune concat\u00e9nation suppl\u00e9mentaire n&rsquo;est n\u00e9cessaire.<\/p>\n<p>Le champ <em>Date de livraison requiert<\/em> une attention particuli\u00e8re: nous avons besoin de d\u00e9finir \u00e9galement le format dans lequel la date sera affich\u00e9e. Comme indiqu\u00e9 sur l&rsquo;\u00e9tiquette logistique, cette date doit \u00eatre au format <em>AAAA-MM-JJ<\/em>. Labeljoy nous permet de d\u00e9finir une mise en forme particuli\u00e8re pour chaque champ ajout\u00e9 \u00e0 l&rsquo;\u00e9l\u00e9ment.<\/p>\n<p>Double-cliquez sur l&rsquo;\u00e9l\u00e9ment <em>Date de livraison<\/em>, le lier au champ Date de livraison et cliquez sur le lien dans la zone de texte pour faire appara\u00eetre le formulaire <em>modification de champ<\/em>.<br \/>\nS\u00e9lectionnez le champ <em>Quantit\u00e9<\/em> dans le menu d\u00e9roulant:<\/p>\n<p><a class=\"hover-item\" href=\"http:\/\/www.labeljoy.com\/images\/how-to\/gs1-128\/fr\/image015.png\" data-gal=\"prettyPhoto[generer-codes]\"><img decoding=\"async\" width=\"872\" height=\"568\" style=\"max-width: 600px;\" src=\"http:\/\/www.labeljoy.com\/images\/how-to\/gs1-128\/fr\/image015.png\" alt=\"Configuration de champ de date de livraison\" \/><\/a><\/p>\n<p>Comme vous pouvez le voir, nous avons entr\u00e9 le bon format de date dans la zone de texte <em>Format<\/em>. Ce va indiquer \u00e0 Labeljoy d&rsquo;afficher la date dans ce format particulier.<\/p>\n<p>En se d\u00e9pla\u00e7ant, le champ <em>Envoi \u00e0 poster<\/em> est la concat\u00e9nation des champs <em>ISO 3366 et Code postal<\/em>.<br \/>\nLe m\u00eame encha\u00eenement doit \u00eatre entr\u00e9 dans l&rsquo;\u00e9l\u00e9ment de code barre correspondant, nous avons seulement besoin de faire pr\u00e9c\u00e9der le tout avec le texte statique (421) pour indiquer \u00e0 Labeljoy de le traiter comme AI 421:<\/p>\n<p><a class=\"hover-item\" href=\"http:\/\/www.labeljoy.com\/images\/how-to\/gs1-128\/fr\/image016.png\" data-gal=\"prettyPhoto[generer-codes]\"><img decoding=\"async\" width=\"871\" height=\"568\" style=\"max-width: 600px;\" src=\"http:\/\/www.labeljoy.com\/images\/how-to\/gs1-128\/fr\/image016.png\" alt=\"GS1 128 navires pour poster\" \/><\/a><\/p>\n<p>L&rsquo;\u00e9l\u00e9ment de texte SSCC doit concat\u00e9ner le texte statique 0 (Pr\u00e9fixe) 3453128 (Un identifiant de l&rsquo;entreprise \u00e0 7 chiffres), la valeur lue dans le champ SSCC et g\u00e9rer le chiffre de contr\u00f4le.<\/p>\n<p>Maintenant, \u00e9tant donn\u00e9 que <em>pr\u00e9fixe + Soci\u00e9t\u00e9 identifiant + chiffre de contr\u00f4le<\/em> font un total de 9 chiffres, nous devons veiller \u00e0 ce que la valeur SSCC lue \u00e0 partir de la source de donn\u00e9es soit correctement compl\u00e9t\u00e9e avec des 0, de sorte que le nombre total de chiffres soit toujours 18.<br \/>\nDouble-cliquez sur l&rsquo;\u00e9l\u00e9ment de texte SSCC et saisissez le texte statique 03453128. Maintenant, cliquez sur le bouton <em>Champ<\/em> et s\u00e9lectionnez le champ SSCC. Enfin, cliquez sur le bouton <em>R\u00e9f\u00e9rence<\/em> et s\u00e9lectionnez la r\u00e9f\u00e9rence <em>Somme de contr\u00f4le Modulo 10<\/em>.<\/p>\n<p>Maintenant, cliquez sur le champ gris SSCC pour faire appara\u00eetre ses propri\u00e9t\u00e9s. Dans le champ <em>Format<\/em>, entrez 000000000 (9 z\u00e9ros). De cette fa\u00e7on, Labeljoy remplira de z\u00e9ros chaque valeur jusqu&rsquo;\u00e0 ce qu&rsquo;elle arrive \u00e0 un total de 9 chiffres. Cela permettra \u00e9galement de g\u00e9rer correctement la derni\u00e8re ligne de la source de donn\u00e9es qui se trouve \u00eatre compos\u00e9e de 5 chiffres au lieu de quatre dans toutes les autres lignes.<\/p>\n<p><a class=\"hover-item\" href=\"http:\/\/www.labeljoy.com\/images\/how-to\/gs1-128\/fr\/image017.png\" data-gal=\"prettyPhoto[generer-codes]\"><img decoding=\"async\" width=\"872\" height=\"595\" style=\"max-width: 600px;\" src=\"http:\/\/www.labeljoy.com\/images\/how-to\/gs1-128\/fr\/image017.png\" alt=\"Modulo 10 configuration\" \/><\/a><\/p>\n<p>La r\u00e9f\u00e9rence <em>Somme de contr\u00f4le Modulo 10<\/em> ajoute un chiffre de contr\u00f4le modulo 10 \u00e0 la s\u00e9quence du num\u00e9ro pr\u00e9c\u00e9dant imm\u00e9diatement son point d&rsquo;insertion.<\/p>\n<p>Pour l&rsquo;\u00e9l\u00e9ment de code barre SSCC, nous pourrions faire exactement la m\u00eame chose. Nous avons seulement besoin de faire pr\u00e9c\u00e9der l&rsquo;ensemble du texte (00) pour dire \u00e0 Labeljoy de traiter cela en tant qu&rsquo;AI 00.<br \/>\nPour les besoins de la d\u00e9monstration, nous aurons une approche l\u00e9g\u00e8rement diff\u00e9rente. Comme Labeljoy sait que c&rsquo;est un \u00e9l\u00e9ment de code barre GS1-128 SSCC, nous n&rsquo;avons pas besoin d&rsquo;ajouter la r\u00e9f\u00e9rence <em>Somme de contr\u00f4le Modulo 10<\/em> \u00e0 la fin de la s\u00e9quence, nous allons entrer un 0 statique qui sera converti en chiffre de contr\u00f4le modulo 10 appropri\u00e9.<\/p>\n<p><a class=\"hover-item\" href=\"http:\/\/www.labeljoy.com\/images\/how-to\/gs1-128\/fr\/image018.png\" data-gal=\"prettyPhoto[generer-codes]\"><img decoding=\"async\" width=\"872\" height=\"567\" style=\"max-width: 600px;\" src=\"http:\/\/www.labeljoy.com\/images\/how-to\/gs1-128\/fr\/image018.png\" alt=\"SSCC configuration\" \/><\/a><\/p>\n<p>Le r\u00e9sultat final est un travail de 7 pages pr\u00eates \u00e0 \u00eatre imprim\u00e9es:<\/p>\n<p style=\"text-align: center;\"><a href=\"http:\/\/www.labeljoy.com\/images\/how-to\/gs1-128\/GS1-128d.zip\" class=\"large green tt-button\" target=\"_self\">\u00a0T\u00e9l\u00e9charger ce fichier Labeljoy <\/a>\n<p>&nbsp;<\/p>\n<table border=\"0\" width=\"100%\" cellspacing=\"20\" cellpadding=\"20\">\n<tbody>\n<tr>\n<td>\u00a0<a class=\"hover-item\" href=\"http:\/\/www.labeljoy.com\/images\/how-to\/gs1-128\/image019.png\" data-gal=\"prettyPhoto[generer-codes]\"><img decoding=\"async\" src=\"http:\/\/www.labeljoy.com\/images\/how-to\/gs1-128\/image019.png\" alt=\"r\u00e9sultat final 1\" width=\"234\" height=\"329\" \/><\/a><\/td>\n<td>\u00a0<a class=\"hover-item\" href=\"http:\/\/www.labeljoy.com\/images\/how-to\/gs1-128\/image020.png\" data-gal=\"prettyPhoto[generer-codes]\"><img decoding=\"async\" src=\"http:\/\/www.labeljoy.com\/images\/how-to\/gs1-128\/image020.png\" alt=\"r\u00e9sultat final 2\" width=\"234\" height=\"329\" \/><\/a><\/td>\n<\/tr>\n<tr>\n<td>\u00a0<a class=\"hover-item\" href=\"http:\/\/www.labeljoy.com\/images\/how-to\/gs1-128\/image021.png\" data-gal=\"prettyPhoto[generer-codes]\"><img decoding=\"async\" src=\"http:\/\/www.labeljoy.com\/images\/how-to\/gs1-128\/image021.png\" alt=\"r\u00e9sultat final 3\" width=\"234\" height=\"329\" \/><\/a><\/td>\n<td>\u00a0<a class=\"hover-item\" href=\"http:\/\/www.labeljoy.com\/images\/how-to\/gs1-128\/image022.png\" data-gal=\"prettyPhoto[generer-codes]\"><img decoding=\"async\" src=\"http:\/\/www.labeljoy.com\/images\/how-to\/gs1-128\/image022.png\" alt=\"fr\u00e9sultat final 4\" width=\"234\" height=\"329\" \/><\/a><\/td>\n<\/tr>\n<tr>\n<td>\u00a0<a class=\"hover-item\" href=\"http:\/\/www.labeljoy.com\/images\/how-to\/gs1-128\/image023.png\" data-gal=\"prettyPhoto[generer-codes]\"><img decoding=\"async\" src=\"http:\/\/www.labeljoy.com\/images\/how-to\/gs1-128\/image023.png\" alt=\"r\u00e9sultat final 5\" width=\"234\" height=\"329\" \/><\/a><\/td>\n<td>\u00a0<a class=\"hover-item\" href=\"http:\/\/www.labeljoy.com\/images\/how-to\/gs1-128\/image024.png\" data-gal=\"prettyPhoto[generer-codes]\"><img decoding=\"async\" src=\"http:\/\/www.labeljoy.com\/images\/how-to\/gs1-128\/image024.png\" alt=\"r\u00e9sultat final 6\" width=\"234\" height=\"329\" \/><\/a><\/td>\n<\/tr>\n<tr>\n<td>\u00a0<a class=\"hover-item\" href=\"http:\/\/www.labeljoy.com\/images\/how-to\/gs1-128\/image025.png\" data-gal=\"prettyPhoto[generer-codes]\"><img decoding=\"async\" src=\"http:\/\/www.labeljoy.com\/images\/how-to\/gs1-128\/image025.png\" alt=\"r\u00e9sultat final 7\" width=\"234\" height=\"329\" \/><\/a><\/td>\n<td><\/td>\n<\/tr>\n<\/tbody>\n<\/table>\n<p>&nbsp;<\/p>\n<div class=\"also-like\">\n<p><strong>Vous aimerez aussi:<\/strong><\/p>\n<ul>\n<li><a title=\"G\u00e9n\u00e9rez des codes-barres et Codes QR\" href=\"https:\/\/www.labeljoy.com\/fr\/video-assistance\/generer-codes-barres-qrcodes\/\">G\u00e9n\u00e9rer des codes barres et des codes Qr vid\u00e9o<\/a><\/li>\n<li><a title=\"Logiciel g\u00e9n\u00e9rateur de codes barres\" href=\"https:\/\/www.labeljoy.com\/fr\/logiciel-generateur-codes-barres\/\">Logiciel d&rsquo;\u00e9tiquettes Codes Barres<\/a><\/li>\n<\/ul>\n<\/div>\n","protected":false},"excerpt":{"rendered":"<p>G\u00e9n\u00e9ration de codes barres GS1-128 GS1-128 a \u00e9t\u00e9 d\u00e9fini pour fournir une norme mondiale pour l&rsquo;\u00e9change d&rsquo;information tout au long de la cha\u00eene d&rsquo;approvisionnement. Il est repr\u00e9sent\u00e9 sous la forme d&rsquo;un ou plusieurs symboles de codes barres codant des donn\u00e9es et contenant des informations sur les marchandises exp\u00e9di\u00e9es, telles que les identifiants globaux uniques, la &#8230; <a title=\"G\u00e9n\u00e9rer des codes barres GS1-128\" class=\"read-more\" href=\"https:\/\/www.labeljoy.com\/fr\/assistance\/comment-faire\/generer-codes-barres-gs1-128\/\" aria-label=\"En savoir plus sur G\u00e9n\u00e9rer des codes barres GS1-128\">Read more<\/a><\/p>\n","protected":false},"author":1,"featured_media":0,"parent":2767,"menu_order":16,"comment_status":"closed","ping_status":"closed","template":"","meta":{"inline_featured_image":false,"_monsterinsights_skip_tracking":false,"_monsterinsights_sitenote_active":false,"_monsterinsights_sitenote_note":"","_monsterinsights_sitenote_category":0,"footnotes":""},"class_list":{"0":"post-17017","1":"page","2":"type-page","3":"status-publish","5":"infinite-scroll-item"},"aioseo_notices":[],"_links":{"self":[{"href":"https:\/\/www.labeljoy.com\/fr\/wp-json\/wp\/v2\/pages\/17017","targetHints":{"allow":["GET"]}}],"collection":[{"href":"https:\/\/www.labeljoy.com\/fr\/wp-json\/wp\/v2\/pages"}],"about":[{"href":"https:\/\/www.labeljoy.com\/fr\/wp-json\/wp\/v2\/types\/page"}],"author":[{"embeddable":true,"href":"https:\/\/www.labeljoy.com\/fr\/wp-json\/wp\/v2\/users\/1"}],"replies":[{"embeddable":true,"href":"https:\/\/www.labeljoy.com\/fr\/wp-json\/wp\/v2\/comments?post=17017"}],"version-history":[{"count":15,"href":"https:\/\/www.labeljoy.com\/fr\/wp-json\/wp\/v2\/pages\/17017\/revisions"}],"predecessor-version":[{"id":45215,"href":"https:\/\/www.labeljoy.com\/fr\/wp-json\/wp\/v2\/pages\/17017\/revisions\/45215"}],"up":[{"embeddable":true,"href":"https:\/\/www.labeljoy.com\/fr\/wp-json\/wp\/v2\/pages\/2767"}],"wp:attachment":[{"href":"https:\/\/www.labeljoy.com\/fr\/wp-json\/wp\/v2\/media?parent=17017"}],"curies":[{"name":"wp","href":"https:\/\/api.w.org\/{rel}","templated":true}]}}