{"id":17029,"date":"2012-09-14T12:51:43","date_gmt":"2012-09-14T12:51:43","guid":{"rendered":"http:\/\/www.labeljoy.com\/?page_id=17029"},"modified":"2020-12-29T12:28:05","modified_gmt":"2020-12-29T12:28:05","slug":"travailler-imprimantes-rouleaux","status":"publish","type":"page","link":"https:\/\/www.labeljoy.com\/fr\/assistance\/comment-faire\/travailler-imprimantes-rouleaux\/","title":{"rendered":"Travailler avec les imprimantes \u00e0 rouleaux"},"content":{"rendered":"<h1>Travailler avec les imprimantes \u00e0 rouleaux<\/h1>\n<p>Les imprimantes \u00e0 rouleau sont le meilleur choix si vous avez un volume \u00e9lev\u00e9 d&rsquo;\u00e9tiquettes \u00e0 imprimer. Le co\u00fbt par \u00e9tiquette est g\u00e9n\u00e9ralement plus faible et en ayant une imprimante d\u00e9di\u00e9e vous \u00e9viterez beaucoup des tracas habituellement li\u00e9s \u00e0 l&#8217;emploi d&rsquo;une imprimante standard, tels que de devoir charger le papier \u00e0 chaque fois que vous avez besoin d&rsquo;imprimer des \u00e9tiquettes.<\/p>\n<p>Si vous travaillez avec une imprimante \u00e0 rouleau, ce tutoriel va vous aider \u00e0 comprendre les \u00e9tapes n\u00e9cessaires pour configurer correctement Labeljoy pour imprimer sur une imprimante \u00e0 rouleau.<\/p>\n<p style=\"text-align:center\"><a href=\"http:\/\/www.labeljoy.com\/fr\/video-assistance\/imprimer-imprimante-rouleau\/\" title=\"Vid\u00e9o: les imprimantes utilisent rouleau\" class=\"large orange tt-button\">Vid\u00e9o: les imprimantes utilisent rouleau<\/a><\/p>\n<p>Nous allons cr\u00e9er une \u00e9tiquette typique, avec des textes et un code barre et nous imprimerons sur une imprimante Zebra TLP 3842 \u00e0 rouleau.<\/p>\n<p><a class=\"hover-item\" data-gal=\"prettyPhoto[imprimante-rouleau]\" title=\"The Zebra TLP 3842 roll printer\" href=\"http:\/\/www.labeljoy.com\/images\/how-to\/roll-printer\/roll-print001.jpg\"><img decoding=\"async\" src=\"http:\/\/www.labeljoy.com\/images\/how-to\/roll-printer\/roll-print001.jpg\" alt=\"L'imprimante rouleau Zebra TLP 3842\" width=\"200\" height=\"200\" \/><\/a><\/p>\n<p><span style=\"font-size: 8pt\">L&rsquo;imprimante rouleau Zebra TLP 3842<\/span><\/p>\n<p>&nbsp;<\/p>\n<h2>1 \u2013 D\u00e9finition de la mise en page<\/h2>\n<p>Les imprimantes \u00e0 rouleau voient chaque \u00e9tiquette sur une seule page, c&rsquo;est pourquoi nous avons besoin de d\u00e9finir la mise en page de notre papier, une ligne sur une colonne \u00e9tant aussi grand que l&rsquo;\u00e9tiquette, y compris les marges.<br \/>\nDans ce tutoriel, nous allons travailler avec un rouleau d&rsquo;\u00e9tiquettes de 5 par 3 cm, avec une marge horizontale de 0,15 cm de chaque c\u00f4t\u00e9.<\/p>\n<p><a class=\"hover-item\" data-gal=\"prettyPhoto[imprimante-rouleau]\" title=\"Defining the layout\" href=\"http:\/\/www.labeljoy.com\/images\/how-to\/roll-printer\/roll-print002.png\"><img decoding=\"async\" src=\"http:\/\/www.labeljoy.com\/images\/how-to\/roll-printer\/roll-print002.png\" alt=\"Exemple de Roll\" width=\"162\" height=\"162\" \/><\/a><\/p>\n<p><span style=\"font-size: 8pt\">Un \u00e9tiquette de 5 par 3 cm pour imprimante \u00e0 rouleau<\/span><\/p>\n<p>Notez qu&rsquo;il y a aussi un \u00e9cart vertical entre chaque \u00e9tiquette, mais dans ce cas nous n&rsquo;en tiendrons pas compte, car le pilote d&rsquo;imprimante utilise cet \u00e9cart pour d\u00e9tecter la position de d\u00e9but \/ de fin de chaque \u00e9tiquette.<\/p>\n<p>C&rsquo;est quelque chose qui a g\u00e9n\u00e9ralement besoin de quelques ajustements car chaque imprimante se comporte diff\u00e9remment et certains tests pourraient \u00eatre n\u00e9cessaires.<\/p>\n<p>Voici ce \u00e0 quoi notre formulaire de mise en page devrait ressembler pour pouvoir s&rsquo;accommoder de ce type de sc\u00e9nario:<\/p>\n<p><a class=\"hover-item\" data-gal=\"prettyPhoto[imprimante-rouleau]\" title=\"Defining the layout\" href=\"http:\/\/www.labeljoy.com\/images\/how-to\/roll-printer\/roll-print003.png\"><img decoding=\"async\" src=\"http:\/\/www.labeljoy.com\/images\/how-to\/roll-printer\/roll-print003.png\" alt=\"D\u00e9finir la mise en page\" width=\"509\" height=\"386\" \/><\/a><\/p>\n<p>Comme vous pouvez le voir, dans le cadre Page, nous avons s\u00e9lectionn\u00e9 le format de papier <em>D\u00e9fini par l&rsquo;utilisateur<\/em> et entr\u00e9 la largeur totale de l&rsquo;\u00e9tiquette (y compris les marges) et la hauteur nette (\u00e0 l&rsquo;exclusion de l&rsquo;\u00e9cart entre les \u00e9tiquettes).<br \/>\nDans le cadre <em>\u00c9tiquettes<\/em>, nous avons entr\u00e9s une colonne et une rang\u00e9e, car notre imprimante voit r\u00e9ellement chaque \u00e9tiquette comme une seule page.<br \/>\nEnfin, dans le cadre <em>Marges<\/em>, nous avons entr\u00e9s 0,15 cm pour les marges gauche et droite et 0,00 cm pour les marges sup\u00e9rieure et inf\u00e9rieure.<\/p>\n<p>Une fois les modifications confirm\u00e9es, Labeljoy devrait montrer une seule \u00e9tiquette vide comme celle ci-dessous:<\/p>\n<p><a class=\"hover-item\" data-gal=\"prettyPhoto[imprimante-rouleau]\" title=\"Defining the layout\" href=\"http:\/\/www.labeljoy.com\/images\/how-to\/roll-printer\/roll-print004.png\"><img decoding=\"async\" src=\"http:\/\/www.labeljoy.com\/images\/how-to\/roll-printer\/roll-print004.png\" alt=\"Mise en page de l'\u00e9tiquette\" width=\"645\" height=\"460\" \/><\/a><\/p>\n<p>&nbsp;<\/p>\n<h2>2 \u2013 Conception de l&rsquo;\u00e9tiquette<\/h2>\n<p>Nous devons maintenant ajouter tous les \u00e9l\u00e9ments que nous allons imprimer sur l&rsquo;\u00e9tiquette. Ce processus est assez simple: il suffit de s\u00e9lectionner l&rsquo;\u00e9l\u00e9ment type depuis la bo\u00eete \u00e0 outils \u00e0 gauche et tracez un cadre rectangulaire dans la zone o\u00f9 vous voulez que le nouvel \u00e9l\u00e9ment apparaisse. Puis double-cliquez sur chaque \u00e9l\u00e9ment pour d\u00e9finir ses propri\u00e9t\u00e9s.<\/p>\n<p>Rappelez-vous que, en fonction de la valeur du zoom en cours d&rsquo;utilisation, vous \u00eates  plus ou moins susceptibles de voir les choses beaucoup plus grandes \u00e0 l&rsquo;\u00e9cran qu&rsquo;ils appara\u00eetront r\u00e9ellement sur l&rsquo;\u00e9tiquette physique.<\/p>\n<p>C&rsquo;est notre r\u00e9sultat final: un \u00e9tiquette typique avec plusieurs \u00e9l\u00e9ments d&rsquo;information, y compris un num\u00e9ro de s\u00e9rie et un code barre.<\/p>\n<p><a class=\"hover-item\" data-gal=\"prettyPhoto[imprimante-rouleau]\" title=\"Designing the label\" href=\"http:\/\/www.labeljoy.com\/images\/how-to\/roll-printer\/roll-print005.png\"><img decoding=\"async\" src=\"http:\/\/www.labeljoy.com\/images\/how-to\/roll-printer\/roll-print005.png\" alt=\"\u00c9tiqueter pr\u00eate \u00e0 imprimer avec imprimante rouleau\" width=\"645\" height=\"460\" \/><\/a><\/p>\n<p style=\"text-align: center\"><a href=\"http:\/\/www.labeljoy.com\/images\/how-to\/roll-printer\/production.lpa\" class=\"large green tt-button\" target=\"_self\"> T\u00e9l\u00e9charger ce fichier Labeljoy  <\/a> <\/p>\n<p>&nbsp;<\/p>\n<h2>3 \u2013 Connexion des donn\u00e9es<\/h2>\n<p>Si vous avez besoin d&rsquo;imprimer un lot d&rsquo;\u00e9tiquettes contenant des donn\u00e9es, vous devez d\u00e9finir une source de donn\u00e9es dans Labeljoy. Veuillez vous r\u00e9f\u00e9rer \u00e0 <a href=\"http:\/\/www.labeljoy.com\/fr\/video-assistance\/charger-des-excel\/\" title=\"Chargez des donn\u00e9es \u00e0 partir d\u2019Excel\">ce tutoriel vid\u00e9o<\/a> pour trouver tous les d\u00e9tails.<\/p>\n<p>Une fois que la source de donn\u00e9es est connect\u00e9e, \u00e9ditez chaque \u00e9l\u00e9ment pour vous assurer que les donn\u00e9es sont correctement lues \u00e0 partir de la source sous-jacente, en cliquant sur le bouton Champ et en cr\u00e9ant la bonne concat\u00e9nation de textes.<\/p>\n<p><a class=\"hover-item\" data-gal=\"prettyPhoto[imprimante-rouleau]\" href=\"http:\/\/www.labeljoy.com\/images\/how-to\/roll-printer\/roll-print006.png\"><img decoding=\"async\" width=\"700\" height=\"460\" src=\"http:\/\/www.labeljoy.com\/images\/how-to\/roll-printer\/roll-print006.png\" alt=\"concat\u00e9ner du texte\" \/><\/a><\/p>\n<p>Gardez \u00e0 l&rsquo;esprit qu&rsquo;il s&rsquo;agit d&rsquo;un projet d&rsquo;une \u00e9tiquette par page, donc si votre source de donn\u00e9es contient 300 lignes, Labeljoy va la traiter comme un projet de 300 pages. Tout ce que cela signifie, c&rsquo;est que pour faire d\u00e9filer chaque \u00e9tiquette, vous devez agir sur les boutons de la page dans la barre d&rsquo;outils et faire d\u00e9filer les \u00e9tiquettes comme si elles \u00e9taient des pages.<\/p>\n<p>\r\n\r\njQuery(document).ready(function () {\r\n    jQuery(window).scroll(function () {\r\n        if (jQuery(this).scrollTop() &gt; 100) {\r\njQuery('.scrollup').fadeIn();\r\n        } else {\r\n            jQuery('.scrollup').fadeOut();\r\n        }\r\n    });\r\n    jQuery('.scrollup').click(function () {\r\n        jQuery(\"html, body\").animate({\r\n            scrollTop: 0\r\n        }, 600);\r\n        return false;\r\n    });\r\n});\r\n\r\n<br \/>\n<a href=\"#\" class=\"scrollup\">Scroll<\/a><\/p>\n","protected":false},"excerpt":{"rendered":"<p>Travailler avec les imprimantes \u00e0 rouleaux Les imprimantes \u00e0 rouleau sont le meilleur choix si vous avez un volume \u00e9lev\u00e9 d&rsquo;\u00e9tiquettes \u00e0 imprimer. Le co\u00fbt par \u00e9tiquette est g\u00e9n\u00e9ralement plus faible et en ayant une imprimante d\u00e9di\u00e9e vous \u00e9viterez beaucoup des tracas habituellement li\u00e9s \u00e0 l&#8217;emploi d&rsquo;une imprimante standard, tels que de devoir charger le &#8230; <a title=\"Travailler avec les imprimantes \u00e0 rouleaux\" class=\"read-more\" href=\"https:\/\/www.labeljoy.com\/fr\/assistance\/comment-faire\/travailler-imprimantes-rouleaux\/\" aria-label=\"En savoir plus sur Travailler avec les imprimantes \u00e0 rouleaux\">Read more<\/a><\/p>\n","protected":false},"author":1,"featured_media":0,"parent":2767,"menu_order":16,"comment_status":"open","ping_status":"closed","template":"page-template-left-sidebar.php","meta":{"inline_featured_image":false,"_monsterinsights_skip_tracking":false,"_monsterinsights_sitenote_active":false,"_monsterinsights_sitenote_note":"","_monsterinsights_sitenote_category":0,"footnotes":""},"class_list":{"0":"post-17029","1":"page","2":"type-page","3":"status-publish","5":"infinite-scroll-item"},"aioseo_notices":[],"_links":{"self":[{"href":"https:\/\/www.labeljoy.com\/fr\/wp-json\/wp\/v2\/pages\/17029","targetHints":{"allow":["GET"]}}],"collection":[{"href":"https:\/\/www.labeljoy.com\/fr\/wp-json\/wp\/v2\/pages"}],"about":[{"href":"https:\/\/www.labeljoy.com\/fr\/wp-json\/wp\/v2\/types\/page"}],"author":[{"embeddable":true,"href":"https:\/\/www.labeljoy.com\/fr\/wp-json\/wp\/v2\/users\/1"}],"replies":[{"embeddable":true,"href":"https:\/\/www.labeljoy.com\/fr\/wp-json\/wp\/v2\/comments?post=17029"}],"version-history":[{"count":7,"href":"https:\/\/www.labeljoy.com\/fr\/wp-json\/wp\/v2\/pages\/17029\/revisions"}],"predecessor-version":[{"id":35066,"href":"https:\/\/www.labeljoy.com\/fr\/wp-json\/wp\/v2\/pages\/17029\/revisions\/35066"}],"up":[{"embeddable":true,"href":"https:\/\/www.labeljoy.com\/fr\/wp-json\/wp\/v2\/pages\/2767"}],"wp:attachment":[{"href":"https:\/\/www.labeljoy.com\/fr\/wp-json\/wp\/v2\/media?parent=17029"}],"curies":[{"name":"wp","href":"https:\/\/api.w.org\/{rel}","templated":true}]}}