{"id":17177,"date":"2012-08-22T09:57:38","date_gmt":"2012-08-22T09:57:38","guid":{"rendered":"http:\/\/www.labeljoy.com\/?page_id=17177"},"modified":"2026-03-25T15:41:33","modified_gmt":"2026-03-25T15:41:33","slug":"edisplay-fr","status":"publish","type":"page","link":"https:\/\/www.labeljoy.com\/fr\/assistance\/edisplay-fr\/","title":{"rendered":"eDisplay SSII"},"content":{"rendered":"<h1>eDisplay Software House<\/h1>\n<p><img decoding=\"async\" width=\"177\" height=\"63\" class=\"alignleft wp-image-2003\" title=\"Labeljoy edisplay\" src=\"http:\/\/www.labeljoy.com\/images\/edisplay.jpg\" alt=\"eDisplay\" \/><\/p>\n<p><a title=\"edisplay software house label\" href=\"https:\/\/edisplay.it\/en\/\" target=\"_blank\" rel=\"noopener\">eDisplay srl<\/a><span style=\"font-weight: 400;\">\u00a0est une soci\u00e9t\u00e9 de logiciels sp\u00e9cialis\u00e9e dans le secteur des codes-barres et de l&rsquo;\u00e9tiquetage. Notre philosophie d&rsquo;entreprise a toujours \u00e9t\u00e9 d&rsquo;offrir le meilleur produit au <\/span><b>meilleur prix<\/b><span style=\"font-weight: 400;\"> possible.<\/span><\/p>\n<p><span style=\"font-weight: 400;\">Nous investissons de plus en plus dans la recherche et le d\u00e9veloppement. L&rsquo;innovation continue, l&rsquo;importance accord\u00e9e aux bonnes relations entre coll\u00e8gues et employ\u00e9s, ainsi que le respect de l&rsquo;environnement constituent nos principes directeurs. En 2006, nous avons lanc\u00e9 Labeljoy, un produit innovant alliant <strong>fonctionnalit\u00e9 avanc\u00e9e<\/strong> et <\/span><b>facilit\u00e9 d&rsquo;utilisation<\/b><span style=\"font-weight: 400;\">. \u00c0 ce jour, nous avons vendu 35 000 exemplaires de notre logiciel en 18 langues diff\u00e9rentes, tout en garantissant une assistance technique de premier ordre \u00e0 nos clients, petits et grands.<\/span><\/p>\n<p><span style=\"font-weight: 400;\">Notre entreprise s&rsquo;engage activement dans des causes sociales et caritatives \u00e0 travers de nombreuses initiatives de soutien \u00e0 la <strong>Croix-Rouge, \u00e0 des ONG et \u00e0 des organisations b\u00e9n\u00e9voles<\/strong> du monde entier. Notre travail n&rsquo;aurait aucun sens sans votre confiance : merci de nous avoir choisis.<\/span><\/p>\n<p>&nbsp;<\/p>\n<h3>Nos bureaux<\/h3>\n<div class=\"hr hr-solid\">&nbsp;<\/div>\n<div class=\"one_third\">\n<p><strong>SI\u00c8GE SOCIAL<br \/>\n<\/strong>Fonni<br \/>\nViale del Lavoro, 53<br \/>\n08023 Fonni (NU)<br \/>\nItaly<\/div>\n<div class=\"one_third\">\n<p><strong>SI\u00c8GE OP\u00c9RATIONNEL<br \/>\n<\/strong>Milano<br \/>\nVia Palmanova, 24<br \/>\n20132 Milano (Mi)<br \/>\nItaly <\/div>\n<div class=\"one_third\">\n<p><strong>PARTENAIRE COMMERCIAL<br \/>\n<\/strong>San Diego<br \/>\nDelivery Tech Corp 4411\u00a0Morena Blvd #230<br \/>\nSan Diego, CA\u00a092117<br \/>\nU.S.A. <\/div>\n","protected":false},"excerpt":{"rendered":"<p>eDisplay Software House eDisplay srl\u00a0est une soci\u00e9t\u00e9 de logiciels sp\u00e9cialis\u00e9e dans le secteur des codes-barres et de l&rsquo;\u00e9tiquetage. Notre philosophie d&rsquo;entreprise a toujours \u00e9t\u00e9 d&rsquo;offrir le meilleur produit au meilleur prix possible. Nous investissons de plus en plus dans la recherche et le d\u00e9veloppement. L&rsquo;innovation continue, l&rsquo;importance accord\u00e9e aux bonnes relations entre coll\u00e8gues et employ\u00e9s, &#8230; <a title=\"eDisplay SSII\" class=\"read-more\" href=\"https:\/\/www.labeljoy.com\/fr\/assistance\/edisplay-fr\/\" aria-label=\"En savoir plus sur eDisplay SSII\">Read more<\/a><\/p>\n","protected":false},"author":1,"featured_media":0,"parent":2138,"menu_order":0,"comment_status":"closed","ping_status":"closed","template":"","meta":{"inline_featured_image":false,"_monsterinsights_skip_tracking":false,"_monsterinsights_sitenote_active":false,"_monsterinsights_sitenote_note":"","_monsterinsights_sitenote_category":0,"footnotes":""},"class_list":{"0":"post-17177","1":"page","2":"type-page","3":"status-publish","5":"infinite-scroll-item"},"aioseo_notices":[],"_links":{"self":[{"href":"https:\/\/www.labeljoy.com\/fr\/wp-json\/wp\/v2\/pages\/17177","targetHints":{"allow":["GET"]}}],"collection":[{"href":"https:\/\/www.labeljoy.com\/fr\/wp-json\/wp\/v2\/pages"}],"about":[{"href":"https:\/\/www.labeljoy.com\/fr\/wp-json\/wp\/v2\/types\/page"}],"author":[{"embeddable":true,"href":"https:\/\/www.labeljoy.com\/fr\/wp-json\/wp\/v2\/users\/1"}],"replies":[{"embeddable":true,"href":"https:\/\/www.labeljoy.com\/fr\/wp-json\/wp\/v2\/comments?post=17177"}],"version-history":[{"count":16,"href":"https:\/\/www.labeljoy.com\/fr\/wp-json\/wp\/v2\/pages\/17177\/revisions"}],"predecessor-version":[{"id":45306,"href":"https:\/\/www.labeljoy.com\/fr\/wp-json\/wp\/v2\/pages\/17177\/revisions\/45306"}],"up":[{"embeddable":true,"href":"https:\/\/www.labeljoy.com\/fr\/wp-json\/wp\/v2\/pages\/2138"}],"wp:attachment":[{"href":"https:\/\/www.labeljoy.com\/fr\/wp-json\/wp\/v2\/media?parent=17177"}],"curies":[{"name":"wp","href":"https:\/\/api.w.org\/{rel}","templated":true}]}}