{"id":22289,"date":"2014-11-14T16:25:54","date_gmt":"2014-11-14T16:25:54","guid":{"rendered":"http:\/\/www.labeljoy.com\/help-2\/"},"modified":"2022-01-14T14:25:21","modified_gmt":"2022-01-14T14:25:21","slug":"aide","status":"publish","type":"page","link":"https:\/\/www.labeljoy.com\/fr\/aide\/","title":{"rendered":"Aide"},"content":{"rendered":"<div data-partent=\"19635\" class=\"callout callout-warning\">\n<h4>Cette page fait r\u00e9f\u00e9rence \u00e0 Labeljoy 5, qui n&rsquo;est pas notre derni\u00e8re version.<\/h4>\n<p>Effectuez une <a href=\"\/fr\/achat\/\">mise \u00e0 niveau vers Labeljoy 6<\/a> pour obtenir la derni\u00e8re version du logiciel avec toutes ses fonctionnalit\u00e9s \u00e9tonnantes ou, si vous l\u2019utilisez d\u00e9j\u00e0, visitez le <a href=\"\/help-lj6\/\">guide de l\u2019utilisateur de Labeljoy 6<\/a>.<\/p>\n<\/div>\n<h2>Guide de l&rsquo;utilisateur<\/h2>\n<p>Cliquez sur une rubrique dans le menu de gauche pour commencer \u00e0 <em>naviguer la section d&rsquo;aide<\/em>, ou appuyez simplement <strong>sur F1 dans Labeljoy<\/strong> pour se connecter \u00e0 la page la plus appropri\u00e9e.<\/p>\n<ul>\n<li><a href=\"http:\/\/www.labeljoy.com\/fr\/help-fr\/introduction-fr\/\">Pr\u00e9sentation <\/a><\/li>\n<li><a href=\"http:\/\/www.labeljoy.com\/fr\/help-fr\/labeljoys-framework-fr\/\">Structure <\/a><\/li>\n<li><a href=\"http:\/\/www.labeljoy.com\/fr\/help-fr\/usage-fr\/\">Utilisation <\/a><\/li>\n<li><a href=\"http:\/\/www.labeljoy.com\/fr\/help-fr\/common-elements-fr\/\">\u00c9l\u00e9ments communs<\/a><\/li>\n<\/ul>\n","protected":false},"excerpt":{"rendered":"<p>Cette page fait r\u00e9f\u00e9rence \u00e0 Labeljoy 5, qui n&rsquo;est pas notre derni\u00e8re version. Effectuez une mise \u00e0 niveau vers Labeljoy 6 pour obtenir la derni\u00e8re version du logiciel avec toutes ses fonctionnalit\u00e9s \u00e9tonnantes ou, si vous l\u2019utilisez d\u00e9j\u00e0, visitez le guide de l\u2019utilisateur de Labeljoy 6. Guide de l&rsquo;utilisateur Cliquez sur une rubrique dans le &#8230; <a title=\"Aide\" class=\"read-more\" href=\"https:\/\/www.labeljoy.com\/fr\/aide\/\" aria-label=\"En savoir plus sur Aide\">Read more<\/a><\/p>\n","protected":false},"author":8,"featured_media":0,"parent":0,"menu_order":2,"comment_status":"open","ping_status":"closed","template":"","meta":{"inline_featured_image":false,"_monsterinsights_skip_tracking":false,"_monsterinsights_sitenote_active":false,"_monsterinsights_sitenote_note":"","_monsterinsights_sitenote_category":0,"footnotes":""},"class_list":{"0":"post-22289","1":"page","2":"type-page","3":"status-publish","5":"infinite-scroll-item"},"aioseo_notices":[],"_links":{"self":[{"href":"https:\/\/www.labeljoy.com\/fr\/wp-json\/wp\/v2\/pages\/22289","targetHints":{"allow":["GET"]}}],"collection":[{"href":"https:\/\/www.labeljoy.com\/fr\/wp-json\/wp\/v2\/pages"}],"about":[{"href":"https:\/\/www.labeljoy.com\/fr\/wp-json\/wp\/v2\/types\/page"}],"author":[{"embeddable":true,"href":"https:\/\/www.labeljoy.com\/fr\/wp-json\/wp\/v2\/users\/8"}],"replies":[{"embeddable":true,"href":"https:\/\/www.labeljoy.com\/fr\/wp-json\/wp\/v2\/comments?post=22289"}],"version-history":[{"count":3,"href":"https:\/\/www.labeljoy.com\/fr\/wp-json\/wp\/v2\/pages\/22289\/revisions"}],"predecessor-version":[{"id":36399,"href":"https:\/\/www.labeljoy.com\/fr\/wp-json\/wp\/v2\/pages\/22289\/revisions\/36399"}],"wp:attachment":[{"href":"https:\/\/www.labeljoy.com\/fr\/wp-json\/wp\/v2\/media?parent=22289"}],"curies":[{"name":"wp","href":"https:\/\/api.w.org\/{rel}","templated":true}]}}