{"id":22294,"date":"2014-11-19T14:03:56","date_gmt":"2014-11-19T14:03:56","guid":{"rendered":"http:\/\/www.labeljoy.com\/aide\/hardware\/"},"modified":"2015-02-02T16:40:05","modified_gmt":"2015-02-02T16:40:05","slug":"hardware","status":"publish","type":"page","link":"https:\/\/www.labeljoy.com\/fr\/aide\/hardware\/","title":{"rendered":"Hardware"},"content":{"rendered":"<div data-partent=\"19635\" class=\"callout callout-warning\">\n<h4>Cette page fait r\u00e9f\u00e9rence \u00e0 Labeljoy 5, qui n&rsquo;est pas notre derni\u00e8re version.<\/h4>\n<p>Effectuez une <a href=\"\/fr\/achat\/\">mise \u00e0 niveau vers Labeljoy 6<\/a> pour obtenir la derni\u00e8re version du logiciel avec toutes ses fonctionnalit\u00e9s \u00e9tonnantes ou, si vous l\u2019utilisez d\u00e9j\u00e0, visitez le <a href=\"\/help-lj6\/\">guide de l\u2019utilisateur de Labeljoy 6<\/a>.<\/p>\n<\/div>\n<div id=\"help-guide\">\n\r\n<p class=\"title\"> mat\u00e9riel informatique<\/p>\n<p class=\"body\"><strong>Configuration syst\u00e8me minimale<\/strong> pour Labeljoy:<\/p>\n<ul>\n  <li class=\"body\">1000 MHz CPU<\/li>\n  <li class=\"body\">128 MB RAM<\/li>\n  <li class=\"body\">50 MB d\u0092espace disque libre<\/li>\n  <li class=\"body\">R\u00e9solution d\u0092\u00e9cran 800x600<\/li>\n  <li class=\"body\">Une Imprimante<\/li>\n  <li class=\"body\"> Une connexion internet pour l\u0092enregistrement et les mises \u00e0 jour<\/li>\n<\/ul>\n<p class=\"body\"> Voici les <strong>configurations optimales<\/strong> pour profiter au mieux de ce que notre logiciel a \u00e0 vous offrir:<\/p>\n<ul>\n  <li class=\"body\">3 GHz CPU<\/li>\n  <li class=\"body\">1 GB RAM<\/li>\n  <li class=\"body\">100 MB d&rsquo;espace disque libre<\/li>\n  <li class=\"body\">R&eacute;solution d&rsquo;&eacute;cran 1280x1024<\/li>\n  <li class=\"body\"> Une imprimante couleur laser<\/li>\n  <li class=\"body\"> Une connexion internet pour l\u0092enregistrement et les mises \u00e0 jour<\/li>\n<\/ul>\n<p class=\"body\"> Si vous poss\u00e9dez un ordinateur produit durant <strong>les 10 derni\u00e8res ann\u00e9es<\/strong>, Labeljoy pourra tourner au meilleur de ses capacit\u00e9s.<\/p>\n\n<\/div>\n","protected":false},"excerpt":{"rendered":"<p>Cette page fait r\u00e9f\u00e9rence \u00e0 Labeljoy 5, qui n&rsquo;est pas notre derni\u00e8re version. Effectuez une mise \u00e0 niveau vers Labeljoy 6 pour obtenir la derni\u00e8re version du logiciel avec toutes ses fonctionnalit\u00e9s \u00e9tonnantes ou, si vous l\u2019utilisez d\u00e9j\u00e0, visitez le guide de l\u2019utilisateur de Labeljoy 6.<\/p>\n","protected":false},"author":8,"featured_media":0,"parent":22289,"menu_order":0,"comment_status":"open","ping_status":"closed","template":"page-template-left-sidebar.php","meta":{"inline_featured_image":false,"_monsterinsights_skip_tracking":false,"_monsterinsights_sitenote_active":false,"_monsterinsights_sitenote_note":"","_monsterinsights_sitenote_category":0,"footnotes":""},"class_list":{"0":"post-22294","1":"page","2":"type-page","3":"status-publish","5":"infinite-scroll-item"},"aioseo_notices":[],"_links":{"self":[{"href":"https:\/\/www.labeljoy.com\/fr\/wp-json\/wp\/v2\/pages\/22294","targetHints":{"allow":["GET"]}}],"collection":[{"href":"https:\/\/www.labeljoy.com\/fr\/wp-json\/wp\/v2\/pages"}],"about":[{"href":"https:\/\/www.labeljoy.com\/fr\/wp-json\/wp\/v2\/types\/page"}],"author":[{"embeddable":true,"href":"https:\/\/www.labeljoy.com\/fr\/wp-json\/wp\/v2\/users\/8"}],"replies":[{"embeddable":true,"href":"https:\/\/www.labeljoy.com\/fr\/wp-json\/wp\/v2\/comments?post=22294"}],"version-history":[{"count":3,"href":"https:\/\/www.labeljoy.com\/fr\/wp-json\/wp\/v2\/pages\/22294\/revisions"}],"predecessor-version":[{"id":22333,"href":"https:\/\/www.labeljoy.com\/fr\/wp-json\/wp\/v2\/pages\/22294\/revisions\/22333"}],"up":[{"embeddable":true,"href":"https:\/\/www.labeljoy.com\/fr\/wp-json\/wp\/v2\/pages\/22289"}],"wp:attachment":[{"href":"https:\/\/www.labeljoy.com\/fr\/wp-json\/wp\/v2\/media?parent=22294"}],"curies":[{"name":"wp","href":"https:\/\/api.w.org\/{rel}","templated":true}]}}