{"id":22295,"date":"2014-11-19T13:52:14","date_gmt":"2014-11-19T13:52:14","guid":{"rendered":"http:\/\/www.labeljoy.com\/aide\/description\/"},"modified":"2015-02-02T16:13:42","modified_gmt":"2015-02-02T16:13:42","slug":"description-fr","status":"publish","type":"page","link":"https:\/\/www.labeljoy.com\/fr\/aide\/description-fr\/","title":{"rendered":"Description"},"content":{"rendered":"<div data-partent=\"19635\" class=\"callout callout-warning\">\n<h4>Cette page fait r\u00e9f\u00e9rence \u00e0 Labeljoy 5, qui n&rsquo;est pas notre derni\u00e8re version.<\/h4>\n<p>Effectuez une <a href=\"\/fr\/achat\/\">mise \u00e0 niveau vers Labeljoy 6<\/a> pour obtenir la derni\u00e8re version du logiciel avec toutes ses fonctionnalit\u00e9s \u00e9tonnantes ou, si vous l\u2019utilisez d\u00e9j\u00e0, visitez le <a href=\"\/help-lj6\/\">guide de l\u2019utilisateur de Labeljoy 6<\/a>.<\/p>\n<\/div>\n<link rel=\"stylesheet\" href=\"http:\/\/www.labeljoy.com\/user-guide-files\/en\/styles.css\" type=\"text\/css\" media=\"all\" \/>\n<div id=\"help-guide\">\n\r\n<p class=\"title\">description<\/p>\r\n<p class=\"body\"><strong>Labeljoy<\/strong> est un logiciel qui permet <strong>la cr\u00e9ation et l'impression d'\u00e9tiquettes, enveloppes, badges, cartes, lettres<\/strong> ou tout autre chose qui n\u00e9cessite l'impression r\u00e9pet\u00e9e des certains \u00e9l\u00e9ments.<\/p>\r\n<p class=\"online\"><strong>ressources en ligne:<\/strong><br>\r\n  Vid\u00e9o: <a href=\"http:\/\/www.labeljoy.com\/fr\/video-assistance\/presentation-logiciel\/\" title=\"Labeljoy presentation logiciel\" target=\"_blank\">Pr\u00e9sentation du logiciel Labeljoy<\/a><br>\r\n  Description: <a href=\"http:\/\/www.labeljoy.com\/fr\/caracteristiques\/\" title=\"caracteristiques\" target=\"_blank\">Caract\u00e9ristiques<\/a><\/p>\r\n<p class=\"body\">La particularit\u00e9 de Labeljoy r\u00e9side dans son <strong>interface WYSIWYG<\/strong> (What You See Is What You Get - Ce que vous voyez est ce que vous obtenez): c'est \u00e0 dire que <strong>l'\u00e9cran de l'ordinateur affichera les articles exactement telles qu'ils seront imprim\u00e9s<\/strong>. Avec l'aide de la souris il sera donc possible d'apporter les modifications souhait\u00e9es et v\u00e9rifier imm\u00e9diatement le r\u00e9sultat.<\/p>\r\n<p class=\"body\">Labeljoy vous permet d'imprimer <strong>du texte, des codes-barres, des images et des \u00e9l\u00e9ments graphiques<\/strong> de types diff\u00e9rents. Un de ses atouts est qu'il utilise les <strong>fonctions graphiques avanc\u00e9es de Windows<\/strong>, introduites avec Windows XP mais r\u00e9trocompatibles, ce qui vous permet de cr\u00e9er <strong>des effets complexes comme les transparences, les nuances et les rotations<\/strong>.<\/p>\r\n<p class=\"body\">Labeljoy permet aussi de <strong>se connecter \u00e0 des bases de donn\u00e9es externes<\/strong> pour cr\u00e9er des \u00e9tiquettes avec des informations dynamiques.<\/p>\n<\/div>\n","protected":false},"excerpt":{"rendered":"<p>Cette page fait r\u00e9f\u00e9rence \u00e0 Labeljoy 5, qui n&rsquo;est pas notre derni\u00e8re version. Effectuez une mise \u00e0 niveau vers Labeljoy 6 pour obtenir la derni\u00e8re version du logiciel avec toutes ses fonctionnalit\u00e9s \u00e9tonnantes ou, si vous l\u2019utilisez d\u00e9j\u00e0, visitez le guide de l\u2019utilisateur de Labeljoy 6.<\/p>\n","protected":false},"author":8,"featured_media":0,"parent":22289,"menu_order":0,"comment_status":"open","ping_status":"closed","template":"page-template-left-sidebar.php","meta":{"inline_featured_image":false,"_monsterinsights_skip_tracking":false,"_monsterinsights_sitenote_active":false,"_monsterinsights_sitenote_note":"","_monsterinsights_sitenote_category":0,"footnotes":""},"class_list":{"0":"post-22295","1":"page","2":"type-page","3":"status-publish","5":"infinite-scroll-item"},"aioseo_notices":[],"_links":{"self":[{"href":"https:\/\/www.labeljoy.com\/fr\/wp-json\/wp\/v2\/pages\/22295","targetHints":{"allow":["GET"]}}],"collection":[{"href":"https:\/\/www.labeljoy.com\/fr\/wp-json\/wp\/v2\/pages"}],"about":[{"href":"https:\/\/www.labeljoy.com\/fr\/wp-json\/wp\/v2\/types\/page"}],"author":[{"embeddable":true,"href":"https:\/\/www.labeljoy.com\/fr\/wp-json\/wp\/v2\/users\/8"}],"replies":[{"embeddable":true,"href":"https:\/\/www.labeljoy.com\/fr\/wp-json\/wp\/v2\/comments?post=22295"}],"version-history":[{"count":2,"href":"https:\/\/www.labeljoy.com\/fr\/wp-json\/wp\/v2\/pages\/22295\/revisions"}],"predecessor-version":[{"id":22314,"href":"https:\/\/www.labeljoy.com\/fr\/wp-json\/wp\/v2\/pages\/22295\/revisions\/22314"}],"up":[{"embeddable":true,"href":"https:\/\/www.labeljoy.com\/fr\/wp-json\/wp\/v2\/pages\/22289"}],"wp:attachment":[{"href":"https:\/\/www.labeljoy.com\/fr\/wp-json\/wp\/v2\/media?parent=22295"}],"curies":[{"name":"wp","href":"https:\/\/api.w.org\/{rel}","templated":true}]}}