{"id":22296,"date":"2014-11-19T14:06:23","date_gmt":"2014-11-19T14:06:23","guid":{"rendered":"http:\/\/www.labeljoy.com\/aide\/software-registration\/"},"modified":"2015-02-02T16:13:51","modified_gmt":"2015-02-02T16:13:51","slug":"activation-du-logiciel","status":"publish","type":"page","link":"https:\/\/www.labeljoy.com\/fr\/aide\/activation-du-logiciel\/","title":{"rendered":"Activation du logiciel"},"content":{"rendered":"<div data-partent=\"19635\" class=\"callout callout-warning\">\n<h4>Cette page fait r\u00e9f\u00e9rence \u00e0 Labeljoy 5, qui n&rsquo;est pas notre derni\u00e8re version.<\/h4>\n<p>Effectuez une <a href=\"\/fr\/achat\/\">mise \u00e0 niveau vers Labeljoy 6<\/a> pour obtenir la derni\u00e8re version du logiciel avec toutes ses fonctionnalit\u00e9s \u00e9tonnantes ou, si vous l\u2019utilisez d\u00e9j\u00e0, visitez le <a href=\"\/help-lj6\/\">guide de l\u2019utilisateur de Labeljoy 6<\/a>.<\/p>\n<\/div>\n<link rel=\"stylesheet\" href=\"http:\/\/www.labeljoy.com\/user-guide-files\/en\/styles.css\" type=\"text\/css\" media=\"all\" \/>\n<div id=\"help-guide\">\n\r\n<p class=\"title\">activation du logiciel<\/p>\r\n<p class=\"body\">La copie de Labeljoy install\u00e9e dans le syst\u00e8me n\u00e9c\u00e9ssite d'une <strong>procedure d'activation<\/strong>, \u00e0 \u00e9x\u00e9cuter seulement une fois, qui implique la\r\n  requ\u00eate d'un <strong>code d'activation <\/strong>sur le site <a href=\"http:\/\/www.labeljoy.com\/fr\">www.labeljoy.com\/fr<\/a>.<\/p>\r\n<p class=\"body\">Avant que cette proc\u00e9dure est termin\u00e9e, <strong>le logiciel sera ex\u00e9cut\u00e9 en mode de d\u00e9monstration<\/strong>.<br>\r\n  Dans la version d\u00e9mo le programme fonctionne <strong>sans limitations<\/strong>, sauf pour le fait qu'aux \u00e9tiquettes imprim\u00e9es sera ajout\u00e9 <strong>un message publicitaire de Labeljoy pour les premi\u00e8res 500<\/strong>, et la mention \"VERSION D\u00c9MO\" pour les restantes.<br>\r\n  Pour plus d'informations, voir la section <a href=\"http:\/\/www.labeljoy.com\/fr\/aide\/utiliser-labeljoy-en-mode-demo\/\"><strong>utiliser Labeljoy en mode d\u00e9mo<\/strong><\/a>.<\/p>\r\n<p class=\"body\">Entre le moment de l'installation du programme et de son activation, vous pouvez toujours <strong>cr\u00e9er vos propres travaux et commencer \u00e0 vous familiariser avec lui<\/strong>.<\/p>\r\n<p class=\"body\"> Labeljoy peut \u00eatre activ\u00e9 en mode <strong>Light<\/strong>, <strong>Basic <\/strong>ou <strong>Full<\/strong>, selon le code que vous achetez.<br>\r\n  Le mode <strong>Light <\/strong>n'a pas les fonctionnalit\u00e9s pour se <strong>connecter \u00e0 des sources de donn\u00e9es<\/strong>, permet la cr\u00e9ation de codes-barres<strong>seulement en taille Code 128<\/strong>, <strong>n'offre pas l'acc\u00e8s au Clip Art <\/strong>et <strong>les couleurs d\u00e9grad\u00e9s ne sont pas pris en charge<\/strong>.<br>\r\n  Le mode <strong>Basic <\/strong>n'a pas le fonctionnalit\u00e9s pour <strong>se connecter \u00e0 des sources de donn\u00e9es <\/strong>et ne permet pas la cr\u00e9ation de <strong>codes-barres QR Code, Data Matrix, EAN-128 et GS1-128<\/strong>..<\/p>>\n<\/div>\n","protected":false},"excerpt":{"rendered":"<p>Cette page fait r\u00e9f\u00e9rence \u00e0 Labeljoy 5, qui n&rsquo;est pas notre derni\u00e8re version. Effectuez une mise \u00e0 niveau vers Labeljoy 6 pour obtenir la derni\u00e8re version du logiciel avec toutes ses fonctionnalit\u00e9s \u00e9tonnantes ou, si vous l\u2019utilisez d\u00e9j\u00e0, visitez le guide de l\u2019utilisateur de Labeljoy 6.<\/p>\n","protected":false},"author":8,"featured_media":0,"parent":22289,"menu_order":0,"comment_status":"open","ping_status":"closed","template":"page-template-left-sidebar.php","meta":{"inline_featured_image":false,"_monsterinsights_skip_tracking":false,"_monsterinsights_sitenote_active":false,"_monsterinsights_sitenote_note":"","_monsterinsights_sitenote_category":0,"footnotes":""},"class_list":{"0":"post-22296","1":"page","2":"type-page","3":"status-publish","5":"infinite-scroll-item"},"aioseo_notices":[],"_links":{"self":[{"href":"https:\/\/www.labeljoy.com\/fr\/wp-json\/wp\/v2\/pages\/22296","targetHints":{"allow":["GET"]}}],"collection":[{"href":"https:\/\/www.labeljoy.com\/fr\/wp-json\/wp\/v2\/pages"}],"about":[{"href":"https:\/\/www.labeljoy.com\/fr\/wp-json\/wp\/v2\/types\/page"}],"author":[{"embeddable":true,"href":"https:\/\/www.labeljoy.com\/fr\/wp-json\/wp\/v2\/users\/8"}],"replies":[{"embeddable":true,"href":"https:\/\/www.labeljoy.com\/fr\/wp-json\/wp\/v2\/comments?post=22296"}],"version-history":[{"count":2,"href":"https:\/\/www.labeljoy.com\/fr\/wp-json\/wp\/v2\/pages\/22296\/revisions"}],"predecessor-version":[{"id":22321,"href":"https:\/\/www.labeljoy.com\/fr\/wp-json\/wp\/v2\/pages\/22296\/revisions\/22321"}],"up":[{"embeddable":true,"href":"https:\/\/www.labeljoy.com\/fr\/wp-json\/wp\/v2\/pages\/22289"}],"wp:attachment":[{"href":"https:\/\/www.labeljoy.com\/fr\/wp-json\/wp\/v2\/media?parent=22296"}],"curies":[{"name":"wp","href":"https:\/\/api.w.org\/{rel}","templated":true}]}}