{"id":22297,"date":"2014-11-19T13:56:59","date_gmt":"2014-11-19T13:56:59","guid":{"rendered":"http:\/\/www.labeljoy.com\/aide\/overview\/"},"modified":"2015-02-02T17:44:04","modified_gmt":"2015-02-02T17:44:04","slug":"concepts-generaux","status":"publish","type":"page","link":"https:\/\/www.labeljoy.com\/fr\/aide\/concepts-generaux\/","title":{"rendered":"Concepts g\u00e9n\u00e9raux"},"content":{"rendered":"<div data-partent=\"19635\" class=\"callout callout-warning\">\n<h4>Cette page fait r\u00e9f\u00e9rence \u00e0 Labeljoy 5, qui n&rsquo;est pas notre derni\u00e8re version.<\/h4>\n<p>Effectuez une <a href=\"\/fr\/achat\/\">mise \u00e0 niveau vers Labeljoy 6<\/a> pour obtenir la derni\u00e8re version du logiciel avec toutes ses fonctionnalit\u00e9s \u00e9tonnantes ou, si vous l\u2019utilisez d\u00e9j\u00e0, visitez le <a href=\"\/help-lj6\/\">guide de l\u2019utilisateur de Labeljoy 6<\/a>.<\/p>\n<\/div>\n<div id=\"help-guide\">\n\r\n<p class=\"title\">concepts g\u00e9n\u00e9raux<\/p>\r\n<p class=\"body\">Labeljoy permet de cr\u00e9er des ensembles d'\u00e9tiquettes dits <em><a href=\"http:\/\/www.labeljoy.com\/fr\/aide\/gerer-les-groupes\/\">Groups<\/a><\/em>.<\/p>\r\n<p class=\"body\"><strong>Groupes<\/strong> from each other and only share the page <a href=\"http:\/\/www.labeljoy.com\/fr\/aide\/definir-la-mise-en-page\/\">layout<\/a>.<br>\r\n  <strong>Chaque groupe est ind\u00e9pendant<\/strong> de l'autre, et partage seulement la <a href=\"http:\/\/www.labeljoy.com\/fr\/aide\/lier-un-groupe-a-une-source-de-donnees\/\">mise en page<\/a><\/strong>.<\/p>\r\n<p class=\"body\">Les groupes ont un nombre sp\u00e9cifique d'\u00e9tiquettes et peuvent \u00eatre connect\u00e9es \u00e0 <strong>diff\u00e9rentes<\/strong> <a href=\"http:\/\/www.labeljoy.com\/fr\/aide\/lier-un-groupe-a-une-source-de-donnees\/\">sources de donn\u00e9es<\/a> entre eux.<\/p>\r\n<p class=\"note\"><strong>Remarque:<\/strong><br>\r\n  malgr\u00e9 les possibilit\u00e9s offertes par le concept d'un groupe d'\u00e9tiquettes, dans la plupart des cas Labeljoy est utilis\u00e9 avec un <strong>seul groupe de travail<\/strong>.\r\n  Le but de cette section est de fournir une description compl\u00e8te des concepts de fonctionnement \u00e0 un niveau logique. <\/p>\r\n<p class=\"body\">Le design est <strong>ind\u00e9pendant pour chaque groupe<\/strong>, \u00e0 l'exception de la mise en page qui est partag\u00e9e: donc si vous d\u00e9cidez, par exemple, de\r\n  cr\u00e9er un groupe constitu\u00e9 d'un texte et d'un code barre, vous pouvez ajouter un deuxi\u00e8me groupe compos\u00e9 d'un objet graphique, et deux codes-barres.<\/p>\r\n<p class=\"body\">L'ensemble des groupes est consid\u00e9r\u00e9e comme une <em>T\u00e2che<\/em> et <strong>est<\/strong> <a href=\"http:\/\/www.labeljoy.com\/fr\/aide\/sauvegarder\/\">enregistr\u00e9 dans un fichier<\/a><\/strong> avec l'extension .lpa pour \u00eatre utilis\u00e9 plus tard.<\/p>\r\n<p class=\"body\">Le mod\u00e8le utilis\u00e9 par Labeljoy:<\/p>\r\n<p class=\"body\"><img src=\"http:\/\/www.labeljoy.com\/user-guide-files\/fr\/1023_001.png\" align=\"left\" style=\"margin: 0px 24px 4px 0px\"><\/p>\n<\/div>\n","protected":false},"excerpt":{"rendered":"<p>Cette page fait r\u00e9f\u00e9rence \u00e0 Labeljoy 5, qui n&rsquo;est pas notre derni\u00e8re version. Effectuez une mise \u00e0 niveau vers Labeljoy 6 pour obtenir la derni\u00e8re version du logiciel avec toutes ses fonctionnalit\u00e9s \u00e9tonnantes ou, si vous l\u2019utilisez d\u00e9j\u00e0, visitez le guide de l\u2019utilisateur de Labeljoy 6.<\/p>\n","protected":false},"author":8,"featured_media":0,"parent":22289,"menu_order":0,"comment_status":"open","ping_status":"closed","template":"page-template-left-sidebar.php","meta":{"inline_featured_image":false,"_monsterinsights_skip_tracking":false,"_monsterinsights_sitenote_active":false,"_monsterinsights_sitenote_note":"","_monsterinsights_sitenote_category":0,"footnotes":""},"class_list":{"0":"post-22297","1":"page","2":"type-page","3":"status-publish","5":"infinite-scroll-item"},"aioseo_notices":[],"_links":{"self":[{"href":"https:\/\/www.labeljoy.com\/fr\/wp-json\/wp\/v2\/pages\/22297","targetHints":{"allow":["GET"]}}],"collection":[{"href":"https:\/\/www.labeljoy.com\/fr\/wp-json\/wp\/v2\/pages"}],"about":[{"href":"https:\/\/www.labeljoy.com\/fr\/wp-json\/wp\/v2\/types\/page"}],"author":[{"embeddable":true,"href":"https:\/\/www.labeljoy.com\/fr\/wp-json\/wp\/v2\/users\/8"}],"replies":[{"embeddable":true,"href":"https:\/\/www.labeljoy.com\/fr\/wp-json\/wp\/v2\/comments?post=22297"}],"version-history":[{"count":3,"href":"https:\/\/www.labeljoy.com\/fr\/wp-json\/wp\/v2\/pages\/22297\/revisions"}],"predecessor-version":[{"id":22337,"href":"https:\/\/www.labeljoy.com\/fr\/wp-json\/wp\/v2\/pages\/22297\/revisions\/22337"}],"up":[{"embeddable":true,"href":"https:\/\/www.labeljoy.com\/fr\/wp-json\/wp\/v2\/pages\/22289"}],"wp:attachment":[{"href":"https:\/\/www.labeljoy.com\/fr\/wp-json\/wp\/v2\/media?parent=22297"}],"curies":[{"name":"wp","href":"https:\/\/api.w.org\/{rel}","templated":true}]}}