{"id":22298,"date":"2014-11-19T13:58:08","date_gmt":"2014-11-19T13:58:08","guid":{"rendered":"http:\/\/www.labeljoy.com\/aide\/new-features\/"},"modified":"2015-02-02T17:43:50","modified_gmt":"2015-02-02T17:43:50","slug":"nouvelles-fonctionnalites","status":"publish","type":"page","link":"https:\/\/www.labeljoy.com\/fr\/aide\/nouvelles-fonctionnalites\/","title":{"rendered":"Nouvelles fonctionnalit\u00e9s"},"content":{"rendered":"<div data-partent=\"19635\" class=\"callout callout-warning\">\n<h4>Cette page fait r\u00e9f\u00e9rence \u00e0 Labeljoy 5, qui n&rsquo;est pas notre derni\u00e8re version.<\/h4>\n<p>Effectuez une <a href=\"\/fr\/achat\/\">mise \u00e0 niveau vers Labeljoy 6<\/a> pour obtenir la derni\u00e8re version du logiciel avec toutes ses fonctionnalit\u00e9s \u00e9tonnantes ou, si vous l\u2019utilisez d\u00e9j\u00e0, visitez le <a href=\"\/help-lj6\/\">guide de l\u2019utilisateur de Labeljoy 6<\/a>.<\/p>\n<\/div>\n<div id=\"help-guide\">\n\r\n<p class=\"title\">nouvelles caract\u00e9ristiques<\/p>\n<p class=\"body\">Liste des caract\u00e9ristiques majeures ajout\u00e9es dans la version 5.4:<\/p>\n<ul>\n  <li class=\"body\"> Ajout de la compatibilit\u00e9 avec les symboles code-barres<strong> PDF417<\/strong>.<\/li>\n  <li class=\"body\"> Le compteur calcule maintenant les <strong>r\u00e9p\u00e9titions, valeur de saut<\/strong> et <strong>mode de groupe<\/strong>.<\/li>\n  <li class=\"body\"> Les fichiers d\u0092aide ont \u00e9t\u00e9 <strong>d\u00e9plac\u00e9s sur le site internet<\/strong>.<\/li>\n  <li class=\"body\"> Ajout du<strong> copier\/coller de groupe<\/strong>.<\/li>\n<\/ul>\n<p class=\"body\"> Liste des caract\u00e9ristiques majeures ajout\u00e9es dans la version 5.3:<\/p>\n<ul>\n  <li class=\"body\"> Ajout de la <strong>compatibilit\u00e9 avec la police de caract\u00e8res<\/strong> des \u00e9l\u00e9ments du code-barres.<\/li>\n  <li class=\"body\"> Ajout des fichiers d\u0092<strong>aide en Espagnol<\/strong>.<\/li>\n  <li class=\"body\"> Maintenant compatible avec les fichiers de donn\u00e9es <strong>SendBlaster 3<\/strong>.<\/li>\n<\/ul>\n<p class=\"body\"> Liste des caract\u00e9ristiques majeures ajout\u00e9es dans la version 5.2:<\/p>\n<ul>\n  <li class=\"body\"> Les \u00e9l\u00e9ments textes supportent maintenant les formes <strong>rectangulaires et circulaires<\/strong>.<\/li>\n  <li class=\"body\"> Le triage de donn\u00e9es supporte maintenant les <strong>lignes vides comme crit\u00e8re de triage<\/strong>.<\/li>\n  <li class=\"body\"> <strong>Compatible avec plusieurs moniteurs<\/strong>.<\/li>\n<\/ul>\n<p class=\"body\"> Liste des caract\u00e9ristiques majeures ajout\u00e9es dans la version 5.1:<\/p>\n<ul>\n  <li class=\"body\"> Pendant la p\u00e9riode de gr\u00e2ce de 500 \u00e9tiquettes, <strong>seule une \u00e9tiquette sur deux sera marqu\u00e9e dans le texte de la version d\u0092essai<\/strong>.<\/li>\n  <li class=\"body\"> <strong>Les \u00e9l\u00e9ments du code-barres inclus maintenant un param\u00e8tre de redimensionnement automatique<\/strong> afin que dans les cas o\u00f9 la connexion avec une source de donn\u00e9es avec des donn\u00e9es de tailles variables, chaque code-barres puisse avoir sa taille\n    adapt\u00e9e au contenu converti. En savoir plus <u><a href=\"http:\/\/www.labeljoy.com\/fr\/aide\/parametres-avances-dun-code-barres\/\">ici<\/a><\/u>. <\/li>\n  <li class=\"body\"><strong>Ajout d\u0092une fonction pour le recadrage avanc\u00e9 \u00e0 la souris<\/strong> : miroir (CTRL), proportionnel (SHIFT) et les deux combin\u00e9s (CTRL + SHIFT). <\/li>\n<\/ul>\n<p class=\"body\"> Liste des caract\u00e9ristiques majeures ajout\u00e9es dans la version 5.0:<\/p>\n<ul>\n  <li class=\"body\"> Le GUI a \u00e9t\u00e9 <strong>compl\u00e8tement remodel\u00e9<\/strong>.<\/li>\n  <li class=\"body\"> Ajout la possibilit\u00e9 <strong>d\u0092exporter des codes-barres, \u00e9tiquettes et pages<\/strong> vers les formats classiques les plus usit\u00e9s.<\/li>\n  <li class=\"body\"> Ajout d\u0092une collection de <strong>1.500 cliparts <\/strong>pour faciliter l\u0092insertion rapide d\u0092\u00e9l\u00e9ments graphiques.<\/li>\n  <li class=\"body\">Ajout d\u0092une gestion de <strong>concat\u00e9nation des textes avanc\u00e9e<\/strong> pour combiner des <strong>textes, champs, compteur et r\u00e9f\u00e9rences<\/strong> dans les textes et objets des codes-barres.<\/li>\n  <li class=\"body\"> Ajout d\u0092une version d\u0092entr\u00e9e de gamme: <strong>Light<\/strong>.<\/li>\n  <li class=\"body\"> Ajout d\u0092un <strong>\u00e9cran de bienvenue<\/strong> pour acc\u00e9der directement aux fonctionnalit\u00e9s.<\/li>\n  <li class=\"body\"> Ajout de fichiers d\u0092aide en <strong>Bulgare<\/strong>, <strong>Danois<\/strong> et <strong>Finlandais<\/strong>.<\/li>\n  <li class=\"body\">Le <strong>format de recherche <\/strong> a \u00e9t\u00e9 simplifi\u00e9<\/li>\n<\/ul>\n\n<\/div>\n","protected":false},"excerpt":{"rendered":"<p>Cette page fait r\u00e9f\u00e9rence \u00e0 Labeljoy 5, qui n&rsquo;est pas notre derni\u00e8re version. Effectuez une mise \u00e0 niveau vers Labeljoy 6 pour obtenir la derni\u00e8re version du logiciel avec toutes ses fonctionnalit\u00e9s \u00e9tonnantes ou, si vous l\u2019utilisez d\u00e9j\u00e0, visitez le guide de l\u2019utilisateur de Labeljoy 6.<\/p>\n","protected":false},"author":8,"featured_media":0,"parent":22289,"menu_order":0,"comment_status":"open","ping_status":"closed","template":"page-template-left-sidebar.php","meta":{"inline_featured_image":false,"_monsterinsights_skip_tracking":false,"_monsterinsights_sitenote_active":false,"_monsterinsights_sitenote_note":"","_monsterinsights_sitenote_category":0,"footnotes":""},"class_list":{"0":"post-22298","1":"page","2":"type-page","3":"status-publish","5":"infinite-scroll-item"},"aioseo_notices":[],"_links":{"self":[{"href":"https:\/\/www.labeljoy.com\/fr\/wp-json\/wp\/v2\/pages\/22298","targetHints":{"allow":["GET"]}}],"collection":[{"href":"https:\/\/www.labeljoy.com\/fr\/wp-json\/wp\/v2\/pages"}],"about":[{"href":"https:\/\/www.labeljoy.com\/fr\/wp-json\/wp\/v2\/types\/page"}],"author":[{"embeddable":true,"href":"https:\/\/www.labeljoy.com\/fr\/wp-json\/wp\/v2\/users\/8"}],"replies":[{"embeddable":true,"href":"https:\/\/www.labeljoy.com\/fr\/wp-json\/wp\/v2\/comments?post=22298"}],"version-history":[{"count":3,"href":"https:\/\/www.labeljoy.com\/fr\/wp-json\/wp\/v2\/pages\/22298\/revisions"}],"predecessor-version":[{"id":22336,"href":"https:\/\/www.labeljoy.com\/fr\/wp-json\/wp\/v2\/pages\/22298\/revisions\/22336"}],"up":[{"embeddable":true,"href":"https:\/\/www.labeljoy.com\/fr\/wp-json\/wp\/v2\/pages\/22289"}],"wp:attachment":[{"href":"https:\/\/www.labeljoy.com\/fr\/wp-json\/wp\/v2\/media?parent=22298"}],"curies":[{"name":"wp","href":"https:\/\/api.w.org\/{rel}","templated":true}]}}