{"id":22299,"date":"2014-11-19T14:05:03","date_gmt":"2014-11-19T14:05:03","guid":{"rendered":"http:\/\/www.labeljoy.com\/aide\/the-printer\/"},"modified":"2015-02-02T17:44:22","modified_gmt":"2015-02-02T17:44:22","slug":"l-imprimante","status":"publish","type":"page","link":"https:\/\/www.labeljoy.com\/fr\/aide\/l-imprimante\/","title":{"rendered":"L&rsquo;imprimante"},"content":{"rendered":"<div data-partent=\"19635\" class=\"callout callout-warning\">\n<h4>Cette page fait r\u00e9f\u00e9rence \u00e0 Labeljoy 5, qui n&rsquo;est pas notre derni\u00e8re version.<\/h4>\n<p>Effectuez une <a href=\"\/fr\/achat\/\">mise \u00e0 niveau vers Labeljoy 6<\/a> pour obtenir la derni\u00e8re version du logiciel avec toutes ses fonctionnalit\u00e9s \u00e9tonnantes ou, si vous l\u2019utilisez d\u00e9j\u00e0, visitez le <a href=\"\/help-lj6\/\">guide de l\u2019utilisateur de Labeljoy 6<\/a>.<\/p>\n<\/div>\n<div id=\"help-guide\">\n\r\n<p class=\"title\">l'imprimante<\/p>\r\n<p class=\"body\"> Les imprimantes <strong>jet d'encre<\/strong> peuvent d\u00e9sormais \u00eatre achet\u00e9s \u00e0 des prix vraiment bas. <\/p>\r\n<p class=\"body\"> Toutefois, cela souvent cache une \u00e9galement basse qualit\u00e9 des composants, tandis que le prix des recharges reste haut. <\/p>\r\n<p class=\"body\"> Examinez attentivement ce composant si vous avez besoin d'imprimer de <strong>grandes quantit\u00e9s d'\u00e9tiquettes<\/strong>. <\/p>\r\n<p class=\"body\"> On peut trouver des <strong>imprimantes laser <\/strong>(aussi \u00e0 couleur) du genre \"prosumer\", un croisement entre le professionnel et le consommateur, qui,\r\n  m\u00eame si exigent un effort initial majeur en termes de d\u00e9pense, offrent une <strong>meilleure qualit\u00e9 d'impression<\/strong>, une plus grande fiabilit\u00e9 dans\r\n  le temps et surtout un rapport co\u00fbt\/qualit\u00e9 inf\u00e9rieure. <\/p>\r\n<p class=\"note\"><strong>Note<\/strong>:<br>\r\n  Faites <strong>attention <\/strong>quand vous imprimez des<strong> feuilles d'\u00e9tiquettes adh\u00e9sives avec les imprimantes laser<\/strong>. Assurez-vous que le\r\n  type de feuille d'\u00e9tiquettes adh\u00e9sives <strong>ne soit pas trop \u00e9pais <\/strong>o <strong>incompatibile avec votre imprimante laser<\/strong>. <br\/>\r\n  Surtout, <strong>attention \u00e0 ne pas utiliser du papier photo pour imprimantes jet d'encre dans une imprimante laser<\/strong>: elle pourrait s\u00e9rieusement\r\n  s'endommager. Reportez-vous au manuel de votre imprimante laser si le papier que vous souhaitez utiliser est compatible.<\/p>\n<\/div>\n","protected":false},"excerpt":{"rendered":"<p>Cette page fait r\u00e9f\u00e9rence \u00e0 Labeljoy 5, qui n&rsquo;est pas notre derni\u00e8re version. Effectuez une mise \u00e0 niveau vers Labeljoy 6 pour obtenir la derni\u00e8re version du logiciel avec toutes ses fonctionnalit\u00e9s \u00e9tonnantes ou, si vous l\u2019utilisez d\u00e9j\u00e0, visitez le guide de l\u2019utilisateur de Labeljoy 6.<\/p>\n","protected":false},"author":8,"featured_media":0,"parent":22289,"menu_order":0,"comment_status":"open","ping_status":"closed","template":"page-template-left-sidebar.php","meta":{"inline_featured_image":false,"_monsterinsights_skip_tracking":false,"_monsterinsights_sitenote_active":false,"_monsterinsights_sitenote_note":"","_monsterinsights_sitenote_category":0,"footnotes":""},"class_list":{"0":"post-22299","1":"page","2":"type-page","3":"status-publish","5":"infinite-scroll-item"},"aioseo_notices":[],"_links":{"self":[{"href":"https:\/\/www.labeljoy.com\/fr\/wp-json\/wp\/v2\/pages\/22299","targetHints":{"allow":["GET"]}}],"collection":[{"href":"https:\/\/www.labeljoy.com\/fr\/wp-json\/wp\/v2\/pages"}],"about":[{"href":"https:\/\/www.labeljoy.com\/fr\/wp-json\/wp\/v2\/types\/page"}],"author":[{"embeddable":true,"href":"https:\/\/www.labeljoy.com\/fr\/wp-json\/wp\/v2\/users\/8"}],"replies":[{"embeddable":true,"href":"https:\/\/www.labeljoy.com\/fr\/wp-json\/wp\/v2\/comments?post=22299"}],"version-history":[{"count":3,"href":"https:\/\/www.labeljoy.com\/fr\/wp-json\/wp\/v2\/pages\/22299\/revisions"}],"predecessor-version":[{"id":22338,"href":"https:\/\/www.labeljoy.com\/fr\/wp-json\/wp\/v2\/pages\/22299\/revisions\/22338"}],"up":[{"embeddable":true,"href":"https:\/\/www.labeljoy.com\/fr\/wp-json\/wp\/v2\/pages\/22289"}],"wp:attachment":[{"href":"https:\/\/www.labeljoy.com\/fr\/wp-json\/wp\/v2\/media?parent=22299"}],"curies":[{"name":"wp","href":"https:\/\/api.w.org\/{rel}","templated":true}]}}