{"id":22322,"date":"2014-11-19T14:10:24","date_gmt":"2014-11-19T14:10:24","guid":{"rendered":"http:\/\/www.labeljoy.com\/aide\/using-labeljoy-in-trial-mode\/"},"modified":"2015-02-02T19:30:51","modified_gmt":"2015-02-02T19:30:51","slug":"utiliser-labeljoy-en-mode-demo","status":"publish","type":"page","link":"https:\/\/www.labeljoy.com\/fr\/aide\/utiliser-labeljoy-en-mode-demo\/","title":{"rendered":"Utiliser Labeljoy en mode d\u00e9mo"},"content":{"rendered":"<div data-partent=\"19635\" class=\"callout callout-warning\">\n<h4>Cette page fait r\u00e9f\u00e9rence \u00e0 Labeljoy 5, qui n&rsquo;est pas notre derni\u00e8re version.<\/h4>\n<p>Effectuez une <a href=\"\/fr\/achat\/\">mise \u00e0 niveau vers Labeljoy 6<\/a> pour obtenir la derni\u00e8re version du logiciel avec toutes ses fonctionnalit\u00e9s \u00e9tonnantes ou, si vous l\u2019utilisez d\u00e9j\u00e0, visitez le <a href=\"\/help-lj6\/\">guide de l\u2019utilisateur de Labeljoy 6<\/a>.<\/p>\n<\/div>\n<div id=\"help-guide\">\n\r\n<p class=\"title\">utiliser Labeljoy en mode d\u00e9mo<\/p>\r\n<p class=\"body\">Avant d'entrer un <strong>code d'activation valide<\/strong>, Labeljoy sera ex\u00e9cut\u00e9 en <strong>version d\u00e9mo<\/strong>. <br\/>\r\n  La <strong>fen\u00eatre d'activation <\/strong>(qui s'affiche en cliquant sur \"Activer cette option\" dans le menu Aide ou dans l'ic\u00f4ne relative) affichera l'\u00e9tat de la <strong>version d\u00e9mo.<\/strong><\/p>\r\n<table width=\"100%\">\r\n  <tr valign=\"top\">\r\n    <td><p class=\"body\"><img src=\"http:\/\/www.labeljoy.com\/user-guide-files\/fr\/1160_001.png\" align=\"left\" style=\"margin: 0px 8px 4px 0px\"> En mode d\u00e9mo, vous pouvez toujours <strong>utiliser toutes les fonctionnalit\u00e9s de Labeljoy<\/strong> sans aucune limite de temps.<\/p>\r\n      <p class=\"body\">La seule limitation est la <strong>publicit\u00e9 sur les 500 premier\u00e8s \u00e9tiquettes<\/strong>:<\/p>\r\n      <p align=center class=\"images\" style='text-align:center'>Exemple d'\u00e9tiquette imprim\u00e9e pendant la p\u00e9riode initiale.<\/p>\r\n      <p align=center style='text-align:center'><img src=\"http:\/\/www.labeljoy.com\/user-guide-files\/fr\/1160_002.png\" border=\"1\" ><\/p>\r\n      <p class=\"body\">e texte publicitaire sera plac\u00e9 sur le <strong>bord inf\u00e9rieur<\/strong> et sa hauteur sera comprise entre <strong>10 et 20 millim\u00e8tres<\/strong>, en\r\n        fonction de la hauteur de l'\u00e9tiquette.<\/p>\r\n      <p class=\"body\"> Apr\u00e8s les 500 premi\u00e8res \u00e9tiquettes chaque fois que vous imprimez <strong>sera ajout\u00e9 le texte en transparence<\/strong> <em>VERSION DEMO<\/em>.<\/p>\r\n      <p align=center class=\"images\" style='text-align:center'> Exemple d'\u00e9tiquette imprim\u00e9e en mode d\u00e9mo.<\/p>\r\n      <p align=center style='text-align:center'><img src=\"http:\/\/www.labeljoy.com\/user-guide-files\/fr\/1160_003.png\" border=\"1\" ><\/p>\r\n      <p align=center style='text-align:center'>&nbsp;<\/p><\/td>\r\n  <\/tr>\r\n<\/table>\n<\/div>\n","protected":false},"excerpt":{"rendered":"<p>Cette page fait r\u00e9f\u00e9rence \u00e0 Labeljoy 5, qui n&rsquo;est pas notre derni\u00e8re version. Effectuez une mise \u00e0 niveau vers Labeljoy 6 pour obtenir la derni\u00e8re version du logiciel avec toutes ses fonctionnalit\u00e9s \u00e9tonnantes ou, si vous l\u2019utilisez d\u00e9j\u00e0, visitez le guide de l\u2019utilisateur de Labeljoy 6.<\/p>\n","protected":false},"author":8,"featured_media":0,"parent":22289,"menu_order":0,"comment_status":"open","ping_status":"closed","template":"page-template-left-sidebar.php","meta":{"inline_featured_image":false,"_monsterinsights_skip_tracking":false,"_monsterinsights_sitenote_active":false,"_monsterinsights_sitenote_note":"","_monsterinsights_sitenote_category":0,"footnotes":""},"class_list":{"0":"post-22322","1":"page","2":"type-page","3":"status-publish","5":"infinite-scroll-item"},"aioseo_notices":[],"_links":{"self":[{"href":"https:\/\/www.labeljoy.com\/fr\/wp-json\/wp\/v2\/pages\/22322","targetHints":{"allow":["GET"]}}],"collection":[{"href":"https:\/\/www.labeljoy.com\/fr\/wp-json\/wp\/v2\/pages"}],"about":[{"href":"https:\/\/www.labeljoy.com\/fr\/wp-json\/wp\/v2\/types\/page"}],"author":[{"embeddable":true,"href":"https:\/\/www.labeljoy.com\/fr\/wp-json\/wp\/v2\/users\/8"}],"replies":[{"embeddable":true,"href":"https:\/\/www.labeljoy.com\/fr\/wp-json\/wp\/v2\/comments?post=22322"}],"version-history":[{"count":3,"href":"https:\/\/www.labeljoy.com\/fr\/wp-json\/wp\/v2\/pages\/22322\/revisions"}],"predecessor-version":[{"id":22339,"href":"https:\/\/www.labeljoy.com\/fr\/wp-json\/wp\/v2\/pages\/22322\/revisions\/22339"}],"up":[{"embeddable":true,"href":"https:\/\/www.labeljoy.com\/fr\/wp-json\/wp\/v2\/pages\/22289"}],"wp:attachment":[{"href":"https:\/\/www.labeljoy.com\/fr\/wp-json\/wp\/v2\/media?parent=22322"}],"curies":[{"name":"wp","href":"https:\/\/api.w.org\/{rel}","templated":true}]}}