{"id":22323,"date":"2014-11-19T14:12:03","date_gmt":"2014-11-19T14:12:03","guid":{"rendered":"http:\/\/www.labeljoy.com\/aide\/registering-labeljoy\/"},"modified":"2015-02-02T19:30:59","modified_gmt":"2015-02-02T19:30:59","slug":"activer-le-logiciel","status":"publish","type":"page","link":"https:\/\/www.labeljoy.com\/fr\/aide\/activer-le-logiciel\/","title":{"rendered":"Activer le logiciel"},"content":{"rendered":"<div data-partent=\"19635\" class=\"callout callout-warning\">\n<h4>Cette page fait r\u00e9f\u00e9rence \u00e0 Labeljoy 5, qui n&rsquo;est pas notre derni\u00e8re version.<\/h4>\n<p>Effectuez une <a href=\"\/fr\/achat\/\">mise \u00e0 niveau vers Labeljoy 6<\/a> pour obtenir la derni\u00e8re version du logiciel avec toutes ses fonctionnalit\u00e9s \u00e9tonnantes ou, si vous l\u2019utilisez d\u00e9j\u00e0, visitez le <a href=\"\/help-lj6\/\">guide de l\u2019utilisateur de Labeljoy 6<\/a>.<\/p>\n<\/div>\n<div id=\"help-guide\">\n\r\n<p class=\"title\"> s\u0092inscrire sur Labeljoy<\/p>\n<p class=\"body\">Pour s\u0092inscrire sur Labeljoy, suivez ces trois simples \u00e9tapes : <strong>connectez-vous <\/strong><u><a href=\"http:\/\/www.labeljoy.com\/fr\/\" target=\"_blank\">au site internet Labeljoy<\/a><\/u> et achetez une cl\u00e9 d\u0092enregistrement; <strong>entrez-la dans la boite de dialogue d\u0092enregistrement<\/strong> visible dans le sous-menu <em>Enregistrement,<\/em> sous le menu <em>Aide<\/em> et\n  v\u00e9rifier bien que le processus d\u0092enregistrement soit achev\u00e9.<\/p>\n<table width=\"100%\">\n  <tr valign=\"top\">\n    <td><p class=\"body\"><img src=\"http:\/\/www.labeljoy.com\/user-guide-files\/fr\/1160_001.png\" align=\"left\" style=\"margin: 0px 24px 4px 0px\">Dans la boite de dialogue, appuyez sur le bouton <em>Acheter Labeljoy<\/em>. Une fen\u00eatre popup s\u0092ouvrira et connectez-vous \u00e0 la page d\u0092achat\n        de Labeljoy sur <u><a href=\"http:\/\/www.labeljoy.com\/fr\/\" target=\"_blank\">www.labeljoy.com<\/a><\/u>. <br\/>\n        <strong>Suivez les instructions en ligne <\/strong> <strong>pour acheter le type de code d\u0092enregistrement de votre choix.<\/strong> <\/p><\/td>\n  <\/tr>\n  <tr valign=\"top\">\n    <td><p class=\"body\"><img src=\"http:\/\/www.labeljoy.com\/user-guide-files\/fr\/1180_004.png\" align=\"left\" style=\"margin: 0px 24px 4px 0px\">Une fois que vous avez re\u00e7u votre cl\u00e9 unique d\u0092enregistrement, cliquez sur le bouton <em>Enregistrer Labeljoy<\/em> dans le second \u00e9cran.\n        Une fen\u00eatre popup s\u0092ouvrira, vous permettant d\u0092entrer le code que vous venez de recevoir. <\/p><\/td>\n  <\/tr>\n  <tr valign=\"top\">\n    <td><p class=\"body\"><img src=\"http:\/\/www.labeljoy.com\/user-guide-files\/fr\/1180_005.png\" align=\"left\" style=\"margin: 0px 24px 4px 0px\"><strong>Tapez ou collez le code d\u0092enregistrement dans la boite de dialogue<\/strong> et cliquez sur le bouton <em>Ok<\/em>. La validation du code prendra <strong>quelques secondes<\/strong> et \u00e0 la fin une fen\u00eatre popup\n        apparaitra pour vous donner les r\u00e9sultats de votre proc\u00e9dure de validation. <\/p>\n      <p class=\"note\">Le processus d\u0092activation n\u00e9cessite une <strong>connexion internet en cours<\/strong>. Soyez-s\u00fbr que votre ordinateur est connect\u00e9 \u00e0\n        internet durant l\u0092enregistrement de Labeljoy.<\/p><\/td>\n  <\/tr>\n  <tr valign=\"top\">\n    <td><p class=\"body\"><img src=\"http:\/\/www.labeljoy.com\/user-guide-files\/fr\/1180_002.png\" align=\"left\" style=\"margin: 0px 24px 4px 0px\">Activation compl\u00e8te.<\/p>\n      <p class=\"body\"> Cliquez sur <em>Ok<\/em> pour fermer la fen\u00eatre d\u0092enregistrement.<\/p><\/td>\n  <\/tr>\n  <tr valign=\"top\">\n    <td><p class=\"body\"><img src=\"http:\/\/www.labeljoy.com\/user-guide-files\/fr\/1180_003.png\" align=\"left\" style=\"margin: 0px 24px 4px 0px\">Si vous avez achet\u00e9 la version <em>Basic<\/em>, les fonctionnalit\u00e9s li\u00e9es \u00e0 l\u0092interconnexion des sources de donn\u00e9es ne seront pas\n        accessibles et tous les code-barres 2D, EAN-128 et GS1-128 seront convertis vers le Code 128. Lors du chargement d\u0092un Projet contenant une\n        des caract\u00e9ristiques pr\u00e9cit\u00e9es, un processus de conversion se lancera et <strong>toutes les fonctionnalit\u00e9s non support\u00e9es seront supprim\u00e9es<\/strong>. <\/p><\/td>\n  <\/tr>\n  <tr valign=\"top\">\n    <td><p class=\"body\"><img src=\"http:\/\/www.labeljoy.com\/user-guide-files\/fr\/1180_006.png\" align=\"left\" style=\"margin: 0px 24px 4px 0px\">Si vous avez achet\u00e9 la version <em>Light<\/em>, les fonctionnalit\u00e9s li\u00e9es \u00e0 l\u0092interconnexion des sources de donn\u00e9es ne sera pas accessibles\n        et tous les codes-barres seront convertis en Code 128.<\/p>\n      <p class=\"body\"> De plus, les cliparts ne seront pas accessibles et tous les d\u00e9grad\u00e9s seront convertis en couleurs pleines.<\/p>\n      <p class=\"body\">Lors du chargement d\u0092un Projet contenant une des caract\u00e9ristiques pr\u00e9cit\u00e9es, un processus de conversion se lancera et <strong>toutes les fonctionnalit\u00e9s non support\u00e9es seront supprim\u00e9es<\/strong>.<\/p>\n      <p class=\"body\"><\/p><\/td>\n  <\/tr>\n<\/table>\n<p class=\"note\"><strong>Attention<\/strong>:<br>\n  Dans l\u0092\u00e9ventualit\u00e9 o\u00f9 vous devriez d\u00e9sactiver le logiciel pour mouvoir votre enregistrement vers un autre PC, cliquez sur le lien <em>D\u00e9sactiver<\/em> au bas du formulaire et suivez la proc\u00e9dure.<br>\n  <strong>IMPORTANT<\/strong>: soyez s\u00fbr que vous avez la cl\u00e9 d\u0092enregistrement sous la main lors de la d\u00e9sactivation de votre copie de Labeljoy. Vous en aurez besoin lors\n  de la proc\u00e9dure d\u0092enregistrement sur un autre PC.<\/p>\n\n<\/div>\n","protected":false},"excerpt":{"rendered":"<p>Cette page fait r\u00e9f\u00e9rence \u00e0 Labeljoy 5, qui n&rsquo;est pas notre derni\u00e8re version. Effectuez une mise \u00e0 niveau vers Labeljoy 6 pour obtenir la derni\u00e8re version du logiciel avec toutes ses fonctionnalit\u00e9s \u00e9tonnantes ou, si vous l\u2019utilisez d\u00e9j\u00e0, visitez le guide de l\u2019utilisateur de Labeljoy 6.<\/p>\n","protected":false},"author":8,"featured_media":0,"parent":22289,"menu_order":0,"comment_status":"open","ping_status":"closed","template":"page-template-left-sidebar.php","meta":{"inline_featured_image":false,"_monsterinsights_skip_tracking":false,"_monsterinsights_sitenote_active":false,"_monsterinsights_sitenote_note":"","_monsterinsights_sitenote_category":0,"footnotes":""},"class_list":{"0":"post-22323","1":"page","2":"type-page","3":"status-publish","5":"infinite-scroll-item"},"aioseo_notices":[],"_links":{"self":[{"href":"https:\/\/www.labeljoy.com\/fr\/wp-json\/wp\/v2\/pages\/22323","targetHints":{"allow":["GET"]}}],"collection":[{"href":"https:\/\/www.labeljoy.com\/fr\/wp-json\/wp\/v2\/pages"}],"about":[{"href":"https:\/\/www.labeljoy.com\/fr\/wp-json\/wp\/v2\/types\/page"}],"author":[{"embeddable":true,"href":"https:\/\/www.labeljoy.com\/fr\/wp-json\/wp\/v2\/users\/8"}],"replies":[{"embeddable":true,"href":"https:\/\/www.labeljoy.com\/fr\/wp-json\/wp\/v2\/comments?post=22323"}],"version-history":[{"count":3,"href":"https:\/\/www.labeljoy.com\/fr\/wp-json\/wp\/v2\/pages\/22323\/revisions"}],"predecessor-version":[{"id":22340,"href":"https:\/\/www.labeljoy.com\/fr\/wp-json\/wp\/v2\/pages\/22323\/revisions\/22340"}],"up":[{"embeddable":true,"href":"https:\/\/www.labeljoy.com\/fr\/wp-json\/wp\/v2\/pages\/22289"}],"wp:attachment":[{"href":"https:\/\/www.labeljoy.com\/fr\/wp-json\/wp\/v2\/media?parent=22323"}],"curies":[{"name":"wp","href":"https:\/\/api.w.org\/{rel}","templated":true}]}}