{"id":22346,"date":"2014-11-19T14:16:37","date_gmt":"2014-11-19T14:16:37","guid":{"rendered":"http:\/\/www.labeljoy.com\/aide\/file\/"},"modified":"2015-02-03T15:09:08","modified_gmt":"2015-02-03T15:09:08","slug":"fichier","status":"publish","type":"page","link":"https:\/\/www.labeljoy.com\/fr\/aide\/fichier\/","title":{"rendered":"Fichier"},"content":{"rendered":"<div data-partent=\"19635\" class=\"callout callout-warning\">\n<h4>Cette page fait r\u00e9f\u00e9rence \u00e0 Labeljoy 5, qui n&rsquo;est pas notre derni\u00e8re version.<\/h4>\n<p>Effectuez une <a href=\"\/fr\/achat\/\">mise \u00e0 niveau vers Labeljoy 6<\/a> pour obtenir la derni\u00e8re version du logiciel avec toutes ses fonctionnalit\u00e9s \u00e9tonnantes ou, si vous l\u2019utilisez d\u00e9j\u00e0, visitez le <a href=\"\/help-lj6\/\">guide de l\u2019utilisateur de Labeljoy 6<\/a>.<\/p>\n<\/div>\n<div id=\"help-guide\">\n\r\n<p class=\"title\">fichier<\/p>\r\n<p class=\"body\">Le menu Fichier permet d'acc\u00e9der aux fonctionnes pour <strong>sauver <\/strong>et <strong>ouvrir <\/strong>les <strong>fichiers cr\u00e9es avec Labeljoy<\/strong>,\r\n  et aussi<strong> <\/strong>pour imprimer <strong>le travail courant<\/strong>:<\/p>\r\n<ul>\r\n  <li class=\"body\">La commande <em>Nouveau <\/em>permet de g\u00e9n\u00e9rer un <strong>nouveau travail de Labeljoy <\/strong>\u00e0 utiliser comme point de d\u00e9part pour la cr\u00e9ation de nouvelles \u00e9tiquettes. Voir la description de la <a href=\"http:\/\/www.labeljoy.com\/fr\/aide\/nouveau\/\">commande relative <\/a>sur la barre des ic\u00f4nes.<\/li>\r\n  <li class=\"body\">La commande <em>Ouvrir <\/em>affiche une une bo\u00eete de dialogue pour s\u00e9lectionner un <strong>fichier existant <\/strong>sur le disque dur de\r\n    l'ordinateur, ou dans un emplacement r\u00e9seau. Voir la description de la <a href=\"http:\/\/www.labeljoy.com\/fr\/aide\/ouvrir\/\">commande relative <\/a>sur la barre des ic\u00f4nes.<\/li>\r\n  <li class=\"body\">Ensuite vous trouvez la section pour <strong>sauver les fichiers cr\u00e9es avec Labeljoy<\/strong>. Voir la description de la <a href=\"http:\/\/www.labeljoy.com\/fr\/aide\/sauvegarder\/\">commande relative<\/a> sur la barre des ic\u00f4nes.<\/li>\r\n  <li class=\"body\">Le menu <em>Exporter<\/em> ontient 3 sous-menus qui vous font acc\u00e9der aux fonctionnes d'exportation: <a href=\"http:\/\/www.labeljoy.com\/fr\/aide\/exporter-les-etiquettes\/\">exportation d'\u00e9tiquetess<\/a>, <a href=\"http:\/\/www.labeljoy.com\/fr\/aide\/exporter-les-codes-barres\/\"> exportation de codes \u00e0 barre<\/a> et <a href=\"http:\/\/www.labeljoy.com\/fr\/aide\/exporter-les-pages\/\">exportation de pages.<\/a>. Cette section n'est pas disponible dans la <em>version Light<\/em>.<\/li>\r\n  <li class=\"body\">La commande <em>Enregistrer comme d\u00e9faut<\/em> permet de sauver le travail courant comme un fichier d\u00e9faut, c'est \u00e0 dire <strong>celui qui sera propos\u00e9 quand vous d\u00e9marrez le logiciel<\/strong>. <\/li>\r\n  <li class=\"body\">Ensuite, la liste des <strong>fichiers r\u00e9cents <\/strong>qui permet de s\u00e9l\u00e9ctionner les derniers fichiers sur lesquels vous avez travaill\u00e9s. La\r\n    commande <em>Supprimer la liste des fichiers r\u00e9cents <\/em>permet pr\u00e9cis\u00e9ment de <strong>supprimer la liste des derniers fichiers utilis\u00e9s<\/strong>. <\/li>\r\n  <li class=\"body\">La section suivante permet d'acc\u00e9der aux <strong>fonctionnalit\u00e9s d'impression <\/strong>du travail courant et \u00e0 la gestion des param\u00e8tres des imprimantes install\u00e9es dans le syst\u00e8me. Voir la description du bouton <a href=\"http:\/\/www.labeljoy.com\/help-fr\/print-icon-fr\/\">Impirmer<\/a> de la barre des ic\u00f4nes.<\/li>\r\n  <li class=\"body\">Le menu <em>Options<\/em> permet d'acc\u00e9der \u00e0 la fen\u00eatre des <a href=\"http:\/\/www.labeljoy.com\/fr\/aide\/options-fr\/\">options<\/a> <strong>quand la barre des ic\u00f4nes n'est pas visible<\/strong>.<\/li>\r\n  <li class=\"body\">Enfin, la commande <em>Quitter<\/em> ferme Labeljoy.<\/li>\r\n<\/ul>\n<\/div>\n","protected":false},"excerpt":{"rendered":"<p>Cette page fait r\u00e9f\u00e9rence \u00e0 Labeljoy 5, qui n&rsquo;est pas notre derni\u00e8re version. Effectuez une mise \u00e0 niveau vers Labeljoy 6 pour obtenir la derni\u00e8re version du logiciel avec toutes ses fonctionnalit\u00e9s \u00e9tonnantes ou, si vous l\u2019utilisez d\u00e9j\u00e0, visitez le guide de l\u2019utilisateur de Labeljoy 6.<\/p>\n","protected":false},"author":8,"featured_media":0,"parent":22289,"menu_order":0,"comment_status":"open","ping_status":"closed","template":"page-template-left-sidebar.php","meta":{"inline_featured_image":false,"_monsterinsights_skip_tracking":false,"_monsterinsights_sitenote_active":false,"_monsterinsights_sitenote_note":"","_monsterinsights_sitenote_category":0,"footnotes":""},"class_list":{"0":"post-22346","1":"page","2":"type-page","3":"status-publish","5":"infinite-scroll-item"},"aioseo_notices":[],"_links":{"self":[{"href":"https:\/\/www.labeljoy.com\/fr\/wp-json\/wp\/v2\/pages\/22346","targetHints":{"allow":["GET"]}}],"collection":[{"href":"https:\/\/www.labeljoy.com\/fr\/wp-json\/wp\/v2\/pages"}],"about":[{"href":"https:\/\/www.labeljoy.com\/fr\/wp-json\/wp\/v2\/types\/page"}],"author":[{"embeddable":true,"href":"https:\/\/www.labeljoy.com\/fr\/wp-json\/wp\/v2\/users\/8"}],"replies":[{"embeddable":true,"href":"https:\/\/www.labeljoy.com\/fr\/wp-json\/wp\/v2\/comments?post=22346"}],"version-history":[{"count":3,"href":"https:\/\/www.labeljoy.com\/fr\/wp-json\/wp\/v2\/pages\/22346\/revisions"}],"predecessor-version":[{"id":22586,"href":"https:\/\/www.labeljoy.com\/fr\/wp-json\/wp\/v2\/pages\/22346\/revisions\/22586"}],"up":[{"embeddable":true,"href":"https:\/\/www.labeljoy.com\/fr\/wp-json\/wp\/v2\/pages\/22289"}],"wp:attachment":[{"href":"https:\/\/www.labeljoy.com\/fr\/wp-json\/wp\/v2\/media?parent=22346"}],"curies":[{"name":"wp","href":"https:\/\/api.w.org\/{rel}","templated":true}]}}