{"id":22349,"date":"2014-11-19T14:20:26","date_gmt":"2014-11-19T14:20:26","guid":{"rendered":"http:\/\/www.labeljoy.com\/aide\/selection-menu\/"},"modified":"2015-02-03T09:32:29","modified_gmt":"2015-02-03T09:32:29","slug":"selection-menu-fr","status":"publish","type":"page","link":"https:\/\/www.labeljoy.com\/fr\/aide\/selection-menu-fr\/","title":{"rendered":"S\u00e9lection"},"content":{"rendered":"<div data-partent=\"19635\" class=\"callout callout-warning\">\n<h4>Cette page fait r\u00e9f\u00e9rence \u00e0 Labeljoy 5, qui n&rsquo;est pas notre derni\u00e8re version.<\/h4>\n<p>Effectuez une <a href=\"\/fr\/achat\/\">mise \u00e0 niveau vers Labeljoy 6<\/a> pour obtenir la derni\u00e8re version du logiciel avec toutes ses fonctionnalit\u00e9s \u00e9tonnantes ou, si vous l\u2019utilisez d\u00e9j\u00e0, visitez le <a href=\"\/help-lj6\/\">guide de l\u2019utilisateur de Labeljoy 6<\/a>.<\/p>\n<\/div>\n<link rel=\"stylesheet\" href=\"http:\/\/www.labeljoy.com\/user-guide-files\/en\/styles.css\" type=\"text\/css\" media=\"all\" \/>\n<div id=\"help-guide\">\n\r\n<p class=\"title\">s\u00e9lection<\/p>\r\n<p class=\"body\"> Le menu <em>S\u00e9lection<\/em> affiche les commands pour la <strong>gestion de la s\u00e9lection et de la visibilit\u00e9 des elements<\/strong>.<\/p>\r\n<p class=\"body\">Voir le <a href=\"http:\/\/www.labeljoy.com\/fr\/aide\/affichage-d-element\/\">paragraphe relatif <\/a>pour les d\u00e9tails de fonctionnement.<\/p>\n<\/div>\n","protected":false},"excerpt":{"rendered":"<p>Cette page fait r\u00e9f\u00e9rence \u00e0 Labeljoy 5, qui n&rsquo;est pas notre derni\u00e8re version. Effectuez une mise \u00e0 niveau vers Labeljoy 6 pour obtenir la derni\u00e8re version du logiciel avec toutes ses fonctionnalit\u00e9s \u00e9tonnantes ou, si vous l\u2019utilisez d\u00e9j\u00e0, visitez le guide de l\u2019utilisateur de Labeljoy 6.<\/p>\n","protected":false},"author":8,"featured_media":0,"parent":22289,"menu_order":0,"comment_status":"open","ping_status":"closed","template":"page-template-left-sidebar.php","meta":{"inline_featured_image":false,"_monsterinsights_skip_tracking":false,"_monsterinsights_sitenote_active":false,"_monsterinsights_sitenote_note":"","_monsterinsights_sitenote_category":0,"footnotes":""},"class_list":{"0":"post-22349","1":"page","2":"type-page","3":"status-publish","5":"infinite-scroll-item"},"aioseo_notices":[],"_links":{"self":[{"href":"https:\/\/www.labeljoy.com\/fr\/wp-json\/wp\/v2\/pages\/22349","targetHints":{"allow":["GET"]}}],"collection":[{"href":"https:\/\/www.labeljoy.com\/fr\/wp-json\/wp\/v2\/pages"}],"about":[{"href":"https:\/\/www.labeljoy.com\/fr\/wp-json\/wp\/v2\/types\/page"}],"author":[{"embeddable":true,"href":"https:\/\/www.labeljoy.com\/fr\/wp-json\/wp\/v2\/users\/8"}],"replies":[{"embeddable":true,"href":"https:\/\/www.labeljoy.com\/fr\/wp-json\/wp\/v2\/comments?post=22349"}],"version-history":[{"count":2,"href":"https:\/\/www.labeljoy.com\/fr\/wp-json\/wp\/v2\/pages\/22349\/revisions"}],"predecessor-version":[{"id":22377,"href":"https:\/\/www.labeljoy.com\/fr\/wp-json\/wp\/v2\/pages\/22349\/revisions\/22377"}],"up":[{"embeddable":true,"href":"https:\/\/www.labeljoy.com\/fr\/wp-json\/wp\/v2\/pages\/22289"}],"wp:attachment":[{"href":"https:\/\/www.labeljoy.com\/fr\/wp-json\/wp\/v2\/media?parent=22349"}],"curies":[{"name":"wp","href":"https:\/\/api.w.org\/{rel}","templated":true}]}}