{"id":22353,"date":"2014-11-19T14:24:16","date_gmt":"2014-11-19T14:24:16","guid":{"rendered":"http:\/\/www.labeljoy.com\/aide\/the-main-icon-bar\/"},"modified":"2015-02-03T12:09:03","modified_gmt":"2015-02-03T12:09:03","slug":"la-barre-des-icones","status":"publish","type":"page","link":"https:\/\/www.labeljoy.com\/fr\/aide\/la-barre-des-icones\/","title":{"rendered":"La barre des ic\u00f4nes"},"content":{"rendered":"<div data-partent=\"19635\" class=\"callout callout-warning\">\n<h4>Cette page fait r\u00e9f\u00e9rence \u00e0 Labeljoy 5, qui n&rsquo;est pas notre derni\u00e8re version.<\/h4>\n<p>Effectuez une <a href=\"\/fr\/achat\/\">mise \u00e0 niveau vers Labeljoy 6<\/a> pour obtenir la derni\u00e8re version du logiciel avec toutes ses fonctionnalit\u00e9s \u00e9tonnantes ou, si vous l\u2019utilisez d\u00e9j\u00e0, visitez le <a href=\"\/help-lj6\/\">guide de l\u2019utilisateur de Labeljoy 6<\/a>.<\/p>\n<\/div>\n<div id=\"help-guide\">\n\r\n<p class=\"title\">la barre des ic\u00f4nes<\/p>\n<p class=\"body\"> La <strong>barre des ic\u00f4nes <\/strong>est l'\u00e9l\u00e9ment situ\u00e9 au sommet de l'\u00e9cran principal du programme,<strong> caract\u00e9ris\u00e9 par une s\u00e9rie de boutons.<\/strong><\/p>\n<p class=\"body\"><img src=\"http:\/\/www.labeljoy.com\/user-guide-files\/fr\/1260_001.png\" style=\"margin: 0px 24px 4px 0px\"><\/p>\n<p class=\"body\"> Avec ces boutons, vous pouvez <strong>acc\u00e9der aux fonctions principales du programme<\/strong>. Dans certains cas, en cliquant avec la souris sur un de ces\n  boutons <strong>vous acc\u00e8dez directement aux fonctions pour lesquelles il est responsable<\/strong>; dans d'autres cas,<strong>un menu appara\u00eet en vous permettant de choisir parmi plusieurs options<\/strong>. Les boutons marqu\u00e9s par une <strong> fl\u00e8che dans la partie droite<\/strong> sont ceux qui affichent les menus. <\/p>\n<p class=\"body\"> Les boutons de la barre des ic\u00f4nes sont les suivants:<\/p>\n<ul>\n  <li class=\"body\"><a href=\"http:\/\/www.labeljoy.com\/fr\/aide\/nouveau\/\">Nouveau<\/a><\/li>\n  <li class=\"body\"><a href=\"http:\/\/www.labeljoy.com\/fr\/aide\/ouvrir\/\">Ouvrir<\/a><\/li>\n  <li class=\"body\"><a href=\"http:\/\/www.labeljoy.com\/fr\/aide\/sauvegarder\/\">Sauvagerder<\/a><\/li>\n  <li class=\"body\"><a href=\"http:\/\/www.labeljoy.com\/help-fr\/print-icon-fr\/\">Imprimer<\/a><\/li>\n  <li class=\"body\"><a href=\"http:\/\/www.labeljoy.com\/fr\/aide\/se-deplacer-entre-les-pages\/\">4 boutons de d\u00e9placement<\/a><\/li>\n  <li class=\"body\"><a href=\"http:\/\/www.labeljoy.com\/fr\/aide\/annuler-retablir-les-operations\/\">2 boutons pour annuler\/r\u00e9tablir les operations<\/a><\/li>\n  <li class=\"body\"><a href=\"http:\/\/www.labeljoy.com\/fr\/aide\/page\/\">Page<\/a><\/li>\n  <li class=\"body\"><a href=\"http:\/\/www.labeljoy.com\/fr\/aide\/groupe\/\">Groupe<\/a><\/li>\n  <li class=\"body\"><a href=\"http:\/\/www.labeljoy.com\/fr\/aide\/element\/\">El\u00e9ment<\/a><\/li>\n  <li class=\"body\"><a href=\"http:\/\/www.labeljoy.com\/fr\/aide\/affichage-d-element\/\">Affichage d'\u00e9l\u00e9ment<\/a><\/li>\n  <li class=\"body\"><a href=\"http:\/\/www.labeljoy.com\/fr\/aide\/verrouiller-les-elements\/\">V\u00e9rrouiler les \u00e9l\u00e9ments<\/a><\/li>\n  <li class=\"body\"><a href=\"http:\/\/www.labeljoy.com\/help-fr\/zoom-icon-fr\/\">Zoom<\/a><\/li>\n  <li class=\"body\"><a href=\"http:\/\/www.labeljoy.com\/fr\/aide\/options-fr\/\">Options<\/a><\/li>\n  <li class=\"body\"><a href=\"http:\/\/www.labeljoy.com\/fr\/aide\/aide-icone\/\">Aide<\/a><\/li>\n<\/ul>>\n<\/div>\n","protected":false},"excerpt":{"rendered":"<p>Cette page fait r\u00e9f\u00e9rence \u00e0 Labeljoy 5, qui n&rsquo;est pas notre derni\u00e8re version. Effectuez une mise \u00e0 niveau vers Labeljoy 6 pour obtenir la derni\u00e8re version du logiciel avec toutes ses fonctionnalit\u00e9s \u00e9tonnantes ou, si vous l\u2019utilisez d\u00e9j\u00e0, visitez le guide de l\u2019utilisateur de Labeljoy 6.<\/p>\n","protected":false},"author":8,"featured_media":0,"parent":22289,"menu_order":0,"comment_status":"open","ping_status":"closed","template":"page-template-left-sidebar.php","meta":{"inline_featured_image":false,"_monsterinsights_skip_tracking":false,"_monsterinsights_sitenote_active":false,"_monsterinsights_sitenote_note":"","_monsterinsights_sitenote_category":0,"footnotes":""},"class_list":{"0":"post-22353","1":"page","2":"type-page","3":"status-publish","5":"infinite-scroll-item"},"aioseo_notices":[],"_links":{"self":[{"href":"https:\/\/www.labeljoy.com\/fr\/wp-json\/wp\/v2\/pages\/22353","targetHints":{"allow":["GET"]}}],"collection":[{"href":"https:\/\/www.labeljoy.com\/fr\/wp-json\/wp\/v2\/pages"}],"about":[{"href":"https:\/\/www.labeljoy.com\/fr\/wp-json\/wp\/v2\/types\/page"}],"author":[{"embeddable":true,"href":"https:\/\/www.labeljoy.com\/fr\/wp-json\/wp\/v2\/users\/8"}],"replies":[{"embeddable":true,"href":"https:\/\/www.labeljoy.com\/fr\/wp-json\/wp\/v2\/comments?post=22353"}],"version-history":[{"count":3,"href":"https:\/\/www.labeljoy.com\/fr\/wp-json\/wp\/v2\/pages\/22353\/revisions"}],"predecessor-version":[{"id":22570,"href":"https:\/\/www.labeljoy.com\/fr\/wp-json\/wp\/v2\/pages\/22353\/revisions\/22570"}],"up":[{"embeddable":true,"href":"https:\/\/www.labeljoy.com\/fr\/wp-json\/wp\/v2\/pages\/22289"}],"wp:attachment":[{"href":"https:\/\/www.labeljoy.com\/fr\/wp-json\/wp\/v2\/media?parent=22353"}],"curies":[{"name":"wp","href":"https:\/\/api.w.org\/{rel}","templated":true}]}}