{"id":22354,"date":"2014-11-19T14:28:06","date_gmt":"2014-11-19T14:28:06","guid":{"rendered":"http:\/\/www.labeljoy.com\/aide\/open\/"},"modified":"2015-02-03T11:21:12","modified_gmt":"2015-02-03T11:21:12","slug":"ouvrir","status":"publish","type":"page","link":"https:\/\/www.labeljoy.com\/fr\/aide\/ouvrir\/","title":{"rendered":"Ouvrir"},"content":{"rendered":"<div data-partent=\"19635\" class=\"callout callout-warning\">\n<h4>Cette page fait r\u00e9f\u00e9rence \u00e0 Labeljoy 5, qui n&rsquo;est pas notre derni\u00e8re version.<\/h4>\n<p>Effectuez une <a href=\"\/fr\/achat\/\">mise \u00e0 niveau vers Labeljoy 6<\/a> pour obtenir la derni\u00e8re version du logiciel avec toutes ses fonctionnalit\u00e9s \u00e9tonnantes ou, si vous l\u2019utilisez d\u00e9j\u00e0, visitez le <a href=\"\/help-lj6\/\">guide de l\u2019utilisateur de Labeljoy 6<\/a>.<\/p>\n<\/div>\n<div id=\"help-guide\">\n\r\n<p class=\"title\">ouvrir<\/p>\r\n<p class=\"body\"> Ce bouton permet d'<strong>ouvrir des travails pr\u00e9c\u00e9demment enregistr\u00e9s<\/strong>.<\/p>\r\n<p class=\"body\"> En cliquant sur ce bouton une <strong>bo\u00eete de dialogue<\/strong> va appara\u00eetre, en vous permettant de s\u00e9lectionner le fichier \u00e0 t\u00e9l\u00e9charger.<\/p>\r\n<p class=\"note\"><strong>Note<\/strong>:<br>\r\n  Si vous avez d\u00e9j\u00e0 charg\u00e9 des fichiers avec cette commande, alors un clic de la souris ouvre un <strong>menu contextuel <\/strong>contenant l'\u00e9l\u00e9ment<em>Ouvrir <\/em>pour afficher la bo\u00eete de dialogue, une liste de 8 articles (au plus) avec <em>les fichiers charg\u00e9s plus r\u00e9cemment <\/em>et la commande <em>Supprimer la liste <\/em>pour <strong>effacer la liste <\/strong>des derniers fichiers.<\/p>\r\n<p class=\"body\"> Labeljoy g\u00e8re 3 types de fichier:<\/p>\r\n<ul>\r\n  <li class=\"body\"><strong>Fichier avex l'extension<\/strong><em>*<\/em><strong> <\/strong><em>lpa<\/em>: fichiers contenant informations sur les \u00e9tiquettes et sur la <a href=\"http:\/\/www.labeljoy.com\/fr\/aide\/principal\/\">mise en page<\/a>.<\/li>\r\n  <li class=\"body\"><strong>Fichier avex l'extension<\/strong><em>*<\/em><strong> <\/strong><em>lpe<\/em>: fichiers contenant seulement informations sur les \u00e9tiquettes.<\/li>\r\n  <li class=\"body\"><strong>Fichier avex l'extension<\/strong><em>*<\/em><strong> <\/strong><em>lpl<\/em>: fichiers contenant informations sur la mise en page.<\/li>\r\n<\/ul>\r\n<p class=\"body\"> Selon le type de fichier s\u00e9lectionn\u00e9, afficher Labeljoy les <strong>informations qui y sont stock\u00e9es<\/strong>.<\/p>\r\n<p class=\"body\">Dans le cas o\u00f9 le chargement d'un fichier s'effectue lorsque <strong>les \u00e9l\u00e9ments sont d\u00e9j\u00e0 pr\u00e9sents<\/strong>, selon les param\u00e8tres d\u00e9finis dans l'onglet <a href=\"http:\/\/www.labeljoy.com\/fr\/aide\/principal\/\">g\u00e9n\u00e9rales<\/a> de la fen\u00eatre d'<a href=\"http:\/\/www.labeljoy.com\/fr\/aide\/options-fr\/\">option<\/a>s, vous pouvez voir un <strong>message d'avertissement <\/strong>en vous informant que vous pouvez <strong>remplacer le contenu <\/strong>actuel avec celui dans le fichier, <strong>ou le combiner avec<\/strong>.<\/p>\r\n<p class=\"note\"><strong>Note<\/strong>:<br>\r\n  Labeljoy int\u00e8gre <strong>la fonction Drag&amp;Dop <\/strong>(glisser-d\u00e9poser). Les fichiers de Labeljoy peuvent \u00e9galement \u00eatre ouverts par glisser-d\u00e9poser\r\n  sur la fen\u00eatre active. Un seul fichier \u00e0 la fois peut \u00eatre ouvert avec Drag&amp;Drop. <\/p>\r\n<p class=\"body\"> * Les extensions de fichier sont visibles seulement si l'option de Windows a \u00e9t\u00e9 activ\u00e9e.<\/p>\n<\/div>\n","protected":false},"excerpt":{"rendered":"<p>Cette page fait r\u00e9f\u00e9rence \u00e0 Labeljoy 5, qui n&rsquo;est pas notre derni\u00e8re version. Effectuez une mise \u00e0 niveau vers Labeljoy 6 pour obtenir la derni\u00e8re version du logiciel avec toutes ses fonctionnalit\u00e9s \u00e9tonnantes ou, si vous l\u2019utilisez d\u00e9j\u00e0, visitez le guide de l\u2019utilisateur de Labeljoy 6.<\/p>\n","protected":false},"author":8,"featured_media":0,"parent":22289,"menu_order":0,"comment_status":"open","ping_status":"closed","template":"page-template-left-sidebar.php","meta":{"inline_featured_image":false,"_monsterinsights_skip_tracking":false,"_monsterinsights_sitenote_active":false,"_monsterinsights_sitenote_note":"","_monsterinsights_sitenote_category":0,"footnotes":""},"class_list":{"0":"post-22354","1":"page","2":"type-page","3":"status-publish","5":"infinite-scroll-item"},"aioseo_notices":[],"_links":{"self":[{"href":"https:\/\/www.labeljoy.com\/fr\/wp-json\/wp\/v2\/pages\/22354","targetHints":{"allow":["GET"]}}],"collection":[{"href":"https:\/\/www.labeljoy.com\/fr\/wp-json\/wp\/v2\/pages"}],"about":[{"href":"https:\/\/www.labeljoy.com\/fr\/wp-json\/wp\/v2\/types\/page"}],"author":[{"embeddable":true,"href":"https:\/\/www.labeljoy.com\/fr\/wp-json\/wp\/v2\/users\/8"}],"replies":[{"embeddable":true,"href":"https:\/\/www.labeljoy.com\/fr\/wp-json\/wp\/v2\/comments?post=22354"}],"version-history":[{"count":3,"href":"https:\/\/www.labeljoy.com\/fr\/wp-json\/wp\/v2\/pages\/22354\/revisions"}],"predecessor-version":[{"id":22564,"href":"https:\/\/www.labeljoy.com\/fr\/wp-json\/wp\/v2\/pages\/22354\/revisions\/22564"}],"up":[{"embeddable":true,"href":"https:\/\/www.labeljoy.com\/fr\/wp-json\/wp\/v2\/pages\/22289"}],"wp:attachment":[{"href":"https:\/\/www.labeljoy.com\/fr\/wp-json\/wp\/v2\/media?parent=22354"}],"curies":[{"name":"wp","href":"https:\/\/api.w.org\/{rel}","templated":true}]}}