{"id":22355,"date":"2014-11-19T14:30:11","date_gmt":"2014-11-19T14:30:11","guid":{"rendered":"http:\/\/www.labeljoy.com\/aide\/save\/"},"modified":"2015-02-03T09:32:35","modified_gmt":"2015-02-03T09:32:35","slug":"sauvegarder","status":"publish","type":"page","link":"https:\/\/www.labeljoy.com\/fr\/aide\/sauvegarder\/","title":{"rendered":"Sauvegarder"},"content":{"rendered":"<div data-partent=\"19635\" class=\"callout callout-warning\">\n<h4>Cette page fait r\u00e9f\u00e9rence \u00e0 Labeljoy 5, qui n&rsquo;est pas notre derni\u00e8re version.<\/h4>\n<p>Effectuez une <a href=\"\/fr\/achat\/\">mise \u00e0 niveau vers Labeljoy 6<\/a> pour obtenir la derni\u00e8re version du logiciel avec toutes ses fonctionnalit\u00e9s \u00e9tonnantes ou, si vous l\u2019utilisez d\u00e9j\u00e0, visitez le <a href=\"\/help-lj6\/\">guide de l\u2019utilisateur de Labeljoy 6<\/a>.<\/p>\n<\/div>\n<link rel=\"stylesheet\" href=\"http:\/\/www.labeljoy.com\/user-guide-files\/en\/styles.css\" type=\"text\/css\" media=\"all\" \/>\n<div id=\"help-guide\">\n\r\n<p class=\"title\">sauvegarder<\/p>\n<p class=\"body\"> Ce bouton permet permette d'<strong>enregistrer le contenu actuel de Labeljoy<\/strong>.<\/p>\n<p class=\"body\">En cliquant dessus, vous verrez <strong>un menu compos\u00e9 de 4 \u00e9l\u00e9ments:<\/strong><\/p>\n<ul>\n  <li class=\"body\"><strong>Sauvegarder<\/strong>: Cette commande est active seulement le travail en cours a d\u00e9j\u00e0 \u00e9t\u00e9 enregistr\u00e9. Il vous permet d'enregistrer \u00e0 nouveau le fichier sans avoir \u00e0\n    sp\u00e9cifier encore le nom pr\u00e9c\u00e9demment d\u00e9fini.<\/li>\n  <li class=\"body\"><strong>Enregistrer sous<\/strong>: cette commande ouvre une bo\u00eete de dialogue qui vous permet d'enregistrer un fichier et sp\u00e9cifier son nom et emplacement.<\/li>\n  <li class=\"body\"><strong>Exporter<\/strong>: il contient 3 sous-menus qui vous font acc\u00e9der aux fonctions d'exportation: <a href=\"http:\/\/www.labeljoy.com\/fr\/aide\/exporter-les-etiquettes\/\">exportation d'\u00e9tiquettes<\/a>, <a href=\"http:\/\/www.labeljoy.com\/fr\/aide\/exporter-les-codes-barres\/\">exportation de codes-barres <\/a> et <a href=\"http:\/\/www.labeljoy.com\/fr\/aide\/exporter-les-pages\/\">exportation de pages<\/a>. Cette section n'est pas disponible dans la version <em>Light<\/em>.<\/li>\n  <li class=\"body\"><strong>Enregistrer comme d\u00e9faut<\/strong>: cette commande enregistre la <a href=\"http:\/\/www.labeljoy.com\/fr\/aide\/definir-la-mise-en-page\/\">mise en page <\/a>courante comme d\u00e9faut, c'est \u00e0 dire la mise en page utilis\u00e9e comme point de l'ouverture du\n    programme de d\u00e9marrage ou lorsque vous cliquez sur le bouton <a href=\"http:\/\/www.labeljoy.com\/fr\/aide\/nouveau\/\">nouveau<\/a>.<\/li>\n<\/ul>\n<\/div>\n","protected":false},"excerpt":{"rendered":"<p>Cette page fait r\u00e9f\u00e9rence \u00e0 Labeljoy 5, qui n&rsquo;est pas notre derni\u00e8re version. Effectuez une mise \u00e0 niveau vers Labeljoy 6 pour obtenir la derni\u00e8re version du logiciel avec toutes ses fonctionnalit\u00e9s \u00e9tonnantes ou, si vous l\u2019utilisez d\u00e9j\u00e0, visitez le guide de l\u2019utilisateur de Labeljoy 6.<\/p>\n","protected":false},"author":8,"featured_media":0,"parent":22289,"menu_order":0,"comment_status":"open","ping_status":"closed","template":"page-template-left-sidebar.php","meta":{"inline_featured_image":false,"_monsterinsights_skip_tracking":false,"_monsterinsights_sitenote_active":false,"_monsterinsights_sitenote_note":"","_monsterinsights_sitenote_category":0,"footnotes":""},"class_list":{"0":"post-22355","1":"page","2":"type-page","3":"status-publish","5":"infinite-scroll-item"},"aioseo_notices":[],"_links":{"self":[{"href":"https:\/\/www.labeljoy.com\/fr\/wp-json\/wp\/v2\/pages\/22355","targetHints":{"allow":["GET"]}}],"collection":[{"href":"https:\/\/www.labeljoy.com\/fr\/wp-json\/wp\/v2\/pages"}],"about":[{"href":"https:\/\/www.labeljoy.com\/fr\/wp-json\/wp\/v2\/types\/page"}],"author":[{"embeddable":true,"href":"https:\/\/www.labeljoy.com\/fr\/wp-json\/wp\/v2\/users\/8"}],"replies":[{"embeddable":true,"href":"https:\/\/www.labeljoy.com\/fr\/wp-json\/wp\/v2\/comments?post=22355"}],"version-history":[{"count":2,"href":"https:\/\/www.labeljoy.com\/fr\/wp-json\/wp\/v2\/pages\/22355\/revisions"}],"predecessor-version":[{"id":22382,"href":"https:\/\/www.labeljoy.com\/fr\/wp-json\/wp\/v2\/pages\/22355\/revisions\/22382"}],"up":[{"embeddable":true,"href":"https:\/\/www.labeljoy.com\/fr\/wp-json\/wp\/v2\/pages\/22289"}],"wp:attachment":[{"href":"https:\/\/www.labeljoy.com\/fr\/wp-json\/wp\/v2\/media?parent=22355"}],"curies":[{"name":"wp","href":"https:\/\/api.w.org\/{rel}","templated":true}]}}