{"id":22356,"date":"2014-11-19T14:31:25","date_gmt":"2014-11-19T14:31:25","guid":{"rendered":"http:\/\/www.labeljoy.com\/aide\/print-icon\/"},"modified":"2015-02-03T15:12:35","modified_gmt":"2015-02-03T15:12:35","slug":"imprimer-icone","status":"publish","type":"page","link":"https:\/\/www.labeljoy.com\/fr\/aide\/imprimer-icone\/","title":{"rendered":"Imprimer"},"content":{"rendered":"<div data-partent=\"19635\" class=\"callout callout-warning\">\n<h4>Cette page fait r\u00e9f\u00e9rence \u00e0 Labeljoy 5, qui n&rsquo;est pas notre derni\u00e8re version.<\/h4>\n<p>Effectuez une <a href=\"\/fr\/achat\/\">mise \u00e0 niveau vers Labeljoy 6<\/a> pour obtenir la derni\u00e8re version du logiciel avec toutes ses fonctionnalit\u00e9s \u00e9tonnantes ou, si vous l\u2019utilisez d\u00e9j\u00e0, visitez le <a href=\"\/help-lj6\/\">guide de l\u2019utilisateur de Labeljoy 6<\/a>.<\/p>\n<\/div>\n<div id=\"help-guide\">\n\r\n<p class=\"title\">imprimer<\/p>\r\n<p class=\"body\"> Ce bouton affiche le menu contextuel qui permet de <strong>lancer l'impression<\/strong>.<\/p>\r\n<p class=\"body\"> Il y a 4 \u00e9l\u00e9ments:<\/p>\r\n<ul>\r\n  <li class=\"body\"><strong>Imprimer<\/strong>: il affiche une bo\u00eete de dialogue standard pour la s\u00e9lection de l'imprimante. S\u00e9lectionnez l'imprimante dans la liste ci-dessus et cliquez sur\r\n    Imprimer pour commencer le processus d'impression.<\/li>\r\n  <li class=\"body\"><strong>Imprimer sur [nom de l'imprimante]<\/strong>: il commence \u00e0 imprimer sur l'imprimante sp\u00e9cifi\u00e9e sans afficher la bo\u00eete de dialogue de s\u00e9lection de l'imprimante. <\/li>\r\n  <li class=\"body\"><strong>Param\u00e8tres d'imprimante<\/strong>: il permet de s\u00e9lectionner l'imprimante \u00e0 utiliser, et d\u00e9finir ses param\u00e8tres sans d\u00e9marrer le processus d'impression. <\/li>\r\n  <li class=\"body\"><strong>Param\u00e8tres [nom de l'imprimante]<\/strong>: ouvre la fen\u00eatre des propri\u00e9t\u00e9s avanc\u00e9es de l'imprimante s\u00e9lectionn\u00e9e.<\/li>\r\n<\/ul>\r\n<p class=\"body\">Selon les capacit\u00e9s de l'imprimante s\u00e9lectionn\u00e9e, vous pouvez sp\u00e9cifier des <strong>param\u00e8tres suppl\u00e9mentaires <\/strong>tels que le<strong>nombre de copies <\/strong>et l'<strong>impression de livrets<\/strong>. En outre, lorsque possible, vous pourrez agir sur les param\u00e8tres d'<strong>orientation de la page <\/strong>et de <strong>format de papier<\/strong>. Notez que confirmer l'op\u00e9ration d'impression, ces changements prendra\r\n  \u00e9galement effet sur les <strong>param\u00e8tres courants <\/strong>de la <a href=\"http:\/\/www.labeljoy.com\/fr\/aide\/definir-la-mise-en-page\/\">mise en page<\/a> de Labeljoy en fonction de l'option <em>Synchroniser la taille de la page \u00e0 l'imprimante<\/em> dans la fenetre des options dans l'onglet <a href=\"http:\/\/www.labeljoy.com\/help-fr\/print-options-fr\/\">imprimer<\/a>. <\/p>\r\n<p class=\"note\"><strong>Note<\/strong>:<br>\r\n  jusqu'\u00e0 quand Labeljoy fonctionnera en <strong>mode d\u00e9mo<\/strong>, aux \u00e9tiquettes ce sera ajout\u00e9<strong>un message publicitaire de Labeljoy pour les 500 premi\u00e8res \u00e9tiquettes <\/strong>imprim\u00e9es ou g\u00e9n\u00e9r\u00e9es. Apr\u00e8s, ce sera ajout\u00e9 le texte <em>VERSION DEMO<\/em> en transparence sur les \u00e9tiquettes.\r\n  Pour plus d'informations, voir la section <a href=\"http:\/\/www.labeljoy.com\/fr\/aide\/utiliser-labeljoy-en-mode-demo\/\">utiliser Labeljoy en mode d\u00e9mo<\/a>.<\/p>\n<\/div>\n","protected":false},"excerpt":{"rendered":"<p>Cette page fait r\u00e9f\u00e9rence \u00e0 Labeljoy 5, qui n&rsquo;est pas notre derni\u00e8re version. Effectuez une mise \u00e0 niveau vers Labeljoy 6 pour obtenir la derni\u00e8re version du logiciel avec toutes ses fonctionnalit\u00e9s \u00e9tonnantes ou, si vous l\u2019utilisez d\u00e9j\u00e0, visitez le guide de l\u2019utilisateur de Labeljoy 6.<\/p>\n","protected":false},"author":8,"featured_media":0,"parent":22289,"menu_order":0,"comment_status":"open","ping_status":"closed","template":"page-template-left-sidebar.php","meta":{"inline_featured_image":false,"_monsterinsights_skip_tracking":false,"_monsterinsights_sitenote_active":false,"_monsterinsights_sitenote_note":"","_monsterinsights_sitenote_category":0,"footnotes":""},"class_list":{"0":"post-22356","1":"page","2":"type-page","3":"status-publish","5":"infinite-scroll-item"},"aioseo_notices":[],"_links":{"self":[{"href":"https:\/\/www.labeljoy.com\/fr\/wp-json\/wp\/v2\/pages\/22356","targetHints":{"allow":["GET"]}}],"collection":[{"href":"https:\/\/www.labeljoy.com\/fr\/wp-json\/wp\/v2\/pages"}],"about":[{"href":"https:\/\/www.labeljoy.com\/fr\/wp-json\/wp\/v2\/types\/page"}],"author":[{"embeddable":true,"href":"https:\/\/www.labeljoy.com\/fr\/wp-json\/wp\/v2\/users\/8"}],"replies":[{"embeddable":true,"href":"https:\/\/www.labeljoy.com\/fr\/wp-json\/wp\/v2\/comments?post=22356"}],"version-history":[{"count":3,"href":"https:\/\/www.labeljoy.com\/fr\/wp-json\/wp\/v2\/pages\/22356\/revisions"}],"predecessor-version":[{"id":22607,"href":"https:\/\/www.labeljoy.com\/fr\/wp-json\/wp\/v2\/pages\/22356\/revisions\/22607"}],"up":[{"embeddable":true,"href":"https:\/\/www.labeljoy.com\/fr\/wp-json\/wp\/v2\/pages\/22289"}],"wp:attachment":[{"href":"https:\/\/www.labeljoy.com\/fr\/wp-json\/wp\/v2\/media?parent=22356"}],"curies":[{"name":"wp","href":"https:\/\/api.w.org\/{rel}","templated":true}]}}