{"id":22384,"date":"2014-11-19T14:32:27","date_gmt":"2014-11-19T14:32:27","guid":{"rendered":"http:\/\/www.labeljoy.com\/aide\/page-navigation\/"},"modified":"2015-02-03T10:03:26","modified_gmt":"2015-02-03T10:03:26","slug":"se-deplacer-entre-les-pages","status":"publish","type":"page","link":"https:\/\/www.labeljoy.com\/fr\/aide\/se-deplacer-entre-les-pages\/","title":{"rendered":"Se d\u00e9placer entre les pages"},"content":{"rendered":"<div data-partent=\"19635\" class=\"callout callout-warning\">\n<h4>Cette page fait r\u00e9f\u00e9rence \u00e0 Labeljoy 5, qui n&rsquo;est pas notre derni\u00e8re version.<\/h4>\n<p>Effectuez une <a href=\"\/fr\/achat\/\">mise \u00e0 niveau vers Labeljoy 6<\/a> pour obtenir la derni\u00e8re version du logiciel avec toutes ses fonctionnalit\u00e9s \u00e9tonnantes ou, si vous l\u2019utilisez d\u00e9j\u00e0, visitez le <a href=\"\/help-lj6\/\">guide de l\u2019utilisateur de Labeljoy 6<\/a>.<\/p>\n<\/div>\n<link rel=\"stylesheet\" href=\"http:\/\/www.labeljoy.com\/user-guide-files\/en\/styles.css\" type=\"text\/css\" media=\"all\" \/>\n<div id=\"help-guide\">\n\r\n<p class=\"title\">se d\u00e9placer entre les pages<\/p>\r\n<p class=\"body\"><strong>Les 4 boutons suivants<\/strong> sont responsables de la <strong>transition entre les pages<\/strong>. Ces boutons sont actifs si il y a <strong>plus d'une page ouverte<\/strong>.<\/p>\r\n<p class=\"body\">es boutons de d\u00e9placement sont:<\/p>\r\n<ul>\r\n  <li class=\"body\"><strong>Premier<\/strong>: d\u00e9place \u00e0 pag 1.<\/li>\r\n  <li class=\"body\"><strong>Pr\u00e9c\u00e9dent<\/strong>: recule d'une page.<\/li>\r\n  <li class=\"body\"><strong>Suivant<\/strong>: avance d'une page.<\/li>\r\n  <li class=\"body\"><strong>Dernier<\/strong>: d\u00e9place \u00e0 la derni\u00e8re page.<\/li>\r\n<\/ul>\r\n<p class=\"body\">Notez que pour les boutons <em>pr\u00e9cedent<\/em> et <em>suivant<\/em> l'utilisation conjointe avec la <strong>touche Contr\u00f4le <\/strong>(CTRL) rendra le\r\n  mouvement, si possible, de <strong>10 pages \u00e0 la fois<\/strong>. Cette fonctionnalit\u00e9 est particuli\u00e8rement utile dans le cas de travaux complexes constitu\u00e9s\r\n  de plusieurs pages.<\/p>\n<\/div>\n","protected":false},"excerpt":{"rendered":"<p>Cette page fait r\u00e9f\u00e9rence \u00e0 Labeljoy 5, qui n&rsquo;est pas notre derni\u00e8re version. Effectuez une mise \u00e0 niveau vers Labeljoy 6 pour obtenir la derni\u00e8re version du logiciel avec toutes ses fonctionnalit\u00e9s \u00e9tonnantes ou, si vous l\u2019utilisez d\u00e9j\u00e0, visitez le guide de l\u2019utilisateur de Labeljoy 6.<\/p>\n","protected":false},"author":8,"featured_media":0,"parent":22289,"menu_order":0,"comment_status":"open","ping_status":"closed","template":"page-template-left-sidebar.php","meta":{"inline_featured_image":false,"_monsterinsights_skip_tracking":false,"_monsterinsights_sitenote_active":false,"_monsterinsights_sitenote_note":"","_monsterinsights_sitenote_category":0,"footnotes":""},"class_list":{"0":"post-22384","1":"page","2":"type-page","3":"status-publish","5":"infinite-scroll-item"},"aioseo_notices":[],"_links":{"self":[{"href":"https:\/\/www.labeljoy.com\/fr\/wp-json\/wp\/v2\/pages\/22384","targetHints":{"allow":["GET"]}}],"collection":[{"href":"https:\/\/www.labeljoy.com\/fr\/wp-json\/wp\/v2\/pages"}],"about":[{"href":"https:\/\/www.labeljoy.com\/fr\/wp-json\/wp\/v2\/types\/page"}],"author":[{"embeddable":true,"href":"https:\/\/www.labeljoy.com\/fr\/wp-json\/wp\/v2\/users\/8"}],"replies":[{"embeddable":true,"href":"https:\/\/www.labeljoy.com\/fr\/wp-json\/wp\/v2\/comments?post=22384"}],"version-history":[{"count":2,"href":"https:\/\/www.labeljoy.com\/fr\/wp-json\/wp\/v2\/pages\/22384\/revisions"}],"predecessor-version":[{"id":22425,"href":"https:\/\/www.labeljoy.com\/fr\/wp-json\/wp\/v2\/pages\/22384\/revisions\/22425"}],"up":[{"embeddable":true,"href":"https:\/\/www.labeljoy.com\/fr\/wp-json\/wp\/v2\/pages\/22289"}],"wp:attachment":[{"href":"https:\/\/www.labeljoy.com\/fr\/wp-json\/wp\/v2\/media?parent=22384"}],"curies":[{"name":"wp","href":"https:\/\/api.w.org\/{rel}","templated":true}]}}