{"id":22385,"date":"2014-11-19T14:37:01","date_gmt":"2014-11-19T14:37:01","guid":{"rendered":"http:\/\/www.labeljoy.com\/aide\/group-properties\/"},"modified":"2015-02-03T12:24:16","modified_gmt":"2015-02-03T12:24:16","slug":"groupe","status":"publish","type":"page","link":"https:\/\/www.labeljoy.com\/fr\/aide\/groupe\/","title":{"rendered":"Groupe"},"content":{"rendered":"<div data-partent=\"19635\" class=\"callout callout-warning\">\n<h4>Cette page fait r\u00e9f\u00e9rence \u00e0 Labeljoy 5, qui n&rsquo;est pas notre derni\u00e8re version.<\/h4>\n<p>Effectuez une <a href=\"\/fr\/achat\/\">mise \u00e0 niveau vers Labeljoy 6<\/a> pour obtenir la derni\u00e8re version du logiciel avec toutes ses fonctionnalit\u00e9s \u00e9tonnantes ou, si vous l\u2019utilisez d\u00e9j\u00e0, visitez le <a href=\"\/help-lj6\/\">guide de l\u2019utilisateur de Labeljoy 6<\/a>.<\/p>\n<\/div>\n<div id=\"help-guide\">\n\r\n<p class=\"title\"> propri\u00e9t\u00e9s de groupe<\/p>\n<p class=\"body\">Ce bouton vous donne acc\u00e8s au menu de <strong>gestion des groupes d\u0092\u00e9tiquettes<\/strong>. Il affiche <strong>12 objets<\/strong> (10 si Labeljoy est\n  enregistr\u00e9 en mode <em>Basic<\/em> ou <em>Light<\/em>), et la plupart d\u0092entre eux deviennent activ\u00e9s quand un <strong>groupe d\u0092\u00e9tiquettes est s\u00e9lectionn\u00e9<\/strong>. <\/p>\n<ul>\n  <li class=\"body\"><strong>Param\u00e8tres du groupe<\/strong>: ouvre la boite de dialogue des <u><a href=\"http:\/\/www.labeljoy.com\/fr\/aide\/gerer-les-groupes\/\">propri\u00e9t\u00e9s du groupe<\/a><\/u> pour le groupe choisi. <\/li>\n  <li class=\"body\"><strong>Connecter les sources de donn\u00e9es<\/strong>: lance le protocole de <u><a href=\"http:\/\/www.labeljoy.com\/fr\/aide\/procedure-guidee-pour-la-connexion-a-une-source-de-donnees\/\">connexion des sources de donn\u00e9es<\/a><\/u>. <\/li>\n  <li class=\"body\"><strong>Mise \u00e0 jour des donn\u00e9es<\/strong>: lance une proc\u00e9dure de mise \u00e0 jour des donn\u00e9es sir le groupe s\u00e9lectionn\u00e9 est li\u00e9 \u00e0 une source de donn\u00e9es. <\/li>\n  <li class=\"body\"><strong>Ajouter un groupe<\/strong>: ajoute un nouveau <u><a href=\"http:\/\/www.labeljoy.com\/fr\/aide\/gerer-les-groupes\/\">groupe<\/a><\/u> au projet en cours. <\/li>\n  <li class=\"body\"><strong>Supprimer le groupe<\/strong>: supprime le groupe actuel du projet.<\/li>\n  <li class=\"body\"><strong>Copier le groupe<\/strong>: copie le groupe s\u00e9lectionn\u00e9 dans le presse-papier.<\/li>\n  <li class=\"body\"><strong>Coller le groupe<\/strong>: colle le groupe du presse-papier et l\u0092ajoute au fichier.<\/li>\n  <li class=\"body\"><strong>Copier une image dans le presse-papier<\/strong>: Copie dans le presse-papier Windows une <u><a href=\"http:\/\/www.labeljoy.com\/fr\/aide\/copier-l-image-d-une-etiquette\/\">image du groupe s\u00e9lectionn\u00e9<\/a><\/u>. <\/li>\n  <li class=\"body\"><strong>Ajouter d\u0092un code-barres<\/strong>: Active le mode d\u0092insertion de <u><a href=\"http:\/\/www.labeljoy.com\/fr\/aide\/definir-les-codes-barres\/\">Code-barres<\/a><\/u>. <\/li>\n  <li class=\"body\"><strong>Ajouter un texte<\/strong>: Active le mode d\u0092insertion du <u><a href=\"http:\/\/www.labeljoy.com\/fr\/aide\/gerer-les-textes\/\">Texte<\/a><\/u>. <\/li>\n  <li class=\"body\"><strong>Ajouter un graphique<\/strong>: Active le mode d\u0092insertion <u><a href=\"http:\/\/www.labeljoy.com\/fr\/aide\/gerer-les-graphiques\/\">Graphique<\/a><\/u>. <\/li>\n  <li class=\"body\"><strong>Ajouter un \u00e9l\u00e9ment de page<\/strong>: Active le mode d\u0092insertion d\u0092<u><a href=\"http:\/\/www.labeljoy.com\/fr\/aide\/gerer-les-elements-de-page\/\">\u00e9l\u00e9ments de page<\/a><\/u> insert mode. <\/li>\n<\/ul>\n<p class=\"body\">Ce menu popup peut aussi \u00eatre affich\u00e9 en faisant un <strong>clic droit sur un espace vide d\u0092une \u00e9tiquette<\/strong>. La plupart de ces commandes sont aussi <strong>repr\u00e9sent\u00e9es<\/strong> dans la <u><a href=\"http:\/\/www.labeljoy.com\/fr\/aide\/la-barre-des-outils\/\">barre d\u0092outils<\/a><\/u>.<\/p>\n\n<\/div>\n","protected":false},"excerpt":{"rendered":"<p>Cette page fait r\u00e9f\u00e9rence \u00e0 Labeljoy 5, qui n&rsquo;est pas notre derni\u00e8re version. Effectuez une mise \u00e0 niveau vers Labeljoy 6 pour obtenir la derni\u00e8re version du logiciel avec toutes ses fonctionnalit\u00e9s \u00e9tonnantes ou, si vous l\u2019utilisez d\u00e9j\u00e0, visitez le guide de l\u2019utilisateur de Labeljoy 6.<\/p>\n","protected":false},"author":8,"featured_media":0,"parent":22289,"menu_order":0,"comment_status":"open","ping_status":"closed","template":"page-template-left-sidebar.php","meta":{"inline_featured_image":false,"_monsterinsights_skip_tracking":false,"_monsterinsights_sitenote_active":false,"_monsterinsights_sitenote_note":"","_monsterinsights_sitenote_category":0,"footnotes":""},"class_list":{"0":"post-22385","1":"page","2":"type-page","3":"status-publish","5":"infinite-scroll-item"},"aioseo_notices":[],"_links":{"self":[{"href":"https:\/\/www.labeljoy.com\/fr\/wp-json\/wp\/v2\/pages\/22385","targetHints":{"allow":["GET"]}}],"collection":[{"href":"https:\/\/www.labeljoy.com\/fr\/wp-json\/wp\/v2\/pages"}],"about":[{"href":"https:\/\/www.labeljoy.com\/fr\/wp-json\/wp\/v2\/types\/page"}],"author":[{"embeddable":true,"href":"https:\/\/www.labeljoy.com\/fr\/wp-json\/wp\/v2\/users\/8"}],"replies":[{"embeddable":true,"href":"https:\/\/www.labeljoy.com\/fr\/wp-json\/wp\/v2\/comments?post=22385"}],"version-history":[{"count":3,"href":"https:\/\/www.labeljoy.com\/fr\/wp-json\/wp\/v2\/pages\/22385\/revisions"}],"predecessor-version":[{"id":22573,"href":"https:\/\/www.labeljoy.com\/fr\/wp-json\/wp\/v2\/pages\/22385\/revisions\/22573"}],"up":[{"embeddable":true,"href":"https:\/\/www.labeljoy.com\/fr\/wp-json\/wp\/v2\/pages\/22289"}],"wp:attachment":[{"href":"https:\/\/www.labeljoy.com\/fr\/wp-json\/wp\/v2\/media?parent=22385"}],"curies":[{"name":"wp","href":"https:\/\/api.w.org\/{rel}","templated":true}]}}