{"id":22386,"date":"2014-11-19T14:48:35","date_gmt":"2014-11-19T14:48:35","guid":{"rendered":"http:\/\/www.labeljoy.com\/aide\/options\/"},"modified":"2015-02-03T11:24:33","modified_gmt":"2015-02-03T11:24:33","slug":"options-fr","status":"publish","type":"page","link":"https:\/\/www.labeljoy.com\/fr\/aide\/options-fr\/","title":{"rendered":"Options"},"content":{"rendered":"<div data-partent=\"19635\" class=\"callout callout-warning\">\n<h4>Cette page fait r\u00e9f\u00e9rence \u00e0 Labeljoy 5, qui n&rsquo;est pas notre derni\u00e8re version.<\/h4>\n<p>Effectuez une <a href=\"\/fr\/achat\/\">mise \u00e0 niveau vers Labeljoy 6<\/a> pour obtenir la derni\u00e8re version du logiciel avec toutes ses fonctionnalit\u00e9s \u00e9tonnantes ou, si vous l\u2019utilisez d\u00e9j\u00e0, visitez le <a href=\"\/help-lj6\/\">guide de l\u2019utilisateur de Labeljoy 6<\/a>.<\/p>\n<\/div>\n<div id=\"help-guide\">\n\r\n<p class=\"title\">options<\/p>\r\n<p class=\"body\">Le bouton <em>Options <\/em>ouvre une fen\u00eatre dans laquelle vous pouvez d\u00e9finir une s\u00e9rie de <strong>param\u00e8tres <\/strong>relatifs au <strong>fonctionnement <\/strong>et \u00e0 <strong>l'apparence du programme<\/strong>. <br\/>\r\n  La fen\u00eatre d'options a <strong>7 onglets<\/strong> s\u00e9lectionnables en cliquant sur les \u00e9l\u00e9ments correspondants sur la <strong>partie sup\u00e9rieure <\/strong>de\r\n  la fen\u00eatre.<\/p>\r\n<p class=\"body\"> Les 7 onglets groupe de nombreux domaines de param\u00e8tres \u00e0 l'int\u00e9rieur desquels vous pouvez d\u00e9finir diff\u00e9rentes options, les suivantes:<\/p>\r\n<ul>\r\n  <li class=\"body\"><a href=\"http:\/\/www.labeljoy.com\/fr\/aide\/principal\/\">Principal<\/a><\/li>\r\n  <li class=\"body\"><a href=\"http:\/\/www.labeljoy.com\/fr\/aide\/page\/\">Page<\/a><\/li>\r\n  <li class=\"body\"><a href=\"http:\/\/www.labeljoy.com\/fr\/aide\/regles\/\">R\u00e8glesi<\/a><\/li>\r\n  <li class=\"body\"><a href=\"http:\/\/www.labeljoy.com\/fr\/aide\/marges\/\">Marges<\/a><\/li>\r\n  <li class=\"body\"><a href=\"http:\/\/www.labeljoy.com\/help-fr\/selection-options-fr\/\">S\u00e9lection<\/a><\/li>\r\n  <li class=\"body\"><a href=\"http:\/\/www.labeljoy.com\/help-fr\/print-options-fr\/\">Imprimer<\/a><\/li>\r\n  <li class=\"body\"><a href=\"http:\/\/www.labeljoy.com\/fr\/aide\/interface-utilisateur\/\">Interface utilisateur<\/a><\/li>\r\n<\/ul>\r\n<p class=\"note\"><strong>Note<\/strong>:<br>\r\n  la bo\u00eete de dialogue Options a un bouton <em>Par d\u00e9faut<\/em> qui vous permet de <strong>remettre tous les param\u00e8tres <\/strong>\u00e0 la valeur affich\u00e9e par\r\n  d\u00e9faut <strong>dans l'onglet s\u00e9lectionn\u00e9<\/strong>. Utilisez ce bouton au cas o\u00f9 la combinaison d'options fix\u00e9e s'av\u00e8re inadapt\u00e9e et vous n'\u00eates plus\r\n  capable de trouver un <strong>\u00e9quilibre satisfaisant<\/strong>.<\/p>\r\n<p class=\"body\">Notez que de nombreux param\u00e8tres r\u00e9latifs <strong>\u00e0 l'apparence du programme <\/strong>sur l'\u00e9cran<strong>n'ont pas d'influence sur le r\u00e9sultat de l'impression<\/strong>. Dans les formes o\u00f9 cette condition s'applique est affich\u00e9 l'\u00e9crit <em>Ces param\u00e8tres n'ont aucun effet sur l'impression<\/em>.<\/p>em>.<\/p>\n<\/div>\n","protected":false},"excerpt":{"rendered":"<p>Cette page fait r\u00e9f\u00e9rence \u00e0 Labeljoy 5, qui n&rsquo;est pas notre derni\u00e8re version. Effectuez une mise \u00e0 niveau vers Labeljoy 6 pour obtenir la derni\u00e8re version du logiciel avec toutes ses fonctionnalit\u00e9s \u00e9tonnantes ou, si vous l\u2019utilisez d\u00e9j\u00e0, visitez le guide de l\u2019utilisateur de Labeljoy 6.<\/p>\n","protected":false},"author":8,"featured_media":0,"parent":22289,"menu_order":0,"comment_status":"open","ping_status":"closed","template":"page-template-left-sidebar.php","meta":{"inline_featured_image":false,"_monsterinsights_skip_tracking":false,"_monsterinsights_sitenote_active":false,"_monsterinsights_sitenote_note":"","_monsterinsights_sitenote_category":0,"footnotes":""},"class_list":{"0":"post-22386","1":"page","2":"type-page","3":"status-publish","5":"infinite-scroll-item"},"aioseo_notices":[],"_links":{"self":[{"href":"https:\/\/www.labeljoy.com\/fr\/wp-json\/wp\/v2\/pages\/22386","targetHints":{"allow":["GET"]}}],"collection":[{"href":"https:\/\/www.labeljoy.com\/fr\/wp-json\/wp\/v2\/pages"}],"about":[{"href":"https:\/\/www.labeljoy.com\/fr\/wp-json\/wp\/v2\/types\/page"}],"author":[{"embeddable":true,"href":"https:\/\/www.labeljoy.com\/fr\/wp-json\/wp\/v2\/users\/8"}],"replies":[{"embeddable":true,"href":"https:\/\/www.labeljoy.com\/fr\/wp-json\/wp\/v2\/comments?post=22386"}],"version-history":[{"count":3,"href":"https:\/\/www.labeljoy.com\/fr\/wp-json\/wp\/v2\/pages\/22386\/revisions"}],"predecessor-version":[{"id":22566,"href":"https:\/\/www.labeljoy.com\/fr\/wp-json\/wp\/v2\/pages\/22386\/revisions\/22566"}],"up":[{"embeddable":true,"href":"https:\/\/www.labeljoy.com\/fr\/wp-json\/wp\/v2\/pages\/22289"}],"wp:attachment":[{"href":"https:\/\/www.labeljoy.com\/fr\/wp-json\/wp\/v2\/media?parent=22386"}],"curies":[{"name":"wp","href":"https:\/\/api.w.org\/{rel}","templated":true}]}}