{"id":22387,"date":"2014-11-19T14:58:08","date_gmt":"2014-11-19T14:58:08","guid":{"rendered":"http:\/\/www.labeljoy.com\/aide\/print-options\/"},"modified":"2015-02-03T12:42:20","modified_gmt":"2015-02-03T12:42:20","slug":"imprimer","status":"publish","type":"page","link":"https:\/\/www.labeljoy.com\/fr\/aide\/imprimer\/","title":{"rendered":"Imprimer"},"content":{"rendered":"<div data-partent=\"19635\" class=\"callout callout-warning\">\n<h4>Cette page fait r\u00e9f\u00e9rence \u00e0 Labeljoy 5, qui n&rsquo;est pas notre derni\u00e8re version.<\/h4>\n<p>Effectuez une <a href=\"\/fr\/achat\/\">mise \u00e0 niveau vers Labeljoy 6<\/a> pour obtenir la derni\u00e8re version du logiciel avec toutes ses fonctionnalit\u00e9s \u00e9tonnantes ou, si vous l\u2019utilisez d\u00e9j\u00e0, visitez le <a href=\"\/help-lj6\/\">guide de l\u2019utilisateur de Labeljoy 6<\/a>.<\/p>\n<\/div>\n<div id=\"help-guide\">\n\r\n<p class=\"title\">imprimer<\/p>\n<p class=\"body\">Dans cet onglet, vous pouvez d\u00e9finir <strong>certains param\u00e8tres importants relatifs \u00e0 l'impression<\/strong>.<\/p>\n<table width=\"100%\">\n  <tr valign=\"top\">\n    <td><img src=\"http:\/\/www.labeljoy.com\/user-guide-files\/fr\/1660_001.png\" align=\"left\" style=\"margin: 0px 24px 4px 0px\">\n      <p class=\"body\"> <strong><u>SAUVEGARDER L'IMPRIMANTE A LA SORTIE<\/u><\/strong><br>\n        En activant l'otpion <strong>Sauvegarder l'imprimante \u00e0 la sortie<\/strong> <strong>, la prochaine fois que Labeljoy sera d\u00e9marr\u00e9, il r\u00e9initialisera la derni\u00e8re imprimante utilis\u00e9e<\/strong>. Cette fonction est utile uniquement sur\n        les syst\u00e8mes o\u00f9 plusieurs imprimantes sont install\u00e9es, et si une imprimante particuli\u00e8re avec associ\u00e9e avec Labeljoy. <\/p>\n      <p class=\"body\"><strong><u>SYNCHRONISEZ TAILLE DE LA PAGE AVEC L'IMPRIMANTE<\/u><br>\n        <\/strong>Cette option assure que chaque fois que vous utilisez l'imprimante avec Labeljoy, la taille de page de la pr\u00e9sentation est synchronis\u00e9e avec celle\n        rapport\u00e9e par le pilote de l'imprimante s\u00e9lectionn\u00e9e. <br\/>\n        Dans certains cas, il est recommand\u00e9 de d\u00e9sactiver cette option pour emp\u00eacher les changements automatiques de la mise en page s\u00e9lectionn\u00e9e.<\/p>\n      <p class=\"body\"><strong><u>POINT DE D\u00e9PART D'IMPRESSION<\/u><\/strong><u><br>\n        <\/u>Labeljoy permet de d\u00e9finir un <strong>point de d\u00e9part de l'impression <\/strong>des \u00e9tiquettes diff\u00e9rentes \u00e0 partir de la position <strong>en haut \u00e0 gauche <\/strong>couramment utilis\u00e9e. Cette fonctionnalit\u00e9 est particuli\u00e8rement utile si vous d\u00e9cidez de lancer l'impression d'un lot\n        d'\u00e9tiquettes en utilisant <strong>une premi\u00e8re feuille qui a d\u00e9j\u00e0 \u00e9t\u00e9 partiellement utilis\u00e9e<\/strong>. Dans cet onglet, vous pouvez d\u00e9finir les coordonn\u00e9es\n        par rapport au <strong>nombre de lignes <\/strong>et <strong>nombre de colonnes<\/strong>, o\u00f9 l'impression doit commencer. Par exemple, si vous souhaitez\n        r\u00e9utiliser une feuille compos\u00e9e de 3 colonnes et 8 lignes d'\u00e9tiquettes, mais de qui 5 ont d\u00e9j\u00e0 \u00e9t\u00e9 utilis\u00e9es, vous pourrez dire \u00e0 Labeljoy de lancer\n        l'impression \u00e0 partir de la colonne 2, ligne 3, de telle sorte que <strong>l'impression commence exactement \u00e0 partir de premi\u00e8re \u00e9tiquette sur la feuille<\/strong>. <\/p>\n      <p class=\"body\">Les options disponibles sont:<\/p>\n      <ul class=\"body\">\n        <li class=\"body\"><strong>Ligne de d\u00e9marrage<\/strong> : sp\u00e9cifie la ligne de d\u00e9part de l'impression.<\/li>\n        <li class=\"body\"><strong>Colonne de d\u00e9marrage<\/strong> : sp\u00e9cifie la colonne de d\u00e9part de l'impression.<\/li>\n        <li class=\"body\"><strong>Mise \u00e0 jour de ligne et colonne de la position de d\u00e9part apr\u00e8s l'impression<\/strong> : en activant cette option vous direz \u00e0 Labeljoy de mettre \u00e0 jour la position de d\u00e9part d'impression \u00e0 la fin d'un travail d'impression. C'est \u00e0\n          dire que, quand cette option est activ\u00e9e, \u00e0 la fin d'une proc\u00e9dure d'impression Labeljoy calculera automatiquement la position \u00e0 laquelle\n          l'impression est termin\u00e9e et proposera automatiquement une nouvelle position de d\u00e9but d'impression de telle sorte que la derni\u00e8re feuille imprim\u00e9e\n          peut \u00eatre r\u00e9utilis\u00e9, si l'impression a laiss\u00e9 des \u00e9tiquettes inutilis\u00e9es.<\/li>\n      <\/ul><\/td>\n  <\/tr>\n<\/table>\n<p class=\"note\"><strong>Note<\/strong>:<br>\n  La position de d\u00e9part de l'impression peut \u00e9galement \u00eatre r\u00e9gl\u00e9 \u00e0 l'aide de la souris, tel que d\u00e9crit dans la section <a href=\"http:\/\/www.labeljoy.com\/fr\/aide\/definir-le-point-de-demarrage-d-impression\/\">r\u00e9gler la position de d\u00e9but d'impression<\/a>.<\/p>\n<p class=\"body\"><strong><u>GROUPEMENT DES PAGES<\/u><\/strong><u><br>\n  <\/u><strong>Windows <\/strong> n'est pas capable de g\u00e9rer les travaux envoy\u00e9s \u00e0 l'imprimante <strong>quand la taille de la t\u00e2che d\u00e9passe 2 GB<\/strong>. Dans ces cas,<strong>il affiche une erreur du syst\u00e8me<\/strong>. Pour \u00e9viter ce probl\u00e8me, Labeljoy envoie les pages \u00e0 imprimer en <strong>groupes compos\u00e9s par un nombre pr\u00e9d\u00e9fini de pages<\/strong>. La bo\u00eete <em>Groupement de page Max<\/em> vous permet de d\u00e9finir un nombre maximum de\n  pages qui doit \u00eatre envoy\u00e9 \u00e0 l'imprimante en un seul travail (Min 1 - Max 999). <br\/>\n  Cette option est utile <strong>quand vous envoyez \u00e0 l'imprimante un grand nombre de pages<\/strong> et si le contenu est particuli\u00e8rement riche en\n  informations et graphiques. <br\/>\n  Par exemple, si votre travail se compose de 250 pages et la mise dans cette bo\u00eete est la valeur par d\u00e9faut (100 pages), l'envoi \u00e0 l'imprimante se d\u00e9roulera\n  en trois phases: 100 pages, 100 pages, 50 pages. Toutes les pages seront imprim\u00e9es, mais simplement regroup\u00e9s d'une fa\u00e7on que Windows interpr\u00e9tera comme\n  des t\u00e2ches diff\u00e9rentes.<\/p>\n<p class=\"note\"><strong>Note<\/strong>:<br>\n  Si le nombre maximum de pages envoy\u00e9es \u00e0 l'imprimante d\u00e9passe la limite ici d\u00e9finie, <strong>l'annulation de la presse n'aura d'effet que sur le groupe en cours d'impression<\/strong>.<\/p>\n<p class=\"body\"><strong><u>TRAITS DE COUPE<\/u><\/strong><br>\n  Voici les commandes qui permettent de r\u00e9gler l'impression des <strong>lignes directrices<\/strong> ou <strong>traits de coupe<\/strong>. Elles visent \u00e0\n  fournir une piste quand vous devez <strong>couper les feuilles imprim\u00e9es<\/strong>. <br\/>\n  La bo\u00eete combin\u00e9e <em>Traits de coupe <\/em>permet d'en d\u00e9finir l'aspect:<\/p>\n<ul>\n  <li class=\"body\"><strong>Masqu\u00e9<\/strong>: les traits de coupe ne sont pas affich\u00e9s ni imprim\u00e9s.<\/li>\n  <li class=\"body\"> <strong>Taille fixe<\/strong>: les traits de coupe sont imprim\u00e9s avec une taille fixe de 25,4 mm (1 pouce).<\/li>\n  <li class=\"body\"><strong>Longueur de la marge<\/strong>: les traits de coupe sont imprim\u00e9s avec une taille qui d\u00e9pend des marges disponibles dans la partie externe de la feuille, selon les param\u00e8tres donn\u00e9s dans la bo\u00eete de la <a href=\"http:\/\/www.labeljoy.com\/fr\/aide\/definir-la-mise-en-page\/\">mise en page<\/a>.<\/li>\n  <li class=\"body\"><strong>Taille de page<\/strong>: les traits de coupe sont imprim\u00e9s en utilisant totalement les dimensions verticales et horizontales de la feuille. <\/li>\n  <li class=\"body\"><strong>Bord d'\u00e9tiquette<\/strong>: les traits de coupe sont imprim\u00e9s avec une taille en suivant les bords des \u00e9tiquettes, selon la d\u00e9finition de la mise en page courante. Cette\n    derni\u00e8re option est particuli\u00e8rement utile si vous avez besoin de d\u00e9couper les \u00e9tiquettes imprim\u00e9es \u00e0 la main. <\/li>\n<\/ul>\n<p class=\"note\"><strong>Note<\/strong>:<br>\n  de sorte que l'option <em>Longueur de la marge<\/em> d\u00e9termine des r\u00e9sultats visibles lors de l'impression, il est n\u00e9cessaire que les<strong>marges lat\u00e9rales <\/strong>d\u00e9finis dans la fen\u00eatre de mise en page soient <strong>assez grandes <\/strong>pour<strong>surmonter les marges d'impression requises par l'imprimante<\/strong>. Sinon, <strong>certaines traits de coupe peuvent ne pas \u00eatre imprim\u00e9es<\/strong>.<\/p>\n<p class=\"body\"> Vous pouvez aussi d\u00e9finir une couleur pour imprimer les traits de coupe en cliquant sur la bo\u00eete <em>Couleur<\/em>.<\/p>\n<\/div>\n","protected":false},"excerpt":{"rendered":"<p>Cette page fait r\u00e9f\u00e9rence \u00e0 Labeljoy 5, qui n&rsquo;est pas notre derni\u00e8re version. Effectuez une mise \u00e0 niveau vers Labeljoy 6 pour obtenir la derni\u00e8re version du logiciel avec toutes ses fonctionnalit\u00e9s \u00e9tonnantes ou, si vous l\u2019utilisez d\u00e9j\u00e0, visitez le guide de l\u2019utilisateur de Labeljoy 6.<\/p>\n","protected":false},"author":8,"featured_media":0,"parent":22289,"menu_order":0,"comment_status":"open","ping_status":"closed","template":"page-template-left-sidebar.php","meta":{"inline_featured_image":false,"_monsterinsights_skip_tracking":false,"_monsterinsights_sitenote_active":false,"_monsterinsights_sitenote_note":"","_monsterinsights_sitenote_category":0,"footnotes":""},"class_list":{"0":"post-22387","1":"page","2":"type-page","3":"status-publish","5":"infinite-scroll-item"},"aioseo_notices":[],"_links":{"self":[{"href":"https:\/\/www.labeljoy.com\/fr\/wp-json\/wp\/v2\/pages\/22387","targetHints":{"allow":["GET"]}}],"collection":[{"href":"https:\/\/www.labeljoy.com\/fr\/wp-json\/wp\/v2\/pages"}],"about":[{"href":"https:\/\/www.labeljoy.com\/fr\/wp-json\/wp\/v2\/types\/page"}],"author":[{"embeddable":true,"href":"https:\/\/www.labeljoy.com\/fr\/wp-json\/wp\/v2\/users\/8"}],"replies":[{"embeddable":true,"href":"https:\/\/www.labeljoy.com\/fr\/wp-json\/wp\/v2\/comments?post=22387"}],"version-history":[{"count":3,"href":"https:\/\/www.labeljoy.com\/fr\/wp-json\/wp\/v2\/pages\/22387\/revisions"}],"predecessor-version":[{"id":22574,"href":"https:\/\/www.labeljoy.com\/fr\/wp-json\/wp\/v2\/pages\/22387\/revisions\/22574"}],"up":[{"embeddable":true,"href":"https:\/\/www.labeljoy.com\/fr\/wp-json\/wp\/v2\/pages\/22289"}],"wp:attachment":[{"href":"https:\/\/www.labeljoy.com\/fr\/wp-json\/wp\/v2\/media?parent=22387"}],"curies":[{"name":"wp","href":"https:\/\/api.w.org\/{rel}","templated":true}]}}