{"id":22388,"date":"2014-11-19T14:33:33","date_gmt":"2014-11-19T14:33:33","guid":{"rendered":"http:\/\/www.labeljoy.com\/aide\/undoredo\/"},"modified":"2015-02-03T13:09:10","modified_gmt":"2015-02-03T13:09:10","slug":"annuler-retablir-les-operations","status":"publish","type":"page","link":"https:\/\/www.labeljoy.com\/fr\/aide\/annuler-retablir-les-operations\/","title":{"rendered":"Annuler\/r\u00e9tablir les op\u00e9rations"},"content":{"rendered":"<div data-partent=\"19635\" class=\"callout callout-warning\">\n<h4>Cette page fait r\u00e9f\u00e9rence \u00e0 Labeljoy 5, qui n&rsquo;est pas notre derni\u00e8re version.<\/h4>\n<p>Effectuez une <a href=\"\/fr\/achat\/\">mise \u00e0 niveau vers Labeljoy 6<\/a> pour obtenir la derni\u00e8re version du logiciel avec toutes ses fonctionnalit\u00e9s \u00e9tonnantes ou, si vous l\u2019utilisez d\u00e9j\u00e0, visitez le <a href=\"\/help-lj6\/\">guide de l\u2019utilisateur de Labeljoy 6<\/a>.<\/p>\n<\/div>\n<div id=\"help-guide\">\n\r\n<p class=\"title\">annuler\/r\u00e9tablir les op\u00e9rations<\/p>\r\n<p class=\"body\"> Les 2 boutons suivants permettent de <strong>annuler ou r\u00e9tablir les operations<\/strong>.<\/p>\r\n<p class=\"body\"> Le bouton <em>Annuler la derni\u00e8re op\u00e9ration<\/em>, actif quand au moins une modification a \u00e9t\u00e9 r\u00e9alis\u00e9e, r\u00e9tablira <strong>l'\u00e9tat des changements<\/strong> \u00e0\r\n  la fa\u00e7on dont il \u00e9tait avant la modification.<br>\r\n  La bouton <em>R\u00e9tablir la derni\u00e8re op\u00e9ration<\/em>, actif quand il le bouton <em>Annuler la derni\u00e8re op\u00e9ration <\/em>a \u00e9t\u00e9 cliqu\u00e9 une ou plusieurs fois,\r\n  r\u00e9tablira l'\u00e9tat des changements \u00e0 la fa\u00e7on dont il \u00e9tait <strong>avant que le bouton <\/strong><em><strong>Annuler la derni\u00e8re op\u00e9ration <\/strong><\/em> <strong>avait \u00e9t\u00e9 press\u00e9<\/strong>. <\/p>\r\n<p class=\"body\"> D\u00e9placer le curseur de la souris<strong> sur les boutons<\/strong> affiche une <strong>astuce<\/strong> \u00e0 des op\u00e9rations possibles d'annuler ou r\u00e9tablir.<\/p>\n<\/div>\n","protected":false},"excerpt":{"rendered":"<p>Cette page fait r\u00e9f\u00e9rence \u00e0 Labeljoy 5, qui n&rsquo;est pas notre derni\u00e8re version. Effectuez une mise \u00e0 niveau vers Labeljoy 6 pour obtenir la derni\u00e8re version du logiciel avec toutes ses fonctionnalit\u00e9s \u00e9tonnantes ou, si vous l\u2019utilisez d\u00e9j\u00e0, visitez le guide de l\u2019utilisateur de Labeljoy 6.<\/p>\n","protected":false},"author":8,"featured_media":0,"parent":22289,"menu_order":0,"comment_status":"open","ping_status":"closed","template":"page-template-left-sidebar.php","meta":{"inline_featured_image":false,"_monsterinsights_skip_tracking":false,"_monsterinsights_sitenote_active":false,"_monsterinsights_sitenote_note":"","_monsterinsights_sitenote_category":0,"footnotes":""},"class_list":{"0":"post-22388","1":"page","2":"type-page","3":"status-publish","5":"infinite-scroll-item"},"aioseo_notices":[],"_links":{"self":[{"href":"https:\/\/www.labeljoy.com\/fr\/wp-json\/wp\/v2\/pages\/22388","targetHints":{"allow":["GET"]}}],"collection":[{"href":"https:\/\/www.labeljoy.com\/fr\/wp-json\/wp\/v2\/pages"}],"about":[{"href":"https:\/\/www.labeljoy.com\/fr\/wp-json\/wp\/v2\/types\/page"}],"author":[{"embeddable":true,"href":"https:\/\/www.labeljoy.com\/fr\/wp-json\/wp\/v2\/users\/8"}],"replies":[{"embeddable":true,"href":"https:\/\/www.labeljoy.com\/fr\/wp-json\/wp\/v2\/comments?post=22388"}],"version-history":[{"count":3,"href":"https:\/\/www.labeljoy.com\/fr\/wp-json\/wp\/v2\/pages\/22388\/revisions"}],"predecessor-version":[{"id":22575,"href":"https:\/\/www.labeljoy.com\/fr\/wp-json\/wp\/v2\/pages\/22388\/revisions\/22575"}],"up":[{"embeddable":true,"href":"https:\/\/www.labeljoy.com\/fr\/wp-json\/wp\/v2\/pages\/22289"}],"wp:attachment":[{"href":"https:\/\/www.labeljoy.com\/fr\/wp-json\/wp\/v2\/media?parent=22388"}],"curies":[{"name":"wp","href":"https:\/\/api.w.org\/{rel}","templated":true}]}}