{"id":22389,"date":"2014-11-19T14:35:51","date_gmt":"2014-11-19T14:35:51","guid":{"rendered":"http:\/\/www.labeljoy.com\/aide\/layout\/"},"modified":"2015-02-03T12:20:50","modified_gmt":"2015-02-03T12:20:50","slug":"page-2","status":"publish","type":"page","link":"https:\/\/www.labeljoy.com\/fr\/aide\/page-2\/","title":{"rendered":"Page"},"content":{"rendered":"<div data-partent=\"19635\" class=\"callout callout-warning\">\n<h4>Cette page fait r\u00e9f\u00e9rence \u00e0 Labeljoy 5, qui n&rsquo;est pas notre derni\u00e8re version.<\/h4>\n<p>Effectuez une <a href=\"\/fr\/achat\/\">mise \u00e0 niveau vers Labeljoy 6<\/a> pour obtenir la derni\u00e8re version du logiciel avec toutes ses fonctionnalit\u00e9s \u00e9tonnantes ou, si vous l\u2019utilisez d\u00e9j\u00e0, visitez le <a href=\"\/help-lj6\/\">guide de l\u2019utilisateur de Labeljoy 6<\/a>.<\/p>\n<\/div>\n<div id=\"help-guide\">\n\r\n<p class=\"title\">page<\/p>\n<p class=\"body\">Ce bouton permet d'ouvrir la fen\u00eatre de r\u00e9glage de la <a href=\"http:\/\/www.labeljoy.com\/fr\/aide\/definir-la-mise-en-page\/\">mise en page<\/a>.\n  dialog box. <br>\n  Vous pouvez \u00e9galement cliquer sur le bouton appropri\u00e9 dans la <a href=\"http:\/\/www.labeljoy.com\/fr\/aide\/la-barre-des-outils\/\">barre des outils <\/a>pour le m\u00eame effet.<\/p>\n<p class=\"body\">Si vous cliquez avec le <strong>bouton droit de la souris <\/strong>sur une zone vide de la page, c'est \u00e0 dire <strong>en dehors de la zone des \u00e9tiquettes<\/strong>, une petit menu contextuel sera affich\u00e9:<\/p>\n<ul>\n  <li class=\"body\"><strong>Param\u00e8tres de la mise en page<\/strong>: affiche la fen\u00eatre pour g\u00e9rer les param\u00e8tres de la <a href=\"http:\/\/www.labeljoy.com\/fr\/aide\/definir-la-mise-en-page\/\">mise en page<\/a>.<\/li>\n  <li class=\"body\"><strong>Ajouter un groupe<\/strong>: ajoute un noveau <a href=\"http:\/\/www.labeljoy.com\/fr\/aide\/gerer-les-groupes\/\">groupe<\/a> \u00e0 l'ensemble des \u00e9tiquettes.<\/li>\n  <li class=\"body\"><strong>Ajouter un \u00e9l\u00e9ment de page<\/strong>: ajoute un nouveau <a href=\"http:\/\/www.labeljoy.com\/fr\/aide\/gerer-les-elements-de-page\/\">\u00e9l\u00e9ment de page<\/a>.<\/li>\n<\/ul>\n<\/div>\n","protected":false},"excerpt":{"rendered":"<p>Cette page fait r\u00e9f\u00e9rence \u00e0 Labeljoy 5, qui n&rsquo;est pas notre derni\u00e8re version. Effectuez une mise \u00e0 niveau vers Labeljoy 6 pour obtenir la derni\u00e8re version du logiciel avec toutes ses fonctionnalit\u00e9s \u00e9tonnantes ou, si vous l\u2019utilisez d\u00e9j\u00e0, visitez le guide de l\u2019utilisateur de Labeljoy 6.<\/p>\n","protected":false},"author":8,"featured_media":0,"parent":22289,"menu_order":0,"comment_status":"open","ping_status":"closed","template":"page-template-left-sidebar.php","meta":{"inline_featured_image":false,"_monsterinsights_skip_tracking":false,"_monsterinsights_sitenote_active":false,"_monsterinsights_sitenote_note":"","_monsterinsights_sitenote_category":0,"footnotes":""},"class_list":{"0":"post-22389","1":"page","2":"type-page","3":"status-publish","5":"infinite-scroll-item"},"aioseo_notices":[],"_links":{"self":[{"href":"https:\/\/www.labeljoy.com\/fr\/wp-json\/wp\/v2\/pages\/22389","targetHints":{"allow":["GET"]}}],"collection":[{"href":"https:\/\/www.labeljoy.com\/fr\/wp-json\/wp\/v2\/pages"}],"about":[{"href":"https:\/\/www.labeljoy.com\/fr\/wp-json\/wp\/v2\/types\/page"}],"author":[{"embeddable":true,"href":"https:\/\/www.labeljoy.com\/fr\/wp-json\/wp\/v2\/users\/8"}],"replies":[{"embeddable":true,"href":"https:\/\/www.labeljoy.com\/fr\/wp-json\/wp\/v2\/comments?post=22389"}],"version-history":[{"count":3,"href":"https:\/\/www.labeljoy.com\/fr\/wp-json\/wp\/v2\/pages\/22389\/revisions"}],"predecessor-version":[{"id":22571,"href":"https:\/\/www.labeljoy.com\/fr\/wp-json\/wp\/v2\/pages\/22389\/revisions\/22571"}],"up":[{"embeddable":true,"href":"https:\/\/www.labeljoy.com\/fr\/wp-json\/wp\/v2\/pages\/22289"}],"wp:attachment":[{"href":"https:\/\/www.labeljoy.com\/fr\/wp-json\/wp\/v2\/media?parent=22389"}],"curies":[{"name":"wp","href":"https:\/\/api.w.org\/{rel}","templated":true}]}}