{"id":22392,"date":"2014-11-19T14:42:16","date_gmt":"2014-11-19T14:42:16","guid":{"rendered":"http:\/\/www.labeljoy.com\/aide\/showing-the-toolbar\/"},"modified":"2015-02-03T15:12:02","modified_gmt":"2015-02-03T15:12:02","slug":"afficher-la-barre-des-outils","status":"publish","type":"page","link":"https:\/\/www.labeljoy.com\/fr\/aide\/afficher-la-barre-des-outils\/","title":{"rendered":"Afficher la barre des outils"},"content":{"rendered":"<div data-partent=\"19635\" class=\"callout callout-warning\">\n<h4>Cette page fait r\u00e9f\u00e9rence \u00e0 Labeljoy 5, qui n&rsquo;est pas notre derni\u00e8re version.<\/h4>\n<p>Effectuez une <a href=\"\/fr\/achat\/\">mise \u00e0 niveau vers Labeljoy 6<\/a> pour obtenir la derni\u00e8re version du logiciel avec toutes ses fonctionnalit\u00e9s \u00e9tonnantes ou, si vous l\u2019utilisez d\u00e9j\u00e0, visitez le <a href=\"\/help-lj6\/\">guide de l\u2019utilisateur de Labeljoy 6<\/a>.<\/p>\n<\/div>\n<div id=\"help-guide\">\n\r\n<p class=\"title\">afficher la barre des outils<\/p>\r\n<p class=\"body\">Vous pouvez afficher la barre des outils en 5 modes:<\/p>\r\n<ul>\r\n  <li class=\"body\"><strong>Floating<\/strong>: the toolbar is placed inside a <em>floating<\/em> window that can be freely positioned.<\/li>\r\n  <li class=\"body\"><strong>Fen\u00eatre<\/strong>: la barre des outils est dispos\u00e9 \u00e0 l'int\u00e9rieur d'une fen\u00eatre flottante qui peut \u00eatre positionn\u00e9e comme d\u00e9sir\u00e9.<\/li>\r\n  <li class=\"body\"><strong>Sur la gauche<\/strong>: la barre est plac\u00e9e \u00e0 gauche de la fen\u00eatre principale verticale.<\/li>\r\n  <li class=\"body\"><strong>Sur la droite<\/strong>: comme ci-dessus, mais \u00e0 droite.<\/li>\r\n  <li class=\"body\"><strong>En haut<\/strong>: la barre des outils est situ\u00e9e en haut de la fen\u00eatre principale au-dessous de la barre des ic\u00f4nes.<\/li>\r\n  <li class=\"body\"><strong>En bas<\/strong>: positionnement inf\u00e9rieur de la fen\u00eatre principale au-dessus de la barre d'\u00e9tat (si pr\u00e9sent).<\/li>\r\n<\/ul>\n<\/div>\n","protected":false},"excerpt":{"rendered":"<p>Cette page fait r\u00e9f\u00e9rence \u00e0 Labeljoy 5, qui n&rsquo;est pas notre derni\u00e8re version. Effectuez une mise \u00e0 niveau vers Labeljoy 6 pour obtenir la derni\u00e8re version du logiciel avec toutes ses fonctionnalit\u00e9s \u00e9tonnantes ou, si vous l\u2019utilisez d\u00e9j\u00e0, visitez le guide de l\u2019utilisateur de Labeljoy 6.<\/p>\n","protected":false},"author":8,"featured_media":0,"parent":22289,"menu_order":0,"comment_status":"open","ping_status":"closed","template":"page-template-left-sidebar.php","meta":{"inline_featured_image":false,"_monsterinsights_skip_tracking":false,"_monsterinsights_sitenote_active":false,"_monsterinsights_sitenote_note":"","_monsterinsights_sitenote_category":0,"footnotes":""},"class_list":{"0":"post-22392","1":"page","2":"type-page","3":"status-publish","5":"infinite-scroll-item"},"aioseo_notices":[],"_links":{"self":[{"href":"https:\/\/www.labeljoy.com\/fr\/wp-json\/wp\/v2\/pages\/22392","targetHints":{"allow":["GET"]}}],"collection":[{"href":"https:\/\/www.labeljoy.com\/fr\/wp-json\/wp\/v2\/pages"}],"about":[{"href":"https:\/\/www.labeljoy.com\/fr\/wp-json\/wp\/v2\/types\/page"}],"author":[{"embeddable":true,"href":"https:\/\/www.labeljoy.com\/fr\/wp-json\/wp\/v2\/users\/8"}],"replies":[{"embeddable":true,"href":"https:\/\/www.labeljoy.com\/fr\/wp-json\/wp\/v2\/comments?post=22392"}],"version-history":[{"count":3,"href":"https:\/\/www.labeljoy.com\/fr\/wp-json\/wp\/v2\/pages\/22392\/revisions"}],"predecessor-version":[{"id":22602,"href":"https:\/\/www.labeljoy.com\/fr\/wp-json\/wp\/v2\/pages\/22392\/revisions\/22602"}],"up":[{"embeddable":true,"href":"https:\/\/www.labeljoy.com\/fr\/wp-json\/wp\/v2\/pages\/22289"}],"wp:attachment":[{"href":"https:\/\/www.labeljoy.com\/fr\/wp-json\/wp\/v2\/media?parent=22392"}],"curies":[{"name":"wp","href":"https:\/\/api.w.org\/{rel}","templated":true}]}}