{"id":22393,"date":"2014-11-19T14:41:06","date_gmt":"2014-11-19T14:41:06","guid":{"rendered":"http:\/\/www.labeljoy.com\/aide\/filtering-elements\/"},"modified":"2015-02-03T10:03:48","modified_gmt":"2015-02-03T10:03:48","slug":"affichage-selectif","status":"publish","type":"page","link":"https:\/\/www.labeljoy.com\/fr\/aide\/affichage-selectif\/","title":{"rendered":"Affichage s\u00e9lectif"},"content":{"rendered":"<div data-partent=\"19635\" class=\"callout callout-warning\">\n<h4>Cette page fait r\u00e9f\u00e9rence \u00e0 Labeljoy 5, qui n&rsquo;est pas notre derni\u00e8re version.<\/h4>\n<p>Effectuez une <a href=\"\/fr\/achat\/\">mise \u00e0 niveau vers Labeljoy 6<\/a> pour obtenir la derni\u00e8re version du logiciel avec toutes ses fonctionnalit\u00e9s \u00e9tonnantes ou, si vous l\u2019utilisez d\u00e9j\u00e0, visitez le <a href=\"\/help-lj6\/\">guide de l\u2019utilisateur de Labeljoy 6<\/a>.<\/p>\n<\/div>\n<link rel=\"stylesheet\" href=\"http:\/\/www.labeljoy.com\/user-guide-files\/en\/styles.css\" type=\"text\/css\" media=\"all\" \/>\n<div id=\"help-guide\">\n\r\n<p class=\"title\">affichage s\u00e9lectif<\/p>\r\n<p class=\"body\">Les premiers \u00e9l\u00e9ments affich\u00e9s en cliquant sur <a href=\"http:\/\/www.labeljoy.com\/fr\/aide\/affichage-d-element\/\">Affichage d'\u00e9l\u00e9ments <\/a>vous permettent d'<strong>activer ou de d\u00e9sactiver l'affichage des 4 types d'\u00e9l\u00e9ments<\/strong> positionn\u00e9s sur une feuille, c'est \u00e0 dire les <a href=\"http:\/\/www.labeljoy.com\/fr\/aide\/configurer-un-code-barres\/\">Codes barres<\/a>, les <a href=\"http:\/\/www.labeljoy.com\/fr\/aide\/definir-un-texte\/\">Textes<\/a> et la <a href=\"http:\/\/www.labeljoy.com\/fr\/aide\/definir-un-element-graphique\/\">Graphique<\/a> \u00e0 l'\u00e9gard des groupes d'\u00e9tiquettes et les <a href=\"http:\/\/www.labeljoy.com\/fr\/aide\/definir-un-element-de-page\/\">\u00e9lements de page<\/a> \u00e0 l'\u00e9gard de la feuille.<\/p>\r\n<p class=\"body\"><img src=\"http:\/\/www.labeljoy.com\/user-guide-files\/fr\/1480_002.png\" align=\"left\" style=\"margin: 0px 24px 4px 0px\"><\/p>\r\n<p class=\"body\">Selon que la <strong>marque de contr\u00f4le <\/strong>est plus ou moins pr\u00e9sente \u00e0 la gauche du nom du type d'\u00e9l\u00e9ments, <strong>ils seront visibles ou non<\/strong>.<\/p>\r\n<p class=\"body\">Le but de ces commandes est de <strong>faciliter la phase de cr\u00e9ation <\/strong>des \u00e9tiquettes quand vous traitez avec des nombreux \u00e9l\u00e9ments \u00e0 la fois. La\r\n  d\u00e9sactivation temporaire d'un ou plusieurs \u00e9l\u00e9ments,\u00e0 part <strong>faciliter l'\u00e9dition<\/strong>, peut rendre le <strong>logiciel plus rapide <\/strong>quand\r\n  il s'agit de visualizer les changements.<\/p>\r\n<p class=\"body\">La section suivante vous permet de <strong>s\u00e9lectionner les \u00e9l\u00e9ments individuels <\/strong>\u00e0 travers une s\u00e9rie de <a href=\"http:\/\/www.labeljoy.com\/fr\/aide\/selection-des-elements\/\">menus imbriqu\u00e9s<\/a>.<\/p>\n<\/div>\n","protected":false},"excerpt":{"rendered":"<p>Cette page fait r\u00e9f\u00e9rence \u00e0 Labeljoy 5, qui n&rsquo;est pas notre derni\u00e8re version. Effectuez une mise \u00e0 niveau vers Labeljoy 6 pour obtenir la derni\u00e8re version du logiciel avec toutes ses fonctionnalit\u00e9s \u00e9tonnantes ou, si vous l\u2019utilisez d\u00e9j\u00e0, visitez le guide de l\u2019utilisateur de Labeljoy 6.<\/p>\n","protected":false},"author":8,"featured_media":0,"parent":22289,"menu_order":0,"comment_status":"open","ping_status":"closed","template":"page-template-left-sidebar.php","meta":{"inline_featured_image":false,"_monsterinsights_skip_tracking":false,"_monsterinsights_sitenote_active":false,"_monsterinsights_sitenote_note":"","_monsterinsights_sitenote_category":0,"footnotes":""},"class_list":{"0":"post-22393","1":"page","2":"type-page","3":"status-publish","5":"infinite-scroll-item"},"aioseo_notices":[],"_links":{"self":[{"href":"https:\/\/www.labeljoy.com\/fr\/wp-json\/wp\/v2\/pages\/22393","targetHints":{"allow":["GET"]}}],"collection":[{"href":"https:\/\/www.labeljoy.com\/fr\/wp-json\/wp\/v2\/pages"}],"about":[{"href":"https:\/\/www.labeljoy.com\/fr\/wp-json\/wp\/v2\/types\/page"}],"author":[{"embeddable":true,"href":"https:\/\/www.labeljoy.com\/fr\/wp-json\/wp\/v2\/users\/8"}],"replies":[{"embeddable":true,"href":"https:\/\/www.labeljoy.com\/fr\/wp-json\/wp\/v2\/comments?post=22393"}],"version-history":[{"count":2,"href":"https:\/\/www.labeljoy.com\/fr\/wp-json\/wp\/v2\/pages\/22393\/revisions"}],"predecessor-version":[{"id":22429,"href":"https:\/\/www.labeljoy.com\/fr\/wp-json\/wp\/v2\/pages\/22393\/revisions\/22429"}],"up":[{"embeddable":true,"href":"https:\/\/www.labeljoy.com\/fr\/wp-json\/wp\/v2\/pages\/22289"}],"wp:attachment":[{"href":"https:\/\/www.labeljoy.com\/fr\/wp-json\/wp\/v2\/media?parent=22393"}],"curies":[{"name":"wp","href":"https:\/\/api.w.org\/{rel}","templated":true}]}}