{"id":22394,"date":"2014-11-19T14:43:27","date_gmt":"2014-11-19T14:43:27","guid":{"rendered":"http:\/\/www.labeljoy.com\/aide\/selecting-elements\/"},"modified":"2015-02-03T12:24:09","modified_gmt":"2015-02-03T12:24:09","slug":"selection-des-elements","status":"publish","type":"page","link":"https:\/\/www.labeljoy.com\/fr\/aide\/selection-des-elements\/","title":{"rendered":"S\u00e9lection des \u00e9l\u00e9ments"},"content":{"rendered":"<div data-partent=\"19635\" class=\"callout callout-warning\">\n<h4>Cette page fait r\u00e9f\u00e9rence \u00e0 Labeljoy 5, qui n&rsquo;est pas notre derni\u00e8re version.<\/h4>\n<p>Effectuez une <a href=\"\/fr\/achat\/\">mise \u00e0 niveau vers Labeljoy 6<\/a> pour obtenir la derni\u00e8re version du logiciel avec toutes ses fonctionnalit\u00e9s \u00e9tonnantes ou, si vous l\u2019utilisez d\u00e9j\u00e0, visitez le <a href=\"\/help-lj6\/\">guide de l\u2019utilisateur de Labeljoy 6<\/a>.<\/p>\n<\/div>\n<div id=\"help-guide\">\n\r\n<p class=\"title\">selecting elements<\/p>\r\n<p class=\"body\">La derni\u00e8re section du menu <em>Affichage d'\u00e9l\u00e9ments <\/em>vous permet d'<strong>acc\u00e9der \u00e0 une s\u00e9rie de menus <\/strong>qui vont lister <strong>tous les \u00e9l\u00e9ments sur la feuille et sur les \u00e9tiquettes<\/strong>.<\/p>\r\n<p class=\"body\">La partie sup\u00e9rieure liste, le cas \u00e9ch\u00e9ant, <strong>les \u00e9l\u00e9ments page<\/strong>, alors que apr\u00e8s les <strong>groupes d'\u00e9tiquettes<\/strong> et <strong>les \u00e9l\u00e9ments qu'ils contiennent<\/strong> seront visibles.<\/p>\r\n<p class=\"note\"><strong>Note<\/strong>:<br>\r\n  s'il y a plusieurs groupes d'\u00e9tiquettes, le menu sera affich\u00e9 regroup\u00e9. Dans chaque menu vous verrez les sous-menus avec la liste des \u00e9l\u00e9ments du groupe respectif.\r\n  En plus, chaque \u00e9l\u00e9ment d'un groupe est regroup\u00e9 en sous-menus par type. Par exemple, tous les \u00e9l\u00e9ments de type Texte seront affich\u00e9s dans le sous-menu Textes.<\/p>\r\n<p class=\"body\">Le texte affich\u00e9 dans ces menus d\u00e9pend du <strong>nom <\/strong>donn\u00e9 aux \u00e9l\u00e9ments. Le nome se d\u00e9finit Il nome dans l'onglet <a href=\"http:\/\/www.labeljoy.com\/fr\/aide\/positionner-les-elements\/\">Avanc\u00e9es<\/a> de la des\r\n  propri\u00e9t\u00e9s des \u00e9l\u00e9ments et dans la <a href=\"http:\/\/www.labeljoy.com\/fr\/aide\/gerer-les-groupes\/\">fen\u00eatre des propriet\u00e9s <\/a>des groupes.<\/p>\r\n<p class=\"body\">L'utilisation de ces \u00e9l\u00e9ments de menu peut \u00eatre particuli\u00e8rement <strong>importante<\/strong> dans le cas o\u00f9 vous souhaitez l'acc\u00e8s \u00e0 \u00e9l\u00e9ments par qui <strong>l'utilisation de la souris pour leur s\u00e9lection serait inefficace<\/strong>.<\/p>\r\n<p class=\"body\"> Cela peut se passer quand:<\/p>\r\n<ul>\r\n  <li class=\"body\">Un \u00e9l\u00e9ment est totalement ou partiellement recouvert par d'autres.<\/li>\r\n  <li class=\"body\"> Un \u00e9l\u00e9ment est positionn\u00e9 \u00e0 l'ext\u00e9rieur de l'\u00e9tiquette.<\/li>\r\n  <li class=\"body\"> Un \u00e9l\u00e9ment a \u00e9t\u00e9 configur\u00e9 pour que l'option <a href=\"http:\/\/www.labeljoy.com\/fr\/aide\/positionner-les-elements\/\">r\u00e9pond \u00e0 la souris <\/a>soit d\u00e9sactiv\u00e9e.<\/li>\r\n<\/ul>\r\n<p class=\"note\"><strong>Note<\/strong>: <br\/>\r\n  <strong>Les \u00e9l\u00e9ments visibles <\/strong> peuvent aussi \u00eatre s\u00e9lectionn\u00e9 (et cliqu\u00e9s) en utilisant la touche <strong>TAB <\/strong>(s\u00e9l\u00e9ctionner le suivant) et la combinaison de touches <strong>MAJ + TAB <\/strong>(s\u00e9lectionner le pr\u00e9cedent). <\/p>\r\n<p class=\"note\"><strong>Note<\/strong>: <br\/>\r\n  Si lors de la s\u00e9lection d'un \u00e9l\u00e9ment vous maintenez la touche Contr\u00f4le (CTRL), en plus de la s\u00e9lection <strong>la relative bo\u00eete de dialogue des propri\u00e9t\u00e9s <\/strong>sera \u00e9galement affich\u00e9e. <\/p>\n<\/div>\n","protected":false},"excerpt":{"rendered":"<p>Cette page fait r\u00e9f\u00e9rence \u00e0 Labeljoy 5, qui n&rsquo;est pas notre derni\u00e8re version. Effectuez une mise \u00e0 niveau vers Labeljoy 6 pour obtenir la derni\u00e8re version du logiciel avec toutes ses fonctionnalit\u00e9s \u00e9tonnantes ou, si vous l\u2019utilisez d\u00e9j\u00e0, visitez le guide de l\u2019utilisateur de Labeljoy 6.<\/p>\n","protected":false},"author":8,"featured_media":0,"parent":22289,"menu_order":0,"comment_status":"open","ping_status":"closed","template":"page-template-left-sidebar.php","meta":{"inline_featured_image":false,"_monsterinsights_skip_tracking":false,"_monsterinsights_sitenote_active":false,"_monsterinsights_sitenote_note":"","_monsterinsights_sitenote_category":0,"footnotes":""},"class_list":{"0":"post-22394","1":"page","2":"type-page","3":"status-publish","5":"infinite-scroll-item"},"aioseo_notices":[],"_links":{"self":[{"href":"https:\/\/www.labeljoy.com\/fr\/wp-json\/wp\/v2\/pages\/22394","targetHints":{"allow":["GET"]}}],"collection":[{"href":"https:\/\/www.labeljoy.com\/fr\/wp-json\/wp\/v2\/pages"}],"about":[{"href":"https:\/\/www.labeljoy.com\/fr\/wp-json\/wp\/v2\/types\/page"}],"author":[{"embeddable":true,"href":"https:\/\/www.labeljoy.com\/fr\/wp-json\/wp\/v2\/users\/8"}],"replies":[{"embeddable":true,"href":"https:\/\/www.labeljoy.com\/fr\/wp-json\/wp\/v2\/comments?post=22394"}],"version-history":[{"count":3,"href":"https:\/\/www.labeljoy.com\/fr\/wp-json\/wp\/v2\/pages\/22394\/revisions"}],"predecessor-version":[{"id":22572,"href":"https:\/\/www.labeljoy.com\/fr\/wp-json\/wp\/v2\/pages\/22394\/revisions\/22572"}],"up":[{"embeddable":true,"href":"https:\/\/www.labeljoy.com\/fr\/wp-json\/wp\/v2\/pages\/22289"}],"wp:attachment":[{"href":"https:\/\/www.labeljoy.com\/fr\/wp-json\/wp\/v2\/media?parent=22394"}],"curies":[{"name":"wp","href":"https:\/\/api.w.org\/{rel}","templated":true}]}}